{"id":16727,"date":"2020-10-04T17:58:32","date_gmt":"2020-10-04T15:58:32","guid":{"rendered":"http:\/\/www.zamosc.pttk.pl\/wordpress\/?page_id=16727"},"modified":"2020-10-04T18:10:40","modified_gmt":"2020-10-04T16:10:40","slug":"51-rajd-rydz-na-patelni","status":"publish","type":"page","link":"https:\/\/zamosc.pttk.pl\/wordpress\/?page_id=16727","title":{"rendered":"51 Rajd &#8222;Rydz na Patelni&#8221;"},"content":{"rendered":"<p>Wspomnienia z 51 Rajdu &#8222;Rydz na Patelni&#8221;<\/p>\n<p style=\"text-align: justify;\">By\u0142a jesienna przecudna pogoda w sobot\u0119 3 pa\u017adziernika 2020 r.<br \/>\nWyruszyli\u015bmy z parkingu przy przystanku PKP Nowiny. Pocz\u0105tkowo szli\u015bmy lewym wysokim brzegiem Sopotu. Co chwil\u0119 widzieli\u015bmy w doliniemeandruj\u0105cy Sopot. Na odcinku przy tamie na zalewie w Majdanie Sopockim nie by\u0142o zbyt wiele grzyb\u00f3w, wi\u0119c mogli\u015bmy podziwia\u0107 p\u0142yn\u0105cy w dole pi\u0119kny Sopot. Po wyj\u015bciu z lasu poczekali\u015bmy na wszystkich.<br \/>\nP\u00f3\u017aniej szli\u015bmy w\u015br\u00f3d zalewu, dalej Majdanu Sopockiego I i dalej do przysi\u00f3\u0142ka Zuby. Tutaj by\u0142a trudniejsza przeprawa przez Sopot ko\u0142o dawnego m\u0142yna Zub\u00f3w. St\u0105d wracali\u015bmy szlakiem \u0142\u0105cznikowym na zach\u00f3d do Majdanu Sopockiego II. Przeszli\u015bmy ko\u0142o ko\u015bcio\u0142a, kiedy\u015b by\u0142a to cerkiew prawos\u0142awna fundowana przez Ordynacje Zamojsk\u0105. Na dzwonnicy jest rze\u017aba \u015bw. Krzysztofa spogl\u0105daj\u0105cego w kierunku klasztoru \u017ce\u0144skiego.<br \/>\nNast\u0119pnie w\u0119drowali\u015bmy na malowniczym strumieniem Patoczek, mieszka\u0144cy u\u017cywaj\u0105 innej nazwy Trupie Wody. \u0179r\u00f3d\u0142a strumienia s\u0105 w pobli\u017cu dawnego cmentarza prawos\u0142awnego. Po drodze przechodzili\u015bmy przez malownicze mostki wybudowane przez Nadle\u015bnictwo J\u00f3zef\u00f3w.<br \/>\nP\u00f3\u017aniej doszli\u015bmy do ogniska. By\u0142o pieczenie kie\u0142basek na prawdziwych diabelskich wid\u0142ach i opowie\u015bci.<br \/>\nTrasa przepi\u0119kna 9,3 km Nowiny &#8211; Majdan Sopocki I i II &#8211; Zuby &#8211; Wenacyja &#8211; Nowiny<br \/>\nIlo\u015b\u0107 uczestnik\u00f3w 26 z Zamo\u015bcia, J\u00f3zefowa, Tomaszowa Lub. i Lubaczowa, w tym 8 maluch\u00f3w. Najm\u0142odsza uczestniczka Rajdu &#8211; 2 latka, najstarszy 75 lat.<br \/>\nRydze by\u0142y i mn\u00f3stwo innych jadalnych grzybk\u00f3w te\u017c.<br \/>\nKto nie by\u0142, bo mu si\u0119 nie chcia\u0142o &#8211; niech \u017ca\u0142uje&#8230;<br \/>\nProwadzili przewodnicy z Oddzia\u0142u PTTK w Zamo\u015bciu Andrzej, Edward i Pawe\u0142.<br \/>\nDzi\u0119kujemy Andrzejowi za go\u015bcin\u0119 i ognisko.<br \/>\nDzi\u0119kujemy za wsp\u00f3ln\u0105 w\u0119dr\u00f3wk\u0119 i do zobaczenia wkr\u00f3tce na roztocza\u0144skich szlakach&#8230;<\/p>\n<hr \/>\n<p>[huge_it_slider id=&#8221;236 &#8222;]<\/p>\n","protected":false},"excerpt":{"rendered":"<p>Wspomnienia z 51 Rajdu &#8222;Rydz na Patelni&#8221; By\u0142a jesienna przecudna pogoda w sobot\u0119 3 pa\u017adziernika 2020 r. Wyruszyli\u015bmy z parkingu przy przystanku PKP Nowiny. Pocz\u0105tkowo szli\u015bmy lewym wysokim brzegiem Sopotu. Co chwil\u0119 widzieli\u015bmy w doliniemeandruj\u0105cy Sopot. Na odcinku przy tamie &hellip; <a class=\"more-link\" href=\"https:\/\/zamosc.pttk.pl\/wordpress\/?page_id=16727\">Czytaj dalej <span class=\"meta-nav\">&rarr;<\/span><\/a><\/p>\n","protected":false},"author":1,"featured_media":0,"parent":0,"menu_order":0,"comment_status":"closed","ping_status":"closed","template":"","meta":{"footnotes":""},"class_list":["post-16727","page","type-page","status-publish","hentry"],"_links":{"self":[{"href":"https:\/\/zamosc.pttk.pl\/wordpress\/index.php?rest_route=\/wp\/v2\/pages\/16727","targetHints":{"allow":["GET"]}}],"collection":[{"href":"https:\/\/zamosc.pttk.pl\/wordpress\/index.php?rest_route=\/wp\/v2\/pages"}],"about":[{"href":"https:\/\/zamosc.pttk.pl\/wordpress\/index.php?rest_route=\/wp\/v2\/types\/page"}],"author":[{"embeddable":true,"href":"https:\/\/zamosc.pttk.pl\/wordpress\/index.php?rest_route=\/wp\/v2\/users\/1"}],"replies":[{"embeddable":true,"href":"https:\/\/zamosc.pttk.pl\/wordpress\/index.php?rest_route=%2Fwp%2Fv2%2Fcomments&post=16727"}],"version-history":[{"count":2,"href":"https:\/\/zamosc.pttk.pl\/wordpress\/index.php?rest_route=\/wp\/v2\/pages\/16727\/revisions"}],"predecessor-version":[{"id":16810,"href":"https:\/\/zamosc.pttk.pl\/wordpress\/index.php?rest_route=\/wp\/v2\/pages\/16727\/revisions\/16810"}],"wp:attachment":[{"href":"https:\/\/zamosc.pttk.pl\/wordpress\/index.php?rest_route=%2Fwp%2Fv2%2Fmedia&parent=16727"}],"curies":[{"name":"wp","href":"https:\/\/api.w.org\/{rel}","templated":true}]}}