{"id":16456,"date":"2020-05-31T09:08:57","date_gmt":"2020-05-31T07:08:57","guid":{"rendered":"http:\/\/www.zamosc.pttk.pl\/wordpress\/?page_id=16456"},"modified":"2020-05-31T13:02:14","modified_gmt":"2020-05-31T11:02:14","slug":"46-rajd-czerwony-kapturek","status":"publish","type":"page","link":"https:\/\/zamosc.pttk.pl\/wordpress\/?page_id=16456","title":{"rendered":"46 Rajd &#8222;Czerwony Kapturek&#8221;"},"content":{"rendered":"<p>Deszczowy &#8222;Czerwony Kapturek&#8221;<\/p>\n<p style=\"text-align: justify;\">Mimo majowej ulewy dzisiaj 30.05.2020 r. w\u0119drowali\u015bmy, maluchy i doro\u015bli, 21 os\u00f3b na trasie Da\u0144czypol &#8211; Grabowczyk &#8211; Szystowice &#8211; Da\u0144czypol. Nikt bardzo nie narzeka\u0142, nawet najm\u0142odsi dzielni znosili trudy w\u0119dr\u00f3wki przy z\u0142ej pogodzie.<\/p>\n<p style=\"text-align: justify;\">Na starcie, przy \u017ar\u00f3de\u0142ku Horpynki w Da\u0144czypolu, powita\u0142 nas so\u0142tys Da\u0144czypola pan Zbigniew Czerwonka, kt\u00f3remu dzi\u0119kujemy za serdeczne przyj\u0119cie. \u00a0Z ciekawo\u015bci te\u017c przybieg\u0142 pies Czeremisa. Niestety nie przedstawi\u0142 si\u0119, wi\u0119c nie wiemy jak ma na imi\u0119. Edward rozda\u0142 pami\u0105tkowe naklejki.<\/p>\n<p style=\"text-align: justify;\">Zaplanowali\u015bmy 2 trasy do wyboru i zdecydowali\u015bmy si\u0119 na tras\u0119 przez Grabowczyk, t\u0119dy nie by\u0142o wysokich traw tylko troszk\u0119 b\u0142ota&#8230;<\/p>\n<p style=\"text-align: justify;\">Doszli\u015bmy do rzeki Kalin\u00f3wki, po prawej niegdy\u015b sta\u0142 m\u0142yn, teraz zosta\u0142a sadzawka i dawna osada m\u0142y\u0144ska.<\/p>\n<p style=\"text-align: justify;\">Nast\u0119pnie w strugach deszczu i wiatru wiej\u0105cego z p\u00f3\u0142nocy, prosto w buzie doszli\u015bmy do dawnego dworu w Grabowczyku. Pawe\u0142 przeczyta\u0142 informacj\u0119 z tablicy. P\u00f3\u017aniej poszli\u015bmy ogl\u0105da\u0107 stare drzewa buki, lipy oraz brzozy. Ten park i dw\u00f3r nale\u017ca\u0142y do Czach\u00f3rskich. W\u0142adys\u0142aw &#8211; malarz by\u0142 przyjacielem Henryka Sienkiewicza i zaprosi\u0142 pisarza\u00a0 na wakacje do Grabowczyka. Pan Henryk napisa\u0142 tutaj pod star\u0105 sosn\u0105 nowel\u0119 \u201eNiewola tatarska\u201d. Krajobrazy okolic Grabowczyka i Da\u0144czypola opisa\u0142 w \u201eOgniem i mieczem\u201d. Maluchy zosta\u0142y uwiecznione na zdj\u0119ciu przy zabytkowej kapliczce. P\u00f3\u017aniej poszli\u015bmy do Szystowic. Spojrzeli\u015bmy na pi\u0119knie odnowiony pa\u0142acyk. Od 20 lat jest w\u0142asno\u015bci\u0105 prywatn\u0105, spojrzeli\u015bmy tylko zza bramy, bo ogromne wilczury zacz\u0119\u0142y na nas gro\u017anie szczeka\u0107. Przy dawnej gorzelni poszli\u015bmy na zach\u00f3d. Jest tutaj \u017ar\u00f3de\u0142ko, kt\u00f3re zasila Kalin\u00f3wk\u0119. P\u00f3\u017aniej przy gospodarstwie chwil\u0119 odpocz\u0119li\u015bmy. Pi\u0119kne \u015bwierki os\u0142oni\u0142y nas od deszczu i wiatru. Przyszed\u0142 do nas pan z pobliskiego gospodarstwa, pewnie z ciekawo\u015bci, opowiedzia\u0142 o okolicy i pokaza\u0142 nam drog\u0119 do Da\u0144czypola. Drog\u0105 gruntow\u0105 szli\u015bmy przez malowniczy w\u0105w\u00f3z, dalej ju\u017c by\u0142a droga utwardzona. Na mecie ju\u017c p\u0142on\u0119\u0142o ognisko zapalone przez p. Zbigniewa. By\u0142o pieczenie kie\u0142basek. Maluchy skaka\u0142y przez Horpynk\u0119 i zbiega\u0142y z wysokiej skarpy.<\/p>\n<hr \/>\n<p style=\"text-align: justify;\">Przeszli\u015bmy po b\u0142ocie i asfalcie 7,7 km w ci\u0105gu 2,5 godz. Uczestnikami na trasie w\u0119dr\u00f3wki opiekowali si\u0119 przodownicy turystyki pieszej z Oddzia\u0142u PTTK w Zamo\u015bciu Andrzej i Edward.<\/p>\n<p>Najbardziej nieprzyjemna pogoda nie jest powodem do zaniechania pieszych w\u0119dr\u00f3wek.<\/p>\n<p>Jak by\u0142o &#8211; zobaczcie galeri\u0119&#8230;<\/p>\n<p>[huge_it_slider id=&#8221;232 &#8222;]<\/p>\n","protected":false},"excerpt":{"rendered":"<p>Deszczowy &#8222;Czerwony Kapturek&#8221; Mimo majowej ulewy dzisiaj 30.05.2020 r. w\u0119drowali\u015bmy, maluchy i doro\u015bli, 21 os\u00f3b na trasie Da\u0144czypol &#8211; Grabowczyk &#8211; Szystowice &#8211; Da\u0144czypol. Nikt bardzo nie narzeka\u0142, nawet najm\u0142odsi dzielni znosili trudy w\u0119dr\u00f3wki przy z\u0142ej pogodzie. Na starcie, przy &hellip; <a class=\"more-link\" href=\"https:\/\/zamosc.pttk.pl\/wordpress\/?page_id=16456\">Czytaj dalej <span class=\"meta-nav\">&rarr;<\/span><\/a><\/p>\n","protected":false},"author":1,"featured_media":0,"parent":0,"menu_order":0,"comment_status":"closed","ping_status":"closed","template":"","meta":{"footnotes":""},"class_list":["post-16456","page","type-page","status-publish","hentry"],"_links":{"self":[{"href":"https:\/\/zamosc.pttk.pl\/wordpress\/index.php?rest_route=\/wp\/v2\/pages\/16456","targetHints":{"allow":["GET"]}}],"collection":[{"href":"https:\/\/zamosc.pttk.pl\/wordpress\/index.php?rest_route=\/wp\/v2\/pages"}],"about":[{"href":"https:\/\/zamosc.pttk.pl\/wordpress\/index.php?rest_route=\/wp\/v2\/types\/page"}],"author":[{"embeddable":true,"href":"https:\/\/zamosc.pttk.pl\/wordpress\/index.php?rest_route=\/wp\/v2\/users\/1"}],"replies":[{"embeddable":true,"href":"https:\/\/zamosc.pttk.pl\/wordpress\/index.php?rest_route=%2Fwp%2Fv2%2Fcomments&post=16456"}],"version-history":[{"count":11,"href":"https:\/\/zamosc.pttk.pl\/wordpress\/index.php?rest_route=\/wp\/v2\/pages\/16456\/revisions"}],"predecessor-version":[{"id":16516,"href":"https:\/\/zamosc.pttk.pl\/wordpress\/index.php?rest_route=\/wp\/v2\/pages\/16456\/revisions\/16516"}],"wp:attachment":[{"href":"https:\/\/zamosc.pttk.pl\/wordpress\/index.php?rest_route=%2Fwp%2Fv2%2Fmedia&parent=16456"}],"curies":[{"name":"wp","href":"https:\/\/api.w.org\/{rel}","templated":true}]}}