{"id":16441,"date":"2020-05-20T09:13:44","date_gmt":"2020-05-20T07:13:44","guid":{"rendered":"http:\/\/www.zamosc.pttk.pl\/wordpress\/?page_id=16441"},"modified":"2020-05-20T09:13:44","modified_gmt":"2020-05-20T07:13:44","slug":"warszawa-3","status":"publish","type":"page","link":"https:\/\/zamosc.pttk.pl\/wordpress\/?page_id=16441","title":{"rendered":"Warszawa"},"content":{"rendered":"<p><span style=\"font-family: Verdana, sans-serif;\"><span style=\"font-size: medium;\">2 dniowa Wycieczka do Warszawy <\/span><\/span><\/p>\n<p><span style=\"font-family: Verdana, sans-serif;\"><span style=\"font-size: medium;\">Stadion Narodowy, Stare Miasto, Trakt Kr\u00f3lewski, PKiN, Centrum Nauki Kopernik <\/span><\/span><\/p>\n<p><span style=\"font-family: Verdana, sans-serif;\"><span style=\"font-size: medium;\"><span style=\"color: #000000;\"><span lang=\"pl-PL\">Ramowy program wycieczki <\/span><\/span><\/span><\/span><\/p>\n<p><span style=\"font-family: Verdana, sans-serif;\"><span style=\"font-size: medium;\"><span style=\"color: #000000;\"><span lang=\"pl-PL\">1 dzie\u0144 <\/span><\/span><\/span><\/span><\/p>\n<p><span style=\"font-family: Verdana, sans-serif;\"><span style=\"font-size: medium;\"><span style=\"color: #000000;\"><span lang=\"pl-PL\">Wyjazd z um\u00f3wionego miejsca we wczesnych godzinach porannych.<\/span><\/span><\/span><\/span><\/p>\n<p><span style=\"font-family: Verdana, sans-serif;\"><span style=\"font-size: medium;\"><span style=\"color: #000000;\"><span lang=\"pl-PL\">Przyjazd do Warszawy, zwiedzanie Warszawskiej Star\u00f3wki b\u0119d\u0105cej prawdziw\u0105 per\u0142\u0105 stolicy. Zachwyca w\u0105skimi uliczkami i kolorowymi kamienicami. W 1980 r. zosta\u0142a wpisana na list\u0119 \u015bwiatowego dziedzictwa UNESCO. Podczas spaceru zobaczymy Plac Zamkowy, Zamek Kr\u00f3lewski, Kolumn\u0119 kr\u00f3la Zygmunta III Wazy, oficjalny symbol miasta \u2013 warszawsk\u0105 Syrenk\u0119, barbakan, pomnik Ma\u0142ego Powsta\u0144ca. Przejdziemy wzd\u0142u\u017c mur\u00f3w miejskich oraz najbardziej reprezentacyjna tras\u0105 miasta &#8211; traktem kr\u00f3lewskim, kt\u00f3ry rozpoczyna si\u0119 przy Placu Zamkowym i biegnie przez Krakowskie Przedmie\u015bcie do \u0141azienek Kr\u00f3lewskich (a dalej a\u017c do Wilanowa). Zobaczymy Pa\u0142ac Prezydencki, zabytkowy kampus Uniwersytetu Warszawskiego, pi\u0119kne ko\u015bcio\u0142y i kamienice. <\/span><\/span><\/span><\/span><\/p>\n<p><span style=\"font-family: Verdana, sans-serif;\"><span style=\"font-size: medium;\"><span style=\"color: #000000;\"><span lang=\"pl-PL\">Od Grobu Nieznanego \u017bo\u0142nierza przejdziemy przez Park Saski do Pa\u0142acu Nauki i Kultury \u2013 najwy\u017cszego i najbardziej rozpoznawalnego budynku w Warszawie. Wjedziemy na XXX pi\u0119tro by podziwia\u0107 panoram\u0119 stolicy z tarasu widokowego. <\/span><\/span><\/span><\/span><\/p>\n<p><span style=\"font-family: Verdana, sans-serif;\"><span style=\"font-size: medium;\"><span style=\"color: #000000;\"><span lang=\"pl-PL\">P\u00f3\u017anym popo\u0142udniem przejazd do miejsca zakwaterowania, obiadokolacj\u0105, nocleg<\/span><\/span><\/span><\/span><\/p>\n<p><span style=\"font-family: Verdana, sans-serif;\"><span style=\"font-size: medium;\"><span style=\"color: #000000;\"><span lang=\"pl-PL\">2 dzie\u0144 <\/span><\/span><\/span><\/span><\/p>\n<p><span style=\"font-family: Verdana, sans-serif;\"><span style=\"font-size: medium;\"><span style=\"color: #000000;\"><span lang=\"pl-PL\">Przejazd do Centrum Nauki Kopernik. W dwupoziomowej przestrzeni Kopernika znajduj\u0105 si\u0119 wystawy sta\u0142e i wystawa czasowa, obejmuj\u0105ce oko\u0142o 400 eksponat\u00f3w interaktywnych oraz dwa teatry \u2013 Teatr Robotyczny i Teatr Wysokich Napi\u0119\u0107. W Centrum nie ma ani \u015bcie\u017cek zwiedzania, ani tradycyjnych przewodnik\u00f3w, ale o wszystko mo\u017cna pyta\u0107 animator\u00f3w. Poza wystawami w Centrum Nauki Kopernik znajduje si\u0119 tak\u017ce planetarium. Z szerokiej oferty film\u00f3w i pokaz\u00f3w mo\u017cna wybra\u0107 co\u015b dla ka\u017cdej grupy wiekowej. <\/span><\/span><\/span><\/span><\/p>\n<p><span style=\"font-family: Verdana, sans-serif;\"><span style=\"font-size: medium;\"><span style=\"color: #000000;\"><span lang=\"pl-PL\">Przerwa na obiad 2-daniowy. <\/span><\/span><\/span><\/span><\/p>\n<p><span style=\"font-family: Verdana, sans-serif;\"><span style=\"font-size: medium;\"><span style=\"color: #000000;\"><span lang=\"pl-PL\">Przejazd na Stadion Narodowy. Zwiedzanie obiektu otwartego na pi\u0142karskie Mistrzostwa Europy w 2012 r. Przej\u015bcie z przewodnikiem przez p\u0142yt\u0119 stadionu, trybuny, szatnie zawodnik\u00f3w. <\/span><\/span><\/span><\/span><\/p>\n<p><span style=\"font-family: Verdana, sans-serif;\"><span style=\"font-size: medium;\"><span style=\"color: #000000;\"><span lang=\"pl-PL\">W godzinach popo\u0142udniowo-wieczornych wyjazd w drog\u0119 powrotn\u0105. <\/span><\/span><span style=\"color: #000000;\"><span lang=\"pl-PL\"> Powr\u00f3t w godzinach p\u00f3\u017anowieczornych .<\/span><\/span> <\/span><\/span><\/p>\n<p><span style=\"font-family: Verdana, sans-serif;\"><span style=\"font-size: medium;\"><span style=\"color: #000000;\"><span lang=\"pl-PL\">Powy\u017cszy program jest ramowy a kolejno\u015b\u0107 zwiedzania mo\u017ce ulec zmianie.<\/span><\/span><\/span><\/span><\/p>\n<p><span style=\"font-family: Verdana, sans-serif;\"><span style=\"font-size: medium;\"><br \/>\n<span style=\"color: #000000;\"><span lang=\"pl-PL\">CENA WYCIECZKI ZALE\u017bNA JEST OD DOK\u0141ADNEJ ILO\u015aCI UCZESTNIK\u00d3W I TERMINU JEJ REALIZACJI.<\/span><\/span><\/span><\/span><\/p>\n<p><span style=\"font-family: Verdana, sans-serif;\"><span style=\"font-size: medium;\"><span style=\"color: #000000;\"><span lang=\"pl-PL\">TERMIN WYCIECZKI \u2013 DO USTALENIA<\/span><\/span><\/span><\/span><\/p>\n<p><span style=\"font-family: Verdana, sans-serif;\"><span style=\"font-size: medium;\"><span style=\"color: #000000;\"><span lang=\"pl-PL\">DOK\u0141ADNY PROGRAM ZWIEDZANIA DOPASUJEMY DO WYJAZDU Z DOWOLNEGO MIEJSCA W POLSCE. <\/span><\/span><\/span><\/span><\/p>\n<p><span style=\"font-family: Verdana, sans-serif;\"><span style=\"font-size: medium;\"><span style=\"color: #000000;\"><span lang=\"pl-PL\">\u015awiadczenia przewidziane w cenie: <\/span><\/span><\/span><\/span><\/p>\n<ul>\n<li><span style=\"color: #000000;\"><span style=\"font-family: Verdana, sans-serif;\"><span style=\"font-size: medium;\"><span lang=\"pl-PL\">transport autokarem klasy turystycznej (opcjonalnie);<\/span><\/span><\/span><\/span><\/li>\n<li><span style=\"color: #000000;\"><span style=\"font-family: Verdana, sans-serif;\"><span style=\"font-size: medium;\"><span lang=\"pl-PL\">nocleg w obiekcie noclegowym wybranej kategorii (hotelu, schronisku szkolnym itd.);<\/span><\/span><\/span><\/span><\/li>\n<li><span style=\"color: #000000;\"><span style=\"font-family: Verdana, sans-serif;\"><span style=\"font-size: medium;\"><span lang=\"pl-PL\">wy\u017cywienie zgodne z programem \u2013 obiadokolacja, \u015bniadanie, obiad 2-go dnia wycieczki;<\/span><\/span><\/span><\/span><\/li>\n<li><span style=\"color: #000000;\"><span style=\"font-family: Verdana, sans-serif;\"><span style=\"font-size: medium;\"><span lang=\"pl-PL\">opieka pilota &#8211; przewodnika;<\/span><\/span><\/span><\/span><\/li>\n<li><span style=\"color: #000000;\"><span style=\"font-family: Verdana, sans-serif;\"><span style=\"font-size: medium;\"><span lang=\"pl-PL\">obiad 2-daniowy z napojem w drugim dniu zwiedzania;<\/span><\/span><\/span><\/span><\/li>\n<li><span style=\"color: #000000;\"><span style=\"font-family: Verdana, sans-serif;\"><span style=\"font-size: medium;\"><span lang=\"pl-PL\">bilety wst\u0119pu do zwiedzanych obiekt\u00f3w \u2013 PKiN, PGE Narodowy, CN Kopernik. <\/span><\/span><\/span><\/span><\/li>\n<\/ul>\n<p><span style=\"font-family: Verdana, sans-serif;\"><span style=\"font-size: medium;\"><span style=\"color: #000000;\"><span lang=\"pl-PL\">Przedstawion\u0105 propozycj\u0119 mo\u017cna modyfikowa\u0107 i wprowadzi\u0107 do programu zwiedzania m.in. nast\u0119puj\u0105ce atrakcje:<\/span><\/span><\/span><\/span><\/p>\n<p><span style=\"font-family: Verdana, sans-serif;\"><span style=\"font-size: medium;\"><span style=\"color: #000000;\"><span lang=\"pl-PL\">Zwiedzanie Muzeum Powstania Warszawskiego kt\u00f3re mie\u015bci si\u0119 w dawnej elektrowni tramwajowej, zabytku architektury przemys\u0142owej z pocz\u0105tku XX w. Obiekt b\u0119d\u0105cy wyrazem ho\u0142du warszawiak\u00f3w wobec tych, kt\u00f3rzy walczyli i gin\u0119li za woln\u0105 Polsk\u0119 i jej stolic\u0119 zgromadzi\u0142 ponad 30 000 eksponat\u00f3w.<\/span><\/span><\/span><\/span><\/p>\n<p><span style=\"font-family: Verdana, sans-serif;\"><span style=\"font-size: medium;\"><span style=\"color: #000000;\"><span lang=\"pl-PL\">Pa\u0142ac w Wilanowie &#8211; zwiedzanie i spacer po ogrodach barokowej rezydencji kr\u00f3la Jana III Sobieskiego. Zabytek zachowa\u0142 niezmienion\u0105 form\u0119 mimo zabor\u00f3w, wojen i okupacji. <\/span><\/span><\/span><\/span><\/p>\n<p><span style=\"font-family: Verdana, sans-serif;\"><span style=\"font-size: medium;\"><span style=\"color: #000000;\"><span lang=\"pl-PL\">\u0141azienki Kr\u00f3lewskie &#8211; spacer po jednym z najpi\u0119kniejszych zespo\u0142\u00f3w pa\u0142acowo-ogrodowych w Europie, dawnej rezydencji kr\u00f3la Stanis\u0142awa Augusta Poniatowskiego. <\/span><\/span><\/span><\/span><\/p>\n<p><span style=\"font-family: Verdana, sans-serif;\"><span style=\"font-size: medium;\"><span style=\"color: #000000;\"><span lang=\"pl-PL\">Stare Pow\u0105zki \u2013 Aleja Zas\u0142u\u017conych, miejsce spoczynku wielu wybitnych Polak\u00f3w. <\/span><\/span><\/span><\/span><\/p>\n<p><span style=\"font-family: Verdana, sans-serif;\"><span style=\"font-size: medium;\"><span style=\"color: #000000;\"><span lang=\"pl-PL\">Zwiedzanie Sejmu RP &#8211; trasa zwiedzania obejmuje przej\u015bcie podziemnym korytarzem, gdzie prezentowana jest wystawa dotycz\u0105ca sejmowania w okresie I Rzeczpospolitej, a tak\u017ce makieta wsp\u00f3\u0142czesnego kompleksu budynk\u00f3w sejmowych, wizyt\u0119 na galerii Sali Posiedze\u0144 Sejmu oraz kr\u00f3tk\u0105 prelekcj\u0119 dotycz\u0105c\u0105 historii i wsp\u00f3\u0142czesno\u015bci polskiego parlamentaryzmu. <\/span><\/span><\/span><\/span><\/p>\n<p><span style=\"font-family: Verdana, sans-serif;\"><span style=\"font-size: medium;\"><span style=\"color: #000000;\"><span lang=\"pl-PL\">Przejazd metrem &#8211; jedynym w Polsce systemem kolei podziemnej, sk\u0142adaj\u0105cy si\u0119 z dw\u00f3ch linii: M1 i M2. <\/span><\/span><\/span><\/span><\/p>\n<p><span style=\"font-family: Verdana, sans-serif;\"><span style=\"font-size: medium;\"><span style=\"color: #000000;\"><span lang=\"pl-PL\">Muzeum Narodowe przedstawia kolekcj\u0119 ponad 830 tysi\u0119cy eksponat\u00f3w ze wszystkich epok, od antyku do wsp\u00f3\u0142czesno\u015bci. Znajdziemy tutaj mi\u0119dzy innymi \u201eBitw\u0119 pod Grunwaldem\u201d Jana Matejki. <\/span><\/span><\/span><\/span><\/p>\n<p><span style=\"font-family: Verdana, sans-serif;\"><span style=\"font-size: medium;\"><span style=\"color: #000000;\"><span lang=\"pl-PL\">Muzeum \u017byd\u00f3w Polskich POLIN &#8211; interaktywna wystawa przywraca pami\u0119\u0107 o bogatej, tysi\u0105cletniej historii dw\u00f3ch narod\u00f3w: polskiego i \u017cydowskiego.<\/span><\/span><\/span><\/span><\/p>\n<p><span style=\"font-family: Verdana, sans-serif;\"><span style=\"font-size: medium;\"><span style=\"color: #000000;\"><span lang=\"pl-PL\">Telewizja Polska &#8211; zwiedzanie obejmuje m.in.: wizyt\u0119 w studiach telewizyjnych, pomieszczeniach re\u017cyserskich, muzeum TVP S.A. <\/span><\/span><\/span><\/span><\/p>\n<p><span style=\"font-family: Verdana, sans-serif;\"><span style=\"font-size: medium;\"><span style=\"color: #000000;\"><span lang=\"pl-PL\">Zwiedzanie Portu Lotniczego \u201eOk\u0119cie\u201d, Muzeum Techniki, Muzeum Wojska Polskiego, Centrum Pieni\u0105dza, ZOO, rejs po Wi\u015ble etc.etc.<\/span><\/span><br \/>\n<\/span><\/span><\/p>\n<p lang=\"pl\">\n","protected":false},"excerpt":{"rendered":"<p>2 dniowa Wycieczka do Warszawy Stadion Narodowy, Stare Miasto, Trakt Kr\u00f3lewski, PKiN, Centrum Nauki Kopernik Ramowy program wycieczki 1 dzie\u0144 Wyjazd z um\u00f3wionego miejsca we wczesnych godzinach porannych. Przyjazd do Warszawy, zwiedzanie Warszawskiej Star\u00f3wki b\u0119d\u0105cej prawdziw\u0105 per\u0142\u0105 stolicy. Zachwyca w\u0105skimi &hellip; <a class=\"more-link\" href=\"https:\/\/zamosc.pttk.pl\/wordpress\/?page_id=16441\">Czytaj dalej <span class=\"meta-nav\">&rarr;<\/span><\/a><\/p>\n","protected":false},"author":1,"featured_media":0,"parent":0,"menu_order":0,"comment_status":"closed","ping_status":"closed","template":"","meta":{"footnotes":""},"class_list":["post-16441","page","type-page","status-publish","hentry"],"_links":{"self":[{"href":"https:\/\/zamosc.pttk.pl\/wordpress\/index.php?rest_route=\/wp\/v2\/pages\/16441","targetHints":{"allow":["GET"]}}],"collection":[{"href":"https:\/\/zamosc.pttk.pl\/wordpress\/index.php?rest_route=\/wp\/v2\/pages"}],"about":[{"href":"https:\/\/zamosc.pttk.pl\/wordpress\/index.php?rest_route=\/wp\/v2\/types\/page"}],"author":[{"embeddable":true,"href":"https:\/\/zamosc.pttk.pl\/wordpress\/index.php?rest_route=\/wp\/v2\/users\/1"}],"replies":[{"embeddable":true,"href":"https:\/\/zamosc.pttk.pl\/wordpress\/index.php?rest_route=%2Fwp%2Fv2%2Fcomments&post=16441"}],"version-history":[{"count":1,"href":"https:\/\/zamosc.pttk.pl\/wordpress\/index.php?rest_route=\/wp\/v2\/pages\/16441\/revisions"}],"predecessor-version":[{"id":16443,"href":"https:\/\/zamosc.pttk.pl\/wordpress\/index.php?rest_route=\/wp\/v2\/pages\/16441\/revisions\/16443"}],"wp:attachment":[{"href":"https:\/\/zamosc.pttk.pl\/wordpress\/index.php?rest_route=%2Fwp%2Fv2%2Fmedia&parent=16441"}],"curies":[{"name":"wp","href":"https:\/\/api.w.org\/{rel}","templated":true}]}}