{"id":16431,"date":"2020-05-20T08:29:03","date_gmt":"2020-05-20T06:29:03","guid":{"rendered":"http:\/\/www.zamosc.pttk.pl\/wordpress\/?page_id=16431"},"modified":"2020-05-20T08:29:03","modified_gmt":"2020-05-20T06:29:03","slug":"pieniny","status":"publish","type":"page","link":"https:\/\/zamosc.pttk.pl\/wordpress\/?page_id=16431","title":{"rendered":"Pieniny"},"content":{"rendered":"<p>Pieni\u0144skie Krajobrazy<\/p>\n<p>Sp\u0142yw Dunajcem, wej\u015bcie na Sokolic\u0119 i Trzy Korony, Zamek w Czorsztynie i Niedzicy<\/p>\n<p>Ramowy program wycieczki<\/p>\n<p>1 dzie\u0144<\/p>\n<p>Wyjazd z um\u00f3wionego miejsca we wczesnych godzinach porannych.<\/p>\n<p>Przejazd do Kro\u015bcienka \u2013 wycieczka g\u00f3rska na Sokolic\u0119 (747 m n.p.m.), gdzie mo\u017cna zobaczy\u0107 Dunajec z lotu ptaka. Znajduje si\u0119 tutaj najlepszy punkt widokowy na Pieniny. Na szczycie ro\u015bnie \u201ewidok\u00f3wkowa\u201d reliktowa sosna.<\/p>\n<p>Przej\u015bcie na najwy\u017cszy szczyt Pienin \u015arodkowych &#8211; Trzy Korony. Zej\u015bcie do Sromowiec Ni\u017cnych.<\/p>\n<p>Sp\u0142yw Dunajcem &#8211; obowi\u0105zkowy punkt wycieczki w Pieniny i turystyczny hit na skal\u0119 europejsk\u0105. Sp\u0142yw odbywa si\u0119 na tratwach z flisakami, po 12 os\u00f3b, po drodze mija si\u0119 niezapomniane miejsca, ostre zakola rzeczne oraz wysokie, strome \u015bciany skalne.<\/p>\n<p>Wieczorem przejazd na obiadokolacj\u0119 i nocleg.<\/p>\n<p>2 dzie\u0144<\/p>\n<p>Po \u015bniadaniu i wykwaterowaniu wycieczka do Czorsztyna gdzie zobaczymy ruiny zamku wzniesionego w XIV wieku z inicjatywy Kazimierza Wielkiego. Jest to jedna z najciekawszych i zarazem najbardziej tajemniczych atrakcji regionu. Zadaniem warowni by\u0142o strze\u017cenie szlaku handlowego w dolinie Dunajca.<\/p>\n<p>Przeprawa statkiem na drug\u0105 stron\u0119 Jeziora Czorszty\u0144skego do Niedzicy gdzie na skalistym cyplu stoi XIV-wieczny zamek Dunajec &#8211; najwa\u017cniejszy obiekt polskiego Spiszu. Zajmuje on czo\u0142owe miejsca w rankingach najpi\u0119kniejszych zamk\u00f3w w Polsce.<\/p>\n<p>Po zako\u0144czeniu zwiedzania obiad 2-daniowy.<\/p>\n<p>Po po\u0142udniu wyjazd w drog\u0119 powrotn\u0105.<\/p>\n<p>\u015awiadczenia przewidziane w cenie:<\/p>\n<ul>\n<li>transport autokarem klasy turystycznej (opcjonalnie);<\/li>\n<li>1 nocleg w obiekcie wybranej kategorii cenowej (hotelu, schronisku szkolnym itp.);<\/li>\n<li>wy\u017cywienie zgodne z programem \u2013 1 obiadokolacja, 1 \u015bniadanie, 1 obiad;<\/li>\n<li>opieka pilota;<\/li>\n<li>us\u0142ugi przewodnickie;<\/li>\n<li>bilety wst\u0119pu do zwiedzanych obiekt\u00f3w.<\/li>\n<\/ul>\n<p>Powy\u017cszy program zwiedzania mo\u017cna modyfikowa\u0107 i wprowadzi\u0107 do programu nast\u0119puj\u0105ce miejsca<\/p>\n<p>Czerwony Klasztor<strong> &#8211; <\/strong>s\u0142ynny kompleks sakralny le\u017c\u0105cy nad Dunajcem, po s\u0142owackiej stronie Pienin. W cz\u0119\u015bci zabudowa\u0144 Czerwonego Klasztoru mie\u015bci si\u0119 dzi\u015b m.in. dyrekcja s\u0142owackiego Pieni\u0144skiego Parku Narodowego.<\/p>\n<p>W\u0105w\u00f3z Homole &#8211; W\u0105w\u00f3z Homole &#8211; jeden z najpi\u0119kniejszych w\u0105woz\u00f3w w Pieninach gdzie mo\u017cna podziwia\u0107 pi\u0119kne, prawie pionowe wapienne \u015bciany, dochodz\u0105ce do 120 m wysoko\u015bci. Spacer wzd\u0142u\u017c potoku Kamionka.<\/p>\n<p>Szczawnica \u2013 popularne miasteczko zdrojowe kt\u00f3rego uzdrowiskowy charakter podkre\u015bla zabytkowa zabudowa, placyki, parki, promenada spacerowa wzd\u0142u\u017c potoku Grajcarek. Zwiedzanie uzdrowiska i wjazd wyci\u0105giem krzese\u0142kowym na Palenic\u0119 (722 m.n.p.m). <em>Na szczycie Palenicy znajduje si\u0119 schronisko \u201cGro\u0144\u201d, obiekty gastronomiczne oraz letni tor saneczkowy. <\/em><\/p>\n<p>Cena wycieczki zale\u017cna jest od dok\u0142adnej ilo\u015bci uczestnik\u00f3w oraz terminu jej realizacji.<\/p>\n<p>Termin wycieczki \u2013 do ustalenia.<\/p>\n<p>Dok\u0142adny program zwiedzania dopasujemy do miejsca wyjazdu z dowolnego miejsca w Polsce.<\/p>\n","protected":false},"excerpt":{"rendered":"<p>Pieni\u0144skie Krajobrazy Sp\u0142yw Dunajcem, wej\u015bcie na Sokolic\u0119 i Trzy Korony, Zamek w Czorsztynie i Niedzicy Ramowy program wycieczki 1 dzie\u0144 Wyjazd z um\u00f3wionego miejsca we wczesnych godzinach porannych. Przejazd do Kro\u015bcienka \u2013 wycieczka g\u00f3rska na Sokolic\u0119 (747 m n.p.m.), gdzie &hellip; <a class=\"more-link\" href=\"https:\/\/zamosc.pttk.pl\/wordpress\/?page_id=16431\">Czytaj dalej <span class=\"meta-nav\">&rarr;<\/span><\/a><\/p>\n","protected":false},"author":1,"featured_media":0,"parent":0,"menu_order":0,"comment_status":"closed","ping_status":"closed","template":"","meta":{"footnotes":""},"class_list":["post-16431","page","type-page","status-publish","hentry"],"_links":{"self":[{"href":"https:\/\/zamosc.pttk.pl\/wordpress\/index.php?rest_route=\/wp\/v2\/pages\/16431","targetHints":{"allow":["GET"]}}],"collection":[{"href":"https:\/\/zamosc.pttk.pl\/wordpress\/index.php?rest_route=\/wp\/v2\/pages"}],"about":[{"href":"https:\/\/zamosc.pttk.pl\/wordpress\/index.php?rest_route=\/wp\/v2\/types\/page"}],"author":[{"embeddable":true,"href":"https:\/\/zamosc.pttk.pl\/wordpress\/index.php?rest_route=\/wp\/v2\/users\/1"}],"replies":[{"embeddable":true,"href":"https:\/\/zamosc.pttk.pl\/wordpress\/index.php?rest_route=%2Fwp%2Fv2%2Fcomments&post=16431"}],"version-history":[{"count":1,"href":"https:\/\/zamosc.pttk.pl\/wordpress\/index.php?rest_route=\/wp\/v2\/pages\/16431\/revisions"}],"predecessor-version":[{"id":16433,"href":"https:\/\/zamosc.pttk.pl\/wordpress\/index.php?rest_route=\/wp\/v2\/pages\/16431\/revisions\/16433"}],"wp:attachment":[{"href":"https:\/\/zamosc.pttk.pl\/wordpress\/index.php?rest_route=%2Fwp%2Fv2%2Fmedia&parent=16431"}],"curies":[{"name":"wp","href":"https:\/\/api.w.org\/{rel}","templated":true}]}}