{"id":16428,"date":"2020-05-20T08:19:46","date_gmt":"2020-05-20T06:19:46","guid":{"rendered":"http:\/\/www.zamosc.pttk.pl\/wordpress\/?page_id=16428"},"modified":"2020-05-20T08:19:46","modified_gmt":"2020-05-20T06:19:46","slug":"gory-swietokrzyskie-dla-szkoly-podstawowej","status":"publish","type":"page","link":"https:\/\/zamosc.pttk.pl\/wordpress\/?page_id=16428","title":{"rendered":"G\u00f3ry \u015awi\u0119tokrzyskie (dla szko\u0142y podstawowej)"},"content":{"rendered":"<p>Park rozrywki w Ba\u0142towie \u2013 Klasztor na \u015awi\u0119tym Krzy\u017cu \u2013 go\u0142oborza w \u015awi\u0119tokrzyskim Parku Narodowym \u2013 Sandomierz<\/p>\n<p>Ramowy program wycieczki:<\/p>\n<p>1 dzie\u0144<\/p>\n<p>Wyjazd z um\u00f3wionego miejsca w godzinach porannych.<\/p>\n<p>Przejazd do Ba\u0142towskiego Kompleksu Turystycznego &#8211; parku rozrywki zr\u00f3\u017cnicowanego pod wzgl\u0119dem atrakcji i proponowanych aktywno\u015bci, w\u015br\u00f3d kt\u00f3rych znajduj\u0105 si\u0119 mi\u0119dzy innymi: &#8211; Jurapark czyli park dinozaur\u00f3w to miejsce gdzie mo\u017cna zobaczy\u0107 blisko 100 modeli dinozaur\u00f3w naturalnej wielko\u015bci, &#8211; Muzeum Jurajskie prezentuje wystaw\u0119 \u201ePowr\u00f3t do przesz\u0142o\u015bci\u201d kt\u00f3ra zapoznaje zwiedzaj\u0105cych z dziejami \u017cycia na naszej planecie.<\/p>\n<p>&#8211; Ba\u0142towski Zwierzyniec zapewnia spotkanie z r\u00f3\u017cnobarwnym \u015bwiatem ptak\u00f3w i licznych ssak\u00f3w takich jak kuce, os\u0142y, zabawne ma\u0142pki makaki i przesympatyczne surykatki.<\/p>\n<p>&#8211; Kino Emocji Cinema 5D to miejsce gdzie wy\u015bwietlane s\u0105 filmy o r\u00f3\u017cnym charakterze, dopasowane do wieku uczestnik\u00f3w wycieczki.<\/p>\n<p>Powy\u017csze atrakcje to tylko niekt\u00f3re propozycje Ba\u0142towskiego Kompleksu Turystycznego. Ich wyb\u00f3r zostanie dostosowany do wieku uczestnik\u00f3w wycieczki, terminu ich wizyty i dost\u0119pno\u015bci poszczeg\u00f3lnych atrakcji.<\/p>\n<p>Wi\u0119cej informacji na <a href=\"http:\/\/www.juraparkbaltow.pl\/\">www.juraparkbaltow.pl<\/a><\/p>\n<p>Podczas zabawy mo\u017cliwa organizacja 2-daniowego obiadu.<\/p>\n<p>Wieczorem przejazd na obiadokolacje i nocleg.<\/p>\n<p>2 dzie\u0144<\/p>\n<p>Po \u015bniadaniu przejazd do \u015awi\u0119tokrzyskiego Parku Narodowego. Wjazd kolejk\u0105 turystyczn\u0105 na \u015awi\u0119ty Krzy\u017c &#8211; zwiedzanie zespo\u0142u klasztornego w jednym z najwa\u017cniejszych polskich sanktuari\u00f3w oraz Muzeum Przyrodniczego \u015awi\u0119tokrzyskiego Parku Narodowego. Zej\u015bcie piesze, po drodze obserwacja go\u0142oborza \u2013 ekologicznej i krajobrazowej osobliwo\u015bci \u015awi\u0119tokrzyskiego Parku Narodowego<strong>. <\/strong><\/p>\n<p>Przejazd do Sandomierza \u2013 jednego z najpi\u0119kniejszych miast w Polsce, malowniczo po\u0142o\u017conego na nadwi\u015bla\u0144skiej skarpie, kt\u00f3ra stanowi strome zako\u0144czenie G\u00f3r \u015awi\u0119tokrzyskich.<\/p>\n<p>Podczas spaceru po mie\u015bcie zobaczymy mi\u0119dzy innymi sandomierskie w\u0105wozy lessowe &#8211; Kr\u00f3lowej Jadwigi oraz Piszczele, Ucho Igielne, Bram\u0119 Opatowsk\u0105, Bazylik\u0119 katedraln\u0105, dziedziniec zamkowy, Dom D\u0142ugosza, Collegium Gostomianum, Rynek z Ratuszem i zabytkowymi kamienicami<\/p>\n<p>Podczas spaceru obiad 2-daniowy.<\/p>\n<p>W godzinach popo\u0142udniowo-wieczornych wyjazd w drog\u0119 powrotn\u0105.<\/p>\n<p><em>Powr\u00f3t w godzinach p\u00f3\u017anowieczornych .<\/em><\/p>\n<p>Powy\u017cszy program jest ramowy a kolejno\u015b\u0107 zwiedzania mo\u017ce ulec zmianie.<br \/>\n\u015awiadczenia przewidziane w cenie:<\/p>\n<ul>\n<li>transport autokarem klasy turystycznej;<\/li>\n<li>1 nocleg w obiekcie wybranej kategorii cenowej (hotelu, pensjonacie, schronisku);<\/li>\n<li>wy\u017cywienie wg programu czyli 1 obiadokolacja, 1 \u015bniadanie, obiad 2-go dnia wycieczki;<\/li>\n<li>opieka pilota;<\/li>\n<li>us\u0142ugi przewodnickie;<\/li>\n<li>bilety wst\u0119pu do zwiedzanych obiekt\u00f3w.<\/li>\n<\/ul>\n<p>Cena wycieczki zale\u017cna jest od dok\u0142adnej ilo\u015bci uczestnik\u00f3w i oraz terminu jej realizacji.<\/p>\n<p>Termin wycieczki \u2013 do ustalenia.<\/p>\n<p>Dok\u0142adny program zwiedzania dopasujemy do miejsca wyjazdu z dowolnego miejsca w Polsce.<\/p>\n","protected":false},"excerpt":{"rendered":"<p>Park rozrywki w Ba\u0142towie \u2013 Klasztor na \u015awi\u0119tym Krzy\u017cu \u2013 go\u0142oborza w \u015awi\u0119tokrzyskim Parku Narodowym \u2013 Sandomierz Ramowy program wycieczki: 1 dzie\u0144 Wyjazd z um\u00f3wionego miejsca w godzinach porannych. Przejazd do Ba\u0142towskiego Kompleksu Turystycznego &#8211; parku rozrywki zr\u00f3\u017cnicowanego pod wzgl\u0119dem &hellip; <a class=\"more-link\" href=\"https:\/\/zamosc.pttk.pl\/wordpress\/?page_id=16428\">Czytaj dalej <span class=\"meta-nav\">&rarr;<\/span><\/a><\/p>\n","protected":false},"author":1,"featured_media":0,"parent":0,"menu_order":0,"comment_status":"closed","ping_status":"closed","template":"","meta":{"footnotes":""},"class_list":["post-16428","page","type-page","status-publish","hentry"],"_links":{"self":[{"href":"https:\/\/zamosc.pttk.pl\/wordpress\/index.php?rest_route=\/wp\/v2\/pages\/16428","targetHints":{"allow":["GET"]}}],"collection":[{"href":"https:\/\/zamosc.pttk.pl\/wordpress\/index.php?rest_route=\/wp\/v2\/pages"}],"about":[{"href":"https:\/\/zamosc.pttk.pl\/wordpress\/index.php?rest_route=\/wp\/v2\/types\/page"}],"author":[{"embeddable":true,"href":"https:\/\/zamosc.pttk.pl\/wordpress\/index.php?rest_route=\/wp\/v2\/users\/1"}],"replies":[{"embeddable":true,"href":"https:\/\/zamosc.pttk.pl\/wordpress\/index.php?rest_route=%2Fwp%2Fv2%2Fcomments&post=16428"}],"version-history":[{"count":1,"href":"https:\/\/zamosc.pttk.pl\/wordpress\/index.php?rest_route=\/wp\/v2\/pages\/16428\/revisions"}],"predecessor-version":[{"id":16430,"href":"https:\/\/zamosc.pttk.pl\/wordpress\/index.php?rest_route=\/wp\/v2\/pages\/16428\/revisions\/16430"}],"wp:attachment":[{"href":"https:\/\/zamosc.pttk.pl\/wordpress\/index.php?rest_route=%2Fwp%2Fv2%2Fmedia&parent=16428"}],"curies":[{"name":"wp","href":"https:\/\/api.w.org\/{rel}","templated":true}]}}