{"id":16425,"date":"2020-05-20T08:08:46","date_gmt":"2020-05-20T06:08:46","guid":{"rendered":"http:\/\/www.zamosc.pttk.pl\/wordpress\/?page_id=16425"},"modified":"2020-05-20T08:08:46","modified_gmt":"2020-05-20T06:08:46","slug":"gory-swietokrzyskie-2","status":"publish","type":"page","link":"https:\/\/zamosc.pttk.pl\/wordpress\/?page_id=16425","title":{"rendered":"G\u00f3ry \u015awi\u0119tokrzyskie"},"content":{"rendered":"<p><span style=\"font-family: Verdana, serif;\"><span style=\"font-size: medium;\">\u015awi\u0119tokrzyski Park Narodowy \u2013 Klasztor na \u015awi\u0119tym Krzy\u017cu \u2013 wej\u015bcie piesze na \u0141ysic\u0119 i Miedziank\u0119 &#8211; zamek w Ch\u0119cinach \u2013 Jaskinia Raj &#8211; zamek Krzy\u017ctop\u00f3r w Uje\u017adzie \u2013 Sandomierz <\/span><\/span><\/p>\n<p><span style=\"font-family: Verdana, serif;\"><span style=\"font-size: medium;\">Ramowy program wycieczki:<\/span><\/span><\/p>\n<p><span style=\"font-family: Verdana, serif;\"><span style=\"font-size: medium;\">1 dzie\u0144<\/span><\/span><\/p>\n<p><span style=\"font-family: Verdana, serif;\"><span style=\"font-size: medium;\">Wyjazd z um\u00f3wionego miejsca w godzinach porannych. <\/span><\/span><\/p>\n<p><span style=\"font-family: Verdana, serif;\"><span style=\"font-size: medium;\">Przejazd do \u015awi\u0119tokrzyskiego Parku Narodowego. Wjazd kolejk\u0105 turystyczn\u0105 na \u015awi\u0119ty Krzy\u017c &#8211; zwiedzanie zespo\u0142u klasztornego w jednym z najwa\u017cniejszych polskich sanktuari\u00f3w oraz Muzeum Przyrodniczego \u015awi\u0119tokrzyskiego Parku Narodowego. Zej\u015bcie piesze, po drodze obserwacja go\u0142oborza \u2013 ekologicznej i krajobrazowej osobliwo\u015bci \u015awi\u0119tokrzyskiego Parku Narodowego. <\/span><\/span><\/p>\n<p><span style=\"font-family: Verdana, serif;\"><span style=\"font-size: medium;\">Opcja 1 <\/span><\/span><\/p>\n<p><span style=\"font-family: Verdana, serif;\"><span style=\"font-size: medium;\">Piesza w\u0119dr\u00f3wka na \u0141ysic\u0119 \u2013 najwy\u017cszy szczyt G\u00f3r \u015awi\u0119tokrzyskich o wysoko\u015bci 614 m n.p.m. \u0141ysica nale\u017cy do Korony G\u00f3r Polski, znajduje si\u0119 w obszarze ochrony \u015bcis\u0142ej \u015awi\u0119tokrzyskiego Parku Narodowego. <\/span><\/span><\/p>\n<p><span style=\"font-family: Verdana, serif;\"><span style=\"font-size: medium;\">Odpoczynek przy \u017ar\u00f3de\u0142ku \u015aw. Franciszka, z kt\u00f3rego woda uchodzi za cudown\u0105. \u0179r\u00f3d\u0142o ma sta\u0142\u0105 temperatur\u0119 i nigdy nie zamarza. <\/span><\/span><\/p>\n<p><span style=\"font-family: Verdana, serif;\"><span style=\"font-size: medium;\">Opcja 2 <\/span><\/span><\/p>\n<p><span style=\"font-family: Verdana, serif;\"><span style=\"font-size: medium;\">Przejazd do Kielc, spacer ul. Sienkiewicza do Pa\u0142acu Biskup\u00f3w Krakowskich b\u0119d\u0105cego najlepiej zachowanym w Polsce obiektem architektonicznym z epoki Waz\u00f3w. Przej\u015bcie Alej\u0105 S\u0142aw do Rezerwatu Kadzielnia gdzie znajduje si\u0119 malowniczo po\u0142o\u017cony w\u015br\u00f3d ska\u0142 amfiteatr. Znajduje si\u0119 tam 26 jaski\u0144 oraz liczne skamienia\u0142o\u015bci. <\/span><\/span><\/p>\n<p><span style=\"font-family: Verdana, serif;\"><span style=\"font-size: medium;\">Wieczorem przejazd na obiadokolacj\u0119 i nocleg. <\/span><\/span><\/p>\n<p><span style=\"font-family: Verdana, serif;\"><span style=\"font-size: medium;\">2 dzie\u0144 <\/span><\/span><\/p>\n<p><span style=\"font-family: Verdana, serif;\"><span style=\"font-size: medium;\">Po \u015bniadaniu przejazd do Ch\u0119ci\u0144sko \u2013 Kieleckiego Parku Krajobrazowego. Wej\u015bcie piesze na najbardziej malownicz\u0105 z G\u00f3r \u015awi\u0119tokrzyskich \u2013 Miedziank\u0119 &#8211; 354 m n.p.m., nazywan\u0105 niekiedy \u015awi\u0119tokrzyskim Giewontem. Ze szczytu roztacza si\u0119 widok na \u0141ysog\u00f3ry, Kielce a w pogodne dni nawet na Tatry. <\/span><\/span><\/p>\n<p><span style=\"font-family: Verdana, serif;\"><span style=\"font-size: medium;\">Przejazd do Jaskini Raj \u2013 zwiedzanie jednej z najbardziej znanych atrakcji turystycznych G\u00f3r \u015awi\u0119tokrzyskich. Dzi\u0119ki bogactwu i r\u00f3\u017cnorodno\u015bci podziemnego \u015bwiata otrzyma\u0142a nazw\u0119 \u201eRaj\u201d Spacer tras\u0105 turystyczn\u0105 prowadz\u0105c\u0105 szeregiem bajkowych korytarzy, kom\u00f3r i sal . <\/span><\/span><\/p>\n<p><span style=\"font-family: Verdana, serif;\"><span style=\"font-size: medium;\">Po \u015bniadaniu przejazd do Ch\u0119cin \u2013 zwiedzanie zamku kr\u00f3lewskiego z XIII w. kt\u00f3ry jest niew\u0105tpliwie wizyt\u00f3wk\u0105 regionu \u015bwi\u0119tokrzyskiego. Spacer po urokliwym miasteczku. <\/span><\/span><\/p>\n<p><span style=\"font-family: Verdana, serif;\"><span style=\"font-size: medium;\">W trakcie zwiedzania obiad 2-daniowy. <\/span><\/span><\/p>\n<p><span style=\"font-family: Verdana, serif;\"><span style=\"font-size: medium;\">Wieczorem przejazd na kolacj\u0119 i nocleg. <\/span><\/span><\/p>\n<p><span style=\"font-family: Verdana, serif;\"><span style=\"font-size: medium;\">3 dzie\u0144 <\/span><\/span><\/p>\n<p><span style=\"font-family: Verdana, serif;\"><span style=\"font-size: medium;\">Po \u015bniadaniu przejazd do Ujazdu w kt\u00f3rym zwiedzimy zamek \u201eKrzy\u017ctop\u00f3r\u201d. Przed powstaniem Wersalu zamek ten by\u0142 najwi\u0119ksz\u0105 budowl\u0105 pa\u0142acow\u0105 w Europie. Posiada\u0142 tyle okien ile dni w roku, tyle komnat ile tygodni, tyle wielkich sal ile miesi\u0119cy i tyle baszt ile p\u00f3r roku. <\/span><\/span><\/p>\n<p><span style=\"font-family: Verdana, serif;\"><span style=\"font-size: medium;\">Przejazd do Sandomierza \u2013 jednego z najpi\u0119kniejszych miast w Polsce, malowniczo po\u0142o\u017conego na nadwi\u015bla\u0144skiej skarpie, kt\u00f3ra stanowi strome zako\u0144czenie G\u00f3r \u015awi\u0119tokrzyskich.<\/span><\/span><\/p>\n<p><span style=\"font-family: Verdana, serif;\"><span style=\"font-size: medium;\">Spacer po Sandomierzu podczas kt\u00f3rego zobaczymy mi\u0119dzy innymi Bram\u0119 Opatowsk\u0105, Bazylik\u0119 katedraln\u0105, dziedziniec zamkowy, Dom D\u0142ugosza, Collegium Gostomianum, Rynek z Ratuszem i zabytkowymi kamienicami. <\/span><\/span><\/p>\n<p><span style=\"font-family: Verdana, serif;\"><span style=\"font-size: medium;\">W trakcie zwiedzania obiad 2-daniowy.<\/span><\/span><\/p>\n<p><span style=\"font-family: Verdana, serif;\"><span style=\"font-size: medium;\">W godzinach popo\u0142udniowych wyjazd w drog\u0119 powrotn\u0105. <\/span><\/span><\/p>\n<p><span style=\"font-family: Verdana, serif;\"><span style=\"font-size: medium;\">\u015awiadczenia przewidziane w cenie <\/span><\/span><\/p>\n<ul>\n<li><span style=\"font-family: Verdana, serif;\"><span style=\"font-size: medium;\">transport autokarem klasy turystycznej;<\/span><\/span><\/li>\n<li><span style=\"font-family: Verdana, serif;\"><span style=\"font-size: medium;\">2 noclegi w obiekcie wybranej kategorii cenowej (hotelu, pensjonacie, schronisku); <\/span><\/span><\/li>\n<li><span style=\"font-family: Verdana, serif;\"><span style=\"font-size: medium;\">wy\u017cywienie wg programu czyli 1 obiadokolacja, 1 kolacja, 2 \u015bniadania, 2 obiady;<\/span><\/span><\/li>\n<li><span style=\"font-family: Verdana, serif;\"><span style=\"font-size: medium;\">opieka pilota; <\/span><\/span><\/li>\n<li><span style=\"font-family: Verdana, serif;\"><span style=\"font-size: medium;\">us\u0142ugi przewodnickie;<\/span><\/span><\/li>\n<li><span style=\"font-family: Verdana, serif;\"><span style=\"font-size: medium;\">bilety wst\u0119pu do zwiedzanych miejsc. <\/span><\/span><\/li>\n<\/ul>\n<p><span style=\"font-family: Verdana, serif;\"><span style=\"font-size: medium;\">Cena wycieczki zale\u017cna jest od dok\u0142adnej ilo\u015bci uczestnik\u00f3w i oraz terminu jej realizacji. <\/span><\/span><span style=\"font-family: Verdana, serif;\"><span style=\"font-size: medium;\">Termin wycieczki \u2013 do ustalenia. <\/span><\/span><\/p>\n<p><span style=\"font-family: Verdana, serif;\"><span style=\"font-size: medium;\">Dok\u0142adny program zwiedzania dopasujemy do miejsca wyjazdu z dowolnego miejsca w Polsce. <\/span><\/span><\/p>\n<p><span style=\"font-family: Verdana, serif;\"><span style=\"font-size: medium;\">Przedstawion\u0105 propozycj\u0119 mo\u017cna modyfikowa\u0107 i wprowadzi\u0107 do programu zwiedzania m.in. nast\u0119puj\u0105ce atrakcje:<\/span><\/span><\/p>\n<p><span style=\"font-family: Verdana, serif;\"><span style=\"font-size: medium;\">Muzeum Archeologicznym Rezerwatu &#8222;Krzemionki&#8221;, gdzie wydobywano tzw. polski diament \u2013 krzemie\u0144 pasiasty, rzadki kamie\u0144 p\u00f3\u0142szlachetny. W 2019 r. Krzemionkowski Region Prehistorycznego G\u00f3rnictwa Krzemienia Pasiastego zosta\u0142 wpisany na List\u0119 \u015awiatowego Dziedzictwa UNESCO. Trasa turystyczna w Krzemionkach liczy ok. 1,5 km d\u0142ugo\u015bci i prezentuje oryginalne wyrobiska neolitycznych kopal\u0144, ha\u0142dy g\u00f3rnicze oraz zag\u0142\u0119bienia poszybowe.<\/span><\/span><\/p>\n<p><span style=\"font-family: Verdana, serif;\"><span style=\"font-size: medium;\">Muzeum Henryka Sienkiewicza w Obl\u0119gorku. Plac\u00f3wka mie\u015bci si\u0119 w zakupionym z publicznej sk\u0142adki pa\u0142acyku podarowanym pisarzowi z okazji jubileuszu 25-lecia pracy literackiej. Muzeum wiernie eksponuje dawne wn\u0119trza i wyposa\u017cenie. <\/span><\/span><\/p>\n<p><span style=\"font-family: Verdana, serif;\"><span style=\"font-size: medium;\">D\u0105b \u201eBartek\u201d w Zagna\u0144sku \u2013 najs\u0142ynniejszy i jeden z najstarszych w Polsce d\u0119b\u00f3w. Zgodnie z przekazami po zwyci\u0119skiej bitwie pod Wiedniem wiekowe drzewo ogl\u0105da\u0142 Jan III Sobieski. <\/span><\/span><\/p>\n<p><span style=\"font-family: Verdana, serif;\"><span style=\"font-size: medium;\">Opat\u00f3w \u2013 jedna z najstarszych miejscowo\u015bci Ziemi Sandomierskiej. Przej\u015bcie Podziemn\u0105 Tras\u0105 Turystyczn\u0105 gdzie dla turyst\u00f3w udost\u0119pniono 46 kom\u00f3r i ponad 300 m. korytarzy biegn\u0105cych pod rynkiem. <\/span><\/span><\/p>\n<p><span style=\"font-family: Verdana, serif;\"><span style=\"font-size: medium;\">Kielce \u2013 to mog\u0105ce poszczyci\u0107 si\u0119 blisko tysi\u0105cletni\u0105 histori\u0105 miasto z malowniczymi krajobrazami, kt\u00f3re tworz\u0105 pasma G\u00f3r \u015awi\u0119tokrzyskie poprzecinane wieloma kamienio\u0142omami, pe\u0142ne walor\u00f3w kulturowych i przyrodniczych. Mo\u017cemy zwiedzi\u0107 mi\u0119dzy innymi:<\/span><\/span><\/p>\n<p><span style=\"font-family: Verdana, serif;\"><span style=\"font-size: medium;\">Najstarsze i najwi\u0119ksze w Polsce Muzeum Zabawek i Zabawy gdzie zobaczymy zabawki historyczne i ludowe, lalki z ca\u0142ego \u015bwiata, zabawki z czas\u00f3w PRL, modele samolot\u00f3w, samochod\u00f3w, statk\u00f3w.<\/span><\/span><\/p>\n<p><span style=\"font-family: Verdana, serif;\"><span style=\"font-size: medium;\">Pa\u0142ac Biskup\u00f3w Krakowskich-wspania\u0142y przyk\u0142ad polskiej rezydencji z epoki Waz\u00f3w. Mie\u015bci si\u0119 tu Muzeum Narodowe z cenn\u0105 kolekcj\u0105 malarstwa polskiego. <\/span><\/span><\/p>\n<p><span style=\"font-family: Verdana, serif;\"><span style=\"font-size: medium;\">Bazylika katedralna z XII w. &#8211; nawi\u0105zuje w swym stylu do okresu baroku. <\/span><\/span><\/p>\n<p><span style=\"font-family: Verdana, serif;\"><span style=\"font-size: medium;\">Kadzielnia &#8211; rezerwat przyrody nieo\u017cywionej ze wspania\u0142ymi zjawiskami krasowymi. Tu r\u00f3wnie\u017c znajduje si\u0119 kilkana\u015bcie jaski\u0144 (najwi\u0119ksza ma 140 m d\u0142ugo\u015bci) a w \u015bciany skalne wkomponowano amfiteatr z 5 tys. miejsc, w kt\u00f3rym odbywaj\u0105 si\u0119 liczne imprezy plenerowe. <\/span><\/span><\/p>\n<p><span style=\"font-family: Verdana, serif;\"><span style=\"font-size: medium;\">Karcz\u00f3wka &#8211; per\u0142a kieleckiego krajobrazu, gdzie w XVII ufundowano ko\u015bci\u00f3\u0142 i klasztor w podzi\u0119ce za to, \u017ce Kielce omin\u0119\u0142a zaraza. <\/span><\/span><\/p>\n<p><span style=\"font-family: Verdana, serif;\"><span style=\"font-size: medium;\">Tokarnia- Muzeum Wsi Kieleckiej- przyk\u0142ad dawnego budownictwa wiejskiego. <\/span><\/span><\/p>\n<p><span style=\"font-family: Verdana, serif;\"><span style=\"font-size: medium;\">\u0106miel\u00f3w \u2013 Muzeum \u017bywej Porcelany <\/span><\/span><\/p>\n<p lang=\"pl\">\n","protected":false},"excerpt":{"rendered":"<p>\u015awi\u0119tokrzyski Park Narodowy \u2013 Klasztor na \u015awi\u0119tym Krzy\u017cu \u2013 wej\u015bcie piesze na \u0141ysic\u0119 i Miedziank\u0119 &#8211; zamek w Ch\u0119cinach \u2013 Jaskinia Raj &#8211; zamek Krzy\u017ctop\u00f3r w Uje\u017adzie \u2013 Sandomierz Ramowy program wycieczki: 1 dzie\u0144 Wyjazd z um\u00f3wionego miejsca w godzinach &hellip; <a class=\"more-link\" href=\"https:\/\/zamosc.pttk.pl\/wordpress\/?page_id=16425\">Czytaj dalej <span class=\"meta-nav\">&rarr;<\/span><\/a><\/p>\n","protected":false},"author":1,"featured_media":0,"parent":0,"menu_order":0,"comment_status":"closed","ping_status":"closed","template":"","meta":{"footnotes":""},"class_list":["post-16425","page","type-page","status-publish","hentry"],"_links":{"self":[{"href":"https:\/\/zamosc.pttk.pl\/wordpress\/index.php?rest_route=\/wp\/v2\/pages\/16425","targetHints":{"allow":["GET"]}}],"collection":[{"href":"https:\/\/zamosc.pttk.pl\/wordpress\/index.php?rest_route=\/wp\/v2\/pages"}],"about":[{"href":"https:\/\/zamosc.pttk.pl\/wordpress\/index.php?rest_route=\/wp\/v2\/types\/page"}],"author":[{"embeddable":true,"href":"https:\/\/zamosc.pttk.pl\/wordpress\/index.php?rest_route=\/wp\/v2\/users\/1"}],"replies":[{"embeddable":true,"href":"https:\/\/zamosc.pttk.pl\/wordpress\/index.php?rest_route=%2Fwp%2Fv2%2Fcomments&post=16425"}],"version-history":[{"count":1,"href":"https:\/\/zamosc.pttk.pl\/wordpress\/index.php?rest_route=\/wp\/v2\/pages\/16425\/revisions"}],"predecessor-version":[{"id":16427,"href":"https:\/\/zamosc.pttk.pl\/wordpress\/index.php?rest_route=\/wp\/v2\/pages\/16425\/revisions\/16427"}],"wp:attachment":[{"href":"https:\/\/zamosc.pttk.pl\/wordpress\/index.php?rest_route=%2Fwp%2Fv2%2Fmedia&parent=16425"}],"curies":[{"name":"wp","href":"https:\/\/api.w.org\/{rel}","templated":true}]}}