{"id":16420,"date":"2020-05-20T07:55:01","date_gmt":"2020-05-20T05:55:01","guid":{"rendered":"http:\/\/www.zamosc.pttk.pl\/wordpress\/?page_id=16420"},"modified":"2020-05-20T07:56:03","modified_gmt":"2020-05-20T05:56:03","slug":"bieszczady-2","status":"publish","type":"page","link":"https:\/\/zamosc.pttk.pl\/wordpress\/?page_id=16420","title":{"rendered":"Bieszczady"},"content":{"rendered":"<p><span style=\"font-family: Verdana, serif;\"><span style=\"font-size: medium;\">Ramowy program wycieczki <\/span><\/span><\/p>\n<p><span style=\"font-family: Verdana, serif;\"><span style=\"font-size: medium;\">1 dzie\u0144 <\/span><\/span><\/p>\n<p><span style=\"font-family: Verdana, serif;\"><span style=\"font-size: medium;\">Wyjazd z um\u00f3wionego miejsca we wczesnych godzinach porannych.<\/span><\/span><\/p>\n<p><span style=\"font-family: Verdana, serif;\"><span style=\"font-size: medium;\">Przyjazd w okolice Cisnej, s\u0142ynnej z Baru Siekierezada, kt\u00f3rego \u015bciany s\u0105 ozdobione licznymi siekierami &#8211; w przesz\u0142o\u015bci narz\u0119dziami pracy wi\u0119kszo\u015bci m\u0119\u017cczyzn w Bieszczadach. <\/span><\/span><\/p>\n<p><span style=\"font-family: Verdana, serif;\"><span style=\"font-size: medium;\">Wyprawa w bieszczadzkie po\u0142oniny, pi\u0119tro ro\u015blinno\u015bci bardzo charakterystyczne dla tych g\u00f3r. W programie prze\u0142\u0119cz Wy\u017cna (872 m) \u2013 wyj\u015bcie na Po\u0142onin\u0119 Wetli\u0144sk\u0105 (1228m) oferuj\u0105c\u0105 niesamowite widoki.<\/span><\/span><\/p>\n<p><span style=\"font-family: Verdana, serif;\"><span style=\"font-size: medium;\">W miar\u0119 mo\u017cliwo\u015bci czasowych przejazd do Soliny lub Pola\u0144czyka &#8211; rejs statkiem po Zalewie Soli\u0144skim oraz spacer po koronie zapory wodnej w Solinie (mo\u017cliwo\u015b\u0107 zwiedzania wn\u0119trza). <\/span><\/span><\/p>\n<p><span style=\"font-family: Verdana, serif;\"><span style=\"font-size: medium;\">W godzinach wieczornych przejazd do miejsca zakwaterowania, obiadokolacja, nocleg. <\/span><\/span><\/p>\n<p><span style=\"font-family: Verdana, serif;\"><span style=\"font-size: medium;\">2 dzie\u0144 <\/span><\/span><\/p>\n<p><span style=\"font-family: Verdana, serif;\"><span style=\"font-size: medium;\">Po \u015bniadaniu przejazd do Smolnika nad Os\u0142aw\u0105 : w programie spotkanie z le\u015bnymi lud\u017ami na wypale w\u0119gla drzewnego, przejazd dyli\u017cansami dolin\u0105 rzeki Os\u0142awa (odcinek ok.20 km), spacer do rezerwatu Zwiez\u0142o z J.Duszaty\u0144skimi, ognisko przy akompaniamencie akordeonisty, zupa \u201eCzarcie \u017carcie\u201d lub kie\u0142baski do pieczenia. Wizyta w bac\u00f3wce z prawdziwymi owczymi serami. <\/span><\/span><\/p>\n<p><span style=\"font-family: Verdana, serif;\"><span style=\"font-size: medium;\">W godzinach wieczornych przejazd do miejsca zakwaterowania, obiadokolacja, nocleg.<\/span><\/span><\/p>\n<p><span style=\"font-family: Verdana, serif;\"><span style=\"font-size: medium;\">3 dzie\u0144 <\/span><\/span><\/p>\n<p><span style=\"font-family: Verdana, serif;\"><span style=\"font-size: medium;\">Po \u015bniadaniu wyjazd na wycieczk\u0119 tzw. P\u0119tl\u0105 Bieszczadzk\u0105 przez Czarne, Lutowiska do Wo\u0142osatego i wej\u015bcie na Tarnic\u0119 (1346 m n.p.m.) \u2013 najwy\u017cszy szczyt polskich Bieszczad\u00f3w. Zej\u015bcie piesze szlakiem do Ustrzyk G\u00f3rnych. <\/span><\/span><\/p>\n<p><span style=\"font-family: Verdana, serif;\"><span style=\"font-size: medium;\">lub <\/span><\/span><\/p>\n<p><span style=\"font-family: Verdana, serif;\"><span style=\"font-size: medium;\">Szlakiem dawnych cerkwi drewnianych (proponujemy wariant ustrzycki); Chmiel &#8211; cerkiew \u015bw Miko\u0142aja, Smolnik \u2013 cerkiew \u015bw. Micha\u0142a Archanio\u0142a, Bystre \u2013 cerkiew z 1902 r. w stylu ukrai\u0144skim p.w. Micha\u0142a Archanio\u0142a, Hosz\u00f3w i R\u00f3wnia. <\/span><\/span><\/p>\n<p><span style=\"font-family: Verdana, serif;\"><span style=\"font-size: medium;\">Po zako\u0144czeniu zwiedzania obiad 2-daniowy i wyjazd w drog\u0119 powrotn\u0105. <\/span><\/span><\/p>\n<p><span style=\"font-family: Verdana, serif;\"><span style=\"font-size: medium;\">\u015awiadczenia przewidziane w cenie: <\/span><\/span><\/p>\n<ul>\n<li><span style=\"font-family: Verdana, serif;\"><span style=\"font-size: medium;\">transport autokarem klasy turystycznej (opcjonalnie);<\/span><\/span><\/li>\n<li><span style=\"font-family: Verdana, serif;\"><span style=\"font-size: medium;\">2 noclegi w obiekcie wybranej kategorii cenowej (hotelu, schronisku szkolnym itp.);<\/span><\/span><\/li>\n<li><span style=\"font-family: Verdana, serif;\"><span style=\"font-size: medium;\">wy\u017cywienie zgodne z programem \u2013 2 obiadokolacje, 2 \u015bniadania, obiad ostatniego dnia wycieczki;<\/span><\/span><\/li>\n<li><span style=\"font-family: Verdana, serif;\"><span style=\"font-size: medium;\">opieka pilota;<\/span><\/span><\/li>\n<li><span style=\"font-family: Verdana, serif;\"><span style=\"font-size: medium;\">us\u0142ugi przewodnickie;<\/span><\/span><\/li>\n<li><span style=\"font-family: Verdana, serif;\"><span style=\"font-size: medium;\">rejs po Zalewie Soli\u0144skim; <\/span><\/span><\/li>\n<li><span style=\"font-family: Verdana, serif;\"><span style=\"font-size: medium;\">bilety wst\u0119pu do zwiedzanych obiekt\u00f3w. <\/span><\/span><\/li>\n<\/ul>\n<p><span style=\"font-family: Verdana, serif;\"><span style=\"font-size: medium;\">Powy\u017cszy program zwiedzania mo\u017cna modyfikowa\u0107 i wprowadzi\u0107 do programu nast\u0119puj\u0105ce miejsca i atrakcje:<\/span><\/span><\/p>\n<p><span style=\"font-family: Verdana, serif;\"><span style=\"font-size: medium;\">Sp\u0142yw Sanem z przystani na Bia\u0142ej G\u00f3rze w Sanoku do Mi\u0119dzybrodzia. Trasa sp\u0142ywu biegnie wzd\u0142u\u017c Parku Krajobrazowego G\u00f3r S\u0142onnych. Sp\u0142yw odbywa si\u0119 tradycyjnymi, wzorowanymi na cz\u00f3\u0142nach \u0142odziami, kt\u00f3re mog\u0105 zabra\u0107 10 os\u00f3b. Przewo\u017anicy w regionalnych strojach snuj\u0105 opowie\u015bci o historii i przyrodzie okolic. <\/span><\/span><\/p>\n<p><span style=\"font-family: Verdana, serif;\"><span style=\"font-size: medium;\">Przejazd Bieszczadzk\u0105 ciuchci\u0105 \u2013 kolejk\u0105 w\u0105skotorow\u0105 na trasie Majdan \u2013 Przys\u0142up \u2013 Majdan lub Majdan \u2013 Balnica \u2013 Majdan. Kolejki w\u0105skotorowe w Bieszczadach zacz\u0119\u0142y powstawa\u0107 pod koniec XIX w. z inicjatywy w\u0142a\u015bcicieli maj\u0105tk\u00f3w le\u015bnych. Umo\u017cliwia\u0142y one transport drewna. Dzisiaj s\u0105 du\u017c\u0105 atrakcj\u0105 turystyczn\u0105. <\/span><\/span><\/p>\n<p><span style=\"font-family: Verdana, serif;\"><span style=\"font-size: medium;\">Zwiedzanie Sanoka \u2013 w programie pozosta\u0142o\u015bci zamku kr\u00f3lewskiego Kazimierza Wielkiego, stare miasto, Zesp\u00f3\u0142 klasztoru Franciszkan\u00f3w, Muzeum Budownictwa Ludowego \u2013 jest to jeden z najwi\u0119kszych skansen\u00f3w w Polsce, Muzeum Ikon.<\/span><\/span><\/p>\n<p><span style=\"font-family: Verdana, serif;\"><span style=\"font-size: medium;\">Zag\u00f3rz \u2013 miasteczko zwane bram\u0105 Bieszczad. Jego g\u0142\u00f3wn\u0105 atrakcj\u0105 s\u0105 ruiny Klasztoru Karmelit\u00f3w Bosych, wybudowanego w XVII wieku na wzg\u00f3rzu, kt\u00f3re otoczone jest wodami rzeki Os\u0142awa. Du\u017c\u0105 atrakcj\u0105 jest r\u00f3wnie\u017c 22 metrowa wie\u017ca widokowa w jednej w wie\u017c budowli. <\/span><\/span><\/p>\n<p><span style=\"font-family: Verdana, serif;\"><span style=\"font-size: medium;\">Ustrzyki Dolne \u2013 zwiedzanie Muzeum M\u0142ynarstwa i Wsi mieszcz\u0105cego si\u0119 na 5 kondygnacjach w budynku dzia\u0142aj\u0105cego niedawno m\u0142yna. Zwiedzanie Muzeum Bieszczadzkiego Parku Narodowego.<\/span><\/span><\/p>\n<p><span style=\"font-family: Verdana, serif;\"><span style=\"font-size: medium;\">Koma\u0144cza &#8211; miejsce internowania Prymasa Wyszy\u0144skiego. Prymas by\u0142 tam wi\u0119ziony od 29 pa\u017adziernika 1955 r. do 28 pa\u017adziernika 1956 r.; po\u015bwi\u0119cona mu izba pami\u0119ci mie\u015bci si\u0119 w klasztorze si\u00f3str nazaretanek. W 1953 r. Prymas Wyszy\u0144ski zosta\u0142 uwi\u0119ziony i do 1956 r. przebywa\u0142, najpierw w Rywa\u0142dzie, potem w Stoczku Warmi\u0144skim, Prudniku i Koma\u0144czy. <\/span><\/span><\/p>\n<p><span style=\"font-family: Verdana, serif;\"><span style=\"font-size: medium;\">Cena wycieczki zale\u017cna jest od dok\u0142adnej ilo\u015bci uczestnik\u00f3w i oraz terminu jej realizacji. <\/span><\/span><\/p>\n<p><span style=\"font-family: Verdana, serif;\"><span style=\"font-size: medium;\">Termin wycieczki \u2013 do ustalenia. <\/span><\/span><\/p>\n<p><span style=\"font-family: Verdana, serif;\"><span style=\"font-size: medium;\">Dok\u0142adny program zwiedzania dopasujemy do miejsca wyjazdu z dowolnego miejsca w Polsce. <\/span><\/span><\/p>\n<p lang=\"pl\">\n","protected":false},"excerpt":{"rendered":"<p>Ramowy program wycieczki 1 dzie\u0144 Wyjazd z um\u00f3wionego miejsca we wczesnych godzinach porannych. Przyjazd w okolice Cisnej, s\u0142ynnej z Baru Siekierezada, kt\u00f3rego \u015bciany s\u0105 ozdobione licznymi siekierami &#8211; w przesz\u0142o\u015bci narz\u0119dziami pracy wi\u0119kszo\u015bci m\u0119\u017cczyzn w Bieszczadach. Wyprawa w bieszczadzkie po\u0142oniny, &hellip; <a class=\"more-link\" href=\"https:\/\/zamosc.pttk.pl\/wordpress\/?page_id=16420\">Czytaj dalej <span class=\"meta-nav\">&rarr;<\/span><\/a><\/p>\n","protected":false},"author":1,"featured_media":0,"parent":0,"menu_order":0,"comment_status":"closed","ping_status":"closed","template":"","meta":{"footnotes":""},"class_list":["post-16420","page","type-page","status-publish","hentry"],"_links":{"self":[{"href":"https:\/\/zamosc.pttk.pl\/wordpress\/index.php?rest_route=\/wp\/v2\/pages\/16420","targetHints":{"allow":["GET"]}}],"collection":[{"href":"https:\/\/zamosc.pttk.pl\/wordpress\/index.php?rest_route=\/wp\/v2\/pages"}],"about":[{"href":"https:\/\/zamosc.pttk.pl\/wordpress\/index.php?rest_route=\/wp\/v2\/types\/page"}],"author":[{"embeddable":true,"href":"https:\/\/zamosc.pttk.pl\/wordpress\/index.php?rest_route=\/wp\/v2\/users\/1"}],"replies":[{"embeddable":true,"href":"https:\/\/zamosc.pttk.pl\/wordpress\/index.php?rest_route=%2Fwp%2Fv2%2Fcomments&post=16420"}],"version-history":[{"count":2,"href":"https:\/\/zamosc.pttk.pl\/wordpress\/index.php?rest_route=\/wp\/v2\/pages\/16420\/revisions"}],"predecessor-version":[{"id":16423,"href":"https:\/\/zamosc.pttk.pl\/wordpress\/index.php?rest_route=\/wp\/v2\/pages\/16420\/revisions\/16423"}],"wp:attachment":[{"href":"https:\/\/zamosc.pttk.pl\/wordpress\/index.php?rest_route=%2Fwp%2Fv2%2Fmedia&parent=16420"}],"curies":[{"name":"wp","href":"https:\/\/api.w.org\/{rel}","templated":true}]}}