{"id":16401,"date":"2020-05-12T17:17:23","date_gmt":"2020-05-12T15:17:23","guid":{"rendered":"http:\/\/www.zamosc.pttk.pl\/wordpress\/?page_id=16401"},"modified":"2020-05-12T17:18:35","modified_gmt":"2020-05-12T15:18:35","slug":"warszawa","status":"publish","type":"page","link":"https:\/\/zamosc.pttk.pl\/wordpress\/?page_id=16401","title":{"rendered":"Warszawa"},"content":{"rendered":"<p>Wycieczka do Warszawy<\/p>\n<p>Stadion Narodowy, Stare Miasto, Centrum Nauki Kopernik<\/p>\n<p>Ramowy program wycieczki<\/p>\n<p>Wyjazd z um\u00f3wionego miejsca we wczesnych godzinach porannych.<\/p>\n<p>Przejazd do Warszawy na Stadion Narodowy. Zwiedzanie obiektu otwartego na pi\u0142karskie Mistrzostwa Europy w 2012 r. Przej\u015bcie z przewodnikiem przez p\u0142yt\u0119 stadionu, trybuny, szatnie zawodnik\u00f3w.<\/p>\n<p>Przejazd na Star\u00f3wk\u0119 b\u0119d\u0105 prawdziw\u0105 per\u0142\u0105 stolicy. Zachwyca w\u0105skimi uliczkami i kolorowymi kamienicami. W 1980 r. zosta\u0142a wpisana na list\u0119 \u015bwiatowego dziedzictwa UNESCO. Podczas spaceru zobaczymy min. Plac Zamkowy, Zamek Kr\u00f3lewski, Kolumn\u0119 kr\u00f3la Zygmunta III Wazy, oficjalny symbol miasta \u2013 warszawsk\u0105 Syrenk\u0119,kolorowe staromiejskie kamieniczki.<\/p>\n<p>Przerwa na 2-daniowy obiad.<\/p>\n<p>Przejazd do Centrum Nauki Kopernik. W dwupoziomowej przestrzeni Kopernika znajduj\u0105 si\u0119 wystawy sta\u0142e i wystawa czasowa, obejmuj\u0105ce oko\u0142o 400 eksponat\u00f3w interaktywnych oraz dwa teatry \u2013 Teatr Robotyczny i Teatr Wysokich Napi\u0119\u0107. W Centrum nie ma ani \u015bcie\u017cek zwiedzania, ani tradycyjnych przewodnik\u00f3w, ale o wszystko mo\u017cna pyta\u0107 animator\u00f3w. Poza wystawami w Centrum Nauki Kopernik znajduje si\u0119 tak\u017ce planetarium. Z szerokiej oferty film\u00f3w i pokaz\u00f3w mo\u017cna wybra\u0107 co\u015b dla ka\u017cdej grupy wiekowej.<\/p>\n<p>W godzinach popo\u0142udniowo-wieczornych wyjazd w drog\u0119 powrotn\u0105. Powr\u00f3t w godzinach p\u00f3\u017anowieczornych .<\/p>\n<p>Powy\u017cszy program jest ramowy a kolejno\u015b\u0107 zwiedzania mo\u017ce ulec zmianie.<\/p>\n<p>CENA WYCIECZKI ZALE\u017bNA JEST OD DOK\u0141ADNEJ ILO\u015aCI UCZESTNIK\u00d3W I TERMINU JEJ REALIZACJI.<\/p>\n<p>TERMIN WYCIECZKI \u2013 DO USTALENIA<\/p>\n<p>DOK\u0141ADNY PROGRAM ZWIEDZANIA DOPASUJEMY DO WYJAZDU Z DOWOLNEGO MIEJSCA W POLSCE.<\/p>\n<p>\u015awiadczenia przewidziane w cenie:<\/p>\n<ul>\n<li>transport autokarem klasy turystycznej (opcjonalnie);<\/li>\n<li>opieka pilota &#8211; przewodnika;<\/li>\n<li>obiad 2-daniowy z napojem;<\/li>\n<li>bilety wst\u0119pu do zwiedzanych obiekt\u00f3w \u2013 PGE Narodowy, CN Kopernik.<\/li>\n<\/ul>\n<p>Przedstawion\u0105 propozycj\u0119 mo\u017cna modyfikowa\u0107 i wprowadzi\u0107 do programu zwiedzania m.in. nast\u0119puj\u0105ce atrakcje:<\/p>\n<p>Zwiedzanie Muzeum Powstania Warszawskiego kt\u00f3re mie\u015bci si\u0119 w dawnej elektrowni tramwajowej, zabytku architektury przemys\u0142owej z pocz\u0105tku XX w. Obiekt b\u0119d\u0105cy wyrazem ho\u0142du warszawiak\u00f3w wobec tych, kt\u00f3rzy walczyli i gin\u0119li za woln\u0105 Polsk\u0119 i jej stolic\u0119 zgromadzi\u0142 ponad 30 000 eksponat\u00f3w.<\/p>\n<p>Pa\u0142ac Kultury i Nauk &#8211; najwy\u017cszy i najbardziej rozpoznawalny budynek w Warszawie, widoczny niemal z ka\u017cdego miejsca w stolicy. Zwiedzanie lub\/i wjazd na XXX pi\u0119tro Pa\u0142acu gdzie znajduje si\u0119 taras z kt\u00f3rego roztacza si\u0119 wspania\u0142y widok na Warszaw\u0119.<\/p>\n<p>Pa\u0142ac w Wilanowie &#8211; zwiedzanie i spacer po ogrodach barokowej rezydencji kr\u00f3la Jana III Sobieskiego. Zabytek zachowa\u0142 niezmienion\u0105 form\u0119 mimo zabor\u00f3w, wojen i okupacji.<\/p>\n<p>\u0141azienki Kr\u00f3lewskie &#8211; spacer po jednym z najpi\u0119kniejszych zespo\u0142\u00f3w pa\u0142acowo-ogrodowych w Europie, dawnej rezydencji kr\u00f3la Stanis\u0142awa Augusta Poniatowskiego.<\/p>\n<p>Stare Pow\u0105zki \u2013 Aleja Zas\u0142u\u017conych, miejsce spoczynku wielu wybitnych Polak\u00f3w.<\/p>\n<p>Zwiedzanie Sejmu RP &#8211; trasa zwiedzania obejmuje przej\u015bcie podziemnym korytarzem, gdzie prezentowana jest wystawa dotycz\u0105ca sejmowania w okresie I Rzeczpospolitej, a tak\u017ce makieta wsp\u00f3\u0142czesnego kompleksu budynk\u00f3w sejmowych, wizyt\u0119 na galerii Sali Posiedze\u0144 Sejmu oraz kr\u00f3tk\u0105 prelekcj\u0119 dotycz\u0105c\u0105 historii i wsp\u00f3\u0142czesno\u015bci polskiego parlamentaryzmu.<\/p>\n<p>Przejazd metrem &#8211; jedynym w Polsce systemem kolei podziemnej, sk\u0142adaj\u0105cy si\u0119 z dw\u00f3ch linii: M1 i M2. Muzeum Narodowe przedstawia kolekcj\u0119 ponad 830 tysi\u0119cy eksponat\u00f3w ze wszystkich epok, od antyku do wsp\u00f3\u0142czesno\u015bci. Znajdziemy tutaj mi\u0119dzy innymi \u201eBitw\u0119 pod Grunwaldem\u201d Jana Matejki.<\/p>\n<p>Muzeum \u017byd\u00f3w Polskich POLIN &#8211; interaktywna wystawa przywraca pami\u0119\u0107 o bogatej, tysi\u0105cletniej historii dw\u00f3ch narod\u00f3w: polskiego i \u017cydowskiego.<\/p>\n<p>Telewizja Polska &#8211; zwiedzanie obejmuje m.in.: wizyt\u0119 w studiach telewizyjnych, pomieszczeniach re\u017cyserskich, muzeum TVP S.A.<\/p>\n<p>Zwiedzanie Portu Lotniczego \u201eOk\u0119cie\u201d, Muzeum Techniki, Muzeum Wojska Polskiego, Centrum Pieni\u0105dza, ZOO, rejs po Wi\u015ble etc.etc.<\/p>\n<p>&nbsp;<\/p>\n<p lang=\"pl\">\n","protected":false},"excerpt":{"rendered":"<p>Wycieczka do Warszawy Stadion Narodowy, Stare Miasto, Centrum Nauki Kopernik Ramowy program wycieczki Wyjazd z um\u00f3wionego miejsca we wczesnych godzinach porannych. Przejazd do Warszawy na Stadion Narodowy. Zwiedzanie obiektu otwartego na pi\u0142karskie Mistrzostwa Europy w 2012 r. Przej\u015bcie z przewodnikiem &hellip; <a class=\"more-link\" href=\"https:\/\/zamosc.pttk.pl\/wordpress\/?page_id=16401\">Czytaj dalej <span class=\"meta-nav\">&rarr;<\/span><\/a><\/p>\n","protected":false},"author":1,"featured_media":0,"parent":0,"menu_order":0,"comment_status":"closed","ping_status":"closed","template":"","meta":{"footnotes":""},"class_list":["post-16401","page","type-page","status-publish","hentry"],"_links":{"self":[{"href":"https:\/\/zamosc.pttk.pl\/wordpress\/index.php?rest_route=\/wp\/v2\/pages\/16401","targetHints":{"allow":["GET"]}}],"collection":[{"href":"https:\/\/zamosc.pttk.pl\/wordpress\/index.php?rest_route=\/wp\/v2\/pages"}],"about":[{"href":"https:\/\/zamosc.pttk.pl\/wordpress\/index.php?rest_route=\/wp\/v2\/types\/page"}],"author":[{"embeddable":true,"href":"https:\/\/zamosc.pttk.pl\/wordpress\/index.php?rest_route=\/wp\/v2\/users\/1"}],"replies":[{"embeddable":true,"href":"https:\/\/zamosc.pttk.pl\/wordpress\/index.php?rest_route=%2Fwp%2Fv2%2Fcomments&post=16401"}],"version-history":[{"count":2,"href":"https:\/\/zamosc.pttk.pl\/wordpress\/index.php?rest_route=\/wp\/v2\/pages\/16401\/revisions"}],"predecessor-version":[{"id":16404,"href":"https:\/\/zamosc.pttk.pl\/wordpress\/index.php?rest_route=\/wp\/v2\/pages\/16401\/revisions\/16404"}],"wp:attachment":[{"href":"https:\/\/zamosc.pttk.pl\/wordpress\/index.php?rest_route=%2Fwp%2Fv2%2Fmedia&parent=16401"}],"curies":[{"name":"wp","href":"https:\/\/api.w.org\/{rel}","templated":true}]}}