{"id":16377,"date":"2020-05-12T13:41:06","date_gmt":"2020-05-12T11:41:06","guid":{"rendered":"http:\/\/www.zamosc.pttk.pl\/wordpress\/?page_id=16377"},"modified":"2020-05-12T13:43:47","modified_gmt":"2020-05-12T11:43:47","slug":"gory-swietokrzyskie","status":"publish","type":"page","link":"https:\/\/zamosc.pttk.pl\/wordpress\/?page_id=16377","title":{"rendered":"G\u00f3ry \u015awi\u0119tokrzyskie"},"content":{"rendered":"<p><span style=\"font-family: Verdana, serif;\"><span style=\"font-size: medium;\">\u015awi\u0119tokrzyski Park Narodowy \u2013 Klasztor na \u015awi\u0119tym Krzy\u017cu \u2013 wej\u015bcie piesze na \u0141ysic\u0119 i Miedziank\u0119 &#8211; zamek w Ch\u0119cinach \u2013 Jaskinia Raj <\/span><\/span><\/p>\n<p><span style=\"font-family: Verdana, serif;\"><span style=\"font-size: medium;\">Ramowy program wycieczki:<\/span><\/span><\/p>\n<p><span style=\"font-family: Verdana, serif;\"><span style=\"font-size: medium;\">1 dzie\u0144<\/span><\/span><\/p>\n<p><span style=\"font-family: Verdana, serif;\"><span style=\"font-size: medium;\">Wyjazd z um\u00f3wionego miejsca w godzinach porannych. <\/span><\/span><\/p>\n<p><span style=\"font-family: Verdana, serif;\"><span style=\"font-size: medium;\">Po \u015bniadaniu przejazd do \u015awi\u0119tokrzyskiego Parku Narodowego. Wjazd kolejk\u0105 turystyczn\u0105 na \u015awi\u0119ty Krzy\u017c &#8211; zwiedzanie zespo\u0142u klasztornego w jednym z najwa\u017cniejszych polskich sanktuari\u00f3w oraz Muzeum Przyrodniczego \u015awi\u0119tokrzyskiego Parku Narodowego. Zej\u015bcie piesze, po drodze obserwacja go\u0142oborza \u2013 ekologicznej i krajobrazowej osobliwo\u015bci \u015awi\u0119tokrzyskiego Parku Narodowego. <\/span><\/span><\/p>\n<p><span style=\"font-family: Verdana, serif;\"><span style=\"font-size: medium;\">Piesza w\u0119dr\u00f3wka na \u0141ysic\u0119 \u2013 najwy\u017cszy szczyt G\u00f3r \u015awi\u0119tokrzyskich o wysoko\u015bci 614 m n.p.m. \u0141ysica nale\u017cy do Korony G\u00f3r Polski, znajduje si\u0119 w obszarze ochrony \u015bcis\u0142ej \u015awi\u0119tokrzyskiego Parku Narodowego. <\/span><\/span><\/p>\n<p><span style=\"font-family: Verdana, serif;\"><span style=\"font-size: medium;\">Odpoczynek przy \u017ar\u00f3de\u0142ku \u015aw. Franciszka, z kt\u00f3rego woda uchodzi za cudown\u0105. \u0179r\u00f3d\u0142o ma sta\u0142\u0105 temperatur\u0119 i nigdy nie zamarza. <\/span><\/span><\/p>\n<p><span style=\"font-family: Verdana, serif;\"><span style=\"font-size: medium;\">Wieczorem przejazd na obiadokolacj\u0119 i nocleg. <\/span><\/span><\/p>\n<p><span style=\"font-family: Verdana, serif;\"><span style=\"font-size: medium;\">2 dzie\u0144 <\/span><\/span><\/p>\n<p><span style=\"font-family: Verdana, serif;\"><span style=\"font-size: medium;\">Po \u015bniadaniu przejazd do Ch\u0119ci\u0144sko \u2013 Kieleckiego Parku Krajobrazowego. Wej\u015bcie piesze na najbardziej malownicz\u0105 z G\u00f3r \u015awi\u0119tokrzyskich \u2013 Miedziank\u0119 &#8211; 354 m n.p.m., nazywan\u0105 niekiedy \u015awi\u0119tokrzyskim Giewontem. Ze szczytu roztacza si\u0119 widok na \u0141ysog\u00f3ry, Kielce a w pogodne dni nawet na Tatry. <\/span><\/span><\/p>\n<p><span style=\"font-family: Verdana, serif;\"><span style=\"font-size: medium;\">Przejazd do Jaskini Raj \u2013 zwiedzanie jednej z najbardziej znanych atrakcji turystycznych G\u00f3r \u015awi\u0119tokrzyskich i jednej z najpi\u0119kniejszych jaski\u0144 krasowych naszego kraju. <\/span><\/span><\/p>\n<p><span style=\"font-family: Verdana, serif;\"><span style=\"font-size: medium;\">Przejazd do Ch\u0119cin \u2013 zwiedzanie zamku kr\u00f3lewskiego z XIII w., spacer po urokliwym miasteczku. <\/span><\/span><\/p>\n<p><span style=\"font-family: Verdana, serif;\"><span style=\"font-size: medium;\">W trakcie zwiedzania obiad 2-daniowy. <\/span><\/span><\/p>\n<p><span style=\"font-family: Verdana, serif;\"><span style=\"font-size: medium;\">W godzinach popo\u0142udniowo-wieczornych wyjazd w drog\u0119 powrotn\u0105. <\/span><\/span><\/p>\n<p><span style=\"font-family: Verdana, serif;\"><span style=\"font-size: medium;\">\u015awiadczenia przewidziane w cenie <\/span><\/span><\/p>\n<ul>\n<li><span style=\"font-family: Verdana, serif;\"><span style=\"font-size: medium;\">transport autokarem klasy turystycznej;<\/span><\/span><\/li>\n<li><span style=\"font-family: Verdana, serif;\"><span style=\"font-size: medium;\">1 nocleg w obiekcie wybranej kategorii cenowej (hotelu, pensjonacie, schronisku); <\/span><\/span><\/li>\n<li><span style=\"font-family: Verdana, serif;\"><span style=\"font-size: medium;\">wy\u017cywienie wg programu czyli 1 obiadokolacja, 1 \u015bniadanie, obiad 2-go dnia wycieczki;<\/span><\/span><\/li>\n<li><span style=\"font-family: Verdana, serif;\"><span style=\"font-size: medium;\">opieka pilota; <\/span><\/span><\/li>\n<li><span style=\"font-family: Verdana, serif;\"><span style=\"font-size: medium;\">us\u0142ugi przewodnickie;<\/span><\/span><\/li>\n<li><span style=\"font-family: Verdana, serif;\"><span style=\"font-size: medium;\">bilety wst\u0119pu do zwiedzanych miejsc. <\/span><\/span><\/li>\n<\/ul>\n<p><span style=\"font-family: Verdana, serif;\"><span style=\"font-size: medium;\">Cena wycieczki zale\u017cna jest od dok\u0142adnej ilo\u015bci uczestnik\u00f3w i oraz terminu jej realizacji. <\/span><\/span><\/p>\n<p><span style=\"font-family: Verdana, serif;\"><span style=\"font-size: medium;\">Termin wycieczki \u2013 do ustalenia. <\/span><\/span><\/p>\n<p><span style=\"font-family: Verdana, serif;\"><span style=\"font-size: medium;\">Dok\u0142adny program zwiedzania dopasujemy do miejsca wyjazdu z dowolnego miejsca w Polsce. <\/span><\/span><\/p>\n<p lang=\"pl\">\n","protected":false},"excerpt":{"rendered":"<p>\u015awi\u0119tokrzyski Park Narodowy \u2013 Klasztor na \u015awi\u0119tym Krzy\u017cu \u2013 wej\u015bcie piesze na \u0141ysic\u0119 i Miedziank\u0119 &#8211; zamek w Ch\u0119cinach \u2013 Jaskinia Raj Ramowy program wycieczki: 1 dzie\u0144 Wyjazd z um\u00f3wionego miejsca w godzinach porannych. Po \u015bniadaniu przejazd do \u015awi\u0119tokrzyskiego Parku &hellip; <a class=\"more-link\" href=\"https:\/\/zamosc.pttk.pl\/wordpress\/?page_id=16377\">Czytaj dalej <span class=\"meta-nav\">&rarr;<\/span><\/a><\/p>\n","protected":false},"author":1,"featured_media":0,"parent":0,"menu_order":0,"comment_status":"closed","ping_status":"closed","template":"","meta":{"footnotes":""},"class_list":["post-16377","page","type-page","status-publish","hentry"],"_links":{"self":[{"href":"https:\/\/zamosc.pttk.pl\/wordpress\/index.php?rest_route=\/wp\/v2\/pages\/16377","targetHints":{"allow":["GET"]}}],"collection":[{"href":"https:\/\/zamosc.pttk.pl\/wordpress\/index.php?rest_route=\/wp\/v2\/pages"}],"about":[{"href":"https:\/\/zamosc.pttk.pl\/wordpress\/index.php?rest_route=\/wp\/v2\/types\/page"}],"author":[{"embeddable":true,"href":"https:\/\/zamosc.pttk.pl\/wordpress\/index.php?rest_route=\/wp\/v2\/users\/1"}],"replies":[{"embeddable":true,"href":"https:\/\/zamosc.pttk.pl\/wordpress\/index.php?rest_route=%2Fwp%2Fv2%2Fcomments&post=16377"}],"version-history":[{"count":3,"href":"https:\/\/zamosc.pttk.pl\/wordpress\/index.php?rest_route=\/wp\/v2\/pages\/16377\/revisions"}],"predecessor-version":[{"id":16380,"href":"https:\/\/zamosc.pttk.pl\/wordpress\/index.php?rest_route=\/wp\/v2\/pages\/16377\/revisions\/16380"}],"wp:attachment":[{"href":"https:\/\/zamosc.pttk.pl\/wordpress\/index.php?rest_route=%2Fwp%2Fv2%2Fmedia&parent=16377"}],"curies":[{"name":"wp","href":"https:\/\/api.w.org\/{rel}","templated":true}]}}