{"id":16326,"date":"2020-05-08T11:27:50","date_gmt":"2020-05-08T09:27:50","guid":{"rendered":"http:\/\/www.zamosc.pttk.pl\/wordpress\/?page_id=16326"},"modified":"2020-05-12T08:51:02","modified_gmt":"2020-05-12T06:51:02","slug":"bieszczady-przemysl-krasiczyn","status":"publish","type":"page","link":"https:\/\/zamosc.pttk.pl\/wordpress\/?page_id=16326","title":{"rendered":"Bieszczady, Przemy\u015bl, Krasiczyn"},"content":{"rendered":"<p><span style=\"font-family: Verdana, sans-serif; font-size: 14px;\">Bieszczady, Przemy\u015bl, Krasiczyn \u2013 2 dni <\/span><\/p>\n<p><span style=\"font-family: Verdana, sans-serif; font-size: 14px;\">Ramowy program wycieczki <\/span><\/p>\n<p><span style=\"font-family: Verdana, sans-serif; font-size: 14px;\">1 dzie\u0144 <\/span><\/p>\n<p><span style=\"font-family: Verdana, sans-serif; font-size: 14px;\">Wyjazd z um\u00f3wionego miejsca we wczesnych godzinach porannych.<\/span><\/p>\n<p style=\"text-align: justify;\"><span style=\"font-family: Verdana, sans-serif; font-size: 14px;\">Przejazd do Krasiczyna &#8211; zwiedzanie XVI\u2013 wiecznego zamku, jednego z najpi\u0119kniejszych pomnik\u00f3w polskiego renesansu, Trasa zwiedzania obejmuje m. in. dziedziniec zamkowy, krypt\u0119 w Baszcie Boskiej, sale ekspozycyjne i kaplic\u0119 zamkow\u0105<\/span><\/p>\n<p style=\"text-align: justify;\"><span style=\"font-size: 14px;\"><span style=\"font-family: Verdana, sans-serif;\">Przejazd do Przemy\u015bla. Zwiedzanie Starego Miasta. W programie spaceru: przemyska star\u00f3wka, rynek z renesansowymi kamienicami, ulica Kazimierzowska, Plac na Bramie, plac niepodleg\u0142o\u015bci, mury miejskie, ko\u015bci\u00f3\u0142 karmelit\u00f3w, katedra greckokatolicka, ko\u015bci\u00f3\u0142 franciszkan\u00f3w, katedra rzymskokatolicka, Zamek Kazimierzowski (z zewn\u0105trz), odrestaurowany <\/span><span style=\"font-family: Verdana, sans-serif;\">dworzec kolejowy. Przemyskie podziemia to cz\u0119\u015b\u0107 pierwotnej zabudowy miasta z czas\u00f3w<\/span><span style=\"font-family: Verdana, sans-serif;\"> \u015bredniowiecza. Obecnie udost\u0119pnione do zwiedzania s\u0105 dwukondygnacyjne piwnice znajduj\u0105ce si\u0119 pod budynkiem Urz\u0119du Miasta wraz z nowo oddanym odcinkiem siedemnastowiecznego kolektora. Zwiedzaj\u0105c Przemy\u015bl nie mo\u017cna pomin\u0105\u0107 fort\u00f3w okalaj\u0105cej miasto twierdzy. Jest to najwi\u0119kszy kompleks fortyfikacji z czas\u00f3w II Wojny \u015awiatowej w Europie Wschodniej, kt\u00f3rej szturmem nigdy nie uda\u0142o si\u0119 zdoby\u0107. Zwiedzanie wybranego fortu \u2013 proponujemy fort Borek lub Siedliska. Dok\u0142adny program zwiedzania Przemy\u015bla do ustalenia \u2013 do wyboru forty lub podziemia. Wieczorem przejazd do miejsca zakwaterowania, obiadokolacja, nocleg. <\/span><\/span><\/p>\n<p style=\"text-align: justify;\"><span style=\"font-family: Verdana, sans-serif; font-size: 14px;\">2 dzie\u0144 <\/span><\/p>\n<p style=\"text-align: justify;\"><span style=\"font-size: 14px;\"><span style=\"font-family: Verdana, sans-serif;\">Po \u015bniadaniu wyprawa w bieszczadzkie po\u0142oniny, pi\u0119tro ro\u015blinno\u015bci bardzo<\/span><span style=\"font-family: Verdana, sans-serif;\"> charakterystyczne dla tych g\u00f3r. W programie prze\u0142\u0119cz Wy\u017cna (872 m) \u2013 wyj\u015bcie na Po\u0142onin\u0119 Wetli\u0144sk\u0105<\/span><span style=\"font-family: Verdana, sans-serif;\"> (<\/span><span style=\"font-family: Verdana, sans-serif;\">1228m) oferuj\u0105c\u0105 niesamowite widoki.<\/span><\/span><\/p>\n<p style=\"text-align: justify;\"><span style=\"font-size: 14px;\"><span style=\"font-family: Verdana, sans-serif;\">Przejazd do Soliny lub Pola\u0144czyka &#8211; rejs statkiem <\/span><span style=\"font-family: Verdana, sans-serif;\">po <\/span><span style=\"font-family: Verdana, sans-serif;\">Zalewie Soli\u0144skim oraz s<\/span><span style=\"font-family: Verdana, sans-serif;\">pacer po koronie <\/span><span style=\"font-family: Verdana, sans-serif;\">zapory wodnej <\/span><span style=\"font-family: Verdana, sans-serif;\">w Solinie (mo\u017cliwo\u015b\u0107 zwiedzania wn\u0119trza). <\/span><\/span><\/p>\n<p style=\"text-align: justify;\"><span style=\"font-family: Verdana, sans-serif; font-size: 14px;\">Po zwiedzaniu obiad 2-daniowy. <\/span><\/p>\n<p><span style=\"font-family: Verdana, sans-serif; font-size: 14px;\">W godzinach wieczornych wyjazd w drog\u0119 powrotn\u0105.<\/span><\/p>\n<hr \/>\n<p><span style=\"font-family: Verdana, sans-serif; font-size: 14px;\">\u015awiadczenia przewidziane w cenie: <\/span><\/p>\n<ul>\n<li><span style=\"font-family: Verdana, sans-serif; font-size: 14px;\">transport autokarem klasy turystycznej (opcjonalnie);<\/span><\/li>\n<li><span style=\"font-family: Verdana, sans-serif; font-size: 14px;\">1 nocleg w obiekcie wybranej kategorii cenowej (hotelu, schronisku szkolnym itp.);<\/span><\/li>\n<li><span style=\"font-family: Verdana, sans-serif; font-size: 14px;\">wy\u017cywienie zgodne z programem \u2013 1 obiadokolacja, 1 \u015bniadanie, obiad drugiego dnia wycieczki;<\/span><\/li>\n<li><span style=\"font-family: Verdana, sans-serif; font-size: 14px;\">opieka pilota;<\/span><\/li>\n<li><span style=\"font-family: Verdana, sans-serif; font-size: 14px;\">us\u0142ugi przewodnickie;<\/span><\/li>\n<li style=\"text-align: left;\"><span style=\"font-family: Verdana, sans-serif; font-size: 14px;\">bilety wst\u0119pu do zwiedzanych obiekt\u00f3w. <\/span><span style=\"font-family: Verdana, sans-serif; font-size: 14px;\">Cena wycieczki zale\u017cna jest od dok\u0142adnej ilo\u015bci uczestnik\u00f3w i oraz terminu jej realizacji.<br \/>\n<\/span><span style=\"font-family: Verdana, sans-serif; font-size: 14px;\"><span style=\"font-family: Verdana, sans-serif;\"><span style=\"font-size: 14px;\">Termin wycieczki do ustalenia.\u00a0<\/span><\/span><\/span><span style=\"font-family: Verdana, sans-serif; font-size: 14px;\">\u00a0 \u00a0 \u00a0 \u00a0 \u00a0 \u00a0 \u00a0 \u00a0 \u00a0 \u00a0 \u00a0 \u00a0 \u00a0 \u00a0 \u00a0 \u00a0 \u00a0 \u00a0 \u00a0 \u00a0 \u00a0 \u00a0 \u00a0 \u00a0 \u00a0 \u00a0 \u00a0 \u00a0 \u00a0 \u00a0 \u00a0 \u00a0 \u00a0 \u00a0 \u00a0 \u00a0 \u00a0 <\/span><span style=\"font-family: Verdana, sans-serif;\"><span style=\"font-family: Verdana, sans-serif;\"><span style=\"font-size: 14px;\"><br \/>\n<\/span><\/span><\/span><\/p>\n<hr \/>\n<p style=\"text-align: right;\"><span style=\"font-family: Verdana, sans-serif;\"><span style=\"font-size: 14px;\">\u00a0 \u00a0 \u00a0 \u00a0 \u00a0 \u00a0 \u00a0 \u00a0 \u00a0 \u00a0 \u00a0 \u00a0 \u00a0 \u00a0 \u00a0 \u00a0 \u00a0 \u00a0 \u00a0 \u00a0 \u00a0 \u00a0 \u00a0 \u00a0 \u00a0 \u00a0 \u00a0 \u00a0 \u00a0 \u00a0 \u00a0 \u00a0 \u00a0 \u00a0 \u00a0 \u00a0 \u00a0 \u00a0 \u00a0 \u00a0 \u00a0<\/span><\/span><span style=\"font-family: Verdana, sans-serif;\"><span style=\"font-size: 14px;\"><br \/>\n<\/span><\/span><span style=\"font-size: 12px;\"><em><span style=\"font-family: Verdana, sans-serif;\">Dok\u0142adny program zwiedzania dopasujemy do miejsca wyjazdu z dowolnego miejsca w Polsce. <\/span><\/em><\/span><\/p>\n<\/li>\n<\/ul>\n","protected":false},"excerpt":{"rendered":"<p>Bieszczady, Przemy\u015bl, Krasiczyn \u2013 2 dni Ramowy program wycieczki 1 dzie\u0144 Wyjazd z um\u00f3wionego miejsca we wczesnych godzinach porannych. Przejazd do Krasiczyna &#8211; zwiedzanie XVI\u2013 wiecznego zamku, jednego z najpi\u0119kniejszych pomnik\u00f3w polskiego renesansu, Trasa zwiedzania obejmuje m. in. dziedziniec zamkowy, &hellip; <a class=\"more-link\" href=\"https:\/\/zamosc.pttk.pl\/wordpress\/?page_id=16326\">Czytaj dalej <span class=\"meta-nav\">&rarr;<\/span><\/a><\/p>\n","protected":false},"author":1,"featured_media":0,"parent":0,"menu_order":0,"comment_status":"closed","ping_status":"closed","template":"","meta":{"footnotes":""},"class_list":["post-16326","page","type-page","status-publish","hentry"],"_links":{"self":[{"href":"https:\/\/zamosc.pttk.pl\/wordpress\/index.php?rest_route=\/wp\/v2\/pages\/16326","targetHints":{"allow":["GET"]}}],"collection":[{"href":"https:\/\/zamosc.pttk.pl\/wordpress\/index.php?rest_route=\/wp\/v2\/pages"}],"about":[{"href":"https:\/\/zamosc.pttk.pl\/wordpress\/index.php?rest_route=\/wp\/v2\/types\/page"}],"author":[{"embeddable":true,"href":"https:\/\/zamosc.pttk.pl\/wordpress\/index.php?rest_route=\/wp\/v2\/users\/1"}],"replies":[{"embeddable":true,"href":"https:\/\/zamosc.pttk.pl\/wordpress\/index.php?rest_route=%2Fwp%2Fv2%2Fcomments&post=16326"}],"version-history":[{"count":17,"href":"https:\/\/zamosc.pttk.pl\/wordpress\/index.php?rest_route=\/wp\/v2\/pages\/16326\/revisions"}],"predecessor-version":[{"id":16356,"href":"https:\/\/zamosc.pttk.pl\/wordpress\/index.php?rest_route=\/wp\/v2\/pages\/16326\/revisions\/16356"}],"wp:attachment":[{"href":"https:\/\/zamosc.pttk.pl\/wordpress\/index.php?rest_route=%2Fwp%2Fv2%2Fmedia&parent=16326"}],"curies":[{"name":"wp","href":"https:\/\/api.w.org\/{rel}","templated":true}]}}