{"id":16314,"date":"2020-05-07T21:36:10","date_gmt":"2020-05-07T19:36:10","guid":{"rendered":"http:\/\/www.zamosc.pttk.pl\/wordpress\/?page_id=16314"},"modified":"2020-05-12T09:15:03","modified_gmt":"2020-05-12T07:15:03","slug":"krakow-wadowice-lub-kalwaria-zebrzydowska","status":"publish","type":"page","link":"https:\/\/zamosc.pttk.pl\/wordpress\/?page_id=16314","title":{"rendered":"Krak\u00f3w, Wadowice lub Kalwaria Zebrzydowska"},"content":{"rendered":"<p><span style=\"font-family: Verdana, sans-serif; font-size: 14px;\">Ramowy program pielgrzymki <\/span><\/p>\n<p><span style=\"font-family: Verdana, sans-serif; font-size: 14px;\">1 dzie\u0144 <\/span><\/p>\n<p><span style=\"font-family: Verdana, sans-serif; font-size: 14px;\">Wyjazd z um\u00f3wionego w miejsca we wczesnych godzinach porannych. <\/span><\/p>\n<p style=\"text-align: justify;\"><span style=\"font-family: Verdana, sans-serif; font-size: 14px;\">Przejazd do Krakowa \u2013 pradawnego grodu legendarnego ksi\u0119cia Kraka, jednego z najstarszych polskich miast. Przesz\u0142o\u015b\u0107 miesza si\u0119 tutaj z tera\u017aniejszo\u015bci\u0105 a historia z nowoczesno\u015bci\u0105. W Krakowie znajduje si\u0119 ponad 6000 zabytkowych obiekt\u00f3w. <\/span><\/p>\n<p style=\"text-align: justify;\"><span style=\"font-family: Verdana, sans-serif; font-size: 14px;\">Zwiedzanie miasta Drog\u0105 Kr\u00f3lewsk\u0105. Podczas spaceru z przewodnikiem zobaczymy Wzg\u00f3rze Wawelskie z Zamkiem Kr\u00f3lewskim i Katedr\u0105 (w kt\u00f3rej spoczywa 19 polskich kr\u00f3l\u00f3w, biskupi krakowscy oraz m.in. gen. T. Ko\u015bciuszko, A. Mickiewicz, J. S\u0142owacki, marsza\u0142ek J. Pi\u0142sudski), Dzwon Zygmunta, Smocza Jama, przej\u015bcie ul. Kanonicz\u0105, Grodzk\u0105 do Rynku, Bazylika Mariacka (o\u0142tarz Wita Stwosza), Sukiennice, Brama Floria\u0144ska, Barbakan.<\/span><\/p>\n<p><span style=\"font-family: Verdana, sans-serif; font-size: 14px;\">Mo\u017cliwo\u015b\u0107 zorganizowania obiadu 2-daniowego dla grupy. <\/span><\/p>\n<p><span style=\"font-family: Verdana, sans-serif; font-size: 14px;\">Po po\u0142udniu wyjazd do jednego z wybranych miejsc: <\/span><\/p>\n<p style=\"text-align: justify;\"><span style=\"font-family: Verdana, sans-serif; font-size: 14px;\">1. Przejazd do Wieliczki gdzie s\u00f3l z miejscowej kopalni wydobywano ju\u017c za czas\u00f3w Boles\u0142awa I Chrobrego. W 1978r. Kopalnia zosta\u0142a wpisana na List\u0119 \u015awiatowego Dziedzictwa UNESCO. <\/span><\/p>\n<p style=\"text-align: justify;\"><span style=\"font-family: Verdana, sans-serif; font-size: 14px;\">Program zwiedzania kopalni Tras\u0105 Turystyczn\u0105 lub Tras\u0105 G\u00f3rnicz\u0105. Szczeg\u00f3\u0142y na <a href=\"https:\/\/www.kopalnia.pl\/grupy-zorganizowane\/kopalnia-dla-szkol\">https:\/\/www.kopalnia.pl\/grupy-zorganizowane\/kopalnia-dla-szkol<\/a> <\/span><\/p>\n<p style=\"text-align: justify;\"><span style=\"font-family: Verdana, sans-serif; font-size: 14px;\">2. Przejazd do Sanktuarium Bo\u017cego Mi\u0142osierdzia w \u0141agiewnikach, stolicy kultu Mi\u0142osierdzia Bo\u017cego z obrazem Jezusa Mi\u0142osiernego i relikwiami \u015bw. Faustyny.<\/span><\/p>\n<p style=\"text-align: justify;\"><span style=\"font-family: Verdana, sans-serif; font-size: 14px;\">3. Przejazd do Klasztoru w Kalwarii Zebrzydowskiej &#8211; najwa\u017cniejszego polskiego sanktuarium po Jasnej G\u00f3rze. <\/span><\/p>\n<p style=\"text-align: justify;\"><span style=\"font-family: Verdana, sans-serif; font-size: 14px;\">4. Przejazd do Wadowic \u2013 odwiedzimy Muzeum Dom Rodzinny Jana Paw\u0142a II w kt\u00f3rym znajduj\u0105 si\u0119 osobiste rzeczy papie\u017ca, m.in. narty, plecak, modlitewnik \u2013 pami\u0105tki po \u015awi\u0119tym kt\u00f3ry uwielbia\u0142 g\u00f3rskie w\u0119dr\u00f3wki. Zobaczymy Bazylik\u0119 Ofiarowania Naj\u015bwi\u0119tszej Maryi Panny zwi\u0105zan\u0105 z \u017cyciem Karola Wojty\u0142y oraz miejsce gdzie po maturze przysz\u0142y papie\u017c chodzi\u0142 na krem\u00f3wki.<\/span><\/p>\n<p style=\"text-align: justify;\"><span style=\"font-size: 14px;\"><span style=\"font-family: Verdana, sans-serif;\">5. Przejazd do Muzeum Auschwitz Birkenau \u2013<\/span> <span style=\"font-family: Verdana, sans-serif;\">najwi\u0119kszego z niemieckich nazistowskich oboz\u00f3w koncentracyjnych i o\u015brodk\u00f3w Zag\u0142ady, b\u0119d\u0105cego \u015bwiadectwem najtragiczniejszych czas\u00f3w<br \/>\nw naszych dziejach. <\/span><\/span><\/p>\n<p><span style=\"font-family: Verdana, sans-serif; font-size: 14px;\">Wieczorem przejazd do miejsca zakwaterowania, kolacja, nocleg<\/span><\/p>\n<p><span style=\"font-family: Verdana, sans-serif; font-size: 14px;\">2 dzie\u0144 <\/span><\/p>\n<p><span style=\"font-family: Verdana, sans-serif; font-size: 14px;\">Po \u015bniadaniu wykwaterowanie i wyjazd do Cz\u0119stochowy. Realizacja programu pielgrzymkowego. <\/span><\/p>\n<p><span style=\"font-family: Verdana, sans-serif; font-size: 14px;\">W godzinach wieczornych wyjazd w drog\u0119 powrotn\u0105.<\/span><\/p>\n<hr \/>\n<p><span style=\"font-family: Verdana, sans-serif; font-size: 14px;\">\u015awiadczenia przewidziane w cenie: <\/span><\/p>\n<ul>\n<li><span style=\"font-family: Verdana, sans-serif; font-size: 14px;\">transport autokarem klasy turystycznej (opcjonalnie);<\/span><\/li>\n<li><span style=\"font-family: Verdana, sans-serif; font-size: 14px;\">1 nocleg w obiekcie wybranej kategorii cenowej (hotelu, schronisku szkolnym itp.);<\/span><\/li>\n<li><span style=\"font-family: Verdana, sans-serif; font-size: 14px;\">wy\u017cywienie zgodne z programem \u2013 1 obiadokolacja, 1 \u015bniadanie; <\/span><\/li>\n<li><span style=\"font-family: Verdana, sans-serif; font-size: 14px;\">opieka pilota;<\/span><\/li>\n<li><span style=\"font-family: Verdana, sans-serif; font-size: 14px;\">us\u0142ugi przewodnickie;<\/span><\/li>\n<li><span style=\"font-family: Verdana, sans-serif; font-size: 14px;\">bilety wst\u0119pu do zwiedzanych miejsc. <\/span><\/li>\n<\/ul>\n<p><span style=\"font-family: Verdana, sans-serif; font-size: 14px;\">Kolejno\u015b\u0107 zwiedzania mo\u017ce ulec zmianie.<\/span><\/p>\n<p><span style=\"font-family: Verdana, sans-serif; font-size: 14px;\">Powy\u017cszy program zwiedzania mo\u017cna modyfikowa\u0107 i dopasowa\u0107 do oczekiwa\u0144 grupy. <\/span><\/p>\n<p><span style=\"font-family: Verdana, sans-serif; font-size: 14px;\">Cena pielgrzymki zale\u017cna jest od dok\u0142adnej ilo\u015bci uczestnik\u00f3w i opiekun\u00f3w.<br \/>\n<\/span><\/p>\n<hr \/>\n<p style=\"text-align: right;\"><em><span style=\"font-family: Verdana, sans-serif; font-size: 14px;\"><span style=\"font-size: 12px;\">Dok\u0142adny program zwiedzania dopasujemy do miejsca wyjazdu z dowolnego miejsca w Polsce.<\/span> <\/span><\/em><\/p>\n<p>&nbsp;<\/p>\n","protected":false},"excerpt":{"rendered":"<p>Ramowy program pielgrzymki 1 dzie\u0144 Wyjazd z um\u00f3wionego w miejsca we wczesnych godzinach porannych. Przejazd do Krakowa \u2013 pradawnego grodu legendarnego ksi\u0119cia Kraka, jednego z najstarszych polskich miast. Przesz\u0142o\u015b\u0107 miesza si\u0119 tutaj z tera\u017aniejszo\u015bci\u0105 a historia z nowoczesno\u015bci\u0105. W Krakowie &hellip; <a class=\"more-link\" href=\"https:\/\/zamosc.pttk.pl\/wordpress\/?page_id=16314\">Czytaj dalej <span class=\"meta-nav\">&rarr;<\/span><\/a><\/p>\n","protected":false},"author":1,"featured_media":0,"parent":0,"menu_order":0,"comment_status":"closed","ping_status":"closed","template":"","meta":{"footnotes":""},"class_list":["post-16314","page","type-page","status-publish","hentry"],"_links":{"self":[{"href":"https:\/\/zamosc.pttk.pl\/wordpress\/index.php?rest_route=\/wp\/v2\/pages\/16314","targetHints":{"allow":["GET"]}}],"collection":[{"href":"https:\/\/zamosc.pttk.pl\/wordpress\/index.php?rest_route=\/wp\/v2\/pages"}],"about":[{"href":"https:\/\/zamosc.pttk.pl\/wordpress\/index.php?rest_route=\/wp\/v2\/types\/page"}],"author":[{"embeddable":true,"href":"https:\/\/zamosc.pttk.pl\/wordpress\/index.php?rest_route=\/wp\/v2\/users\/1"}],"replies":[{"embeddable":true,"href":"https:\/\/zamosc.pttk.pl\/wordpress\/index.php?rest_route=%2Fwp%2Fv2%2Fcomments&post=16314"}],"version-history":[{"count":5,"href":"https:\/\/zamosc.pttk.pl\/wordpress\/index.php?rest_route=\/wp\/v2\/pages\/16314\/revisions"}],"predecessor-version":[{"id":16366,"href":"https:\/\/zamosc.pttk.pl\/wordpress\/index.php?rest_route=\/wp\/v2\/pages\/16314\/revisions\/16366"}],"wp:attachment":[{"href":"https:\/\/zamosc.pttk.pl\/wordpress\/index.php?rest_route=%2Fwp%2Fv2%2Fmedia&parent=16314"}],"curies":[{"name":"wp","href":"https:\/\/api.w.org\/{rel}","templated":true}]}}