{"id":16311,"date":"2020-05-07T21:28:41","date_gmt":"2020-05-07T19:28:41","guid":{"rendered":"http:\/\/www.zamosc.pttk.pl\/wordpress\/?page_id=16311"},"modified":"2020-05-12T09:07:08","modified_gmt":"2020-05-12T07:07:08","slug":"gory-swietokrzyskie-i-czestochowa","status":"publish","type":"page","link":"https:\/\/zamosc.pttk.pl\/wordpress\/?page_id=16311","title":{"rendered":"G\u00f3ry \u015awi\u0119tokrzyskie i Cz\u0119stochowa"},"content":{"rendered":"<p><span style=\"font-family: Verdana, sans-serif; font-size: 14px;\">G\u00f3ry \u015awi\u0119tokrzyskie i Cz\u0119stochowa <\/span><\/p>\n<p><span style=\"font-family: Verdana, sans-serif; font-size: 14px;\">Ramowy program pielgrzymki <\/span><\/p>\n<p><span style=\"font-family: Verdana, sans-serif; font-size: 14px;\">1 dzie\u0144 <\/span><\/p>\n<p><span style=\"font-family: Verdana, sans-serif; font-size: 14px;\">Wyjazd z um\u00f3wionego w miejsca we wczesnych godzinach porannych. <\/span><\/p>\n<p style=\"text-align: justify;\"><span style=\"font-family: Verdana, sans-serif; font-size: 14px;\">Przejazd do \u015awi\u0119tokrzyskiego Parku Narodowego. Wjazd kolejk\u0105 turystyczn\u0105 na \u015awi\u0119ty Krzy\u017c &#8211; zwiedzanie zespo\u0142u klasztornego w jednym z najwa\u017cniejszych polskich sanktuari\u00f3w oraz Muzeum Przyrodniczego \u015awi\u0119tokrzyskiego Parku Narodowego. Zej\u015bcie piesze, po drodze obserwacja go\u0142oborza \u2013 ekologicznej i krajobrazowej osobliwo\u015bci \u015awi\u0119tokrzyskiego Parku Narodowego. <\/span><\/p>\n<p style=\"text-align: justify;\"><span style=\"font-family: Verdana, sans-serif; font-size: 14px;\">Po po\u0142udniu realizacja jednego z poni\u017cszych punkt\u00f3w programu:<\/span><\/p>\n<p style=\"text-align: justify;\"><span style=\"font-family: Verdana, sans-serif; font-size: 14px;\">1. Piesza w\u0119dr\u00f3wka na \u0141ysic\u0119 \u2013 najwy\u017cszy szczyt G\u00f3r \u015awi\u0119tokrzyskich o wysoko\u015bci 614 m n.p.m. \u0141ysica nale\u017cy do Korony G\u00f3r Polski, znajduje si\u0119 w obszarze ochrony \u015bcis\u0142ej \u015awi\u0119tokrzyskiego Parku Narodowego. Odpoczynek przy \u017ar\u00f3de\u0142ku \u015aw. Franciszka, z kt\u00f3rego woda uchodzi za cudown\u0105. \u0179r\u00f3d\u0142o ma sta\u0142\u0105 temperatur\u0119 i nigdy nie zamarza. <\/span><\/p>\n<p style=\"text-align: justify;\"><span style=\"font-family: Verdana, sans-serif; font-size: 14px;\">2. Przejazd do Kielc, spacer ul. Sienkiewicza do Pa\u0142acu Biskup\u00f3w Krakowskich b\u0119d\u0105cego najlepiej zachowanym w Polsce obiektem architektonicznym z epoki Waz\u00f3w. Przej\u015bcie Alej\u0105 S\u0142aw do Rezerwatu Kadzielnia gdzie znajduje si\u0119 malowniczo po\u0142o\u017cony w\u015br\u00f3d ska\u0142 amfiteatr. Znajduje si\u0119 tam 26 jaski\u0144 oraz liczne skamienia\u0142o\u015bci. <\/span><\/p>\n<p style=\"text-align: justify;\"><span style=\"font-family: Verdana, sans-serif; font-size: 14px;\">3. Przejazd do Ch\u0119ci\u0144sko \u2013 Kieleckiego Parku Krajobrazowego. Wej\u015bcie piesze na najbardziej malownicz\u0105 z G\u00f3r \u015awi\u0119tokrzyskich \u2013 Miedziank\u0119 &#8211; 354 m n.p.m., nazywan\u0105 niekiedy \u015awi\u0119tokrzyskim Giewontem. Ze szczytu roztacza si\u0119 widok na \u0141ysog\u00f3ry, Kielce a w pogodne dni nawet na Tatry. <\/span><\/p>\n<p style=\"text-align: justify;\"><span style=\"font-family: Verdana, sans-serif; font-size: 14px;\">4. Przejazd do Jaskini Raj \u2013 zwiedzanie jednej z najbardziej znanych atrakcji turystycznych G\u00f3r \u015awi\u0119tokrzyskich. Dzi\u0119ki bogactwu i r\u00f3\u017cnorodno\u015bci podziemnego \u015bwiata otrzyma\u0142a nazw\u0119 \u201eRaj\u201d Spacer tras\u0105 turystyczn\u0105 prowadz\u0105c\u0105 szeregiem bajkowych korytarzy, kom\u00f3r i sal . <\/span><\/p>\n<p style=\"text-align: justify;\"><span style=\"font-family: Verdana, sans-serif; font-size: 14px;\">5. Przejazd do Ch\u0119cin \u2013 zwiedzanie zamku kr\u00f3lewskiego z XIII w. kt\u00f3ry jest niew\u0105tpliwie wizyt\u00f3wk\u0105 regionu \u015bwi\u0119tokrzyskiego. Spacer po urokliwym miasteczku. <\/span><\/p>\n<p><span style=\"font-family: Verdana, sans-serif; font-size: 14px;\">Wieczorem przejazd na obiadokolacj\u0119 i nocleg. <\/span><\/p>\n<p><span style=\"font-family: Verdana, sans-serif; font-size: 14px;\">2 dzie\u0144 <\/span><\/p>\n<p><span style=\"font-family: Verdana, sans-serif; font-size: 14px;\">Po \u015bniadaniu i wykwaterowaniu wyjazd do Cz\u0119stochowy. Realizacja programu pielgrzymkowego. <\/span><\/p>\n<p><span style=\"font-family: Verdana, sans-serif; font-size: 14px;\">W godzinach wieczornych wyjazd w drog\u0119 powrotn\u0105.<\/span><\/p>\n<hr \/>\n<p><span style=\"font-family: Verdana, sans-serif; font-size: 14px;\">\u015awiadczenia przewidziane w cenie: <\/span><\/p>\n<ul>\n<li><span style=\"font-family: Verdana, sans-serif; font-size: 14px;\">transport autokarem klasy turystycznej;<\/span><\/li>\n<li><span style=\"font-family: Verdana, sans-serif; font-size: 14px;\">1 nocleg w obiekcie wybranej kategorii cenowej (hotelu, pensjonacie, schronisku); <\/span><\/li>\n<li><span style=\"font-family: Verdana, sans-serif; font-size: 14px;\">wy\u017cywienie wg programu czyli 1 obiadokolacja, 1 \u015bniadanie;<\/span><\/li>\n<li><span style=\"font-family: Verdana, sans-serif; font-size: 14px;\">opieka pilota; <\/span><\/li>\n<li><span style=\"font-family: Verdana, sans-serif; font-size: 14px;\">us\u0142ugi przewodnickie;<\/span><\/li>\n<li><span style=\"font-family: Verdana, sans-serif; font-size: 14px;\">bilety wst\u0119pu do zwiedzanych miejsc. <\/span><\/li>\n<\/ul>\n<p><span style=\"font-family: Verdana, sans-serif; font-size: 14px;\">Kolejno\u015b\u0107 zwiedzania mo\u017ce ulec zmianie. <\/span><\/p>\n<p><span style=\"font-family: Verdana, sans-serif; font-size: 14px;\">Cena pielgrzymki zale\u017cna jest od ilo\u015bci uczestnik\u00f3w i opiekun\u00f3w.<\/span><\/p>\n<hr \/>\n<p style=\"text-align: right;\"><em><span style=\"font-family: Verdana, sans-serif; font-size: 12px;\">Dok\u0142adny program dopasujemy do miejsca wyjazdu z dowolnego miejsca w Polsce. <\/span><\/em><\/p>\n","protected":false},"excerpt":{"rendered":"<p>G\u00f3ry \u015awi\u0119tokrzyskie i Cz\u0119stochowa Ramowy program pielgrzymki 1 dzie\u0144 Wyjazd z um\u00f3wionego w miejsca we wczesnych godzinach porannych. Przejazd do \u015awi\u0119tokrzyskiego Parku Narodowego. Wjazd kolejk\u0105 turystyczn\u0105 na \u015awi\u0119ty Krzy\u017c &#8211; zwiedzanie zespo\u0142u klasztornego w jednym z najwa\u017cniejszych polskich sanktuari\u00f3w oraz &hellip; <a class=\"more-link\" href=\"https:\/\/zamosc.pttk.pl\/wordpress\/?page_id=16311\">Czytaj dalej <span class=\"meta-nav\">&rarr;<\/span><\/a><\/p>\n","protected":false},"author":1,"featured_media":0,"parent":0,"menu_order":0,"comment_status":"closed","ping_status":"closed","template":"","meta":{"footnotes":""},"class_list":["post-16311","page","type-page","status-publish","hentry"],"_links":{"self":[{"href":"https:\/\/zamosc.pttk.pl\/wordpress\/index.php?rest_route=\/wp\/v2\/pages\/16311","targetHints":{"allow":["GET"]}}],"collection":[{"href":"https:\/\/zamosc.pttk.pl\/wordpress\/index.php?rest_route=\/wp\/v2\/pages"}],"about":[{"href":"https:\/\/zamosc.pttk.pl\/wordpress\/index.php?rest_route=\/wp\/v2\/types\/page"}],"author":[{"embeddable":true,"href":"https:\/\/zamosc.pttk.pl\/wordpress\/index.php?rest_route=\/wp\/v2\/users\/1"}],"replies":[{"embeddable":true,"href":"https:\/\/zamosc.pttk.pl\/wordpress\/index.php?rest_route=%2Fwp%2Fv2%2Fcomments&post=16311"}],"version-history":[{"count":3,"href":"https:\/\/zamosc.pttk.pl\/wordpress\/index.php?rest_route=\/wp\/v2\/pages\/16311\/revisions"}],"predecessor-version":[{"id":16364,"href":"https:\/\/zamosc.pttk.pl\/wordpress\/index.php?rest_route=\/wp\/v2\/pages\/16311\/revisions\/16364"}],"wp:attachment":[{"href":"https:\/\/zamosc.pttk.pl\/wordpress\/index.php?rest_route=%2Fwp%2Fv2%2Fmedia&parent=16311"}],"curies":[{"name":"wp","href":"https:\/\/api.w.org\/{rel}","templated":true}]}}