{"id":16308,"date":"2020-05-07T21:11:15","date_gmt":"2020-05-07T19:11:15","guid":{"rendered":"http:\/\/www.zamosc.pttk.pl\/wordpress\/?page_id=16308"},"modified":"2020-05-12T19:35:56","modified_gmt":"2020-05-12T17:35:56","slug":"zielona-szkola-w-bieszczadach","status":"publish","type":"page","link":"https:\/\/zamosc.pttk.pl\/wordpress\/?page_id=16308","title":{"rendered":"Zielona szko\u0142a w Bieszczadach"},"content":{"rendered":"<p style=\"text-align: justify;\"><span style=\"font-size: 14px;\"><span lang=\"pl\">Pa\u0142ac w \u0141a\u0144cucie, warsztaty wikliniarskie w stolicy wikliny Rudniku nad Sanem, sp\u0142yw Sanem, przejazd dyli\u017cansami dolin\u0105 rzeki Os\u0142awa, w\u0119dr\u00f3wka po po\u0142oninie, rejs statkiem po Zalewie Soli\u0144skim, zwiedzanie zapory, Pa\u0142ac w Krasiczynie, Arboretum w Bolestraszycach. <\/span><\/span><\/p>\n<p><span style=\"font-size: 14px;\"><span lang=\"pl-PL\">Ramowy program wycieczki <\/span><\/span><\/p>\n<p><span style=\"font-size: 14px;\"><span lang=\"pl-PL\">1 dzie\u0144 <\/span><\/span><\/p>\n<p><span style=\"font-size: 14px;\"><span lang=\"pl-PL\">Wyjazd z um\u00f3wionego miejsca we wczesnych godzinach porannych.<\/span><\/span><\/p>\n<p style=\"text-align: justify;\"><span style=\"font-size: 14px;\"><span lang=\"pl-PL\">Przejazd do \u0141a\u0144cuta. Zwiedzanie zamku, jednej z najpi\u0119kniejszych rezydencji arystokratycznych w Polsce. S\u0142aw\u0119 sw\u0105 zawdzi\u0119cza m. in. znakomitym wn\u0119trzom mieszkalnym oraz niezwyk\u0142ej kolekcji pojazd\u00f3w konnych. Zesp\u00f3\u0142 pa\u0142acowy otacza stary, malowniczy park w stylu angielskim.<\/span><br \/>\n<span lang=\"pl-PL\">Obiad dwudaniowy w miejscowej restauracji.<\/span><\/span><\/p>\n<p><span style=\"font-size: 14px;\"><span lang=\"pl-PL\">Przejazd do stolicy wikliny \u2013 Rudnika nad Sanem. Wizyta w Centrum Wikliniarstwa wg wybranego wariantu. <\/span><\/span><\/p>\n<p><span style=\"font-size: 14px;\"><span lang=\"pl-PL\">Wieczorem przejazd do miejsca zakwaterowania, obiadokolacj\u0105, nocleg<\/span><\/span><\/p>\n<p><span style=\"font-size: 14px;\"><span lang=\"pl-PL\">2 dzie\u0144 <\/span><\/span><\/p>\n<p style=\"text-align: justify;\"><span style=\"font-size: 14px;\"><span lang=\"pl-PL\">Po \u015bniadaniu wyjazd do Sanoka \u2013 sp\u0142yw kajakowy Sanem z przystani na Bia\u0142ej G\u00f3rze w Sanoku do Mi\u0119dzybrodzia. Trasa sp\u0142ywu biegnie wzd\u0142u\u017c Parku Krajobrazowego G\u00f3r S\u0142onnych. Sp\u0142yw odbywa si\u0119 tradycyjnymi, wzorowanymi na cz\u00f3\u0142nach \u0142odziami, kt\u00f3re mog\u0105 zabra\u0107 10 os\u00f3b. Przewo\u017anicy w regionalnych strojach snuj\u0105 opowie\u015bci o historii i przyrodzie okolic. <\/span><\/span><\/p>\n<p><span style=\"font-size: 14px;\"><span lang=\"pl-PL\">lub <\/span><\/span><\/p>\n<p style=\"text-align: justify;\"><span style=\"font-size: 14px;\"><span lang=\"pl-PL\">Przejazd Bieszczadzk\u0105 ciuchci\u0105 \u2013 kolejk\u0105 w\u0105skotorow\u0105 na trasie Majdan \u2013 Przys\u0142up \u2013 Majdan lub Majdan \u2013 Balnica \u2013 Majdan. Kolejki w\u0105skotorowe w Bieszczadach zacz\u0119\u0142y powstawa\u0107 pod koniec XIX w. z inicjatywy w\u0142a\u015bcicieli maj\u0105tk\u00f3w le\u015bnych. Umo\u017cliwia\u0142y one transport drewna. Dzisiaj s\u0105 du\u017c\u0105 atrakcj\u0105 turystyczn\u0105. <\/span><\/span><\/p>\n<p style=\"text-align: justify;\"><span style=\"font-size: 14px;\"><span lang=\"pl-PL\">Obiad 2-daniowy. <\/span><\/span><\/p>\n<p><span style=\"font-size: 14px;\"><span lang=\"pl-PL\">Po po\u0142udniu powr\u00f3t do miejsca zakwaterowania, czas do dyspozycji grupy. Gry i zabawy na \u015bwie\u017cym powietrzu. <\/span><\/span><\/p>\n<p><span style=\"font-size: 14px;\"><span lang=\"pl-PL\">Wieczorem ognisko, dyskoteka, nocleg. <\/span><\/span><\/p>\n<p><span style=\"font-size: 14px;\"><span lang=\"pl-PL\">3 dzie\u0144<\/span><\/span><\/p>\n<p style=\"text-align: justify;\"><span style=\"font-size: 14px;\"><span lang=\"pl-PL\">Po \u015bniadaniu przejazd do Smolnik nad Os\u0142aw\u0105 : w programie spotkanie z le\u015bnymi lud\u017ami na wypale w\u0119gla drzewnego, przejazd dyli\u017cansami dolin\u0105 rzeki Os\u0142awa (odcinek ok.20 km), spacer do rezerwatu Zwiez\u0142o z J.Duszaty\u0144skimi, ognisko przy akompaniamencie akordeonisty, zupa \u201eCzarcie \u017carcie\u201d lub kie\u0142baski do pieczenia. Wizyta w bac\u00f3wce z prawdziwymi owczymi serami. <\/span><\/span><\/p>\n<p style=\"text-align: justify;\"><span style=\"font-size: 14px;\"><span lang=\"pl-PL\">Wieczorem powr\u00f3t do miejsca zakwaterowania, kolacja, nocleg. <\/span><\/span><\/p>\n<p><span style=\"font-size: 14px;\"><span lang=\"pl-PL\">4 dzie\u0144 <\/span><\/span><\/p>\n<p style=\"text-align: justify;\"><span style=\"font-size: 14px;\"><span lang=\"pl-PL\">Po \u015bniadaniu wycieczka do Parku Miniatur w Myczkowcach \u2013 miejsce zadedykowane Janowi Paw\u0142owi II jako wielkiemu or\u0119downikowi ekumenizmu. Zgromadzono tu 140 makiet cerkwi greckokatolickich, prawos\u0142awnych oraz ko\u015bcio\u0142\u00f3w rzymskokatolickich z terenu po\u0142udniowo-wschodniej Polski, S\u0142owacji oraz Ukrainy. <\/span><\/span><\/p>\n<p style=\"text-align: justify;\"><span style=\"font-size: 14px;\"><span lang=\"pl-PL\">Wyprawa w bieszczadzkie po\u0142oniny, pi\u0119tro ro\u015blinno\u015bci bardzo charakterystyczne dla tych g\u00f3r. W programie prze\u0142\u0119cz Wy\u017cna (872 m) \u2013 wyj\u015bcie na Po\u0142onin\u0119 Wetli\u0144sk\u0105 (1228m) oferuj\u0105c\u0105 niesamowite widoki. <\/span><\/span><\/p>\n<p style=\"text-align: justify;\"><span style=\"font-size: 14px;\"><span lang=\"pl-PL\">Przejazd do Soliny lub Pola\u0144czyka &#8211; rejs statkiem po Zalewie Soli\u0144skim oraz spacer po koronie zapory wodnej w Solinie (mo\u017cliwo\u015b\u0107 zwiedzania wn\u0119trza). <\/span><\/span><\/p>\n<p style=\"text-align: justify;\"><span style=\"font-size: 14px;\"><span lang=\"pl-PL\">W trakcie zwiedzania obiad 2-daniowy. <\/span><\/span><\/p>\n<p style=\"text-align: justify;\"><span style=\"font-size: 14px;\"><span lang=\"pl-PL\">Wieczorem powr\u00f3t do miejsca zakwaterowania, kolacja, nocleg. <\/span><br \/>\n<\/span><\/p>\n<p style=\"text-align: justify;\"><span style=\"font-size: 14px;\"><span lang=\"pl-PL\">5 dzie\u0144 <\/span><br \/>\n<\/span><\/p>\n<p style=\"text-align: justify;\"><span style=\"font-size: 14px;\"><span lang=\"pl-PL\">Po \u015bniadaniu wykwaterowanie i wyjazd na zwiedzanie Arboretum w Bolestraszycach i zamku w Krasiczynie. <\/span><\/span><\/p>\n<p style=\"text-align: justify;\"><span style=\"font-size: 14px;\"><span lang=\"pl-PL\">W Krasiczynie zwiedzimy XVI\u2013 wiecznego zamek, jeden z najpi\u0119kniejszych pomnik\u00f3w polskiego renesansu. Trasa zwiedzania obejmuje m. in. dziedziniec zamkowy, krypt\u0119 w Baszcie Boskiej, sale ekspozycyjne i kaplic\u0119 zamkow\u0105.<\/span><\/span><\/p>\n<p style=\"text-align: justify;\"><span style=\"font-size: 14px;\"><span lang=\"pl-PL\">Przejazd do Bolestraszyc, zwiedzanie ogrodu dendrologicznego \u2013 Arboretum. <\/span><\/span><\/p>\n<p style=\"text-align: justify;\"><span style=\"font-size: 14px;\"><span lang=\"pl-PL\">Powr\u00f3t w godzinach wieczornych. <\/span><\/span><\/p>\n<p><span style=\"font-size: 14px;\"><span lang=\"pl-PL\">\u015awiadczenia przewidziane w cenie:<\/span><\/span><\/p>\n<hr \/>\n<ul>\n<li><span style=\"font-size: 14px;\"><span lang=\"pl-PL\">transport autokarem klasy turystycznej (opcjonalnie);<\/span><\/span><\/li>\n<li><span style=\"font-size: 14px;\"><span lang=\"pl-PL\">4 noclegi; <\/span><\/span><\/li>\n<li><span style=\"font-size: 14px;\"><span lang=\"pl-PL\">wy\u017cywienie zgodne z programem \u2013 1 obiadokolacja, 4 \u015bniadania, 4 obiady (2 w formie ogniska);<\/span><\/span><\/li>\n<li><span style=\"font-size: 14px;\"><span lang=\"pl-PL\">opieka pilota;<\/span><\/span><\/li>\n<li><span style=\"font-size: 14px;\"><span lang=\"pl-PL\">us\u0142ugi przewodnickie;<\/span><\/span><\/li>\n<li><span style=\"font-size: 14px;\"><span lang=\"pl-PL\">sp\u0142yw Sanem i rejs po Zalewie Soli\u0144skim; <\/span><\/span><\/li>\n<li><span style=\"font-size: 14px;\"><span lang=\"pl-PL\">bilety wst\u0119pu do zwiedzanych obiekt\u00f3w. <\/span><\/span><\/li>\n<\/ul>\n<p><span style=\"font-size: 14px;\"><span lang=\"pl-PL\">Cena wycieczki zale\u017cna jest od dok\u0142adnej ilo\u015bci uczestnik\u00f3w i oraz terminu jej realizacji. <\/span><\/span><\/p>\n<p><span style=\"font-size: 14px;\"><span lang=\"pl-PL\">Termin wycieczki \u2013 do ustalenia.<\/span><\/span><\/p>\n<hr \/>\n<p style=\"text-align: right;\"><em><span style=\"font-size: 12px;\"><span lang=\"pl-PL\">Dok\u0142adny program zwiedzania dopasujemy do miejsca wyjazdu z dowolnego miejsca w Polsce. <\/span><\/span><\/em><\/p>\n","protected":false},"excerpt":{"rendered":"<p>Pa\u0142ac w \u0141a\u0144cucie, warsztaty wikliniarskie w stolicy wikliny Rudniku nad Sanem, sp\u0142yw Sanem, przejazd dyli\u017cansami dolin\u0105 rzeki Os\u0142awa, w\u0119dr\u00f3wka po po\u0142oninie, rejs statkiem po Zalewie Soli\u0144skim, zwiedzanie zapory, Pa\u0142ac w Krasiczynie, Arboretum w Bolestraszycach. Ramowy program wycieczki 1 dzie\u0144 Wyjazd &hellip; <a class=\"more-link\" href=\"https:\/\/zamosc.pttk.pl\/wordpress\/?page_id=16308\">Czytaj dalej <span class=\"meta-nav\">&rarr;<\/span><\/a><\/p>\n","protected":false},"author":1,"featured_media":0,"parent":0,"menu_order":0,"comment_status":"closed","ping_status":"closed","template":"","meta":{"footnotes":""},"class_list":["post-16308","page","type-page","status-publish","hentry"],"_links":{"self":[{"href":"https:\/\/zamosc.pttk.pl\/wordpress\/index.php?rest_route=\/wp\/v2\/pages\/16308","targetHints":{"allow":["GET"]}}],"collection":[{"href":"https:\/\/zamosc.pttk.pl\/wordpress\/index.php?rest_route=\/wp\/v2\/pages"}],"about":[{"href":"https:\/\/zamosc.pttk.pl\/wordpress\/index.php?rest_route=\/wp\/v2\/types\/page"}],"author":[{"embeddable":true,"href":"https:\/\/zamosc.pttk.pl\/wordpress\/index.php?rest_route=\/wp\/v2\/users\/1"}],"replies":[{"embeddable":true,"href":"https:\/\/zamosc.pttk.pl\/wordpress\/index.php?rest_route=%2Fwp%2Fv2%2Fcomments&post=16308"}],"version-history":[{"count":4,"href":"https:\/\/zamosc.pttk.pl\/wordpress\/index.php?rest_route=\/wp\/v2\/pages\/16308\/revisions"}],"predecessor-version":[{"id":16408,"href":"https:\/\/zamosc.pttk.pl\/wordpress\/index.php?rest_route=\/wp\/v2\/pages\/16308\/revisions\/16408"}],"wp:attachment":[{"href":"https:\/\/zamosc.pttk.pl\/wordpress\/index.php?rest_route=%2Fwp%2Fv2%2Fmedia&parent=16308"}],"curies":[{"name":"wp","href":"https:\/\/api.w.org\/{rel}","templated":true}]}}