{"id":16305,"date":"2020-05-07T20:54:11","date_gmt":"2020-05-07T18:54:11","guid":{"rendered":"http:\/\/www.zamosc.pttk.pl\/wordpress\/?page_id=16305"},"modified":"2020-05-12T09:04:40","modified_gmt":"2020-05-12T07:04:40","slug":"wycieczka-do-pragi","status":"publish","type":"page","link":"https:\/\/zamosc.pttk.pl\/wordpress\/?page_id=16305","title":{"rendered":"Wycieczka do Pragi"},"content":{"rendered":"<p><span style=\"font-family: Verdana, sans-serif; font-size: 14px;\">Wycieczka do Pragi (1 nocleg)<\/span><\/p>\n<p><span style=\"font-size: 14px;\"><span style=\"font-family: Verdana, sans-serif;\"><span lang=\"pl-PL\">Ramowy program wycieczki <\/span><\/span><\/span><\/p>\n<p><span style=\"color: #000000; font-size: 14px;\"><span style=\"font-family: Verdana, serif;\"><span lang=\"pl-PL\">1 dzie\u0144 <\/span><\/span><\/span><\/p>\n<p><span style=\"color: #000000; font-size: 14px;\"><span style=\"font-family: Verdana, serif;\"><span lang=\"pl-PL\">Wyjazd z um\u00f3wionego miejsca w godzinach wieczornych. Nocny przejazd do Pragi.<\/span><\/span><\/span><\/p>\n<p><span style=\"color: #000000; font-size: 14px;\"><span style=\"font-family: Verdana, serif;\"><span lang=\"pl-PL\">2 dzie\u0144 <\/span><\/span><\/span><\/p>\n<p style=\"text-align: justify;\"><span style=\"color: #000000; font-size: 14px;\"><span style=\"font-family: Verdana, serif;\"><span lang=\"pl-PL\">Przyjazd do stolicy Czech w godzinach porannych. Zwiedzanie najwi\u0119kszych atrakcji Pragi. Zobaczymy m.in. Plac Wac\u0142awa z Muzeum Narodowym i pomnikiem patrona kraju \u2013 \u015bwi\u0119tego na kt\u00f3rego cze\u015b\u0107 nazwano plac, ulica Na Prikopie, Brama Prochowa, Dom Miejski, Rynek Staromiejski z pomnikiem Jana Husa, gotycki Ratusz z przepi\u0119knym zegarem astronomicznym \u201eOrlojem\u201d, Ko\u015bci\u00f3\u0142 Ty\u0144ski, Ko\u015bci\u00f3\u0142 \u015aw. Miko\u0142aja, dzielnic\u0119 \u017cydowsk\u0105 czyli Josefow. <\/span><\/span><\/span><\/p>\n<p><span style=\"color: #000000; font-size: 14px;\"><span style=\"font-family: Verdana, serif;\"><span lang=\"pl-PL\">Wieczorem przejazd do hotelu, obiadokolacja, nocleg. <\/span><\/span><\/span><\/p>\n<p><span style=\"color: #000000; font-size: 14px;\"><span style=\"font-family: Verdana, serif;\"><span lang=\"pl-PL\">3 dzie\u0144 <\/span><\/span><\/span><\/p>\n<p style=\"text-align: justify;\"><span style=\"color: #000000; font-size: 14px;\"><span style=\"font-family: Verdana, serif;\"><span lang=\"pl-PL\">Po \u015bniadaniu dalszy ci\u0105g zwiedzania miasta. W programie m.in. niew\u0105tpliwie najwi\u0119ksza i najbardziej znana atrakcja turystyczna miasta \u2013 Zamek czyli Hrad. Spacer po Hradczanach &#8211; dzielnicy mi\u0119dzy Zamkiem a dawnym opactwem Strahov. Zobaczymy Prask\u0105 Loret\u0119, Katedr\u0119 \u015aw. Wita gdzie przechowywane s\u0105 czeskie klejnoty koronacyjne i Bazylik\u0119 \u015aw. Jerzego. Przejdziemy Z\u0142ot\u0105 Uliczk\u0105, Ma\u0142\u0105 Stran\u0105, Mostem Karola. <\/span><\/span><\/span><\/p>\n<p><span style=\"color: #000000; font-size: 14px;\"><span style=\"font-family: Verdana, serif;\"><span lang=\"pl-PL\">Czas wolny na posi\u0142ek we w\u0142asnym zakresie.<\/span><\/span><\/span><\/p>\n<p><span style=\"color: #000000; font-size: 14px;\"><span style=\"font-family: Verdana, serif;\"><span lang=\"pl-PL\">Po po\u0142udniu wyjazd w drog\u0119 powrotn\u0105. <\/span><\/span><\/span><\/p>\n<p><span style=\"color: #000000; font-size: 14px;\"><span style=\"font-family: Verdana, serif;\"><span lang=\"pl-PL\">Powr\u00f3t w godzinach nocnych.<\/span><\/span><\/span><\/p>\n<hr \/>\n<p><span style=\"color: #000000; font-size: 14px;\"><span style=\"font-family: Verdana, serif;\"><span lang=\"pl-PL\">\u015awiadczenia przewidziane w cenie: <\/span><\/span><\/span><\/p>\n<ul>\n<li><span style=\"color: #000000; font-size: 14px;\"><span style=\"font-family: Verdana, serif;\"><span lang=\"pl-PL\">transport autokarem klasy turystycznej (opcjonalnie);<\/span><\/span><\/span><\/li>\n<li><span style=\"color: #000000; font-size: 14px;\"><span style=\"font-family: Verdana, serif;\"><span lang=\"pl-PL\">1 nocleg w obiekcie wybranej kategorii cenowej (hotelu ** \/ ***, pensjonacie itp.);<\/span><\/span><\/span><\/li>\n<li><span style=\"color: #000000; font-size: 14px;\"><span style=\"font-family: Verdana, serif;\"><span lang=\"pl-PL\">wy\u017cywienie zgodne z programem \u2013 1 obiadokolacja, 1 \u015bniadanie; <\/span><\/span><\/span><\/li>\n<li><span style=\"color: #000000; font-size: 14px;\"><span style=\"font-family: Verdana, serif;\"><span lang=\"pl-PL\">opieka pilota;<\/span><\/span><\/span><\/li>\n<li><span style=\"color: #000000; font-size: 14px;\"><span style=\"font-family: Verdana, serif;\"><span lang=\"pl-PL\">us\u0142ugi przewodnickie;<\/span><\/span><\/span><\/li>\n<li><span style=\"color: #000000; font-size: 14px;\"><span style=\"font-family: Verdana, serif;\"><span lang=\"pl-PL\">bilety wst\u0119pu do zwiedzanych obiekt\u00f3w. <\/span><\/span><\/span><\/li>\n<\/ul>\n<p><span style=\"color: #000000; font-size: 14px;\"><span style=\"font-family: Verdana, serif;\"><span lang=\"pl-PL\">Kolejno\u015b\u0107 zwiedzania mo\u017ce ulec zmianie. <\/span><\/span><\/span><\/p>\n<p><span style=\"color: #000000; font-size: 14px;\"><span style=\"font-family: Verdana, serif;\"><span lang=\"pl-PL\">Termin wycieczki \u2013 do ustalenia.<\/span><\/span><\/span><\/p>\n<hr \/>\n<p style=\"text-align: right;\"><em><span style=\"color: #000000; font-size: 12px;\"><span style=\"font-family: Verdana, serif;\"><span lang=\"pl-PL\">Dok\u0142adny program zwiedzania dopasujemy do miejsca wyjazdu z dowolnego miejsca w Polsce. <\/span><\/span><\/span><\/em><\/p>\n<p lang=\"pl\">\n","protected":false},"excerpt":{"rendered":"<p>Wycieczka do Pragi (1 nocleg) Ramowy program wycieczki 1 dzie\u0144 Wyjazd z um\u00f3wionego miejsca w godzinach wieczornych. Nocny przejazd do Pragi. 2 dzie\u0144 Przyjazd do stolicy Czech w godzinach porannych. Zwiedzanie najwi\u0119kszych atrakcji Pragi. Zobaczymy m.in. Plac Wac\u0142awa z Muzeum &hellip; <a class=\"more-link\" href=\"https:\/\/zamosc.pttk.pl\/wordpress\/?page_id=16305\">Czytaj dalej <span class=\"meta-nav\">&rarr;<\/span><\/a><\/p>\n","protected":false},"author":1,"featured_media":0,"parent":0,"menu_order":0,"comment_status":"closed","ping_status":"closed","template":"","meta":{"footnotes":""},"class_list":["post-16305","page","type-page","status-publish","hentry"],"_links":{"self":[{"href":"https:\/\/zamosc.pttk.pl\/wordpress\/index.php?rest_route=\/wp\/v2\/pages\/16305","targetHints":{"allow":["GET"]}}],"collection":[{"href":"https:\/\/zamosc.pttk.pl\/wordpress\/index.php?rest_route=\/wp\/v2\/pages"}],"about":[{"href":"https:\/\/zamosc.pttk.pl\/wordpress\/index.php?rest_route=\/wp\/v2\/types\/page"}],"author":[{"embeddable":true,"href":"https:\/\/zamosc.pttk.pl\/wordpress\/index.php?rest_route=\/wp\/v2\/users\/1"}],"replies":[{"embeddable":true,"href":"https:\/\/zamosc.pttk.pl\/wordpress\/index.php?rest_route=%2Fwp%2Fv2%2Fcomments&post=16305"}],"version-history":[{"count":4,"href":"https:\/\/zamosc.pttk.pl\/wordpress\/index.php?rest_route=\/wp\/v2\/pages\/16305\/revisions"}],"predecessor-version":[{"id":16362,"href":"https:\/\/zamosc.pttk.pl\/wordpress\/index.php?rest_route=\/wp\/v2\/pages\/16305\/revisions\/16362"}],"wp:attachment":[{"href":"https:\/\/zamosc.pttk.pl\/wordpress\/index.php?rest_route=%2Fwp%2Fv2%2Fmedia&parent=16305"}],"curies":[{"name":"wp","href":"https:\/\/api.w.org\/{rel}","templated":true}]}}