{"id":16300,"date":"2020-05-07T20:12:47","date_gmt":"2020-05-07T18:12:47","guid":{"rendered":"http:\/\/www.zamosc.pttk.pl\/wordpress\/?page_id=16300"},"modified":"2020-05-12T09:02:06","modified_gmt":"2020-05-12T07:02:06","slug":"bratyslawa-i-wieden-3-noclegi","status":"publish","type":"page","link":"https:\/\/zamosc.pttk.pl\/wordpress\/?page_id=16300","title":{"rendered":"Trzy stolice"},"content":{"rendered":"<p align=\"left\"><span style=\"color: #000000; font-size: 14px;\"><span style=\"font-family: Verdana;\">Bratys\u0142awa &#8211; Wiede\u0144 &#8211; Praga (4 noclegi)<br \/>\n<\/span><\/span><\/p>\n<p align=\"left\"><span style=\"color: #000000; font-size: 14px;\"><span style=\"font-family: Verdana;\">Ramowy program wycieczki <\/span><\/span><\/p>\n<p align=\"left\"><span style=\"color: #000000; font-size: 14px;\"><span style=\"font-family: Verdana;\">1 dzie\u0144 <\/span><\/span><\/p>\n<p align=\"left\"><span style=\"color: #000000; font-size: 14px;\"><span style=\"font-family: Verdana;\">Wyjazd z um\u00f3wionego miejsca w godzinach wieczornych. Nocny przejazd do Bratys\u0142awy. <\/span><\/span><\/p>\n<p align=\"left\"><span style=\"color: #000000; font-size: 14px;\"><span style=\"font-family: Verdana;\">2 dzie\u0144 <\/span><\/span><\/p>\n<p align=\"left\"><span style=\"color: #000000; font-size: 14px;\"><span style=\"font-family: Verdana;\">Przyjazd do stolicy S\u0142owacji. Zwiedzanie najwi\u0119kszych atrakcji miasta. Spacer uliczkami Starego Miasta, zobaczymy m.in. odrestaurowany barokowy Zamek Bratys\u0142awski, Katedr\u0119 \u015bw. Mateusza, Bram\u0119 Michalsk\u0105, Parlament, Oper\u0119, deptak przy Dunaju. Po po\u0142udniu przejazd do hotelu, zakwaterowanie, obiadokolacja, nocleg.<\/span><\/span><\/p>\n<p align=\"left\"><span style=\"color: #000000; font-size: 14px;\"><span style=\"font-family: Verdana;\">3 dzie\u0144 <\/span><\/span><\/p>\n<p style=\"text-align: justify;\" align=\"left\"><span style=\"color: #000000; font-size: 14px;\"><span style=\"font-family: Verdana;\">Po \u015bniadaniu przejazd do Wiednia. Zwiedzanie historycznego centrum miasta pe\u0142nego symboli pot\u0119gi i bogactwa dawnej Austrii. Na jego terenie znajduje si\u0119 wiele s\u0142ynnych zabytk\u00f3w obecnych na Li\u015bcie \u015awiatowego Dziedzictwa UNESCO. Zobaczymy m.in. Hofburg \u2013 rezydencj\u0119 dynastii Habsburg\u00f3w od XIII w. a\u017c do ko\u0144ca monarchii austro-w\u0119gierskiej, Katedr\u0119 \u015aw. Szczepana \u2013 arcydzie\u0142o gotyku bez kt\u00f3rego nie mo\u017cna sobie wyobrazi\u0107 Wiednia, Ratusz, Parlament, Uniwersytet i Ko\u015bci\u00f3\u0142 Wotywny, Kolumn\u0119 morow\u0105, przejdziemy ulic\u0105 Graben. <\/span><\/span><\/p>\n<p align=\"left\"><span style=\"color: #000000; font-size: 14px;\"><span style=\"font-family: Verdana;\">Wieczorem powr\u00f3t do hotelu, obiadokolacja, nocleg.<\/span><\/span><\/p>\n<p align=\"left\"><span style=\"color: #000000; font-size: 14px;\"><span style=\"font-family: Verdana;\">Mo\u017cliwo\u015b\u0107 zorganizowania wieczoru integracyjnego \/ dyskoteki. <\/span><\/span><\/p>\n<p align=\"left\"><span style=\"color: #000000; font-size: 14px;\"><span style=\"font-family: Verdana;\">4 dzie\u0144 <\/span><\/span><\/p>\n<p style=\"text-align: justify;\" align=\"left\"><span style=\"color: #000000; font-size: 14px;\"><span style=\"font-family: Verdana;\">Po \u015bniadaniu wykwaterowanie i przejazd do Wiednia. Kontynuacja zwiedzania: Pa\u0142ac Schonbrunn \u2013 letnia rezydencja cesarska, zwiedzanie i spacer po ogrodach. Przejazd na wzg\u00f3rze Kahlenberg \u2013 to tutaj modli\u0142 si\u0119 Kr\u00f3l Jan III Sobieski przed zwyci\u0119sk\u0105 bitw\u0105 z Turkami. Miejsce to upami\u0119tnia ko\u015bci\u00f3\u0142 \u015bw. J\u00f3zefa z kaplic\u0105 Kr\u00f3la Jana. <\/span><\/span><\/p>\n<p align=\"left\"><span style=\"color: #000000; font-size: 14px;\"><span style=\"font-family: Verdana;\">Wieczorem przejazd do stolicy Czech &#8211; Pragi. Zakwaterowanie, obiadokolacja, nocleg. <\/span><\/span><\/p>\n<p align=\"left\"><span style=\"color: #000000; font-size: 14px;\"><span style=\"font-family: Verdana;\">5 dzie\u0144 <\/span><\/span><\/p>\n<p style=\"text-align: justify;\" align=\"left\"><span style=\"color: #000000; font-size: 14px;\"><span style=\"font-family: Verdana;\">Po \u015bniadaniu zwiedzanie najwi\u0119kszych atrakcji Pragi. Zobaczymy m.in. Plac Wac\u0142awa z Muzeum Narodowym i pomnikiem patrona kraju \u2013 \u015bwi\u0119tego od kt\u00f3rego cze\u015b\u0107 plac zosta\u0142 nazwany, ulica Na Prikopie, Brama Prochowa, Dom Miejski, Rynek Staromiejski z pomnikiem reformatora religijnego Jana Husa, gotycki Ratusz z przepi\u0119knym zegarem astronomicznym \u201eOrlojem\u201d, Ko\u015bci\u00f3\u0142 Ty\u0144ski, Ko\u015bci\u00f3\u0142 \u015aw. Miko\u0142aja, dzielnic\u0105 \u017cydowsk\u0105 czyli Josefow. <\/span><\/span><\/p>\n<p align=\"left\"><span style=\"color: #000000; font-size: 14px;\"><span style=\"font-family: Verdana;\">Wieczorem przejazd do hotelu, obiadokolacja, nocleg. <\/span><\/span><\/p>\n<p align=\"left\"><span style=\"color: #000000; font-size: 14px;\"><span style=\"font-family: Verdana;\">6 dzie\u0144 <\/span><\/span><\/p>\n<p style=\"text-align: justify;\" align=\"left\"><span style=\"color: #000000; font-size: 14px;\"><span style=\"font-family: Verdana;\">Po \u015bniadaniu dalszy ci\u0105g zwiedzania miasta. W programie m.in. niew\u0105tpliwie najwi\u0119ksza i najbardziej znana atrakcja turystyczna miasta \u2013 Zamek czyli Hrad. Spacer po Hradczanach &#8211; dzielnicy mi\u0119dzy Zamkiem a dawnym opactwem Strahov. Zobaczymy Prask\u0105 Loret\u0119, Katedr\u0119 \u015aw. Wita gdzie przechowywane s\u0105 czeskie klejnoty koronacyjne i Bazylik\u0119 \u015aw. Jerzego. Przejdziemy Z\u0142ot\u0105 Uliczk\u0105, Ma\u0142\u0105 Stran\u0105, Mostem Karola. <\/span><\/span><\/p>\n<p align=\"left\"><span style=\"color: #000000; font-size: 14px;\"><span style=\"font-family: Verdana;\">Czas wolny na posi\u0142ek we w\u0142asnym zakresie.<\/span><\/span><\/p>\n<p align=\"left\"><span style=\"color: #000000; font-size: 14px;\"><span style=\"font-family: Verdana;\">Po po\u0142udniu wyjazd w drog\u0119 powrotn\u0105. <\/span><\/span><\/p>\n<p align=\"left\"><span style=\"color: #000000; font-size: 14px;\"><span style=\"font-family: Verdana;\">Przyjazd do miejsca wyjazdu w p\u00f3\u017anych godzinach nocnych.<\/span><\/span><\/p>\n<hr \/>\n<p align=\"left\"><span style=\"color: #000000; font-size: 14px;\"><span style=\"font-family: Verdana;\">\u015awiadczenia przewidziane w cenie: <\/span><\/span><\/p>\n<ul>\n<li>\n<p align=\"left\"><span style=\"color: #000000; font-size: 14px;\"><span style=\"font-family: Verdana;\">transport autokarem klasy turystycznej (opcjonalnie);<\/span><\/span><\/p>\n<\/li>\n<li>\n<p align=\"left\"><span style=\"color: #000000; font-size: 14px;\"><span style=\"font-family: Verdana;\">4 noclegi w obiekcie wybranej kategorii cenowej (hotelu ** \/ ***, pensjonacie itp.);<\/span><\/span><\/p>\n<\/li>\n<li>\n<p align=\"left\"><span style=\"color: #000000; font-size: 14px;\"><span style=\"font-family: Verdana;\">wy\u017cywienie zgodne z programem \u2013 4 obiadokolacje, 4 \u015bniadania; <\/span><\/span><\/p>\n<\/li>\n<li>\n<p align=\"left\"><span style=\"color: #000000; font-size: 14px;\"><span style=\"font-family: Verdana;\">opieka pilota;<\/span><\/span><\/p>\n<\/li>\n<li>\n<p align=\"left\"><span style=\"color: #000000; font-size: 14px;\"><span style=\"font-family: Verdana;\">us\u0142ugi przewodnickie;<\/span><\/span><\/p>\n<\/li>\n<li>\n<p align=\"left\"><span style=\"color: #000000; font-size: 14px;\"><span style=\"font-family: Verdana;\">bilety wst\u0119pu do zwiedzanych obiekt\u00f3w. <\/span><\/span><\/p>\n<\/li>\n<\/ul>\n<p align=\"left\"><span style=\"color: #000000; font-size: 14px;\"><span style=\"font-family: Verdana;\">Kolejno\u015b\u0107 zwiedzania mo\u017ce ulec zmianie.<br \/>\nTermin wycieczki \u2013 do ustalenia. <\/span><\/span><\/p>\n<hr \/>\n<p style=\"text-align: right;\" align=\"left\"><em><span style=\"color: #000000; font-size: 12px;\"><span style=\"font-family: Verdana;\">Dok\u0142adny program zwiedzania dopasujemy do miejsca wyjazdu z dowolnego miejsca w Polsce. <\/span><\/span><\/em><\/p>\n","protected":false},"excerpt":{"rendered":"<p>Bratys\u0142awa &#8211; Wiede\u0144 &#8211; Praga (4 noclegi) Ramowy program wycieczki 1 dzie\u0144 Wyjazd z um\u00f3wionego miejsca w godzinach wieczornych. Nocny przejazd do Bratys\u0142awy. 2 dzie\u0144 Przyjazd do stolicy S\u0142owacji. Zwiedzanie najwi\u0119kszych atrakcji miasta. Spacer uliczkami Starego Miasta, zobaczymy m.in. odrestaurowany &hellip; <a class=\"more-link\" href=\"https:\/\/zamosc.pttk.pl\/wordpress\/?page_id=16300\">Czytaj dalej <span class=\"meta-nav\">&rarr;<\/span><\/a><\/p>\n","protected":false},"author":1,"featured_media":0,"parent":0,"menu_order":0,"comment_status":"closed","ping_status":"closed","template":"","meta":{"footnotes":""},"class_list":["post-16300","page","type-page","status-publish","hentry"],"_links":{"self":[{"href":"https:\/\/zamosc.pttk.pl\/wordpress\/index.php?rest_route=\/wp\/v2\/pages\/16300","targetHints":{"allow":["GET"]}}],"collection":[{"href":"https:\/\/zamosc.pttk.pl\/wordpress\/index.php?rest_route=\/wp\/v2\/pages"}],"about":[{"href":"https:\/\/zamosc.pttk.pl\/wordpress\/index.php?rest_route=\/wp\/v2\/types\/page"}],"author":[{"embeddable":true,"href":"https:\/\/zamosc.pttk.pl\/wordpress\/index.php?rest_route=\/wp\/v2\/users\/1"}],"replies":[{"embeddable":true,"href":"https:\/\/zamosc.pttk.pl\/wordpress\/index.php?rest_route=%2Fwp%2Fv2%2Fcomments&post=16300"}],"version-history":[{"count":4,"href":"https:\/\/zamosc.pttk.pl\/wordpress\/index.php?rest_route=\/wp\/v2\/pages\/16300\/revisions"}],"predecessor-version":[{"id":16359,"href":"https:\/\/zamosc.pttk.pl\/wordpress\/index.php?rest_route=\/wp\/v2\/pages\/16300\/revisions\/16359"}],"wp:attachment":[{"href":"https:\/\/zamosc.pttk.pl\/wordpress\/index.php?rest_route=%2Fwp%2Fv2%2Fmedia&parent=16300"}],"curies":[{"name":"wp","href":"https:\/\/api.w.org\/{rel}","templated":true}]}}