{"id":16260,"date":"2020-05-05T16:32:12","date_gmt":"2020-05-05T14:32:12","guid":{"rendered":"http:\/\/www.zamosc.pttk.pl\/wordpress\/?page_id=16260"},"modified":"2020-05-07T09:13:12","modified_gmt":"2020-05-07T07:13:12","slug":"bratyslawa","status":"publish","type":"page","link":"https:\/\/zamosc.pttk.pl\/wordpress\/?page_id=16260","title":{"rendered":"Bratys\u0142awa i Wiede\u0144"},"content":{"rendered":"<p><span style=\"font-family: Verdana, serif; font-size: 14px;\"><span lang=\"pl\">Bratys\u0142awa i Wiede\u0144 (1 nocleg) <\/span><\/span><\/p>\n<p><span style=\"font-family: Verdana, serif; font-size: 14px;\"><span lang=\"pl\">Ramowy program wycieczki <\/span><\/span><\/p>\n<p><span style=\"font-family: Verdana, serif; font-size: 14px;\"><span lang=\"pl\">1 dzie\u0144 <\/span><\/span><\/p>\n<p><span style=\"font-family: Verdana, serif; font-size: 14px;\"><span lang=\"pl\">Wyjazd z um\u00f3wionego miejsca w godzinach wieczornych.<\/span><\/span><\/p>\n<p><span style=\"font-size: 14px;\"><span style=\"font-family: Verdana, serif;\"><span lang=\"pl\">Nocny przejazd <\/span><\/span><span style=\"font-family: Verdana, serif;\"><span lang=\"pl\">do Wiednia (ok. 700 km). <\/span><\/span><\/span><\/p>\n<p><span style=\"font-family: Verdana, serif; font-size: 14px;\"><span lang=\"pl\">2 dzie\u0144 <\/span><\/span><\/p>\n<p style=\"text-align: justify;\"><span style=\"font-size: 14px;\"><span style=\"font-family: Verdana, serif;\"><span lang=\"pl\">Przyjazd w godzinach porannych. Zwiedzanie historycznego centrum miasta pe\u0142nego symboli pot\u0119gi i bogactwa dawnej Austrii. Na jego terenie znajduje si\u0119 wiele s\u0142ynnych zabytk<\/span><\/span><span style=\"font-family: Verdana, serif;\"><span lang=\"en-US\">\u00f3w obecnych na Li\u015bcie \u015awiatowego Dziedzictwa UNESCO. Zobaczymy m.in. Hofburg \u2013 rezydencj\u0119 dynastii Habsburg\u00f3w od XIII w. a\u017c do ko\u0144ca monarchii austro-w\u0119gierskiej, Katedr\u0119 \u015aw. Szczepana \u2013 arcydzie\u0142o gotyku bez kt\u00f3rego nie mo\u017cna sobie wyobrazi\u0107 Wiednia, Ratusz, Parlament, Uniwersytet i Ko\u015bci\u00f3\u0142 Wotywny, Kolumn\u0119 morow\u0105, przejdziemy ulic\u0105 Graben. <\/span><\/span><\/span><\/p>\n<p style=\"text-align: justify;\"><span style=\"font-family: Verdana, serif; font-size: 14px;\"><span lang=\"pl\">Przejazd do hotelu na S\u0142owacji, zakwaterowanie, obiadokolacja, nocleg. <\/span><\/span><\/p>\n<p><span style=\"font-family: Verdana, serif; font-size: 14px;\"><span lang=\"pl\">3 dzie\u0144 <\/span><\/span><\/p>\n<p><span style=\"font-family: Verdana, serif; font-size: 14px;\"><span lang=\"pl\">Po \u015bniadaniu zwiedzanie najwi\u0119kszych atrakcji miasta. Spacer uliczkami Starego Miasta.<br \/>\nW programie zwiedzania m.in. odrestaurowany barokowy Zamek Bratys\u0142awski, Katedr\u0119 \u015bw. Mateusza, Bram\u0119 Michalsk\u0105, Parlament, Oper\u0119, deptak przy Dunaju. <\/span><\/span><\/p>\n<p><span style=\"font-family: Verdana, serif; font-size: 14px;\"><span lang=\"pl\">Czas wolny na posi\u0142ek we w\u0142asnym zakresie. <\/span><\/span><\/p>\n<p><span style=\"font-family: Verdana, serif; font-size: 14px;\"><span lang=\"pl\">Po po\u0142udniu wyjazd w drog\u0119 powrotn\u0105. <\/span><\/span><\/p>\n<p><span style=\"font-family: Verdana, serif; font-size: 14px;\"><span lang=\"pl\">4 dzie\u0144 <\/span><\/span><\/p>\n<p><span style=\"font-family: Verdana, serif; font-size: 14px;\"><span lang=\"pl\">Przyjazd w godzinach nocnych. <\/span><\/span><\/p>\n<p><span style=\"font-size: 14px;\"><span style=\"font-family: Verdana, serif;\"><span lang=\"pl\">Istnieje mo\u017cliwo\u015b\u0107 zmodyfikowania programu tak aby unikn\u0105\u0107 nocnego przejazdu\/przejazd<\/span><\/span><span style=\"font-family: Verdana, serif;\"><span lang=\"en-US\">\u00f3w. <\/span><\/span><\/span><\/p>\n<hr \/>\n<p><span style=\"font-family: Verdana, serif; font-size: 14px;\"><span lang=\"pl\">\u015awiadczenia przewidziane w cenie: <\/span><\/span><\/p>\n<ul>\n<li><span style=\"font-family: Verdana, serif; font-size: 14px;\"><span lang=\"pl\">transport autokarem klasy turystycznej (opcjonalnie);<\/span><\/span><\/li>\n<li><span style=\"font-family: Verdana, serif; font-size: 14px;\"><span lang=\"pl\">1 nocleg w obiekcie wybranej kategorii cenowej (hotelu ** \/ ***, pensjonacie itp.);<\/span><\/span><\/li>\n<li><span style=\"font-family: Verdana, serif; font-size: 14px;\"><span lang=\"pl\">wy\u017cywienie zgodne z programem \u2013 1 obiadokolacja, 1 \u015bniadanie;<\/span><\/span><\/li>\n<li><span style=\"font-family: Verdana, serif; font-size: 14px;\"><span lang=\"pl\">opieka pilota;<\/span><\/span><\/li>\n<li><span style=\"font-family: Verdana, serif; font-size: 14px;\"><span lang=\"pl\">us\u0142ugi przewodnickie;<\/span><\/span><\/li>\n<li><span style=\"font-size: 14px;\"><span style=\"font-family: Verdana, serif;\"><span lang=\"pl\">bilety wst\u0119pu do zwiedzanych obiekt<\/span><\/span><span style=\"font-family: Verdana, serif;\"><span lang=\"en-US\">\u00f3w. <\/span><\/span><\/span><\/li>\n<\/ul>\n<p><span style=\"font-family: Verdana, serif; font-size: 14px;\"><span lang=\"pl\">Kolejno\u015b\u0107 zwiedzania mo\u017ce ulec zmianie. <\/span><\/span><\/p>\n<p><span style=\"font-family: Verdana, serif; font-size: 14px;\"><span lang=\"pl\">Termin wycieczki \u2013 do ustalenia.<\/span><\/span><\/p>\n<hr \/>\n<p style=\"text-align: right;\"><em><span style=\"font-family: Verdana, serif; font-size: 14px;\"><span lang=\"pl\"><span style=\"font-size: 12px;\">Dok\u0142adny program zwiedzania dopasujemy do miejsca wyjazdu z dowolnego miejsca w Polsce<\/span>. <\/span><\/span><\/em><\/p>\n","protected":false},"excerpt":{"rendered":"<p>Bratys\u0142awa i Wiede\u0144 (1 nocleg) Ramowy program wycieczki 1 dzie\u0144 Wyjazd z um\u00f3wionego miejsca w godzinach wieczornych. Nocny przejazd do Wiednia (ok. 700 km). 2 dzie\u0144 Przyjazd w godzinach porannych. Zwiedzanie historycznego centrum miasta pe\u0142nego symboli pot\u0119gi i bogactwa dawnej &hellip; <a class=\"more-link\" href=\"https:\/\/zamosc.pttk.pl\/wordpress\/?page_id=16260\">Czytaj dalej <span class=\"meta-nav\">&rarr;<\/span><\/a><\/p>\n","protected":false},"author":1,"featured_media":0,"parent":0,"menu_order":0,"comment_status":"closed","ping_status":"closed","template":"","meta":{"footnotes":""},"class_list":["post-16260","page","type-page","status-publish","hentry"],"_links":{"self":[{"href":"https:\/\/zamosc.pttk.pl\/wordpress\/index.php?rest_route=\/wp\/v2\/pages\/16260","targetHints":{"allow":["GET"]}}],"collection":[{"href":"https:\/\/zamosc.pttk.pl\/wordpress\/index.php?rest_route=\/wp\/v2\/pages"}],"about":[{"href":"https:\/\/zamosc.pttk.pl\/wordpress\/index.php?rest_route=\/wp\/v2\/types\/page"}],"author":[{"embeddable":true,"href":"https:\/\/zamosc.pttk.pl\/wordpress\/index.php?rest_route=\/wp\/v2\/users\/1"}],"replies":[{"embeddable":true,"href":"https:\/\/zamosc.pttk.pl\/wordpress\/index.php?rest_route=%2Fwp%2Fv2%2Fcomments&post=16260"}],"version-history":[{"count":13,"href":"https:\/\/zamosc.pttk.pl\/wordpress\/index.php?rest_route=\/wp\/v2\/pages\/16260\/revisions"}],"predecessor-version":[{"id":16291,"href":"https:\/\/zamosc.pttk.pl\/wordpress\/index.php?rest_route=\/wp\/v2\/pages\/16260\/revisions\/16291"}],"wp:attachment":[{"href":"https:\/\/zamosc.pttk.pl\/wordpress\/index.php?rest_route=%2Fwp%2Fv2%2Fmedia&parent=16260"}],"curies":[{"name":"wp","href":"https:\/\/api.w.org\/{rel}","templated":true}]}}