{"id":16186,"date":"2020-04-17T14:30:20","date_gmt":"2020-04-17T12:30:20","guid":{"rendered":"http:\/\/www.zamosc.pttk.pl\/wordpress\/?page_id=16186"},"modified":"2020-04-17T14:30:20","modified_gmt":"2020-04-17T12:30:20","slug":"wycieczka-do-krakowa-i-okolic-2-dni","status":"publish","type":"page","link":"https:\/\/zamosc.pttk.pl\/wordpress\/?page_id=16186","title":{"rendered":"Wycieczka do Krakowa i okolic &#8211; 2 dni"},"content":{"rendered":"<p><span style=\"font-family: Verdana, sans-serif; font-size: 14px;\">1 dzie\u0144 &#8211; zwiedzanie Krakowa i Kopalni Soli w Wieliczce<br \/>\n2 dzie\u0144 \u2013 zwiedzanie wg. wybranego wariantu <\/span><\/p>\n<p><span style=\"font-family: Verdana, sans-serif; font-size: 14px;\">a) Park Rozrywki Energylandia<\/span><\/p>\n<p><span style=\"font-family: Verdana, sans-serif; font-size: 14px;\">b) Ojcowski Park Narodowy <\/span><\/p>\n<p><span style=\"font-family: Verdana, sans-serif; font-size: 14px;\">c) Wadowice i Park Miniatur w Inwa\u0142dzie<\/span><\/p>\n<p><span style=\"font-family: Verdana, sans-serif; font-size: 14px;\">d) Wadowice i Muzeum Auschwitz Birkenau <\/span><\/p>\n<p align=\"left\"><span style=\"color: #000000; font-size: 14px;\"><span style=\"font-family: Verdana, sans-serif;\">d) Wadowice i Muzeum Auschwitz Birkenau <\/span><\/span><\/p>\n<p align=\"left\"><span style=\"color: #000000; font-size: 14px;\"><span style=\"font-family: Verdana, sans-serif;\">Mo\u017cliwo\u015b\u0107 w\u0142\u0105czenia do programu innych atrakcji turystycznych znajduj\u0105cych si\u0119 w pobli\u017cu Krakowa np. Kopiec Ko\u015bciuszki, podziemia krakowskiego rynku, Ko\u015bci\u00f3\u0142 na Ska\u0142ce z Krypt\u0105 Zas\u0142u\u017conych (gdzie spoczywaj\u0105 prochy m.in. J. D\u0142ugosza, W. Pola, J.I. Kraszewskiego, A. Asnyka, S. Wyspia\u0144skiego, C. Mi\u0142osza), Zamek Kr\u00f3lewski w Niepo\u0142omicach, klasztor w Kalwarii Zebrzydowskiej (najwa\u017cniejsze polskie sanktuarium po Jasnej G\u00f3rze), Sanktuarium Bo\u017cego Mi\u0142osierdzia w \u0141agiewnikach.<\/span><\/span><\/p>\n<hr \/>\n<p><span style=\"color: #000000; font-size: 14px;\"><span style=\"font-family: Verdana, sans-serif;\">Ramowy program wycieczki <\/span><\/span><\/p>\n<p><span style=\"color: #000000; font-size: 14px;\"><span style=\"font-family: Verdana, sans-serif;\">1 dzie\u0144 <\/span><\/span><\/p>\n<p style=\"text-align: justify;\"><span style=\"color: #000000; font-size: 14px;\"><span style=\"font-family: Verdana, sans-serif;\">Wyjazd z um\u00f3wionego miejsca we wczesnych godzinach porannych.<\/span><\/span><\/p>\n<p style=\"text-align: justify;\"><span style=\"color: #000000; font-size: 14px;\"><span style=\"font-family: Verdana, sans-serif;\">Przyjazd do Krakowa \u2013 pradawnego grodu legendarnego ksi\u0119cia Kraka, jednego z najstarszych polskich miast. Przesz\u0142o\u015b\u0107 miesza si\u0119 tutaj z tera\u017aniejszo\u015bci\u0105 a historia z nowoczesno\u015bci\u0105. W Krakowie znajduje si\u0119 ponad 6000 zabytkowych obiekt\u00f3w. <\/span><\/span><\/p>\n<p style=\"text-align: justify;\"><span style=\"color: #000000; font-size: 14px;\"><span style=\"font-family: Verdana, sans-serif;\">Zwiedzanie miasta Drog\u0105 Kr\u00f3lewsk\u0105. Podczas spaceru z przewodnikiem zobaczymy Wzg\u00f3rze Wawelskie z Zamkiem Kr\u00f3lewskim i Katedr\u0105 (w kt\u00f3rej spoczywa 19 polskich kr\u00f3l\u00f3w, biskupi krakowscy oraz m.in. gen. T. Ko\u015bciuszko, A. Mickiewicz, J. S\u0142owacki, marsza\u0142ek J. Pi\u0142sudski), Dzwon Zygmunta, Smocza Jama, przej\u015bcie ul. Kanonicz\u0105, Grodzk\u0105 do Rynku, ko\u015bci\u00f3\u0142 Mariacki (o\u0142tarz Wita Stwosza), Sukiennice, Barbakan.. <\/span><\/span><\/p>\n<p><span style=\"color: #000000; font-size: 14px;\"><span style=\"font-family: Verdana, sans-serif;\">Podczas zwiedzania mo\u017cliwo\u015b\u0107 zorganizowania obiadu 2-daniowego. <\/span><\/span><\/p>\n<p><span style=\"color: #000000; font-size: 14px;\"><span style=\"font-family: Verdana, sans-serif;\">Po po\u0142udniu przejazd do Wieliczki, gdzie s\u00f3l z miejscowej kopalni wydobywano ju\u017c za czas\u00f3w Boles\u0142awa I Chrobrego. W 1978r. Kopalnia zosta\u0142a wpisana na List\u0119 \u015awiatowego Dziedzictwa UNESCO.<br \/>\n<\/span><\/span><span style=\"font-size: 14px;\"><span style=\"color: #000000;\"><span style=\"font-family: Verdana, sans-serif;\">Program zwiedzania kopalni Tras\u0105 Turystyczn\u0105 lub Tras\u0105 G\u00f3rnicz\u0105. Szczeg\u00f3\u0142y na <\/span><\/span><a href=\"https:\/\/www.kopalnia.pl\/grupy-zorganizowane\/kopalnia-dla-szkol\"><span style=\"color: #000000;\"><span style=\"font-family: Verdana, sans-serif;\">https:\/\/www.kopalnia.pl\/grupy-zorganizowane\/kopalnia-dla-szkol<\/span><\/span><\/a><\/span><\/p>\n<p><span style=\"color: #000000; font-size: 14px;\"><span style=\"font-family: Verdana, sans-serif;\">P\u00f3\u017anym popo\u0142udniem przejazd do miejsca zakwaterowania, obiadokolacja, nocleg.<\/span><\/span><\/p>\n<p><span style=\"color: #000000; font-size: 14px;\"><span style=\"font-family: Verdana, sans-serif;\">2 dzie\u0144\u00a0<\/span><\/span><\/p>\n<p><span style=\"color: #000000; font-size: 14px;\"><span style=\"font-family: Verdana, sans-serif;\"> Po \u015bniadaniu wyjazd na wycieczk\u0119 wg. wybranego wariantu. W czasie zwiedzania \/ zabawy obiad dwudaniowy. W godzinach popo\u0142udniowych wyjazd w drog\u0119 powrotn\u0105. <\/span><\/span><\/p>\n<p><span style=\"color: #000000; font-size: 14px;\"><span style=\"font-family: Verdana, sans-serif;\">a) Park Rozrywki Energylandia w Zatorze <\/span><\/span><\/p>\n<p><span style=\"font-size: 14px;\"><span style=\"color: #000000;\"><span style=\"font-family: Verdana, sans-serif;\">Z<\/span><\/span><span style=\"color: #000000;\"><span style=\"font-family: Verdana, sans-serif;\">abawa w najnowocze\u015bniejszym parku rozrywki w Polsce. <\/span><\/span><span style=\"color: #000000;\"><span style=\"font-family: Verdana, sans-serif;\">Na <\/span><\/span><span style=\"color: #000000;\"><span style=\"font-family: Verdana, sans-serif;\"> przestrzeni <\/span><\/span><span style=\"color: #000000;\"><span style=\"font-family: Verdana, sans-serif;\">26 hektar\u00f3w <\/span><\/span><span style=\"color: #000000;\"><span style=\"font-family: Verdana, sans-serif;\">znajduje si\u0119 <\/span><\/span><span style=\"color: #000000;\"><span style=\"font-family: Verdana, sans-serif;\">ponad 30 r\u00f3\u017cnego <\/span><\/span><span style=\"color: #000000;\"><span style=\"font-family: Verdana, sans-serif;\">rodzaju nowoczesnych i zaawansowanych urz\u0105dze\u0144 i atrakcji, poczynaj\u0105c od ekstremalnych, poprzez rodzinne, a ko\u0144cz\u0105c na tych dla najm\u0142odszych.<\/span><\/span><span style=\"color: #000000;\"><span style=\"font-family: Verdana, sans-serif;\"> Pobyt zaplanowany wg. oferty kompleksu dla danej grupy wiekowej. Szczeg\u00f3\u0142y na <\/span><\/span><a href=\"https:\/\/energylandia.pl\/\"><span style=\"color: #000000;\"><span style=\"font-family: Verdana, sans-serif;\">https:\/\/energylandia.pl\/<\/span><\/span><\/a><\/span><\/p>\n<p><span style=\"color: #000000; font-size: 14px;\"><span style=\"font-family: Verdana, sans-serif;\">b) Ojcowski Park Narodowy &#8211; zwiedzanie Jaskini \u0141okietka, przej\u015bcie przez Bram\u0119 Krakowsk\u0105, spacer wzd\u0142u\u017c doliny Pr\u0105dnika do Ojcowa. Zwiedzanie ruin zamku w Ojcowie, podej\u015bcie do kapliczki na Wodzie, przejazd do Pieskowej Ska\u0142y, podej\u015bcie pod Maczug\u0119 Herkulesa.<\/span><\/span><\/p>\n<p>c) Wadowice i Park Miniatur w Inwa\u0142dzie<\/p>\n<p align=\"left\"><span style=\"color: #000000; font-size: 14px;\"><span style=\"font-family: Verdana, sans-serif;\">W Wadowicach odwiedzimy Muzeum Dom Rodzinny Jana Paw\u0142a II w kt\u00f3rym znajduj\u0105 si\u0119 osobiste rzeczy papie\u017ca, m.in. narty, plecak, modlitewnik \u2013 pami\u0105tki po \u015awi\u0119tym kt\u00f3ry uwielbia\u0142 g\u00f3rskie w\u0119dr\u00f3wki. Zobaczymy Bazylik\u0119 Ofiarowania Naj\u015bwi\u0119tszej Maryi Panny zwi\u0105zan\u0105 z \u017cyciem Karola Wojty\u0142y oraz miejsce gdzie po maturze przysz\u0142y papie\u017c chodzi\u0142 na krem\u00f3wki. <\/span><\/span><\/p>\n<p align=\"left\"><span style=\"font-size: 14px;\"><span style=\"color: #000000;\"><span style=\"font-family: Verdana, sans-serif;\">Park Miniatur w Inwa\u0142dzie <\/span><\/span><span style=\"color: #000000;\"><span style=\"font-family: Verdana, sans-serif;\">to miejsce kt\u00f3re zabierze nas w podr\u00f3\u017c dooko\u0142a \u015bwiat i poka\u017ce miniaturowe budowle <\/span><\/span><span style=\"color: #000000;\"><span style=\"font-family: Verdana, sans-serif;\">charakterystyczne dla <\/span><\/span><span style=\"color: #000000;\"><span style=\"font-family: Verdana, sans-serif;\">odwiedzanych pa\u0144stw. <\/span><\/span><span style=\"color: #000000;\"><span style=\"font-family: Verdana, sans-serif;\">S<\/span><\/span><span style=\"color: #000000;\"><span style=\"font-family: Verdana, sans-serif;\">zczeg\u00f3\u0142y na <\/span><\/span><a href=\"https:\/\/parkminiatur.com\/oferta-edukacyjna\/\"><span style=\"color: #000000;\"><span style=\"font-family: Verdana, sans-serif;\">https:\/\/parkminiatur.com\/oferta-edukacyjna\/<\/span><\/span><\/a><\/span><\/p>\n<p align=\"left\"><span style=\"color: #000000; font-size: 14px;\"><span style=\"font-family: Verdana, sans-serif;\">d) Wadowice i Muzeum Auschwitz Birkenau<\/span><\/span><\/p>\n<p align=\"left\"><span style=\"font-size: 14px;\"><span style=\"color: #000000;\"><span style=\"font-family: Verdana, sans-serif;\">Wizyta w Wadowicach a nast\u0119pnie w <\/span><\/span><span style=\"color: #000000;\"><span style=\"font-family: Verdana, sans-serif;\">KL Auschwitz<\/span><\/span><\/span><span style=\"font-size: 14px;\"><em><span style=\"color: #000000;\"><span style=\"font-family: Verdana, sans-serif;\"><em>\u00a0<\/em>&#8211; <\/span><\/span><\/em><span style=\"color: #000000;\"><span style=\"font-family: Verdana, sans-serif;\">najwi\u0119kszym z niemieckich nazistowskich oboz\u00f3w koncentracyjnych i o\u015brodk\u00f3w Zag\u0142ady, <\/span><\/span><span style=\"color: #000000;\"><span style=\"font-family: Verdana, sans-serif;\">b\u0119d\u0105cym \u015bwiadectwem najtragiczniejszych czas\u00f3w w naszych dziejach.<\/span><\/span><\/span><\/p>\n<hr \/>\n<p><span style=\"color: #000000; font-size: 14px;\"><span style=\"font-family: Verdana, sans-serif;\">\u015awiadczenia przewidziane w cenie: <\/span><\/span><\/p>\n<ul>\n<li><span style=\"color: #000000; font-size: 14px;\"><span style=\"font-family: Verdana, sans-serif;\">transport autokarem klasy turystycznej (opcjonalnie);<\/span><\/span><\/li>\n<li><span style=\"color: #000000; font-size: 14px;\"><span style=\"font-family: Verdana, sans-serif;\">1 nocleg w obiekcie wybranej kategorii cenowej (hotelu, schronisku szkolnym itp.);<\/span><\/span><\/li>\n<li><span style=\"color: #000000; font-size: 14px;\"><span style=\"font-family: Verdana, sans-serif;\">wy\u017cywienie zgodne z programem \u2013 1 obiadokolacja, 1 \u015bniadanie, obiad drugiego dnia wycieczki;<\/span><\/span><\/li>\n<li><span style=\"color: #000000; font-size: 14px;\"><span style=\"font-family: Verdana, sans-serif;\">opieka pilota;<\/span><\/span><\/li>\n<li><span style=\"color: #000000; font-size: 14px;\"><span style=\"font-family: Verdana, sans-serif;\">us\u0142ugi przewodnickie;<\/span><\/span><\/li>\n<li><span style=\"color: #000000; font-size: 14px;\"><span style=\"font-family: Verdana, sans-serif;\">bilety wst\u0119pu do zwiedzanych obiekt\u00f3w. <\/span><\/span>\n<p><span style=\"color: #000000; font-size: 14px;\"><span style=\"font-family: Verdana, sans-serif;\">Cena wycieczki zale\u017cna jest od dok\u0142adnej ilo\u015bci uczestnik\u00f3w i terminu jej realizacji.<br \/>\nTermin wycieczki \u2013 do ustalenia. <\/span><\/span><\/p>\n<hr \/>\n<p><span style=\"color: #000000; font-size: 14px;\"><span style=\"font-family: Verdana, sans-serif;\"><br \/>\nDok\u0142adny program zwiedzania dopasujemy do miejsca wyjazdu z dowolnego miejsca w Polsce. <\/span><\/span><\/li>\n<\/ul>\n","protected":false},"excerpt":{"rendered":"<p>1 dzie\u0144 &#8211; zwiedzanie Krakowa i Kopalni Soli w Wieliczce 2 dzie\u0144 \u2013 zwiedzanie wg. wybranego wariantu a) Park Rozrywki Energylandia b) Ojcowski Park Narodowy c) Wadowice i Park Miniatur w Inwa\u0142dzie d) Wadowice i Muzeum Auschwitz Birkenau d) Wadowice &hellip; <a class=\"more-link\" href=\"https:\/\/zamosc.pttk.pl\/wordpress\/?page_id=16186\">Czytaj dalej <span class=\"meta-nav\">&rarr;<\/span><\/a><\/p>\n","protected":false},"author":1,"featured_media":0,"parent":0,"menu_order":0,"comment_status":"closed","ping_status":"closed","template":"","meta":{"footnotes":""},"class_list":["post-16186","page","type-page","status-publish","hentry"],"_links":{"self":[{"href":"https:\/\/zamosc.pttk.pl\/wordpress\/index.php?rest_route=\/wp\/v2\/pages\/16186","targetHints":{"allow":["GET"]}}],"collection":[{"href":"https:\/\/zamosc.pttk.pl\/wordpress\/index.php?rest_route=\/wp\/v2\/pages"}],"about":[{"href":"https:\/\/zamosc.pttk.pl\/wordpress\/index.php?rest_route=\/wp\/v2\/types\/page"}],"author":[{"embeddable":true,"href":"https:\/\/zamosc.pttk.pl\/wordpress\/index.php?rest_route=\/wp\/v2\/users\/1"}],"replies":[{"embeddable":true,"href":"https:\/\/zamosc.pttk.pl\/wordpress\/index.php?rest_route=%2Fwp%2Fv2%2Fcomments&post=16186"}],"version-history":[{"count":1,"href":"https:\/\/zamosc.pttk.pl\/wordpress\/index.php?rest_route=\/wp\/v2\/pages\/16186\/revisions"}],"predecessor-version":[{"id":16188,"href":"https:\/\/zamosc.pttk.pl\/wordpress\/index.php?rest_route=\/wp\/v2\/pages\/16186\/revisions\/16188"}],"wp:attachment":[{"href":"https:\/\/zamosc.pttk.pl\/wordpress\/index.php?rest_route=%2Fwp%2Fv2%2Fmedia&parent=16186"}],"curies":[{"name":"wp","href":"https:\/\/api.w.org\/{rel}","templated":true}]}}