{"id":16174,"date":"2020-04-12T13:01:20","date_gmt":"2020-04-12T11:01:20","guid":{"rendered":"http:\/\/www.zamosc.pttk.pl\/wordpress\/?page_id=16174"},"modified":"2020-05-12T16:34:59","modified_gmt":"2020-05-12T14:34:59","slug":"warszawa-i-kampinowski-park-narodowy-2-dni","status":"publish","type":"page","link":"https:\/\/zamosc.pttk.pl\/wordpress\/?page_id=16174","title":{"rendered":"Warszawa i Kampinowski Park Narodowy"},"content":{"rendered":"<p align=\"left\"><span style=\"font-family: Verdana, sans-serif;\"><span style=\"font-size: medium;\">3-dniowa Wycieczka do Warszawy i Kampinowskiego Parku Narodowego,<\/span><\/span><\/p>\n<p align=\"left\"><span style=\"font-family: Verdana, Geneva; font-size: 14px;\">Stadion Narodowy, Stare Miasto, Trakt Kr\u00f3lewski, PKiN, Centrum Nauki Kopernik, Dom Urodzenia Fryderyka Chopina w \u017belazowej Woli, spacer po Puszczy Kampinowskiej, przejazd zabytkowym poci\u0105giem RETRO.<\/span><\/p>\n<p align=\"left\"><span style=\"font-family: Verdana, sans-serif;\"><span style=\"color: #000000;\"><span style=\"font-size: medium;\">Ramowy program wycieczki <\/span><\/span><\/span><\/p>\n<p><span style=\"font-family: Verdana, sans-serif;\"><span style=\"color: #000000;\"><span style=\"font-size: medium;\">1 dzie\u0144 <\/span><\/span><\/span><\/p>\n<p><span style=\"font-family: Verdana, sans-serif;\"><span style=\"color: #000000;\"><span style=\"font-size: medium;\">Wyjazd z um\u00f3wionego miejsca we wczesnych godzinach porannych.<\/span><\/span><\/span><\/p>\n<p><span style=\"font-family: Verdana, sans-serif;\"><span style=\"color: #000000;\"><span style=\"font-size: medium;\">Przyjazd do Warszawy, zwiedzanie Warszawskiej Star\u00f3wki b\u0119d\u0105cej prawdziw\u0105 per\u0142\u0105 stolicy. Zachwyca w\u0105skimi uliczkami i kolorowymi kamienicami. W 1980 r. zosta\u0142a wpisana na list\u0119 \u015bwiatowego dziedzictwa UNESCO. Podczas spaceru zobaczymy Plac Zamkowy, Zamek Kr\u00f3lewski, Kolumn\u0119 kr\u00f3la Zygmunta III Wazy, oficjalny symbol miasta \u2013 warszawsk\u0105 Syrenk\u0119, barbakan, pomnik Ma\u0142ego Powsta\u0144ca. Przejdziemy wzd\u0142u\u017c mur\u00f3w miejskich oraz najbardziej reprezentacyjna tras\u0105 miasta &#8211; traktem kr\u00f3lewskim, kt\u00f3ry rozpoczyna si\u0119 przy Placu Zamkowym i biegnie przez Krakowskie Przedmie\u015bcie do \u0141azienek Kr\u00f3lewskich (a dalej a\u017c do Wilanowa). Zobaczymy Pa\u0142ac Prezydencki, zabytkowy kampus Uniwersytetu Warszawskiego, pi\u0119kne ko\u015bcio\u0142y i kamienice. <\/span><\/span><\/span><\/p>\n<p><span style=\"font-family: Verdana, sans-serif;\"><span style=\"color: #000000;\"><span style=\"font-size: medium;\">Od Grobu Nieznanego \u017bo\u0142nierza przejdziemy przez Park Saski do Pa\u0142acu Nauki i Kultury \u2013 najwy\u017cszego i najbardziej rozpoznawalnego budynku w Warszawie. Wjedziemy na XXX pi\u0119tro by podziwia\u0107 panoram\u0119 stolicy z tarasu widokowego. <\/span><\/span><\/span><\/p>\n<p><span style=\"font-family: Verdana, sans-serif;\"><span style=\"color: #000000;\"><span style=\"font-size: medium;\">P\u00f3\u017anym popo\u0142udniem przejazd do miejsca zakwaterowania, obiadokolacja, nocleg<\/span><\/span><\/span><\/p>\n<p><span style=\"font-family: Verdana, sans-serif;\"><span style=\"color: #000000;\"><span style=\"font-size: medium;\">2 dzie\u0144 <\/span><\/span><\/span><\/p>\n<p><span style=\"font-family: Verdana, sans-serif;\"><span style=\"color: #000000;\"><span style=\"font-size: medium;\">Po \u015bniadaniu wyjazd na wycieczk\u0119 do Kampinowskiego Parku Narodowego, kt\u00f3ry ze wzgl\u0119du na swoje warto\u015bci przyrodnicze oraz znaczenie spo\u0142eczne w 2000 r. wraz ze stref\u0105 ochronn\u0105 zosta\u0142 uznany przez UNESCO za \u015awiatowy Rezerwat Biosfery \u201ePuszcza Kampinoska\u201d, a w 2004 r. wszed\u0142 w sk\u0142ad Europejskiej Sieci Ekologicznej Natura 2000. Jest jedynym parkiem narodowym na Mazowszu i jednym z niewielu na \u015bwiecie, kt\u00f3ry graniczy ze stolic\u0105 pa\u0144stwa. <\/span><\/span><\/span><\/p>\n<p><span style=\"font-family: Verdana, sans-serif;\"><span style=\"color: #000000;\"><span style=\"font-size: medium;\">Przejazd do Sochaczewa gdzie znajduje si\u0119 Muzeum Kolei W\u0105skotorowej mieszcz\u0105ce si\u0119 salach wystawowych oraz w skansenie na zewn\u0105trz budynku Stacji. Muzeum prezentuje dzieje kolejnictwa na \u015bwiecie i w Polsce a Skansen Stacji Muzeum stanowi najwi\u0119kszy zbi\u00f3r cennych pojazd\u00f3w szynowych w Polsce zgromadzony w jednym miejscu. Liczy 50 jednostek, zbudowanych w r\u00f3\u017cnych okresach historii kolejnictwa. Warte uwagi s\u0105 <\/span><\/span><\/span><span style=\"font-family: Verdana, sans-serif;\"><span style=\"color: #000000;\"><span style=\"font-size: medium;\">unikaty na skal\u0119 mi\u0119dzynarodow\u0105, tj.: Salonka Bieruta, poci\u0105g pancerny, parowozy r\u00f3\u017cnych typ\u00f3w, lokomotywy elektryczne, pojazdy trakcyjne spalinowe i tabor wagonowy.<\/span><\/span><\/span><\/p>\n<p><span style=\"font-family: Verdana, sans-serif;\"><span style=\"color: #000000;\"><span style=\"font-size: medium;\">Wyjazd poci\u0105giem Retro ze stacji Sochaczew W\u0105skotorowy. Wagony pasa\u017cerskie prowadzone s\u0105 przez zabytkow\u0105 lokomotyw\u0119 spalinow\u0105 lub parow\u00f3z na skraj Puszczy Kampinoskiej z zawrotn\u0105 pr\u0119dko\u015bci\u0105 15 kilometr\u00f3w na godzin\u0119! <\/span><\/span><\/span><\/p>\n<p><span style=\"font-family: Verdana, sans-serif;\"><span style=\"color: #000000;\"><span style=\"font-size: medium;\">Przyjazd do Wilcz Tu\u0142owickiech &#8211; spacer z przewodnikiem po lesie Kampinowskiego Parku Narodowego. Po spacerze odjazd poci\u0105giem do Tu\u0142owic.<\/span><\/span><\/span><\/p>\n<p><span style=\"font-family: Verdana, sans-serif;\"><span style=\"color: #000000;\"><span style=\"font-size: medium;\">Wyjazd autokarem do \u017belazowej Woli. Zobaczymy Dom Urodzenia Fryderyka Chopina oraz otaczaj\u0105cy go zabytkowy park. <\/span><\/span><\/span><\/p>\n<p><span style=\"font-family: Verdana, sans-serif;\"><span style=\"color: #000000;\"><span style=\"font-size: medium;\">Fryderyk Chopin urodzi\u0142 si\u0119 w maj\u0105tku hrabi\u00f3w Skarbk\u00f3w w \u017belazowej Woli, gdzie jego ojciec by\u0142 guwernerem, a matka spokrewniona ze Skarbkami, pomaga\u0142a im prowadzi\u0107 gospodarstwo. Chopinowie mieszkali w oficynie obok dworu. Kiedy Fryderyk mia\u0142 siedem miesi\u0119cy, rodzina przenios\u0142a si\u0119 na sta\u0142e do Warszawy. <\/span><\/span><\/span><\/p>\n<p><span style=\"font-family: Verdana, sans-serif;\"><span style=\"color: #000000;\"><span style=\"font-size: medium;\">W czasie zwiedzania 2-daniowy obiad. <\/span><\/span><\/span><\/p>\n<p><span style=\"font-family: Verdana, sans-serif;\"><span style=\"color: #000000;\"><span style=\"font-size: medium;\">Powr\u00f3t do Warszawy, zwiedzanie jednego z wybranych miejsc \u2013 np. Park \u0141azienkowski, Wilan\u00f3w, Muzeum Powstania Warszawskiego, Muzeum \u017byd\u00f3w Polskich, Muzeum Narodowe, Muzeum Techniki, Muzeum Wojska Polskiego, Telewizja Polska, Sejm RP, Pow\u0105zki etc. <\/span><\/span><\/span><\/p>\n<p><span style=\"font-family: Verdana, sans-serif;\"><span style=\"color: #000000;\"><span style=\"font-size: medium;\">K<\/span><\/span><span style=\"color: #000000;\"><span style=\"font-size: medium;\">olacja w miejscu zakwaterowania. <\/span><\/span><\/span><\/p>\n<p><span style=\"font-family: Verdana, sans-serif;\"><span style=\"color: #000000;\"><span style=\"font-size: medium;\">Wyj\u015bcie na przedstawienie teatralne dost\u0119pne wg repertuaru. <\/span><\/span><\/span><\/p>\n<p><span style=\"font-family: Verdana, sans-serif;\"><span style=\"color: #000000;\"><span style=\"font-size: medium;\">Powr\u00f3t na nocle<\/span><\/span><span style=\"color: #000000;\"><span style=\"font-size: medium;\">g.<\/span><\/span> <\/span><\/p>\n<p><span style=\"font-family: Verdana, sans-serif;\"><span style=\"color: #000000;\"><span style=\"font-size: medium;\">3 dzie\u0144 <\/span><\/span><\/span><\/p>\n<p><span style=\"font-family: Verdana, sans-serif;\"><span style=\"color: #000000;\"><span style=\"font-size: medium;\">Po \u015bniadaniu przejazd do Centrum Nauki Kopernik. W dwupoziomowej przestrzeni Kopernika znajduj\u0105 si\u0119 wystawy sta\u0142e i wystawa czasowa, obejmuj\u0105ce oko\u0142o 400 eksponat\u00f3w interaktywnych oraz dwa teatry \u2013 Teatr Robotyczny i Teatr Wysokich Napi\u0119\u0107. W Centrum nie ma ani \u015bcie\u017cek zwiedzania, ani tradycyjnych przewodnik\u00f3w, ale o wszystko mo\u017cna pyta\u0107 animator\u00f3w. Poza wystawami w Centrum Nauki Kopernik znajduje si\u0119 tak\u017ce planetarium. Z szerokiej oferty film\u00f3w i pokaz\u00f3w mo\u017cna wybra\u0107 co\u015b dla ka\u017cdej grupy wiekowej. <\/span><\/span><\/span><\/p>\n<p><span style=\"font-family: Verdana, sans-serif;\"><span style=\"color: #000000;\"><span style=\"font-size: medium;\">Przerwa na <\/span><\/span><\/span><span style=\"font-family: Verdana, sans-serif;\"><span style=\"color: #000000;\"><span style=\"font-size: medium;\">2-daniowy <\/span><\/span><\/span><span style=\"font-family: Verdana, sans-serif;\"><span style=\"color: #000000;\"><span style=\"font-size: medium;\">obiad . <\/span><\/span><\/span><\/p>\n<p><span style=\"font-family: Verdana, sans-serif;\"><span style=\"color: #000000;\"><span style=\"font-size: medium;\">Przejazd na Stadion Narodowy. Zwiedzanie obiektu otwartego na pi\u0142karskie Mistrzostwa Europy w 2012 r. Przej\u015bcie z przewodnikiem przez p\u0142yt\u0119 stadionu, trybuny, szatnie zawodnik\u00f3w. <\/span><\/span><\/span><\/p>\n<p><span style=\"font-family: Verdana, sans-serif;\"><span style=\"color: #000000;\"><span style=\"font-size: medium;\">W godzinach popo\u0142udniowych wyjazd w drog\u0119 powrotn\u0105. <\/span><\/span><i> <\/i><\/span><\/p>\n<p><span style=\"font-family: Verdana, sans-serif;\"><span style=\"color: #000000;\"><span style=\"font-size: medium;\">Powy\u017cszy program jest ramowy a kolejno\u015b\u0107 zwiedzania mo\u017ce ulec zmianie.<\/span><\/span><br \/>\n<\/span><\/p>\n<p><span style=\"font-family: Verdana, sans-serif;\"><span style=\"color: #000000;\"><span style=\"font-size: medium;\">CENA WYCIECZKI ZALE\u017bNA JEST OD DOK\u0141ADNEJ ILO\u015aCI UCZESTNIK\u00d3W I TERMINU JEJ REALIZACJI.<\/span><\/span><\/span><\/p>\n<p><span style=\"font-family: Verdana, sans-serif;\"><span style=\"color: #000000;\"><span style=\"font-size: medium;\">TERMIN WYCIECZKI \u2013 DO USTALENIA<\/span><\/span><\/span><\/p>\n<p><span style=\"font-family: Verdana, sans-serif;\"><span style=\"color: #000000;\"><span style=\"font-size: medium;\">DOK\u0141ADNY PROGRAM ZWIEDZANIA DOPASUJEMY DO WYJAZDU Z DOWOLNEGO MIEJSCA W POLSCE. <\/span><\/span><\/span><\/p>\n<p><span style=\"font-family: Verdana, sans-serif;\"><span style=\"color: #000000;\"><span style=\"font-size: medium;\">\u015awiadczenia przewidziane w cenie: <\/span><\/span><\/span><\/p>\n<ul>\n<li><span style=\"color: #000000;\"><span style=\"font-family: Verdana, sans-serif;\"><span style=\"font-size: medium;\">transport autokarem klasy turystycznej (opcjonalnie);<\/span><\/span><\/span><\/li>\n<li><span style=\"color: #000000;\"><span style=\"font-family: Verdana, sans-serif;\"><span style=\"font-size: medium;\">2 noclegi w obiekcie noclegowym wybranej kategorii cenowej (hotelu, schronisku szkolnym, schronisku itd.);<\/span><\/span><\/span><\/li>\n<li><span style=\"color: #000000;\"><span style=\"font-family: Verdana, sans-serif;\"><span style=\"font-size: medium;\">wy\u017cywienie zgodne z programem \u2013 2 kolacje, 2 \u015bniadania, 2 obiady;<\/span><\/span><\/span><\/li>\n<li><span style=\"color: #000000;\"><span style=\"font-family: Verdana, sans-serif;\"><span style=\"font-size: medium;\">opieka pilota;<\/span><\/span><\/span><\/li>\n<li><span style=\"color: #000000;\"><span style=\"font-family: Verdana, sans-serif;\"><span style=\"font-size: medium;\">us\u0142uga przewodnicka;<\/span><\/span><\/span><\/li>\n<li><span style=\"color: #000000;\"><span style=\"font-family: Verdana, sans-serif;\"><span style=\"font-size: medium;\">bilety wst\u0119pu do zwiedzanych obiekt\u00f3w \u2013 PKiN, PGE Narodowy, CN Kopernik, Dom Urodzenia Fryderyka Chopina, Muzeum Kolei W\u0105skotorowej i przejazd poci\u0105giem Retro, bilet wst\u0119pu do obiektu zwiedzanego 2 dnia po po\u0142udniu. <\/span><\/span><\/span><\/li>\n<\/ul>\n<p><span style=\"font-family: Verdana, sans-serif;\"><span style=\"color: #000000;\"><span style=\"font-size: medium;\">Przedstawion\u0105 propozycj\u0119 mo\u017cna modyfikowa\u0107 i wprowadzi\u0107 do programu zwiedzania m.in. nast\u0119puj\u0105ce atrakcje:<\/span><\/span><\/span><\/p>\n<p><span style=\"font-family: Verdana, sans-serif;\"><span style=\"color: #000000;\"><span style=\"font-size: medium;\">Zwiedzanie Muzeum Powstania Warszawskiego kt\u00f3re mie\u015bci si\u0119 w dawnej elektrowni tramwajowej, zabytku architektury przemys\u0142owej z pocz\u0105tku XX w. Obiekt b\u0119d\u0105cy wyrazem ho\u0142du warszawiak\u00f3w wobec tych, kt\u00f3rzy walczyli i gin\u0119li za woln\u0105 Polsk\u0119 i jej stolic\u0119 zgromadzi\u0142 ponad 30 000 eksponat\u00f3w.<\/span><\/span><\/span><\/p>\n<p><span style=\"font-family: Verdana, sans-serif;\"><span style=\"color: #000000;\"><span style=\"font-size: medium;\">Pa\u0142ac w Wilanowie &#8211; zwiedzanie i spacer po ogrodach barokowej rezydencji kr\u00f3la Jana III Sobieskiego. Zabytek zachowa\u0142 niezmienion\u0105 form\u0119 mimo zabor\u00f3w, wojen i okupacji. \u0141azienki Kr\u00f3lewskie &#8211; spacer po jednym z najpi\u0119kniejszych zespo\u0142\u00f3w pa\u0142acowo-ogrodowych w Europie, dawnej rezydencji kr\u00f3la Stanis\u0142awa Augusta Poniatowskiego. <\/span><\/span><\/span><\/p>\n<p><span style=\"font-family: Verdana, sans-serif;\"><span style=\"color: #000000;\"><span style=\"font-size: medium;\">Stare Pow\u0105zki \u2013 Aleja Zas\u0142u\u017conych, miejsce spoczynku wielu wybitnych Polak\u00f3w. <\/span><\/span><\/span><\/p>\n<p><span style=\"font-family: Verdana, sans-serif;\"><span style=\"color: #000000;\"><span style=\"font-size: medium;\">Zwiedzanie Sejmu RP &#8211; trasa zwiedzania obejmuje przej\u015bcie podziemnym korytarzem, gdzie prezentowana jest wystawa dotycz\u0105ca sejmowania w okresie I Rzeczpospolitej, a tak\u017ce makieta wsp\u00f3\u0142czesnego kompleksu budynk\u00f3w sejmowych, wizyt\u0119 na galerii Sali Posiedze\u0144 Sejmu oraz kr\u00f3tk\u0105 prelekcj\u0119 dotycz\u0105c\u0105 historii i wsp\u00f3\u0142czesno\u015bci polskiego parlamentaryzmu. <\/span><\/span><\/span><\/p>\n<p><span style=\"font-family: Verdana, sans-serif;\"><span style=\"color: #000000;\"><span style=\"font-size: medium;\">Przejazd metrem &#8211; jedynym w Polsce systemem kolei podziemnej, sk\u0142adaj\u0105cy si\u0119 z dw\u00f3ch linii: M1 i M2. Muzeum Narodowe przedstawia kolekcj\u0119 ponad 830 tysi\u0119cy eksponat\u00f3w ze wszystkich epok, od antyku do wsp\u00f3\u0142czesno\u015bci. Znajdziemy tutaj mi\u0119dzy innymi \u201eBitw\u0119 pod Grunwaldem\u201d Jana Matejki. <\/span><\/span><\/span><\/p>\n<p><span style=\"font-family: Verdana, sans-serif;\"><span style=\"color: #000000;\"><span style=\"font-size: medium;\">Muzeum \u017byd\u00f3w Polskich POLIN &#8211; interaktywna wystawa przywraca pami\u0119\u0107 o bogatej, tysi\u0105cletniej historii dw\u00f3ch narod\u00f3w: polskiego i \u017cydowskiego. <\/span><\/span><\/span><\/p>\n<p><span style=\"font-family: Verdana, sans-serif;\"><span style=\"color: #000000;\"><span style=\"font-size: medium;\">Telewizja Polska &#8211; zwiedzanie obejmuje m.in.: wizyt\u0119 w studiach telewizyjnych, pomieszczeniach re\u017cyserskich, muzeum TVP S.A. <\/span><\/span><\/span><\/p>\n<p><span style=\"font-family: Verdana, sans-serif;\"><span style=\"color: #000000;\"><span style=\"font-size: medium;\">Zwiedzanie Portu Lotniczego \u201eOk\u0119cie\u201d, Muzeum Techniki, Muzeum Wojska Polskiego, Centrum Pieni\u0105dza, ZOO, rejs po Wi\u015ble etc.etc.<\/span><\/span><br \/>\n<\/span><\/p>\n<p lang=\"pl\">\n","protected":false},"excerpt":{"rendered":"<p>3-dniowa Wycieczka do Warszawy i Kampinowskiego Parku Narodowego, Stadion Narodowy, Stare Miasto, Trakt Kr\u00f3lewski, PKiN, Centrum Nauki Kopernik, Dom Urodzenia Fryderyka Chopina w \u017belazowej Woli, spacer po Puszczy Kampinowskiej, przejazd zabytkowym poci\u0105giem RETRO. Ramowy program wycieczki 1 dzie\u0144 Wyjazd z &hellip; <a class=\"more-link\" href=\"https:\/\/zamosc.pttk.pl\/wordpress\/?page_id=16174\">Czytaj dalej <span class=\"meta-nav\">&rarr;<\/span><\/a><\/p>\n","protected":false},"author":1,"featured_media":0,"parent":0,"menu_order":0,"comment_status":"closed","ping_status":"closed","template":"","meta":{"footnotes":""},"class_list":["post-16174","page","type-page","status-publish","hentry"],"_links":{"self":[{"href":"https:\/\/zamosc.pttk.pl\/wordpress\/index.php?rest_route=\/wp\/v2\/pages\/16174","targetHints":{"allow":["GET"]}}],"collection":[{"href":"https:\/\/zamosc.pttk.pl\/wordpress\/index.php?rest_route=\/wp\/v2\/pages"}],"about":[{"href":"https:\/\/zamosc.pttk.pl\/wordpress\/index.php?rest_route=\/wp\/v2\/types\/page"}],"author":[{"embeddable":true,"href":"https:\/\/zamosc.pttk.pl\/wordpress\/index.php?rest_route=\/wp\/v2\/users\/1"}],"replies":[{"embeddable":true,"href":"https:\/\/zamosc.pttk.pl\/wordpress\/index.php?rest_route=%2Fwp%2Fv2%2Fcomments&post=16174"}],"version-history":[{"count":8,"href":"https:\/\/zamosc.pttk.pl\/wordpress\/index.php?rest_route=\/wp\/v2\/pages\/16174\/revisions"}],"predecessor-version":[{"id":16394,"href":"https:\/\/zamosc.pttk.pl\/wordpress\/index.php?rest_route=\/wp\/v2\/pages\/16174\/revisions\/16394"}],"wp:attachment":[{"href":"https:\/\/zamosc.pttk.pl\/wordpress\/index.php?rest_route=%2Fwp%2Fv2%2Fmedia&parent=16174"}],"curies":[{"name":"wp","href":"https:\/\/api.w.org\/{rel}","templated":true}]}}