{"id":16114,"date":"2020-03-31T20:10:13","date_gmt":"2020-03-31T18:10:13","guid":{"rendered":"http:\/\/www.zamosc.pttk.pl\/wordpress\/?page_id=16114"},"modified":"2020-03-31T20:19:19","modified_gmt":"2020-03-31T18:19:19","slug":"baltowski-kompleks-turystyczny","status":"publish","type":"page","link":"https:\/\/zamosc.pttk.pl\/wordpress\/?page_id=16114","title":{"rendered":"Ba\u0142towski Kompleks Turystyczny"},"content":{"rendered":"<p><span style=\"font-size: 16px;\">Park Rozrywki<\/span><\/p>\n<p style=\"text-align: justify;\"><span style=\"font-family: Verdana, sans-serif;\">Ba\u0142towski Kompleks Turystyczny to park rozrywki zr\u00f3\u017cnicowany pod wzgl\u0119dem atrakcji i proponowanych aktywno\u015bci, w\u015br\u00f3d kt\u00f3rych znajduj\u0105 si\u0119 mi\u0119dzy innymi:<\/span><\/p>\n<p style=\"text-align: justify;\"><span style=\"font-family: Verdana, sans-serif;\"><strong>Jurapark<\/strong> czyli park dinozaur\u00f3w to miejsce gdzie mo\u017cna zobaczy\u0107 blisko 100 modeli dinozaur\u00f3w naturalnej wielko\u015bci. Ca\u0142a trasa zosta\u0142a podzielona na okresy geologiczne, dzi\u0119ki czemu odwiedzaj\u0105cy mog\u0105 chronologicznie poznawa\u0107 burzliw\u0105 histori\u0119 rozwoju \u017cycia na Ziemi. <\/span><\/p>\n<p style=\"text-align: justify;\"><span style=\"font-family: Verdana, sans-serif;\"><strong>Muzeum Jurajskie<\/strong> prezentuje wystaw\u0119 \u201ePowr\u00f3t do przesz\u0142o\u015bci\u201d kt\u00f3ra zapoznaje zwiedzaj\u0105cych z dziejami \u017cycia na naszej planecie.<\/span><\/p>\n<p style=\"text-align: justify;\"><span style=\"font-family: Verdana, sans-serif;\"><strong>Ba\u0142towski Zwierzyniec<\/strong> zapewnia spotkanie z r\u00f3\u017cnobarwnym \u015bwiatem ptak\u00f3w i licznych ssak\u00f3w takich jak: kuce, os\u0142y, zabawne ma\u0142pki makaki i przesympatyczne surykatki. <\/span><\/p>\n<p style=\"text-align: justify;\"><span style=\"font-family: Verdana, sans-serif;\"><strong>Kino Emocji Cinema 5D<\/strong> to miejsce gdzie <\/span><span style=\"font-family: Verdana, sans-serif;\">wy\u015bwietlane s\u0105 filmy o r\u00f3\u017cnym charakterze, dopasowane do wieku uczestnik\u00f3w wycieczki. <\/span><\/p>\n<p style=\"text-align: justify;\"><span style=\"font-family: Verdana, sans-serif;\"><strong>Rollercoaster<\/strong> to <\/span><span style=\"font-family: Verdana, sans-serif;\">ba\u0142towska kolejka g\u00f3rska dostarczaj\u0105ca zje\u017cd\u017caj\u0105cym du\u017co rado\u015bci i emocji. Atrakcja dla dzieci, kt\u00f3re uko\u0144czy\u0142y 10 lat i maj\u0105 minimum 140 cm wzrostu.<\/span><\/p>\n<p style=\"text-align: justify;\"><span style=\"font-family: Verdana, sans-serif;\"><strong>Polska w Miniaturze<\/strong> to miejsce prezentuj\u0105ce <\/span><span style=\"font-family: Verdana, sans-serif;\">49 miniatur (w skali 1:25) zamk\u00f3w i pa\u0142ac\u00f3w polskich przedstawionych w okresie ich \u015bwietno\u015bci. <\/span><\/p>\n<p style=\"text-align: justify;\"><span style=\"font-family: Verdana, sans-serif;\">Powy\u017csze atrakcje to tylko niekt\u00f3re propozycje Ba\u0142towskiego Kompleksu Turystycznego. Ich wyb\u00f3r zostanie dostosowany do wieku uczestnik\u00f3w wycieczki, terminu ich wizyty i dost\u0119pno\u015bci poszczeg\u00f3lnych atrakcji. <\/span><\/p>\n<p><span style=\"font-family: Verdana, sans-serif;\">Wi\u0119cej informacji na <a href=\"https:\/\/juraparkbaltow.pl\">www.juraparkbaltow.pl<\/a><\/span><\/p>\n<p><span style=\"font-family: Verdana, sans-serif; font-size: 16px;\">Ramowy program wycieczki:<\/span><\/p>\n<p><span style=\"font-family: Verdana, sans-serif;\">Wyjazd z um\u00f3wionego miejsca w godzinach porannych. <\/span><\/p>\n<p><span style=\"font-family: Verdana, sans-serif;\">Zabawa, nauka i rozrywka na terenie Ba\u0142towskiego Kompleksu Jurajskiego.<\/span><\/p>\n<p><span style=\"font-family: Verdana, sans-serif;\">W trakcie pobytu obiad 2-daniowy. <\/span><\/p>\n<p><span style=\"font-family: Verdana, sans-serif;\">Powr\u00f3t w godzinach popo\u0142udniowych\/wieczornych.<\/span><\/p>\n<hr \/>\n<p><span style=\"font-family: Verdana, sans-serif;\">CENA WYCIECZKI ZALE\u017bNA JEST OD DOK\u0141ADNEJ ILO\u015aCI UCZESTNIK\u00d3W, OPIEKUN\u00d3W I TERMINU JEJ REALIZACJI.<\/span><\/p>\n<p>TERMIN WYCIECZKI \u2013 DO USTALENIA<\/p>\n<hr \/>\n<p><span style=\"font-size: 16px;\"><span style=\"font-family: Verdana, sans-serif;\">\u015a<\/span><span style=\"font-family: Verdana, sans-serif;\">wiadczenia przewidziane w programie:<\/span><\/span><\/p>\n<ul>\n<li><span style=\"font-family: Verdana, sans-serif;\">transport autokarem klasy turystycznej,<\/span><\/li>\n<li><span style=\"font-family: Verdana, sans-serif;\">opieka pilota na trasie przejazdu,<\/span><\/li>\n<li><span style=\"font-family: Verdana, sans-serif;\">bilet wst\u0119pu do Ba\u0142towskiego Kompleksu Jurajskiego,<\/span><\/li>\n<li><span style=\"font-family: Verdana, sans-serif;\">opieka przewodnika na terenie kompleksu,<\/span><\/li>\n<li><span style=\"font-family: Verdana, sans-serif;\">obiad dwudaniowy z napojem.<\/span><\/li>\n<\/ul>\n<hr \/>\n<p style=\"text-align: right;\"><em><span style=\"color: #195412; font-size: 14px;\"><span style=\"font-family: Verdana, sans-serif;\">Przedstawion\u0105 propozycj\u0119 mo\u017cna modyfikowa\u0107 zgodnie z \u017cyczeniem grupy.<\/span><\/span><\/em><\/p>\n<p><span style=\"font-family: Verdana, sans-serif;\">SERDECZNIE ZAPRASZAMY !!!<\/span><\/p>\n","protected":false},"excerpt":{"rendered":"<p>Park Rozrywki Ba\u0142towski Kompleks Turystyczny to park rozrywki zr\u00f3\u017cnicowany pod wzgl\u0119dem atrakcji i proponowanych aktywno\u015bci, w\u015br\u00f3d kt\u00f3rych znajduj\u0105 si\u0119 mi\u0119dzy innymi: Jurapark czyli park dinozaur\u00f3w to miejsce gdzie mo\u017cna zobaczy\u0107 blisko 100 modeli dinozaur\u00f3w naturalnej wielko\u015bci. Ca\u0142a trasa zosta\u0142a podzielona &hellip; <a class=\"more-link\" href=\"https:\/\/zamosc.pttk.pl\/wordpress\/?page_id=16114\">Czytaj dalej <span class=\"meta-nav\">&rarr;<\/span><\/a><\/p>\n","protected":false},"author":1,"featured_media":0,"parent":0,"menu_order":0,"comment_status":"closed","ping_status":"closed","template":"","meta":{"footnotes":""},"class_list":["post-16114","page","type-page","status-publish","hentry"],"_links":{"self":[{"href":"https:\/\/zamosc.pttk.pl\/wordpress\/index.php?rest_route=\/wp\/v2\/pages\/16114","targetHints":{"allow":["GET"]}}],"collection":[{"href":"https:\/\/zamosc.pttk.pl\/wordpress\/index.php?rest_route=\/wp\/v2\/pages"}],"about":[{"href":"https:\/\/zamosc.pttk.pl\/wordpress\/index.php?rest_route=\/wp\/v2\/types\/page"}],"author":[{"embeddable":true,"href":"https:\/\/zamosc.pttk.pl\/wordpress\/index.php?rest_route=\/wp\/v2\/users\/1"}],"replies":[{"embeddable":true,"href":"https:\/\/zamosc.pttk.pl\/wordpress\/index.php?rest_route=%2Fwp%2Fv2%2Fcomments&post=16114"}],"version-history":[{"count":5,"href":"https:\/\/zamosc.pttk.pl\/wordpress\/index.php?rest_route=\/wp\/v2\/pages\/16114\/revisions"}],"predecessor-version":[{"id":16120,"href":"https:\/\/zamosc.pttk.pl\/wordpress\/index.php?rest_route=\/wp\/v2\/pages\/16114\/revisions\/16120"}],"wp:attachment":[{"href":"https:\/\/zamosc.pttk.pl\/wordpress\/index.php?rest_route=%2Fwp%2Fv2%2Fmedia&parent=16114"}],"curies":[{"name":"wp","href":"https:\/\/api.w.org\/{rel}","templated":true}]}}