{"id":16109,"date":"2020-03-31T19:57:35","date_gmt":"2020-03-31T17:57:35","guid":{"rendered":"http:\/\/www.zamosc.pttk.pl\/wordpress\/?page_id=16109"},"modified":"2020-03-31T19:59:59","modified_gmt":"2020-03-31T17:59:59","slug":"farma-iluzji","status":"publish","type":"page","link":"https:\/\/zamosc.pttk.pl\/wordpress\/?page_id=16109","title":{"rendered":"Farma Iluzji"},"content":{"rendered":"<p><span style=\"font-size: 16px;\">Park Rozrywki<\/span><\/p>\n<p style=\"text-align: justify;\"><span style=\"font-family: Verdana, sans-serif;\">Farma Iluzji to park rozrywki zapewniaj\u0105cy w jednym miejscu przestrze\u0144 zar\u00f3wno do zabawy jak i nauki. Na terenie parku znajduje si\u0119 ponad 60 zadziwiaj\u0105cych atrakcji, z kt\u00f3rych ka\u017cda skrywa zagadk\u0119 do rozwi\u0105zania lub tajemnic\u0119 do odkrycia. Farma Iluzji zapewnia najlepsz\u0105 form\u0119 edukacji \u2013 poprzez zabaw\u0119.<br \/>\nNa terenie Farmy Iluzji zobaczymy mi\u0119dzy innymi: Muzeum Iluzji i Lataj\u0105ca Chata Tajemnic, Lewituj\u0105cy Kran, Przewr\u00f3cony Pok\u00f3j, Wiklinowy Labirynt, Tunel Zapomnienia, Lasek Do\u015bwiadcze\u0144, Zakl\u0119ty Staw, Szlak Trapera, Zakr\u0119cony Domek, Lustrzany Labirynt, mini ZOO, Grobowiec Faraona, Papugarnia, Ruchomy Krokodyl, Rezerwat Smok\u00f3w, Nowa Zatoka Pirat\u00f3w itd.<br \/>\n<\/span><span style=\"font-family: Verdana, sans-serif;\">Powy\u017csze atrakcje to tylko niekt\u00f3re propozycje Farmy Iluzji. Ich wyb\u00f3r zostanie dostosowany do wieku uczestnik\u00f3w wycieczki, terminu ich wizyty i dost\u0119pno\u015bci poszczeg\u00f3lnych atrakcji. <\/span><\/p>\n<p><span style=\"font-family: Verdana, sans-serif;\">Wi\u0119cej informacji na <a href=\"https:\/\/farmailuzji.pl\/pol\">https:\/\/farmailuzji.pl<\/a><\/span><\/p>\n<hr \/>\n<p><span style=\"font-family: Verdana, sans-serif; font-size: 16px;\">Ramowy program wycieczki:<\/span><\/p>\n<p><span style=\"font-family: Verdana, sans-serif;\">Wyjazd z um\u00f3wionego miejsca w godzinach porannych. <\/span><\/p>\n<p><span style=\"font-family: Verdana, sans-serif;\">Zabawa, nauka i rozrywka na terenie Farmy Iluzji. <\/span><\/p>\n<p><span style=\"font-family: Verdana, sans-serif;\">W trakcie pobytu obiad 2-daniowy. <\/span><\/p>\n<p><span style=\"font-family: Verdana, sans-serif;\">Powr\u00f3t w godzinach popo\u0142udniowych\/wieczornych.<\/span><\/p>\n<hr \/>\n<p><span style=\"font-family: Verdana, sans-serif;\">CENA WYCIECZKI ZALE\u017bNA JEST OD DOK\u0141ADNEJ ILO\u015aCI UCZESTNIK\u00d3W, OPIEKUN\u00d3W I TERMINU JEJ REALIZACJI.<\/span><\/p>\n<p>TERMIN WYCIECZKI \u2013 DO USTALENIA<\/p>\n<hr \/>\n<p><span style=\"font-family: Verdana, sans-serif;\">\u015a<\/span><span style=\"font-family: Verdana, sans-serif;\">wiadczenia przewidziane w programie:<\/span><\/p>\n<ul>\n<li><span style=\"font-family: Verdana, sans-serif;\">transport autokarem klasy turystycznej; <\/span><\/li>\n<li><span style=\"font-family: Verdana, sans-serif;\">opieka pilota na trasie przejazdu;<\/span><\/li>\n<li><span style=\"font-family: Verdana, sans-serif;\">bilet wst\u0119pu do parku rozrywki Farma Iluzji; <\/span><\/li>\n<li><span style=\"font-family: Verdana, sans-serif;\">opieka przewodnika na terenie kompleksu; <\/span><\/li>\n<li><span style=\"font-family: Verdana, sans-serif;\">obiad dwudaniowy z napojem.<\/span><\/li>\n<\/ul>\n<hr \/>\n<p style=\"text-align: right;\"><em><span style=\"font-family: Verdana, sans-serif;\">Przedstawion\u0105 propozycj\u0119 mo\u017cna modyfikowa\u0107 zgodnie z \u017cyczeniem grupy.<\/span><\/em><\/p>\n<p><span style=\"font-family: Verdana, sans-serif;\">SERDECZNIE ZAPRASZAMY !!!<\/span><\/p>\n","protected":false},"excerpt":{"rendered":"<p>Park Rozrywki Farma Iluzji to park rozrywki zapewniaj\u0105cy w jednym miejscu przestrze\u0144 zar\u00f3wno do zabawy jak i nauki. Na terenie parku znajduje si\u0119 ponad 60 zadziwiaj\u0105cych atrakcji, z kt\u00f3rych ka\u017cda skrywa zagadk\u0119 do rozwi\u0105zania lub tajemnic\u0119 do odkrycia. Farma Iluzji &hellip; <a class=\"more-link\" href=\"https:\/\/zamosc.pttk.pl\/wordpress\/?page_id=16109\">Czytaj dalej <span class=\"meta-nav\">&rarr;<\/span><\/a><\/p>\n","protected":false},"author":1,"featured_media":0,"parent":0,"menu_order":0,"comment_status":"closed","ping_status":"closed","template":"","meta":{"footnotes":""},"class_list":["post-16109","page","type-page","status-publish","hentry"],"_links":{"self":[{"href":"https:\/\/zamosc.pttk.pl\/wordpress\/index.php?rest_route=\/wp\/v2\/pages\/16109","targetHints":{"allow":["GET"]}}],"collection":[{"href":"https:\/\/zamosc.pttk.pl\/wordpress\/index.php?rest_route=\/wp\/v2\/pages"}],"about":[{"href":"https:\/\/zamosc.pttk.pl\/wordpress\/index.php?rest_route=\/wp\/v2\/types\/page"}],"author":[{"embeddable":true,"href":"https:\/\/zamosc.pttk.pl\/wordpress\/index.php?rest_route=\/wp\/v2\/users\/1"}],"replies":[{"embeddable":true,"href":"https:\/\/zamosc.pttk.pl\/wordpress\/index.php?rest_route=%2Fwp%2Fv2%2Fcomments&post=16109"}],"version-history":[{"count":3,"href":"https:\/\/zamosc.pttk.pl\/wordpress\/index.php?rest_route=\/wp\/v2\/pages\/16109\/revisions"}],"predecessor-version":[{"id":16113,"href":"https:\/\/zamosc.pttk.pl\/wordpress\/index.php?rest_route=\/wp\/v2\/pages\/16109\/revisions\/16113"}],"wp:attachment":[{"href":"https:\/\/zamosc.pttk.pl\/wordpress\/index.php?rest_route=%2Fwp%2Fv2%2Fmedia&parent=16109"}],"curies":[{"name":"wp","href":"https:\/\/api.w.org\/{rel}","templated":true}]}}