{"id":16027,"date":"2020-03-22T14:33:26","date_gmt":"2020-03-22T13:33:26","guid":{"rendered":"http:\/\/www.zamosc.pttk.pl\/wordpress\/?page_id=16027"},"modified":"2020-03-23T16:46:52","modified_gmt":"2020-03-23T15:46:52","slug":"sandomierz-i-gory-pieprzowe","status":"publish","type":"page","link":"https:\/\/zamosc.pttk.pl\/wordpress\/?page_id=16027","title":{"rendered":"Sandomierz i G\u00f3ry Pieprzowe"},"content":{"rendered":"<p><span style=\"font-size: 16px;\">Sandomierz, G\u00f3ry Pieprzowe i rejs statkiem po Wi\u015ble<\/span><\/p>\n<p style=\"text-align: justify;\">Ramowy program wycieczki<\/p>\n<p>Wyjazd z um\u00f3wionego miejsca w godzinach porannych.<br \/>\nPrzejazd do Sandomierza \u2013 jednego z najpi\u0119kniejszych miast w Polsce, malowniczo po\u0142o\u017conego na nadwi\u015bla\u0144skiej skarpie, kt\u00f3ra stanowi strome zako\u0144czenie G\u00f3r Pieprzowych.<br \/>\nPrzejazd na punkt widokowy w Rezerwacie G\u00f3ry Pieprzowe. \u201ePieprz\u00f3wki&#8221; to najstarsze g\u00f3ry w Polsce. Ich nazwa jest zwi\u0105zana jest z barw\u0105 budulca &#8211; \u0142upk\u00f3w kambryjskich, przypominaj\u0105cych swym kolorem pieprz. Z punktu widokowego roztacza si\u0119 panorama miasta malowniczo po\u0142o\u017conego nad Wis\u0142\u0105.<br \/>\n<a href=\"http:\/\/www.zamosc.pttk.pl\/wordpress\/wp-content\/uploads\/2020\/03\/san2.jpg\"><img loading=\"lazy\" decoding=\"async\" class=\" wp-image-16060 alignnone alignleft\" src=\"http:\/\/www.zamosc.pttk.pl\/wordpress\/wp-content\/uploads\/2020\/03\/san2-300x225.jpg\" alt=\"\" width=\"300\" height=\"225\" srcset=\"https:\/\/zamosc.pttk.pl\/wordpress\/wp-content\/uploads\/2020\/03\/san2-300x225.jpg 300w, https:\/\/zamosc.pttk.pl\/wordpress\/wp-content\/uploads\/2020\/03\/san2-200x150.jpg 200w, https:\/\/zamosc.pttk.pl\/wordpress\/wp-content\/uploads\/2020\/03\/san2-768x576.jpg 768w, https:\/\/zamosc.pttk.pl\/wordpress\/wp-content\/uploads\/2020\/03\/san2-400x300.jpg 400w, https:\/\/zamosc.pttk.pl\/wordpress\/wp-content\/uploads\/2020\/03\/san2.jpg 800w\" sizes=\"auto, (max-width: 300px) 100vw, 300px\" \/><\/a>Spacer po Sandomierzu podczas kt\u00f3rego zobaczymy mi\u0119dzy innymi: sandomierskie w\u0105wozy lessowe &#8211; Kr\u00f3lowej Jadwigi oraz Piszczele, Ucho Igielne, Brama Opatowska, Bazylika katedralna, dziedziniec zamkowy, Dom D\u0142ugosza, Collegium Gostomianum, Rynek z Ratuszem i zabytkowymi kamienicami.<br \/>\nPodczas spaceru wizyta w \u015bredniowiecznej Zbrojowni Rycerskiej, gdzie uczestnicy wycieczki zapoznaj\u0105 si\u0119 z histori\u0105 miasta, przymierz\u0105 zbroje rycerskie, wezm\u0105 do r\u0119ki miecz, kusz\u0119, halabard\u0119. Zbrojownia jest jednym z najch\u0119tniej odwiedzanych obiekt\u00f3w turystycznych w Sandomierzu.<\/p>\n<hr \/>\n<p style=\"text-align: justify;\">W trakcie pobytu obiad 2-daniowy z napojem a na zako\u0144czenie rejs statkiem po Wi\u015ble.<br \/>\nW godzinach popo\u0142udniowych wyjazd w drog\u0119 powrotn\u0105.<\/p>\n<hr \/>\n<p style=\"text-align: justify;\"><em>W miar\u0119 mo\u017cliwo\u015bci czasowych wej\u015bcie na punkt widokowy na Bramie Opatowskiej \u2013 jedynej zachowanej spo\u015br\u00f3d czterech bram wjazdowych do Sandomierza lub przej\u015bcie Podziemn\u0105 Tras\u0105 Turystyczn\u0105 czyli zespo\u0142em dawnych miejskich piwnic i sk\u0142ad\u00f3w. Obie atrakcje dodatkowo p\u0142atne (wg aktualnego cennika).<\/em><\/p>\n<hr \/>\n<p style=\"text-align: justify;\">Cena wycieczki zale\u017cna jest od dok\u0142adnej ilo\u015bci uczestnik\u00f3w, opiekun\u00f3w i terminu jej realizacji.<br \/>\nTermin wycieczki \u2013 do ustalenia.<\/p>\n<hr \/>\n<p>\u015awiadczenia zawarte w cenie:<\/p>\n<ul>\n<li>transport autokarem klasy turystycznej<\/li>\n<li>opieka pilota &#8211; przewodnika<\/li>\n<li>rejs statkiem wycieczkowym po Wi\u015ble<\/li>\n<li>obiad 2-daniowy z napojem<\/li>\n<li>bilet wst\u0119pu do Zbrojowni Rycerskiej<\/li>\n<\/ul>\n<hr \/>\n<p style=\"text-align: right;\"><em>Powy\u017cszy program jest ramowy a kolejno\u015b\u0107 zwiedzania mo\u017ce ulec zmianie.<\/em><br \/>\n<em>Przedstawion\u0105 propozycj\u0119 mo\u017cna modyfikowa\u0107 zgodnie z \u017cyczeniem grupy.<\/em><\/p>\n<p>&nbsp;<\/p>\n","protected":false},"excerpt":{"rendered":"<p>Sandomierz, G\u00f3ry Pieprzowe i rejs statkiem po Wi\u015ble Ramowy program wycieczki Wyjazd z um\u00f3wionego miejsca w godzinach porannych. Przejazd do Sandomierza \u2013 jednego z najpi\u0119kniejszych miast w Polsce, malowniczo po\u0142o\u017conego na nadwi\u015bla\u0144skiej skarpie, kt\u00f3ra stanowi strome zako\u0144czenie G\u00f3r Pieprzowych. Przejazd &hellip; <a class=\"more-link\" href=\"https:\/\/zamosc.pttk.pl\/wordpress\/?page_id=16027\">Czytaj dalej <span class=\"meta-nav\">&rarr;<\/span><\/a><\/p>\n","protected":false},"author":1,"featured_media":0,"parent":0,"menu_order":0,"comment_status":"closed","ping_status":"closed","template":"","meta":{"footnotes":""},"class_list":["post-16027","page","type-page","status-publish","hentry"],"_links":{"self":[{"href":"https:\/\/zamosc.pttk.pl\/wordpress\/index.php?rest_route=\/wp\/v2\/pages\/16027","targetHints":{"allow":["GET"]}}],"collection":[{"href":"https:\/\/zamosc.pttk.pl\/wordpress\/index.php?rest_route=\/wp\/v2\/pages"}],"about":[{"href":"https:\/\/zamosc.pttk.pl\/wordpress\/index.php?rest_route=\/wp\/v2\/types\/page"}],"author":[{"embeddable":true,"href":"https:\/\/zamosc.pttk.pl\/wordpress\/index.php?rest_route=\/wp\/v2\/users\/1"}],"replies":[{"embeddable":true,"href":"https:\/\/zamosc.pttk.pl\/wordpress\/index.php?rest_route=%2Fwp%2Fv2%2Fcomments&post=16027"}],"version-history":[{"count":5,"href":"https:\/\/zamosc.pttk.pl\/wordpress\/index.php?rest_route=\/wp\/v2\/pages\/16027\/revisions"}],"predecessor-version":[{"id":16075,"href":"https:\/\/zamosc.pttk.pl\/wordpress\/index.php?rest_route=\/wp\/v2\/pages\/16027\/revisions\/16075"}],"wp:attachment":[{"href":"https:\/\/zamosc.pttk.pl\/wordpress\/index.php?rest_route=%2Fwp%2Fv2%2Fmedia&parent=16027"}],"curies":[{"name":"wp","href":"https:\/\/api.w.org\/{rel}","templated":true}]}}