{"id":16024,"date":"2020-03-22T14:28:08","date_gmt":"2020-03-22T13:28:08","guid":{"rendered":"http:\/\/www.zamosc.pttk.pl\/wordpress\/?page_id=16024"},"modified":"2020-03-23T16:43:44","modified_gmt":"2020-03-23T15:43:44","slug":"sandomierz-i-baranow-sandomierski","status":"publish","type":"page","link":"https:\/\/zamosc.pttk.pl\/wordpress\/?page_id=16024","title":{"rendered":"Sandomierz i Baran\u00f3w Sandomierski"},"content":{"rendered":"<p style=\"text-align: justify;\"><span style=\"font-size: 16px; color: #993300;\">Ramowy program wycieczki<\/span><\/p>\n<p style=\"text-align: justify;\">Wyjazd z um\u00f3wionego miejsca w godzinach porannych.<br \/>\nPrzejazd do Baranowa Sandomierskiego &#8211; zwiedzanie XVI -wiecznego zamku, per\u0142y architektury renesansowej, nazywanego Ma\u0142ym Wawelem. Spacer po arkadowym dziedzi\u0144cu zamku, secesyjnej kaplicy zamkowej i historycznych wn\u0119trzach zamku. Orientacyjny czas zwiedzania \u2013 ok. 1 godz.<br \/>\n<a href=\"http:\/\/www.zamosc.pttk.pl\/wordpress\/wp-content\/uploads\/2020\/03\/sandomierz1.jpg\"><img loading=\"lazy\" decoding=\"async\" class=\"size-medium wp-image-16063 alignleft\" src=\"http:\/\/www.zamosc.pttk.pl\/wordpress\/wp-content\/uploads\/2020\/03\/sandomierz1-300x225.jpg\" alt=\"\" width=\"300\" height=\"225\" srcset=\"https:\/\/zamosc.pttk.pl\/wordpress\/wp-content\/uploads\/2020\/03\/sandomierz1-300x225.jpg 300w, https:\/\/zamosc.pttk.pl\/wordpress\/wp-content\/uploads\/2020\/03\/sandomierz1-200x150.jpg 200w, https:\/\/zamosc.pttk.pl\/wordpress\/wp-content\/uploads\/2020\/03\/sandomierz1-768x576.jpg 768w, https:\/\/zamosc.pttk.pl\/wordpress\/wp-content\/uploads\/2020\/03\/sandomierz1-400x300.jpg 400w, https:\/\/zamosc.pttk.pl\/wordpress\/wp-content\/uploads\/2020\/03\/sandomierz1.jpg 800w\" sizes=\"auto, (max-width: 300px) 100vw, 300px\" \/><\/a><\/p>\n<p style=\"text-align: justify;\">Przejazd do Sandomierza \u2013 jednego z najpi\u0119kniejszych miast w Polsce, malowniczo po\u0142o\u017conego na nadwi\u015bla\u0144skiej skarpie, kt\u00f3ra stanowi strome zako\u0144czenie G\u00f3r Pieprzowych.<br \/>\nSpacer po Sandomierzu podczas kt\u00f3rego zobaczymy mi\u0119dzy innymi: sandomierskie w\u0105wozy lessowe &#8211; Kr\u00f3lowej Jadwigi oraz Piszczele, Ucho Igielne, Brama Opatowska, Bazylika katedralna, dziedziniec zamkowy, Dom D\u0142ugosza, Collegium Gostomianum, Rynek z Ratuszem i zabytkowymi kamienicami. Wej\u015bcie na punkt widokowy na Bramie Opatowskiej \u2013 jedynej zachowanej spo\u015br\u00f3d czterech bram wjazdowych do Sandomierza.<\/p>\n<p style=\"text-align: justify;\">Podczas spaceru przej\u015bcie Podziemn\u0105 Tras\u0105 Turystyczn\u0105 czyli zespo\u0142em dawnych miejskich piwnic i podziemnych sk\u0142ad\u00f3w kupieckich.<\/p>\n<hr \/>\n<p style=\"text-align: right;\">W trakcie zwiedzania obiad 2-daniowy.<br \/>\nW godzinach popo\u0142udniowych wyjazd w drog\u0119 powrotn\u0105.<\/p>\n<hr \/>\n<p style=\"text-align: justify;\">Cena wycieczki zale\u017cna jest od dok\u0142adnej ilo\u015bci uczestnik\u00f3w i terminu jej realizacji.<br \/>\nTermin wycieczki \u2013 do ustalenia<br \/>\ndok\u0142adny program zwiedzania dopasujemy do wyjazdu z dowolnego miejsca w Polsce.<\/p>\n<hr \/>\n<p style=\"text-align: justify;\">\u015awiadczenia przewidziane w cenie:<\/p>\n<ul>\n<li>transport autokarem klasy turystycznej (opcjonalnie)<\/li>\n<li>opieka pilota &#8211; przewodnika<\/li>\n<li>obiad 2-daniowy z napojem<\/li>\n<li>bilet wst\u0119pu na zamek w Baranowie Sandomierskim (us\u0142uga przewodnicka w cenie biletu)<\/li>\n<li>bilet wst\u0119pu na Bram\u0119 Opatowsk\u0105 i Podziemn\u0105 Tras\u0119 Turystyczn\u0105<\/li>\n<\/ul>\n<hr \/>\n<p style=\"text-align: right;\"><em>Powy\u017cszy program jest ramowy a kolejno\u015b\u0107 zwiedzania mo\u017ce ulec zmianie.<\/em><br \/>\n<em>Przedstawion\u0105 propozycj\u0119 mo\u017cna modyfikowa\u0107 zgodnie z \u017cyczeniem grupy.<\/em><\/p>\n<p>&nbsp;<\/p>\n","protected":false},"excerpt":{"rendered":"<p>Ramowy program wycieczki Wyjazd z um\u00f3wionego miejsca w godzinach porannych. Przejazd do Baranowa Sandomierskiego &#8211; zwiedzanie XVI -wiecznego zamku, per\u0142y architektury renesansowej, nazywanego Ma\u0142ym Wawelem. Spacer po arkadowym dziedzi\u0144cu zamku, secesyjnej kaplicy zamkowej i historycznych wn\u0119trzach zamku. Orientacyjny czas zwiedzania &hellip; <a class=\"more-link\" href=\"https:\/\/zamosc.pttk.pl\/wordpress\/?page_id=16024\">Czytaj dalej <span class=\"meta-nav\">&rarr;<\/span><\/a><\/p>\n","protected":false},"author":1,"featured_media":0,"parent":0,"menu_order":0,"comment_status":"closed","ping_status":"closed","template":"","meta":{"footnotes":""},"class_list":["post-16024","page","type-page","status-publish","hentry"],"_links":{"self":[{"href":"https:\/\/zamosc.pttk.pl\/wordpress\/index.php?rest_route=\/wp\/v2\/pages\/16024","targetHints":{"allow":["GET"]}}],"collection":[{"href":"https:\/\/zamosc.pttk.pl\/wordpress\/index.php?rest_route=\/wp\/v2\/pages"}],"about":[{"href":"https:\/\/zamosc.pttk.pl\/wordpress\/index.php?rest_route=\/wp\/v2\/types\/page"}],"author":[{"embeddable":true,"href":"https:\/\/zamosc.pttk.pl\/wordpress\/index.php?rest_route=\/wp\/v2\/users\/1"}],"replies":[{"embeddable":true,"href":"https:\/\/zamosc.pttk.pl\/wordpress\/index.php?rest_route=%2Fwp%2Fv2%2Fcomments&post=16024"}],"version-history":[{"count":16,"href":"https:\/\/zamosc.pttk.pl\/wordpress\/index.php?rest_route=\/wp\/v2\/pages\/16024\/revisions"}],"predecessor-version":[{"id":16073,"href":"https:\/\/zamosc.pttk.pl\/wordpress\/index.php?rest_route=\/wp\/v2\/pages\/16024\/revisions\/16073"}],"wp:attachment":[{"href":"https:\/\/zamosc.pttk.pl\/wordpress\/index.php?rest_route=%2Fwp%2Fv2%2Fmedia&parent=16024"}],"curies":[{"name":"wp","href":"https:\/\/api.w.org\/{rel}","templated":true}]}}