{"id":16020,"date":"2020-03-22T14:22:21","date_gmt":"2020-03-22T13:22:21","guid":{"rendered":"http:\/\/www.zamosc.pttk.pl\/wordpress\/?page_id=16020"},"modified":"2020-03-23T10:36:13","modified_gmt":"2020-03-23T09:36:13","slug":"kazimierz-dolny-i-kowalstwo-w-wojciechowie","status":"publish","type":"page","link":"https:\/\/zamosc.pttk.pl\/wordpress\/?page_id=16020","title":{"rendered":"Kazimierz Dolny i kowalstwo w Wojciechowie"},"content":{"rendered":"<p style=\"text-align: justify;\"><span style=\"font-size: 16px;\">Ramowy program wycieczki<\/span><\/p>\n<p style=\"text-align: justify;\">\nWyjazd z um\u00f3wionego miejsca w godzinach porannych.<br \/>\nPrzejazd do Wojciechowa \u2013 stolicy polskiego kowalstwa. To tutaj od ponad 25 lat odbywaj\u0105 si\u0119 Og\u00f3lnopolskie Spotkania Kowali, w kt\u00f3rych ka\u017cdego roku bierze udzia\u0142 kilkudziesi\u0119ciu mistrz\u00f3w kowalstwa z kraju i zagranicy.<br \/>\nOdwiedzimy miejscow\u0105 ku\u017ani\u0119, kt\u00f3rej historia si\u0119ga 1920 r. Pokaz kowalstwa przybli\u017cy uczestnikom wycieczki tajniki fachu kowalskiego i umo\u017cliwi pokazanie na \u017cywo r\u0119cznego kucia \u017celaza. Opowie\u015bci o historii ku\u017ani b\u0119d\u0105 ciekawostk\u0105.<br \/>\nUczestnicy wycieczki wezm\u0105 udzia\u0142 w warsztatach kowalstwa artystycznego, podczas kt\u00f3rych ka\u017cdy uczestnik spr\u00f3buje swoich si\u0142 i pozna zaw\u00f3d kowala w praktyce.<br \/>\nPrzejazd do Kazimierza Dolnego nad Wis\u0142\u0105. Dzi\u0119ki atrakcyjnemu po\u0142o\u017ceniu, bogatej historii, niepowtarzalnemu krajobrazowi, wspania\u0142ej architekturze i dobrych warunkach klimatycznych miasteczko jest bardzo popularne w\u015br\u00f3d turyst\u00f3w z Polski i za granicy. Podczas spaceru b\u0119dziemy podziwia\u0107 mi\u0119dzy innymi zesp\u00f3\u0142 renesansowych kamienic, ko\u015bci\u00f3\u0142 farny pod\u00a0wezwaniem \u015bw.\u00a0Jana Chrzciciela i\u00a0\u015bw. Bart\u0142omieja, Ma\u0142y Rynek z\u00a0Synagog\u0105 i starymi Jatkami.<br \/>\nZ G\u00f3ry Trzech Krzy\u017cy zobaczymy jak zabudowa miasta wkomponowana jest w naturalny krajobraz i tworzy z nim harmonijn\u0105 ca\u0142o\u015b\u0107.<\/p>\n<p style=\"text-align: justify;\">W czasie zwiedzania miasta obiad 2-daniowy.<br \/>\nW godzinach popo\u0142udniowych wyjazd w drog\u0119 powrotn\u0105.<\/p>\n<hr \/>\n<p>Cena wycieczki zale\u017cna jest od dok\u0142adnej ilo\u015bci uczestnik\u00f3w, opiekun\u00f3w i terminu jej realizacji.<br \/>\nTermin wycieczki \u2013 do ustalenia<\/p>\n<hr \/>\n<p>\u015awiadczenia zawarte w cenie:<\/p>\n<ul>\n<li>transport autokarem klasy turystycznej<\/li>\n<li>opieka pilota na trasie wycieczki<\/li>\n<li>warsztaty w ku\u017ani artystycznej w Wojciechowie<\/li>\n<li>us\u0142uga przewodnicka w Kazimierzu<\/li>\n<li>obiad 2-daniowy<\/li>\n<\/ul>\n<hr \/>\n<p style=\"text-align: right;\"><em>Powy\u017cszy program jest ramowy a kolejno\u015b\u0107 zwiedzania mo\u017ce ulec zmianie.<\/em><br \/>\n<em>Przedstawion\u0105 propozycj\u0119 mo\u017cna modyfikowa\u0107 zgodnie z \u017cyczeniem grupy.<\/em><\/p>\n<p>&nbsp;<\/p>\n","protected":false},"excerpt":{"rendered":"<p>Ramowy program wycieczki Wyjazd z um\u00f3wionego miejsca w godzinach porannych. Przejazd do Wojciechowa \u2013 stolicy polskiego kowalstwa. To tutaj od ponad 25 lat odbywaj\u0105 si\u0119 Og\u00f3lnopolskie Spotkania Kowali, w kt\u00f3rych ka\u017cdego roku bierze udzia\u0142 kilkudziesi\u0119ciu mistrz\u00f3w kowalstwa z kraju i &hellip; <a class=\"more-link\" href=\"https:\/\/zamosc.pttk.pl\/wordpress\/?page_id=16020\">Czytaj dalej <span class=\"meta-nav\">&rarr;<\/span><\/a><\/p>\n","protected":false},"author":1,"featured_media":0,"parent":0,"menu_order":0,"comment_status":"closed","ping_status":"closed","template":"","meta":{"footnotes":""},"class_list":["post-16020","page","type-page","status-publish","hentry"],"_links":{"self":[{"href":"https:\/\/zamosc.pttk.pl\/wordpress\/index.php?rest_route=\/wp\/v2\/pages\/16020","targetHints":{"allow":["GET"]}}],"collection":[{"href":"https:\/\/zamosc.pttk.pl\/wordpress\/index.php?rest_route=\/wp\/v2\/pages"}],"about":[{"href":"https:\/\/zamosc.pttk.pl\/wordpress\/index.php?rest_route=\/wp\/v2\/types\/page"}],"author":[{"embeddable":true,"href":"https:\/\/zamosc.pttk.pl\/wordpress\/index.php?rest_route=\/wp\/v2\/users\/1"}],"replies":[{"embeddable":true,"href":"https:\/\/zamosc.pttk.pl\/wordpress\/index.php?rest_route=%2Fwp%2Fv2%2Fcomments&post=16020"}],"version-history":[{"count":7,"href":"https:\/\/zamosc.pttk.pl\/wordpress\/index.php?rest_route=\/wp\/v2\/pages\/16020\/revisions"}],"predecessor-version":[{"id":16047,"href":"https:\/\/zamosc.pttk.pl\/wordpress\/index.php?rest_route=\/wp\/v2\/pages\/16020\/revisions\/16047"}],"wp:attachment":[{"href":"https:\/\/zamosc.pttk.pl\/wordpress\/index.php?rest_route=%2Fwp%2Fv2%2Fmedia&parent=16020"}],"curies":[{"name":"wp","href":"https:\/\/api.w.org\/{rel}","templated":true}]}}