{"id":15974,"date":"2020-03-08T10:21:38","date_gmt":"2020-03-08T09:21:38","guid":{"rendered":"http:\/\/www.zamosc.pttk.pl\/wordpress\/?page_id=15974"},"modified":"2020-03-23T10:44:51","modified_gmt":"2020-03-23T09:44:51","slug":"lancut-i-centrum-wikliniarstwa-w-rudniku","status":"publish","type":"page","link":"https:\/\/zamosc.pttk.pl\/wordpress\/?page_id=15974","title":{"rendered":"\u0141a\u0144cut i Centrum Wikliniarstwa w Rudniku"},"content":{"rendered":"<p style=\"text-align: left;\"><span style=\"font-size: 16px; color: #993300;\">Ramowy program wycieczki<\/span><\/p>\n<hr \/>\n<p>Wyjazd z um\u00f3wionego miejsca w godzinach porannych.<br \/>\nPrzejazd do \u0141a\u0144cuta.<br \/>\nZwiedzanie zamku, jednej z najpi\u0119kniejszych rezydencji arystokratycznych w Polsce. S\u0142aw\u0119 sw\u0105 zawdzi\u0119cza m. in. znakomitym wn\u0119trzom mieszkalnym oraz niezwyk\u0142ej kolekcji pojazd\u00f3w konnych.<br \/>\nZesp\u00f3\u0142 pa\u0142acowy otacza stary, malowniczy park w stylu angielskim.<br \/>\nObiad dwudaniowy w miejscowej restauracji.<\/p>\n<p>Przejazd do stolicy wikliny &#8211; Rudnika nad Sanem. Wizyta w Centrum Wikliniarstwa.<br \/>\nDo wyboru nast\u0119puj\u0105ce atrakcje:<br \/>\n\u2013 zwiedzanie Centrum Wikliniarstwa &#8211; 45 min.<br \/>\n\u2013 prezentacja multimedialna lub film &#8211; od 10 min. do 30 min<br \/>\n\u2013 pokaz wyplatania &#8211;\u00a0 30 min.<br \/>\n\u2013 nauka wyplatania\u00a0 &#8211; 1,5 godz., grupa do 20 os\u00f3b<br \/>\n&#8211; warsztaty wikliniarskie &#8211; grupa do 20 os\u00f3b<br \/>\n\u2013 wycieczka szlakiem wiklinowych rze\u017ab &#8211; grupa do 20 os\u00f3b<\/p>\n<hr \/>\n<p>Po zako\u0144czeniu zaj\u0119\u0107 w godzinach popo\u0142udniowych wyjazd w drog\u0119 powrotn\u0105.<br \/>\nCena wycieczki zale\u017cna jest od ilo\u015bci uczestnik\u00f3w, opiekun\u00f3w i terminu jej realizacji.<br \/>\nTermin wycieczki \u2013 do ustalenia<\/p>\n<hr \/>\n<p>\u015awiadczenia przewidziane w programie:<br \/>\n* transport autokarem klasy turystycznej;<br \/>\n* us\u0142uga przewodnicka podczas zwiedzania zamku w \u0141a\u0144cucie;<br \/>\n* obiad dwudaniowy na trasie wycieczki;<br \/>\n* opieka pilota;<br \/>\n* uczestnictwo w wybranych zaj\u0119ciach w Centrum Wikliniarstwa.<\/p>\n<hr \/>\n<p style=\"text-align: right;\"><em>Powy\u017cszy program jest ramowy a kolejno\u015b\u0107 zwiedzania mo\u017ce ulec zmianie.<\/em><br \/>\n<em>Przedstawion\u0105 propozycj\u0119 mo\u017cna modyfikowa\u0107 zgodnie z \u017cyczeniem grupy.<\/em><\/p>\n<p>&nbsp;<\/p>\n<p>&nbsp;<\/p>\n","protected":false},"excerpt":{"rendered":"<p>Ramowy program wycieczki Wyjazd z um\u00f3wionego miejsca w godzinach porannych. Przejazd do \u0141a\u0144cuta. Zwiedzanie zamku, jednej z najpi\u0119kniejszych rezydencji arystokratycznych w Polsce. S\u0142aw\u0119 sw\u0105 zawdzi\u0119cza m. in. znakomitym wn\u0119trzom mieszkalnym oraz niezwyk\u0142ej kolekcji pojazd\u00f3w konnych. Zesp\u00f3\u0142 pa\u0142acowy otacza stary, malowniczy &hellip; <a class=\"more-link\" href=\"https:\/\/zamosc.pttk.pl\/wordpress\/?page_id=15974\">Czytaj dalej <span class=\"meta-nav\">&rarr;<\/span><\/a><\/p>\n","protected":false},"author":1,"featured_media":0,"parent":0,"menu_order":0,"comment_status":"closed","ping_status":"closed","template":"","meta":{"footnotes":""},"class_list":["post-15974","page","type-page","status-publish","hentry"],"_links":{"self":[{"href":"https:\/\/zamosc.pttk.pl\/wordpress\/index.php?rest_route=\/wp\/v2\/pages\/15974","targetHints":{"allow":["GET"]}}],"collection":[{"href":"https:\/\/zamosc.pttk.pl\/wordpress\/index.php?rest_route=\/wp\/v2\/pages"}],"about":[{"href":"https:\/\/zamosc.pttk.pl\/wordpress\/index.php?rest_route=\/wp\/v2\/types\/page"}],"author":[{"embeddable":true,"href":"https:\/\/zamosc.pttk.pl\/wordpress\/index.php?rest_route=\/wp\/v2\/users\/1"}],"replies":[{"embeddable":true,"href":"https:\/\/zamosc.pttk.pl\/wordpress\/index.php?rest_route=%2Fwp%2Fv2%2Fcomments&post=15974"}],"version-history":[{"count":7,"href":"https:\/\/zamosc.pttk.pl\/wordpress\/index.php?rest_route=\/wp\/v2\/pages\/15974\/revisions"}],"predecessor-version":[{"id":16051,"href":"https:\/\/zamosc.pttk.pl\/wordpress\/index.php?rest_route=\/wp\/v2\/pages\/15974\/revisions\/16051"}],"wp:attachment":[{"href":"https:\/\/zamosc.pttk.pl\/wordpress\/index.php?rest_route=%2Fwp%2Fv2%2Fmedia&parent=15974"}],"curies":[{"name":"wp","href":"https:\/\/api.w.org\/{rel}","templated":true}]}}