{"id":15966,"date":"2020-03-08T09:54:44","date_gmt":"2020-03-08T08:54:44","guid":{"rendered":"http:\/\/www.zamosc.pttk.pl\/wordpress\/?page_id=15966"},"modified":"2020-03-23T10:54:11","modified_gmt":"2020-03-23T09:54:11","slug":"przemysl-krasiczyn-bolestraszyce","status":"publish","type":"page","link":"https:\/\/zamosc.pttk.pl\/wordpress\/?page_id=15966","title":{"rendered":"Przemy\u015bl &#8211; Krasiczyn &#8211; Bolestraszyce"},"content":{"rendered":"<p style=\"text-align: left;\"><span style=\"font-size: 16px; color: #333300;\">Ramowy program wycieczki<\/span><\/p>\n<hr \/>\n<p>Wyjazd z um\u00f3wionego miejsca w godzinach porannych.<\/p>\n<p style=\"text-align: justify;\">Przejazd do Przemy\u015bla. Zwiedzanie Starego Miasta. W programie spaceru: przemyska star\u00f3wka, rynek z renesansowymi kamienicami, ulica Kazimierzowska, Plac na Bramie, plac niepodleg\u0142o\u015bci, mury miejskie, ko\u015bci\u00f3\u0142 karmelit\u00f3w, katedra greckokatolicka, ko\u015bci\u00f3\u0142 franciszkan\u00f3w, katedra rzymskokatolicka, Zamek Kazimierzowski (z zewn\u0105trz), odrestaurowany dworzec kolejowy.<\/p>\n<p style=\"text-align: justify;\">Przemyskie podziemia to cz\u0119\u015b\u0107 pierwotnej zabudowy miasta z czas\u00f3w \u015bredniowiecza. Obecnie udost\u0119pnione do zwiedzania s\u0105 dwukondygnacyjne piwnice znajduj\u0105ce si\u0119 pod budynkiem Urz\u0119du Miasta wraz z nowo oddanym odcinkiem siedemnastowiecznego kolektora.<\/p>\n<p style=\"text-align: justify;\">Zwiedzaj\u0105c Przemy\u015bl nie mo\u017cna pomin\u0105\u0107 fort\u00f3w okalaj\u0105cej miasto twierdzy. Jest to najwi\u0119kszy kompleks fortyfikacji z czas\u00f3w II Wojny \u015awiatowej w Europie Wschodniej, kt\u00f3rej szturmem nigdy nie uda\u0142o si\u0119 zdoby\u0107. Zwiedzanie wybranego fortu \u2013 proponujemy fort Borek lub Siedliska \u2013 bilet wst\u0119pu \u2013 10 z\u0142.\/os.<\/p>\n<hr \/>\n<p>Podczas zwiedzania miasta przerwa na obiad.<\/p>\n<hr \/>\n<p>Dok\u0142adny program zwiedzania Przemy\u015bla do ustalenia \u2013 do wyboru forty lub podziemia.<\/p>\n<p>Przejazd do Krasiczyna, zwiedzanie XVI-wiecznego zamku.\u00a0 Trasa zwiedzania obejmuje m.in.: dziedziniec zamkowy i krypt\u0119 w Baszcie Boskiej, sale ekspozycyjne, kaplic\u0119 zamkow\u0105.<br \/>\nNa zako\u0144czenie zwiedzania spacer po zamkowym parku.<\/p>\n<p>Przejazd do Bolestraszyc, zwiedzanie ogrodu dendrologicznego \u2013 Arboretum.<\/p>\n<p>Powr\u00f3t w godzinach wieczornych.<\/p>\n<hr \/>\n<p>\u015awiadczenia przewidziane w cenie:<\/p>\n<ul>\n<li>transport autokarem turystycznym;<\/li>\n<li>obiad 2-daniowy z napojem;<\/li>\n<li>opieka pilota na trasie wycieczki;<\/li>\n<li>us\u0142ugi przewodnickie w Przemy\u015blu, na Zamku w Krasiczynie, w Bolestraszycach;<\/li>\n<li>bilety wst\u0119pu do zwiedzanych obiekt\u00f3w (podziemia w Przemy\u015blu lub wybrany fort, Zamek w Krasiczynie, Arboretum w Bolestraszycach<\/li>\n<\/ul>\n<hr \/>\n<p style=\"text-align: right;\"><em>Powy\u017cszy program jest ramowy a kolejno\u015b\u0107 zwiedzania mo\u017ce ulec zmianie.<\/em><br \/>\n<em>Przedstawion\u0105 propozycj\u0119 mo\u017cna modyfikowa\u0107 zgodnie z \u017cyczeniem grupy.<\/em><\/p>\n<p>&nbsp;<\/p>\n<p>&nbsp;<\/p>\n","protected":false},"excerpt":{"rendered":"<p>Ramowy program wycieczki Wyjazd z um\u00f3wionego miejsca w godzinach porannych. Przejazd do Przemy\u015bla. Zwiedzanie Starego Miasta. W programie spaceru: przemyska star\u00f3wka, rynek z renesansowymi kamienicami, ulica Kazimierzowska, Plac na Bramie, plac niepodleg\u0142o\u015bci, mury miejskie, ko\u015bci\u00f3\u0142 karmelit\u00f3w, katedra greckokatolicka, ko\u015bci\u00f3\u0142 franciszkan\u00f3w, &hellip; <a class=\"more-link\" href=\"https:\/\/zamosc.pttk.pl\/wordpress\/?page_id=15966\">Czytaj dalej <span class=\"meta-nav\">&rarr;<\/span><\/a><\/p>\n","protected":false},"author":1,"featured_media":0,"parent":0,"menu_order":0,"comment_status":"closed","ping_status":"closed","template":"","meta":{"footnotes":""},"class_list":["post-15966","page","type-page","status-publish","hentry"],"_links":{"self":[{"href":"https:\/\/zamosc.pttk.pl\/wordpress\/index.php?rest_route=\/wp\/v2\/pages\/15966","targetHints":{"allow":["GET"]}}],"collection":[{"href":"https:\/\/zamosc.pttk.pl\/wordpress\/index.php?rest_route=\/wp\/v2\/pages"}],"about":[{"href":"https:\/\/zamosc.pttk.pl\/wordpress\/index.php?rest_route=\/wp\/v2\/types\/page"}],"author":[{"embeddable":true,"href":"https:\/\/zamosc.pttk.pl\/wordpress\/index.php?rest_route=\/wp\/v2\/users\/1"}],"replies":[{"embeddable":true,"href":"https:\/\/zamosc.pttk.pl\/wordpress\/index.php?rest_route=%2Fwp%2Fv2%2Fcomments&post=15966"}],"version-history":[{"count":6,"href":"https:\/\/zamosc.pttk.pl\/wordpress\/index.php?rest_route=\/wp\/v2\/pages\/15966\/revisions"}],"predecessor-version":[{"id":16057,"href":"https:\/\/zamosc.pttk.pl\/wordpress\/index.php?rest_route=\/wp\/v2\/pages\/15966\/revisions\/16057"}],"wp:attachment":[{"href":"https:\/\/zamosc.pttk.pl\/wordpress\/index.php?rest_route=%2Fwp%2Fv2%2Fmedia&parent=15966"}],"curies":[{"name":"wp","href":"https:\/\/api.w.org\/{rel}","templated":true}]}}