{"id":15962,"date":"2020-03-08T09:39:11","date_gmt":"2020-03-08T08:39:11","guid":{"rendered":"http:\/\/www.zamosc.pttk.pl\/wordpress\/?page_id=15962"},"modified":"2020-03-23T10:26:59","modified_gmt":"2020-03-23T09:26:59","slug":"lublin-skansen-i-teatr","status":"publish","type":"page","link":"https:\/\/zamosc.pttk.pl\/wordpress\/?page_id=15962","title":{"rendered":"Lublin Skansen i Teatr"},"content":{"rendered":"<p style=\"text-align: left;\"><span style=\"font-size: 16px;\">Wycieczka do Muzeum Wsi Lubelskiej\u00a0 i przedstawienie teatralne<\/span><\/p>\n<p style=\"text-align: left;\"><span style=\"color: #800000; font-size: 16px;\">Ramowy program wycieczki<\/span><\/p>\n<hr \/>\n<p>Wyjazd z um\u00f3wionego miejsca w godzinach porannych.<\/p>\n<p style=\"text-align: justify;\">Przejazd do Muzeum Wsi Lubelskiej, po\u0142o\u017conego w dolinie rzeki Czech\u00f3wki, jednego z najwi\u0119kszych skansen\u00f3w w Polsce. Dzi\u0119ki po\u0142\u0105czeniu bogatej kolekcji architektury i eksponat\u00f3w Muzeum prezentuje kulturow\u0105 r\u00f3\u017cnorodno\u015b\u0107 wojew\u00f3dztwa lubelskiego.<br \/>\nZgromadzone przedmioty zwi\u0105zane z dawnym \u017cyciem wsi, dwor\u00f3w oraz miasteczek pozwalaj\u0105 utrwala\u0107 wiedz\u0119 zwiedzaj\u0105cych na temat zwyczaj\u00f3w, obrz\u0119d\u00f3w, tradycji i codziennej pracy ludzi minionej epoki.<br \/>\nUdzia\u0142 w zaj\u0119ciach edukacyjnych prowadzonych przez nauczycieli muzealnych. Tematyka zaj\u0119\u0107 dostosowana jest do wieku uczestnik\u00f3w.<\/p>\n<p style=\"text-align: justify;\">Podzia\u0142 na grupy nieprzekraczaj\u0105ce 25 os\u00f3b. Do wyboru zaj\u0119cia tematyczne (mi\u0119dzy innymi):<\/p>\n<p style=\"text-align: justify;\">Zabawki moich dziadk\u00f3w \u2013 lekcja wprowadza uczni\u00f3w w zagadnienia dawnych zabaw i zabawek, kt\u00f3re towarzyszy\u0142y dzieci\u0144stwu ich bab\u0107 i dziadk\u00f3w.<br \/>\nOd ziarenka do bochenka &#8211; lekcja przedstawia uczniom problematyk\u0119 ci\u0119\u017ckiej pracy i trudu mieszka\u0144c\u00f3w dawnej wsi, nad zdobywaniem chleba.<br \/>\nWskazuje kolejno miejsca tej pracy, poczynaj\u0105c od zasiewu ziarna w rol\u0119, zw\u00f3zki i m\u0142ocki zbo\u017ca w stodole. Atrakcj\u0119 stanowi zwiedzanie muzealnego wiatraku, i poznawanie zasad jego funkcjonowania.<br \/>\nGin\u0105ce zawody &#8211; lekcja dotyczy dawnych zawod\u00f3w charakterystycznych dla obszaru Wy\u017cyny Lubelskiej. Zaj\u0119cia odbywaj\u0105 si\u0119 w czterech obiektach: wiatraku, ku\u017ani, cha\u0142upie garncarza oraz w olejarni.<br \/>\nWielkanocne tradycje na Lubelszczy\u017anie<br \/>\nW ma\u0142omiasteczkowym zak\u0142adzie fryzjerskim \u2013 rzecz o przedwojennej urodzie i higienie.<br \/>\nObrz\u0119dy i zwyczaje \u015awi\u0105t Bo\u017cego Narodzenia.<br \/>\nKuchnia \u2013 nasza codzienna troska, ciep\u0142o i bezpiecze\u0144stwo.<br \/>\nDrogi i place, furty i bramy &#8211; dlaczego wozy je\u017adzi\u0142y po wsiach i miasteczkach<\/p>\n<p>Po zako\u0144czeniu zaj\u0119\u0107 obiad dwudaniowy w jednej z miejscowych restauracji.<\/p>\n<p>Po obiedzie przedstawienie teatralne w Teatrze im. H. Ch. Andersena, w Teatrze Muzycznym lub w Teatrze im. Juliusza Osterwy.<\/p>\n<p>Wyjazd w drog\u0119 powrotn\u0105 w godzinach popo\u0142udniowych.<\/p>\n<hr \/>\n<p>CENA WYCIECZKI ZALE\u017bNA JEST OD ILO\u015aCI UCZESTNIK\u00d3W, OPIEKUN\u00d3W I TERMINU JEJ REALIZACJI.<\/p>\n<p>TERMIN WYCIECZKI \u2013 DO USTALENIA<\/p>\n<hr \/>\n<p>\u015awiadczenia przewidziane w cenie:<\/p>\n<ul>\n<li>transport autokarem turystycznym;<\/li>\n<li>bilet wst\u0119pu do Muzeum Wsi Lubelskie i na wybrane przedstawienie teatralne;<\/li>\n<li>opieka pilota podczas realizacji programu zwiedzania<\/li>\n<li>obiad dwudaniowy z napojem<\/li>\n<\/ul>\n<hr \/>\n<p style=\"text-align: right;\"><em>Powy\u017cszy program jest ramowy a kolejno\u015b\u0107 zwiedzania mo\u017ce ulec zmianie.<\/em><br \/>\n<em>Przedstawion\u0105 propozycj\u0119 mo\u017cna modyfikowa\u0107 zgodnie z \u017cyczeniem grupy.<\/em><\/p>\n","protected":false},"excerpt":{"rendered":"<p>Wycieczka do Muzeum Wsi Lubelskiej\u00a0 i przedstawienie teatralne Ramowy program wycieczki Wyjazd z um\u00f3wionego miejsca w godzinach porannych. Przejazd do Muzeum Wsi Lubelskiej, po\u0142o\u017conego w dolinie rzeki Czech\u00f3wki, jednego z najwi\u0119kszych skansen\u00f3w w Polsce. Dzi\u0119ki po\u0142\u0105czeniu bogatej kolekcji architektury i &hellip; <a class=\"more-link\" href=\"https:\/\/zamosc.pttk.pl\/wordpress\/?page_id=15962\">Czytaj dalej <span class=\"meta-nav\">&rarr;<\/span><\/a><\/p>\n","protected":false},"author":1,"featured_media":0,"parent":0,"menu_order":0,"comment_status":"closed","ping_status":"closed","template":"","meta":{"footnotes":""},"class_list":["post-15962","page","type-page","status-publish","hentry"],"_links":{"self":[{"href":"https:\/\/zamosc.pttk.pl\/wordpress\/index.php?rest_route=\/wp\/v2\/pages\/15962","targetHints":{"allow":["GET"]}}],"collection":[{"href":"https:\/\/zamosc.pttk.pl\/wordpress\/index.php?rest_route=\/wp\/v2\/pages"}],"about":[{"href":"https:\/\/zamosc.pttk.pl\/wordpress\/index.php?rest_route=\/wp\/v2\/types\/page"}],"author":[{"embeddable":true,"href":"https:\/\/zamosc.pttk.pl\/wordpress\/index.php?rest_route=\/wp\/v2\/users\/1"}],"replies":[{"embeddable":true,"href":"https:\/\/zamosc.pttk.pl\/wordpress\/index.php?rest_route=%2Fwp%2Fv2%2Fcomments&post=15962"}],"version-history":[{"count":4,"href":"https:\/\/zamosc.pttk.pl\/wordpress\/index.php?rest_route=\/wp\/v2\/pages\/15962\/revisions"}],"predecessor-version":[{"id":16040,"href":"https:\/\/zamosc.pttk.pl\/wordpress\/index.php?rest_route=\/wp\/v2\/pages\/15962\/revisions\/16040"}],"wp:attachment":[{"href":"https:\/\/zamosc.pttk.pl\/wordpress\/index.php?rest_route=%2Fwp%2Fv2%2Fmedia&parent=15962"}],"curies":[{"name":"wp","href":"https:\/\/api.w.org\/{rel}","templated":true}]}}