{"id":15957,"date":"2020-03-08T09:21:00","date_gmt":"2020-03-08T08:21:00","guid":{"rendered":"http:\/\/www.zamosc.pttk.pl\/wordpress\/?page_id=15957"},"modified":"2020-03-23T10:37:58","modified_gmt":"2020-03-23T09:37:58","slug":"chelm-podziemia-kredowe-i-park-wodny","status":"publish","type":"page","link":"https:\/\/zamosc.pttk.pl\/wordpress\/?page_id=15957","title":{"rendered":"Che\u0142m Podziemia Kredowe i Park Wodny"},"content":{"rendered":"<p style=\"text-align: left;\"><span style=\"color: #0000ff; font-size: 16px;\">Ramowy program wycieczki<\/span><\/p>\n<hr \/>\n<p>Wyjazd z um\u00f3wionego miejsca w godzinach porannych.<\/p>\n<p>Przyjazd do Che\u0142ma.<\/p>\n<p style=\"text-align: justify;\">Zwiedzanie Che\u0142mskich Podziemi Kredowych \u2013 jedynego obiektu tego typu w Europie, gdzie dawni mieszka\u0144cy miasta wydobywali kred\u0119 ju\u017c w XIII wieku. Spotkanie z dobrym Duchem Bieluchem. Przej\u015bcie podziemnej trasy zajmuje ok. 50 minut w temperaturze 9\u00baC, bez wzgl\u0119du na temperatur\u0119 na zewn\u0105trz, dlatego nale\u017cy pami\u0119ta\u0107 o zabraniu ciep\u0142ych ubra\u0144.<\/p>\n<p style=\"text-align: justify;\">Nast\u0119pnie kr\u00f3tki spacer po ulicach Starego Miasta, rynku oraz G\u00f3rce Che\u0142mskiej, gdzie zacz\u0119\u0142a si\u0119 historia miasta. G\u0142\u00f3wnym obiektem jest g\u00f3ruj\u0105ca nad miastem p\u00f3\u017anobarokowa Bazylika p.w. Narodzenia NMP. Wok\u00f3\u0142 zabytkowe budynki: barokowa Brama U\u015bci\u0142ugska, najstarsza budowla miasta, Pa\u0142ac Biskup\u00f3w Unickich klasztor bazylian\u00f3w. Obok budynek Che\u0142mskiego Prawos\u0142awnego Bractwa Bogurodzicy, a tak\u017ce dzwonnica. Wysoka G\u00f3rka, kt\u00f3ra w istocie jest grodziskiem, kryj\u0105cym pozosta\u0142o\u015bci zamku ksi\u0119cia Daniela Romanowicza.<\/p>\n<p style=\"text-align: justify;\">Oko\u0142o po\u0142udnia przerwa na obiad w restauracji na trasie wycieczki.<\/p>\n<p style=\"text-align: justify;\">Po obiedzie przejazd do Che\u0142mskiego Parku Wodnego pe\u0142nego atrakcji dla dzieci w ka\u017cdym wieku. Zabawa pod opiek\u0105 ratownika na basenie do pi\u0142ki wodnej, zje\u017cd\u017calniach, wodnym torze przeszk\u00f3d, rw\u0105cej rzece. Dla zm\u0119czonych wodnymi atrakcjami odpoczynek w jacuzzi.<\/p>\n<p style=\"text-align: justify;\">Po po\u0142udniu wyjazd w drog\u0119 powrotn\u0105.<\/p>\n<hr \/>\n<p>CENA WYCIECZKI ZALE\u017bNA JEST OD ILO\u015aCI UCZESTNIK\u00d3W, OPIEKUN\u00d3W I TERMINU JEJ REALIZACJI.<\/p>\n<p>TERMIN WYCIECZKI \u2013 DO USTALENIA<\/p>\n<hr \/>\n<p>\u015awiadczenia zawarte w cenie:<\/p>\n<ul>\n<li>transport autokarem turystycznym;<\/li>\n<li>opieka pilota i przewodnika;<\/li>\n<li>obiad dwudaniowy w restauracji na trasie przejazdu;<\/li>\n<li>bilety wst\u0119pu do Che\u0142mskich Podziemi Kredowych i Parku Wodnego.<\/li>\n<\/ul>\n<hr \/>\n<p style=\"text-align: right;\"><em>Powy\u017cszy program jest ramowy a kolejno\u015b\u0107 zwiedzania mo\u017ce ulec zmianie.<br \/>\n<\/em><em>Przedstawion\u0105 propozycj\u0119 mo\u017cna modyfikowa\u0107 zgodnie z \u017cyczeniem grupy.<\/em><\/p>\n","protected":false},"excerpt":{"rendered":"<p>Ramowy program wycieczki Wyjazd z um\u00f3wionego miejsca w godzinach porannych. Przyjazd do Che\u0142ma. Zwiedzanie Che\u0142mskich Podziemi Kredowych \u2013 jedynego obiektu tego typu w Europie, gdzie dawni mieszka\u0144cy miasta wydobywali kred\u0119 ju\u017c w XIII wieku. Spotkanie z dobrym Duchem Bieluchem. Przej\u015bcie &hellip; <a class=\"more-link\" href=\"https:\/\/zamosc.pttk.pl\/wordpress\/?page_id=15957\">Czytaj dalej <span class=\"meta-nav\">&rarr;<\/span><\/a><\/p>\n","protected":false},"author":1,"featured_media":0,"parent":0,"menu_order":0,"comment_status":"closed","ping_status":"closed","template":"","meta":{"footnotes":""},"class_list":["post-15957","page","type-page","status-publish","hentry"],"_links":{"self":[{"href":"https:\/\/zamosc.pttk.pl\/wordpress\/index.php?rest_route=\/wp\/v2\/pages\/15957","targetHints":{"allow":["GET"]}}],"collection":[{"href":"https:\/\/zamosc.pttk.pl\/wordpress\/index.php?rest_route=\/wp\/v2\/pages"}],"about":[{"href":"https:\/\/zamosc.pttk.pl\/wordpress\/index.php?rest_route=\/wp\/v2\/types\/page"}],"author":[{"embeddable":true,"href":"https:\/\/zamosc.pttk.pl\/wordpress\/index.php?rest_route=\/wp\/v2\/users\/1"}],"replies":[{"embeddable":true,"href":"https:\/\/zamosc.pttk.pl\/wordpress\/index.php?rest_route=%2Fwp%2Fv2%2Fcomments&post=15957"}],"version-history":[{"count":4,"href":"https:\/\/zamosc.pttk.pl\/wordpress\/index.php?rest_route=\/wp\/v2\/pages\/15957\/revisions"}],"predecessor-version":[{"id":16048,"href":"https:\/\/zamosc.pttk.pl\/wordpress\/index.php?rest_route=\/wp\/v2\/pages\/15957\/revisions\/16048"}],"wp:attachment":[{"href":"https:\/\/zamosc.pttk.pl\/wordpress\/index.php?rest_route=%2Fwp%2Fv2%2Fmedia&parent=15957"}],"curies":[{"name":"wp","href":"https:\/\/api.w.org\/{rel}","templated":true}]}}