{"id":15938,"date":"2020-03-06T20:05:12","date_gmt":"2020-03-06T19:05:12","guid":{"rendered":"http:\/\/www.zamosc.pttk.pl\/wordpress\/?page_id=15938"},"modified":"2020-03-06T20:34:06","modified_gmt":"2020-03-06T19:34:06","slug":"wojciechow-pulawy-naleczow-wawolnica","status":"publish","type":"page","link":"https:\/\/zamosc.pttk.pl\/wordpress\/?page_id=15938","title":{"rendered":"Wojciech\u00f3w &#8211; Pu\u0142awy &#8211; Na\u0142\u0119cz\u00f3w \u2013 W\u0105wolnica"},"content":{"rendered":"<p style=\"text-align: center;\"><span style=\"font-size: 16px; color: #333300;\">Ramowy program wycieczki:<\/span><\/p>\n<hr \/>\n<p>Wyjazd z um\u00f3wionego miejsca w godzinach porannych.<\/p>\n<p style=\"text-align: justify;\"><a href=\"http:\/\/www.zamosc.pttk.pl\/wordpress\/wp-content\/uploads\/2020\/03\/nalecz.2.jpg\"><img loading=\"lazy\" decoding=\"async\" class=\"alignleft size-medium wp-image-15944\" src=\"http:\/\/www.zamosc.pttk.pl\/wordpress\/wp-content\/uploads\/2020\/03\/nalecz.2-300x215.jpg\" alt=\"\" width=\"300\" height=\"215\" srcset=\"https:\/\/zamosc.pttk.pl\/wordpress\/wp-content\/uploads\/2020\/03\/nalecz.2-300x215.jpg 300w, https:\/\/zamosc.pttk.pl\/wordpress\/wp-content\/uploads\/2020\/03\/nalecz.2-200x143.jpg 200w, https:\/\/zamosc.pttk.pl\/wordpress\/wp-content\/uploads\/2020\/03\/nalecz.2-419x300.jpg 419w, https:\/\/zamosc.pttk.pl\/wordpress\/wp-content\/uploads\/2020\/03\/nalecz.2.jpg 640w\" sizes=\"auto, (max-width: 300px) 100vw, 300px\" \/><\/a>Przyjazd do Wojciechowa &#8211; stolicy kowalstwa polskiego. Wizyta w miejscowej ku\u017ani, kt\u00f3rej historia si\u0119ga 1920 r. Pokaz kowalstwa przybli\u017cy uczestnikom wycieczki tajniki fachu kowalskiego i umo\u017cliwi pokazanie na \u017cywo r\u0119cznego kucia \u017celaza. Opowie\u015bci o historii ku\u017ani b\u0119d\u0105 ciekawostk\u0105.<\/p>\n<p style=\"text-align: justify;\"><a href=\"http:\/\/www.zamosc.pttk.pl\/wordpress\/wp-content\/uploads\/2020\/03\/nal-3.jpg\"><img loading=\"lazy\" decoding=\"async\" class=\"alignleft size-medium wp-image-15943\" src=\"http:\/\/www.zamosc.pttk.pl\/wordpress\/wp-content\/uploads\/2020\/03\/nal-3-300x205.jpg\" alt=\"\" width=\"300\" height=\"205\" srcset=\"https:\/\/zamosc.pttk.pl\/wordpress\/wp-content\/uploads\/2020\/03\/nal-3-300x205.jpg 300w, https:\/\/zamosc.pttk.pl\/wordpress\/wp-content\/uploads\/2020\/03\/nal-3-200x137.jpg 200w, https:\/\/zamosc.pttk.pl\/wordpress\/wp-content\/uploads\/2020\/03\/nal-3-439x300.jpg 439w, https:\/\/zamosc.pttk.pl\/wordpress\/wp-content\/uploads\/2020\/03\/nal-3.jpg 640w\" sizes=\"auto, (max-width: 300px) 100vw, 300px\" \/><\/a>Po wizycie w ku\u017ani przejedziemy do Na\u0142\u0119czowa &#8211; jednego z najpopularniejszych polskich uzdrowisk, funkcjonuj\u0105cego ju\u017c od XIX w. \u201eDo w\u00f3d\u201d przybywa\u0142o tu wiele znanych postaci, m. in. Boles\u0142aw Prus, Stefan \u017beromski, Henryk Sienkiewicz. Spacer po Parku Zdrojowym, obejrzenie pijalni w\u00f3d mineralnych i zabytkowych willi uzdrowiskowych.<\/p>\n<p style=\"text-align: justify;\">Przejazd do W\u0105wolnicy \u2013 miejsca kultu Matki Bo\u017cej K\u0119belskiej.\u00a0 Wizyta w Sanktuarium, obejrzenie zabytkowej kaplicy, monumentalnej bazyliki i cudownej, \u015bredniowiecznej figurki Matki Boskiej z Dzieci\u0105tkiem<\/p>\n<p style=\"text-align: justify;\">Przejazd do Pu\u0142aw \u2013 w przesz\u0142o\u015bci by\u0142a to wioska rybacka, dzisiaj prawdziw\u0105 chlub\u0105 miasta jest Park Czartoryskich. Spacer po ogrodzie, kt\u00f3rego pocz\u0105tki si\u0119gaj\u0105 XVII wieku. To w\u0142a\u015bnie w nim znajdziemy prawie wszystkie najwa\u017cniejsze zabytki i atrakcje Pu\u0142aw. Ju\u017c od bramy wita nas barokowy pa\u0142ac, w kt\u00f3rym znajduje si\u0119 Muzeum Czartoryskich. Obejrzymy zgromadzone s\u0105 w nim eksponaty, zwi\u0105zane z rodzin\u0105 \u00f3wczesnych w\u0142a\u015bcicieli zespo\u0142u pa\u0142acowo-parkowego.<\/p>\n<p>Obiad dwudaniowy na trasie wycieczki.<\/p>\n<p>Po zako\u0144czeniu zwiedzania w godzinach popo\u0142udniowych wyjazd w drog\u0119 powrotn\u0105.<\/p>\n<hr \/>\n<p>&nbsp;<\/p>\n<p>CENA WYCIECZKI ZALE\u017bNA JEST OD DOK\u0141ADNEJ ILO\u015aCI UCZESTNIK\u00d3W, OPIEKUN\u00d3W I TERMINU JEJ REALIZACJI.<\/p>\n<p>TERMIN WYCIECZKI \u2013 DO USTALENIA<\/p>\n<hr \/>\n<p>\u015awiadczenia przewidziane w programie:<\/p>\n<ul>\n<li>transport busem klasy turystycznej;<\/li>\n<li>us\u0142uga przewodnicka w zwiedzanych miejscach;<\/li>\n<li>obiad dwudaniowy na trasie wycieczki.<\/li>\n<\/ul>\n<hr \/>\n<p>Cena nie zawiera bilet\u00f3w wst\u0119pu do zwiedzanych obiekt\u00f3w:<br \/>\n* pokaz kowalstwa w Wojciechowie \u2013 ok. 10 z\u0142.\/os.<br \/>\n* Muzeum Czartoryskich w Pu\u0142awach (dniem bezp\u0142atnego wst\u0119pu jest poniedzia\u0142ek)<\/p>\n<hr \/>\n<p style=\"text-align: right;\">Powy\u017cszy program jest ramowy a kolejno\u015b\u0107 zwiedzania mo\u017ce ulec zmianie.<br \/>\nPrzedstawion\u0105 propozycj\u0119 mo\u017cna modyfikowa\u0107 zgodnie z \u017cyczeniem grupy.<\/p>\n<p>&nbsp;<\/p>\n","protected":false},"excerpt":{"rendered":"<p>Ramowy program wycieczki: Wyjazd z um\u00f3wionego miejsca w godzinach porannych. Przyjazd do Wojciechowa &#8211; stolicy kowalstwa polskiego. Wizyta w miejscowej ku\u017ani, kt\u00f3rej historia si\u0119ga 1920 r. Pokaz kowalstwa przybli\u017cy uczestnikom wycieczki tajniki fachu kowalskiego i umo\u017cliwi pokazanie na \u017cywo r\u0119cznego &hellip; <a class=\"more-link\" href=\"https:\/\/zamosc.pttk.pl\/wordpress\/?page_id=15938\">Czytaj dalej <span class=\"meta-nav\">&rarr;<\/span><\/a><\/p>\n","protected":false},"author":1,"featured_media":0,"parent":0,"menu_order":0,"comment_status":"closed","ping_status":"closed","template":"","meta":{"footnotes":""},"class_list":["post-15938","page","type-page","status-publish","hentry"],"_links":{"self":[{"href":"https:\/\/zamosc.pttk.pl\/wordpress\/index.php?rest_route=\/wp\/v2\/pages\/15938","targetHints":{"allow":["GET"]}}],"collection":[{"href":"https:\/\/zamosc.pttk.pl\/wordpress\/index.php?rest_route=\/wp\/v2\/pages"}],"about":[{"href":"https:\/\/zamosc.pttk.pl\/wordpress\/index.php?rest_route=\/wp\/v2\/types\/page"}],"author":[{"embeddable":true,"href":"https:\/\/zamosc.pttk.pl\/wordpress\/index.php?rest_route=\/wp\/v2\/users\/1"}],"replies":[{"embeddable":true,"href":"https:\/\/zamosc.pttk.pl\/wordpress\/index.php?rest_route=%2Fwp%2Fv2%2Fcomments&post=15938"}],"version-history":[{"count":5,"href":"https:\/\/zamosc.pttk.pl\/wordpress\/index.php?rest_route=\/wp\/v2\/pages\/15938\/revisions"}],"predecessor-version":[{"id":15946,"href":"https:\/\/zamosc.pttk.pl\/wordpress\/index.php?rest_route=\/wp\/v2\/pages\/15938\/revisions\/15946"}],"wp:attachment":[{"href":"https:\/\/zamosc.pttk.pl\/wordpress\/index.php?rest_route=%2Fwp%2Fv2%2Fmedia&parent=15938"}],"curies":[{"name":"wp","href":"https:\/\/api.w.org\/{rel}","templated":true}]}}