{"id":15914,"date":"2020-03-06T19:17:16","date_gmt":"2020-03-06T18:17:16","guid":{"rendered":"http:\/\/www.zamosc.pttk.pl\/wordpress\/?page_id=15914"},"modified":"2020-03-06T19:29:29","modified_gmt":"2020-03-06T18:29:29","slug":"lublin-i-panstwowe-muzeum-na-majdanku","status":"publish","type":"page","link":"https:\/\/zamosc.pttk.pl\/wordpress\/?page_id=15914","title":{"rendered":"Lublin i Pa\u0144stwowe Muzeum na Majdanku"},"content":{"rendered":"<p style=\"text-align: center;\"><span style=\"font-size: 16px; color: #800000;\">Ramowy program wycieczki:<\/span><\/p>\n<hr \/>\n<p>Wyjazd z um\u00f3wionego miejsca w godzinach porannych.<\/p>\n<p style=\"text-align: justify;\"><a href=\"http:\/\/www.zamosc.pttk.pl\/wordpress\/wp-content\/uploads\/2020\/03\/IMG_20191011_143252.jpg\"><img loading=\"lazy\" decoding=\"async\" class=\"alignleft size-medium wp-image-15917\" src=\"http:\/\/www.zamosc.pttk.pl\/wordpress\/wp-content\/uploads\/2020\/03\/IMG_20191011_143252-300x225.jpg\" alt=\"\" width=\"300\" height=\"225\" srcset=\"https:\/\/zamosc.pttk.pl\/wordpress\/wp-content\/uploads\/2020\/03\/IMG_20191011_143252-300x225.jpg 300w, https:\/\/zamosc.pttk.pl\/wordpress\/wp-content\/uploads\/2020\/03\/IMG_20191011_143252-200x150.jpg 200w, https:\/\/zamosc.pttk.pl\/wordpress\/wp-content\/uploads\/2020\/03\/IMG_20191011_143252-768x576.jpg 768w, https:\/\/zamosc.pttk.pl\/wordpress\/wp-content\/uploads\/2020\/03\/IMG_20191011_143252-1024x768.jpg 1024w, https:\/\/zamosc.pttk.pl\/wordpress\/wp-content\/uploads\/2020\/03\/IMG_20191011_143252-400x300.jpg 400w\" sizes=\"auto, (max-width: 300px) 100vw, 300px\" \/><\/a>Przejazd do Lublina \u2013 miasta o ponad 700 letniej tradycji, przyci\u0105gaj\u0105cego turyst\u00f3w licznymi, zabytkami architektury, stanowi\u0105cymi warto\u015b\u0107 na skal\u0119 krajow\u0105. Podczas spaceru grupa zobaczy najwa\u017cniejsze zabytki miasta, mi\u0119dzy innymi: Zamek Lubelski, rynek staromiejski, kamieniczki, Wie\u017c\u0119 Trynitarsk\u0105, Bram\u0119 Krakowsk\u0105, Baszt\u0119 Gotyck\u0105, Trybuna\u0142 Koronny, Archikatedr\u0119, Klasztor Ojc\u00f3w Dominikan\u00f3w, Plac po Farze. Orientacyjny czas zwiedzania \u2013 ok. 3 godz.<\/p>\n<p style=\"text-align: justify;\"><a href=\"http:\/\/www.zamosc.pttk.pl\/wordpress\/wp-content\/uploads\/2020\/03\/IMG_20191011_170237.jpg\"><img loading=\"lazy\" decoding=\"async\" class=\"alignleft size-medium wp-image-15918\" src=\"http:\/\/www.zamosc.pttk.pl\/wordpress\/wp-content\/uploads\/2020\/03\/IMG_20191011_170237-300x225.jpg\" alt=\"\" width=\"300\" height=\"225\" srcset=\"https:\/\/zamosc.pttk.pl\/wordpress\/wp-content\/uploads\/2020\/03\/IMG_20191011_170237-300x225.jpg 300w, https:\/\/zamosc.pttk.pl\/wordpress\/wp-content\/uploads\/2020\/03\/IMG_20191011_170237-200x150.jpg 200w, https:\/\/zamosc.pttk.pl\/wordpress\/wp-content\/uploads\/2020\/03\/IMG_20191011_170237-768x576.jpg 768w, https:\/\/zamosc.pttk.pl\/wordpress\/wp-content\/uploads\/2020\/03\/IMG_20191011_170237.jpg 1024w, https:\/\/zamosc.pttk.pl\/wordpress\/wp-content\/uploads\/2020\/03\/IMG_20191011_170237-400x300.jpg 400w\" sizes=\"auto, (max-width: 300px) 100vw, 300px\" \/><\/a>Podczas zwiedzania miasta jest mo\u017cliwe wej\u015bcie (w miar\u0119 dost\u0119pno\u015bci \u2013 obowi\u0105zuje rezerwacja godzinowa) do Kaplicy Tr\u00f3jcy \u015awi\u0119tej na Zamku Lubelskim. Jest to jeden z najcenniejszych i najciekawszych przyk\u0142ad\u00f3w sztuki \u015bredniowiecznej w Polsce i w Europie, miejsce, w kt\u00f3rym spotka\u0142a si\u0119 i wsp\u00f3\u0142istnieje kultura Wschodu i Zachodu.\u00a0 We wn\u0119trzu tej gotyckiej \u015bwi\u0105tyni w 1418 roku wykonano bezcenne malowid\u0142a bizanty\u0144sko &#8211; ruskie.\u00a0 Bilet wst\u0119pu \u2013 zgodnie z cennikiem.<\/p>\n<p style=\"text-align: justify;\">W\u015br\u00f3d atrakcji Lublina znajduje si\u0119 r\u00f3wnie\u017c\u00a0 Trasa Podziemna o d\u0142. 280 m, kt\u00f3ra\u00a0 biegnie pod Rynkiem i kamienicami Starego Miasta. Powsta\u0142a w wyniku po\u0142\u0105czenia kilkunastu staromiejskich piwnic, kt\u00f3rych historia si\u0119ga pocz\u0105tku XVI w., czyli okresu najwi\u0119kszej \u015bwietno\u015bci Lublina. Zosta\u0142y one po\u0142\u0105czone korytarzami i w ten spos\u00f3b pod miastem powsta\u0142 podziemny labirynt. Bilet wst\u0119pu \u2013 zgodnie z cennikiem.<br \/>\nW miar\u0119 mo\u017cliwo\u015bci czasowych czas wolny do dyspozycji grupy.<br \/>\nPrzerwa na obiad 2-daniowy z napojem.<\/p>\n<hr \/>\n<p style=\"text-align: justify;\">Po po\u0142udniu przejazd do Muzeum na Majdanku. Powsta\u0142o ono w miejscu by\u0142ego niemieckiego obozu koncentracyjnego, kt\u00f3ry funkcjonowa\u0142 na obrze\u017cach Lublina od pa\u017adziernika 1941 roku do lipca 1944 roku. Muzeum powsta\u0142o w listopadzie 1944 roku, jako pierwsze muzeum upami\u0119tniaj\u0105ce ofiary II wojny \u015bwiatowej w Europie. Zadaniem Muzeum jest piel\u0119gnowanie pami\u0119ci i rozwijanie edukacji historycznej o okupacji niemieckiej na Lubelszczy\u017anie podczas II wojny \u015bwiatowej, w szczeg\u00f3lno\u015bci poprzez upami\u0119tnianie ofiar, ochron\u0119 obiekt\u00f3w oraz dokumentowanie historii obozu koncentracyjnego na Majdanku oraz oboz\u00f3w zag\u0142ady w Be\u0142\u017ccu i Sobiborze. Orientacyjny czas zwiedzania \u2013 2,5 godz.<\/p>\n<p>W godzinach popo\u0142udniowych wyjazd w drog\u0119 powrotn\u0105.<\/p>\n<hr \/>\n<p>CENA WYCIECZKI ZALE\u017bNA JEST OD DOK\u0141ADNEJ ILO\u015aCI UCZESTNIK\u00d3W, OPIEKUN\u00d3W I TERMINU JEJ REALIZACJI.<\/p>\n<p>TERMIN WYCIECZKI \u2013 DO USTALENIA<\/p>\n<hr \/>\n<p>\u015awiadczenia przewidziane w cenie:<\/p>\n<ul>\n<li>transport autokarem turystycznym;<\/li>\n<li>op\u0142aty drogowe i parkingowe;<\/li>\n<li>obiad 2- daniowy z napojem;<\/li>\n<li>us\u0142uga przewodnicka podczas zwiedzania Muzeum na Majdanku;<\/li>\n<li>opieka pilota \u2013 przewodnika przez ca\u0142y czas trwania wycieczki.<\/li>\n<\/ul>\n<hr \/>\n<p style=\"text-align: right;\">Powy\u017cszy program jest ramowy a kolejno\u015b\u0107 zwiedzania mo\u017ce ulec zmianie.<br \/>\nPrzedstawion\u0105 propozycj\u0119 mo\u017cna modyfikowa\u0107 zgodnie z \u017cyczeniem grupy.<\/p>\n","protected":false},"excerpt":{"rendered":"<p>Ramowy program wycieczki: Wyjazd z um\u00f3wionego miejsca w godzinach porannych. Przejazd do Lublina \u2013 miasta o ponad 700 letniej tradycji, przyci\u0105gaj\u0105cego turyst\u00f3w licznymi, zabytkami architektury, stanowi\u0105cymi warto\u015b\u0107 na skal\u0119 krajow\u0105. Podczas spaceru grupa zobaczy najwa\u017cniejsze zabytki miasta, mi\u0119dzy innymi: Zamek &hellip; <a class=\"more-link\" href=\"https:\/\/zamosc.pttk.pl\/wordpress\/?page_id=15914\">Czytaj dalej <span class=\"meta-nav\">&rarr;<\/span><\/a><\/p>\n","protected":false},"author":1,"featured_media":0,"parent":0,"menu_order":0,"comment_status":"closed","ping_status":"closed","template":"","meta":{"footnotes":""},"class_list":["post-15914","page","type-page","status-publish","hentry"],"_links":{"self":[{"href":"https:\/\/zamosc.pttk.pl\/wordpress\/index.php?rest_route=\/wp\/v2\/pages\/15914","targetHints":{"allow":["GET"]}}],"collection":[{"href":"https:\/\/zamosc.pttk.pl\/wordpress\/index.php?rest_route=\/wp\/v2\/pages"}],"about":[{"href":"https:\/\/zamosc.pttk.pl\/wordpress\/index.php?rest_route=\/wp\/v2\/types\/page"}],"author":[{"embeddable":true,"href":"https:\/\/zamosc.pttk.pl\/wordpress\/index.php?rest_route=\/wp\/v2\/users\/1"}],"replies":[{"embeddable":true,"href":"https:\/\/zamosc.pttk.pl\/wordpress\/index.php?rest_route=%2Fwp%2Fv2%2Fcomments&post=15914"}],"version-history":[{"count":7,"href":"https:\/\/zamosc.pttk.pl\/wordpress\/index.php?rest_route=\/wp\/v2\/pages\/15914\/revisions"}],"predecessor-version":[{"id":15924,"href":"https:\/\/zamosc.pttk.pl\/wordpress\/index.php?rest_route=\/wp\/v2\/pages\/15914\/revisions\/15924"}],"wp:attachment":[{"href":"https:\/\/zamosc.pttk.pl\/wordpress\/index.php?rest_route=%2Fwp%2Fv2%2Fmedia&parent=15914"}],"curies":[{"name":"wp","href":"https:\/\/api.w.org\/{rel}","templated":true}]}}