{"id":15873,"date":"2020-03-05T20:09:45","date_gmt":"2020-03-05T19:09:45","guid":{"rendered":"http:\/\/www.zamosc.pttk.pl\/wordpress\/?page_id=15873"},"modified":"2020-03-23T10:28:26","modified_gmt":"2020-03-23T09:28:26","slug":"lublin-i-kozlowka","status":"publish","type":"page","link":"https:\/\/zamosc.pttk.pl\/wordpress\/?page_id=15873","title":{"rendered":"Koz\u0142\u00f3wka i Lublin"},"content":{"rendered":"<p style=\"text-align: center;\"><span style=\"font-size: 16px;\"><span style=\"color: #993300;\">Ramowy program wycieczki<\/span><\/span><\/p>\n<hr \/>\n<p>Wyjazd z um\u00f3wionego miejsca w godzinach porannych.<\/p>\n<p>Przejazd do Koz\u0142\u00f3wki po\u0142o\u017conej w otulinie Koz\u0142owieckiego Parku Krajobrazowego.<\/p>\n<p style=\"text-align: justify;\">Muzeum Zamoyskich w Koz\u0142\u00f3wce to jedno z najpi\u0119kniejszych miejsc na Lubelszczy\u017anie. Tutejszy pa\u0142ac zalicza si\u0119 do najlepiej zachowanych rezydencji magnackich w Polsce.<br \/>\n<a href=\"http:\/\/www.zamosc.pttk.pl\/wordpress\/wp-content\/uploads\/2020\/03\/IMG_20191011_120835.jpg\"><img loading=\"lazy\" decoding=\"async\" class=\"alignleft size-medium wp-image-15889\" src=\"http:\/\/www.zamosc.pttk.pl\/wordpress\/wp-content\/uploads\/2020\/03\/IMG_20191011_120835-300x225.jpg\" alt=\"\" width=\"300\" height=\"225\" srcset=\"https:\/\/zamosc.pttk.pl\/wordpress\/wp-content\/uploads\/2020\/03\/IMG_20191011_120835-300x225.jpg 300w, https:\/\/zamosc.pttk.pl\/wordpress\/wp-content\/uploads\/2020\/03\/IMG_20191011_120835-200x150.jpg 200w, https:\/\/zamosc.pttk.pl\/wordpress\/wp-content\/uploads\/2020\/03\/IMG_20191011_120835-768x576.jpg 768w, https:\/\/zamosc.pttk.pl\/wordpress\/wp-content\/uploads\/2020\/03\/IMG_20191011_120835.jpg 1024w, https:\/\/zamosc.pttk.pl\/wordpress\/wp-content\/uploads\/2020\/03\/IMG_20191011_120835-400x300.jpg 400w\" sizes=\"auto, (max-width: 300px) 100vw, 300px\" \/><\/a>Oddano go do u\u017cytku w 1742 roku, ju\u017c pod koniec XVIII wieku przesz\u0142a w r\u0119ce Zamoyskich.<br \/>\nKonstanty Zamoyski wraz z \u017con\u0105 Aniel\u0105 Potock\u0105, nowi w\u0142a\u015bciciele Koz\u0142\u00f3wki, zainwestowali sporo wysi\u0142ku i funduszy w rozbudow\u0119 obiektu, nadaj\u0105c nowy charakter i niew\u0105tpliwy splendor temu miejscu.Zwiedzanie parku, kaplicy pa\u0142acowej, powozowni i Galerii Socrealizmu.<\/p>\n<hr \/>\n<p style=\"padding-left: 30px; text-align: justify;\">Po zwiedzaniu przejazd do Lublina \u2013 miasta o ponad 700-letniej tradycji, przyci\u0105gaj\u0105cego turyst\u00f3w licznymi, zabytkami architektury, stanowi\u0105cymi warto\u015b\u0107 na skal\u0119 krajow\u0105.<br \/>\nW czasie spaceru grupa zobaczy najwa\u017cniejsze zabytki miasta, mi\u0119dzy innymi: Zamek Lubelski,\u00a0 rynek staromiejski, kamieniczki, Wie\u017c\u0119 Trynitarsk\u0105, Bram\u0119 Krakowsk\u0105, Baszt\u0119 Gotyck\u0105, Trybuna\u0142 Koronny, Archikatedr\u0119, Klasztor Ojc\u00f3w Dominikan\u00f3w, Plac po Farze.<br \/>\nOrientacyjny czas zwiedzania \u2013\u00a0 ok. 3 godz.<br \/>\nPodczas zwiedzania miasta mo\u017cliwe jest wej\u015bcie (w miar\u0119 dost\u0119pno\u015bci \u2013 obowi\u0105zuje rezerwacja godzinowa) do Kaplicy Tr\u00f3jcy \u015awi\u0119tej na Zamku Lubelskim.<a href=\"http:\/\/www.zamosc.pttk.pl\/wordpress\/wp-content\/uploads\/2020\/03\/IMG_20191011_130854.jpg\"><img loading=\"lazy\" decoding=\"async\" class=\"size-medium wp-image-15903 alignright\" src=\"http:\/\/www.zamosc.pttk.pl\/wordpress\/wp-content\/uploads\/2020\/03\/IMG_20191011_130854-300x225.jpg\" alt=\"\" width=\"300\" height=\"225\" srcset=\"https:\/\/zamosc.pttk.pl\/wordpress\/wp-content\/uploads\/2020\/03\/IMG_20191011_130854-300x225.jpg 300w, https:\/\/zamosc.pttk.pl\/wordpress\/wp-content\/uploads\/2020\/03\/IMG_20191011_130854-200x150.jpg 200w, https:\/\/zamosc.pttk.pl\/wordpress\/wp-content\/uploads\/2020\/03\/IMG_20191011_130854-768x576.jpg 768w, https:\/\/zamosc.pttk.pl\/wordpress\/wp-content\/uploads\/2020\/03\/IMG_20191011_130854.jpg 1024w, https:\/\/zamosc.pttk.pl\/wordpress\/wp-content\/uploads\/2020\/03\/IMG_20191011_130854-400x300.jpg 400w\" sizes=\"auto, (max-width: 300px) 100vw, 300px\" \/><\/a><br \/>\nJest to jeden z najcenniejszych i najciekawszych przyk\u0142ad\u00f3w sztuki \u015bredniowiecznej w Polsce oraz Europie, w kt\u00f3rym spotka\u0142a si\u0119 i wsp\u00f3\u0142istnieje kultura Wschodu i Zachodu.<br \/>\nWe wn\u0119trzu tej gotyckiej \u015bwi\u0105tyni w 1418 roku wykonano bezcenne malowid\u0142a bizanty\u0144sko &#8211; ruskie.<br \/>\nBilet wst\u0119pu \u2013 zgodnie z cennikiem.<br \/>\nW\u015br\u00f3d atrakcji Lublina znajduje si\u0119 r\u00f3wnie\u017c Trasa Podziemna o d\u0142. 280 m., kt\u00f3ra znajduje si\u0119 pod Rynkiem i kamienicami Starego Miasta.<br \/>\nPowsta\u0142a w wyniku po\u0142\u0105czenia kilkunastu staromiejskich piwnic, kt\u00f3rych historia si\u0119ga pocz\u0105tku XVI w., czyli okresu najwi\u0119kszej \u015bwietno\u015bci Lublina. Zosta\u0142y one cz\u0119\u015bciowo po\u0142\u0105czone korytarzami i w ten spos\u00f3b pod miastem powsta\u0142 podziemny labirynt.<br \/>\nBilet wst\u0119pu \u2013 zgodnie z cennikiem.<\/p>\n<p>&nbsp;<\/p>\n<p>W czasie zwiedzania przerwa na obiad 2-daniowy z napojem.<br \/>\nWyjazd w drog\u0119 powrotn\u0105 w godzinach popo\u0142udniowych.<\/p>\n<hr \/>\n<p>CENA WYCIECZKI ZALE\u017bNA JEST OD ILO\u015aCI UCZESTNIK\u00d3W, OPIEKUN\u00d3W I TERMINU JEJ REALIZACJI.<\/p>\n<p>TERMIN WYCIECZKI \u2013 DO UZGODNIENIA<\/p>\n<hr \/>\n<p>\u015awiadczenia przewidziane w cenie:<\/p>\n<ul>\n<li>transport autokarem turystycznym;<\/li>\n<li>bilet wst\u0119pu do Muzeum Zamoyskich w Koz\u0142\u00f3wce \u2013 zawiera us\u0142ug\u0119 przewodnick\u0105 w pa\u0142acu;<\/li>\n<li>obiad 2- daniowy z napojem;<\/li>\n<li>opieka pilota \u2013 przewodnika podczas realizacji programu zwiedzania;<\/li>\n<\/ul>\n<hr \/>\n<p style=\"text-align: right;\"><em>Powy\u017cszy program jest ramowy a kolejno\u015b\u0107 zwiedzania mo\u017ce ulec zmianie.<\/em><\/p>\n<p style=\"text-align: right;\"><em>Przedstawion\u0105 propozycj\u0119 mo\u017cna modyfikowa\u0107 zgodnie z \u017cyczeniem grupy.<\/em><\/p>\n<p>&nbsp;<\/p>\n","protected":false},"excerpt":{"rendered":"<p>Ramowy program wycieczki Wyjazd z um\u00f3wionego miejsca w godzinach porannych. Przejazd do Koz\u0142\u00f3wki po\u0142o\u017conej w otulinie Koz\u0142owieckiego Parku Krajobrazowego. Muzeum Zamoyskich w Koz\u0142\u00f3wce to jedno z najpi\u0119kniejszych miejsc na Lubelszczy\u017anie. Tutejszy pa\u0142ac zalicza si\u0119 do najlepiej zachowanych rezydencji magnackich w &hellip; <a class=\"more-link\" href=\"https:\/\/zamosc.pttk.pl\/wordpress\/?page_id=15873\">Czytaj dalej <span class=\"meta-nav\">&rarr;<\/span><\/a><\/p>\n","protected":false},"author":1,"featured_media":0,"parent":0,"menu_order":0,"comment_status":"closed","ping_status":"closed","template":"","meta":{"footnotes":""},"class_list":["post-15873","page","type-page","status-publish","hentry"],"_links":{"self":[{"href":"https:\/\/zamosc.pttk.pl\/wordpress\/index.php?rest_route=\/wp\/v2\/pages\/15873","targetHints":{"allow":["GET"]}}],"collection":[{"href":"https:\/\/zamosc.pttk.pl\/wordpress\/index.php?rest_route=\/wp\/v2\/pages"}],"about":[{"href":"https:\/\/zamosc.pttk.pl\/wordpress\/index.php?rest_route=\/wp\/v2\/types\/page"}],"author":[{"embeddable":true,"href":"https:\/\/zamosc.pttk.pl\/wordpress\/index.php?rest_route=\/wp\/v2\/users\/1"}],"replies":[{"embeddable":true,"href":"https:\/\/zamosc.pttk.pl\/wordpress\/index.php?rest_route=%2Fwp%2Fv2%2Fcomments&post=15873"}],"version-history":[{"count":34,"href":"https:\/\/zamosc.pttk.pl\/wordpress\/index.php?rest_route=\/wp\/v2\/pages\/15873\/revisions"}],"predecessor-version":[{"id":16041,"href":"https:\/\/zamosc.pttk.pl\/wordpress\/index.php?rest_route=\/wp\/v2\/pages\/15873\/revisions\/16041"}],"wp:attachment":[{"href":"https:\/\/zamosc.pttk.pl\/wordpress\/index.php?rest_route=%2Fwp%2Fv2%2Fmedia&parent=15873"}],"curies":[{"name":"wp","href":"https:\/\/api.w.org\/{rel}","templated":true}]}}