{"id":15863,"date":"2020-03-01T19:46:33","date_gmt":"2020-03-01T18:46:33","guid":{"rendered":"http:\/\/www.zamosc.pttk.pl\/wordpress\/?page_id=15863"},"modified":"2020-03-06T07:18:37","modified_gmt":"2020-03-06T06:18:37","slug":"46-rajd-zimowy-wzgorzami-roztocza","status":"publish","type":"page","link":"https:\/\/zamosc.pttk.pl\/wordpress\/?page_id=15863","title":{"rendered":"46 Rajd Zimowy &#8222;Wzg\u00f3rzami Roztocza&#8221;"},"content":{"rendered":"<p style=\"text-align: justify;\">Przy pi\u0119knej zimowej pogodzie po Roztoczu w\u0119drowa\u0142o 167 ma\u0142ych i du\u017cych mi\u0142o\u015bnik\u00f3w Roztocza. Rano mieli\u015bmy pi\u0119kn\u0105 zimow\u0105 pogod\u0119 a p\u00f3\u017aniej pod nogami pi\u0119kne roztocza\u0144skie b\u0142oto. Na mecie piekli\u015bmy kie\u0142baski, bawili\u015bmy si\u0119 na konkursach: rzut podkow\u0105, \u015bpiewali\u015bmy piosenki oraz by\u0142 konkurs krajoznawczy &#8211; czy wiecie jakiego koloru jest \u015bnieg w nocy???<br \/>\nNa trasach rajdowych w\u0119drowa\u0142a m\u0142odzie\u017c ze szk\u00f3\u0142: SP Nr 3, SP Nr 6, SP 8 w Zamo\u015bciu oraz ze szk\u00f3\u0142 w Szczebrzeszynie, Nieliszu, Z\u0142o<span class=\"text_exposed_show\">jcu i Michalowie, S\u0142uchacze Kursu Przewodnickiego po Zamo\u015bciu i Roztoczu oraz liczna grupka turyst\u00f3w indywidualnych, w tym Rodzice ze swoimi pociechami. Organizatorzy serdecznie dzi\u0119kuj\u0105 wszystkim uczestnikom a szczeg\u00f3lnie opiekunom grup szkolnych.<br \/>\nTrasy rajdowe prowadzili przewodnicy i przodownicy turystyki pieszej: Edward, Pawe\u0142, Andrzej, Joasia, Tadeusz. Na mecie witali uczestnik\u00f3w i ich zabawiali: Krzysztof, Andrzej i Marian. Do spotkania na Rajdzie &#8222;Spotkanie z Wiosn\u0105&#8221; na Roztoczu Wschodnim w ostatni\u0105 sobot\u0119 kwietnia br.<br \/>\nSerdecznie dzi\u0119kujemy gospodarzom \u015bwietlicy w Stanis\u0142awowie druhom z OSP Stanis\u0142aw\u00f3w za pomoc przy organizacji Rajdu.<\/span><\/p>\n<p>&nbsp;<\/p>\n<p>[huge_it_slider id=&#8221;228 &#8222;]<\/p>\n","protected":false},"excerpt":{"rendered":"<p>Przy pi\u0119knej zimowej pogodzie po Roztoczu w\u0119drowa\u0142o 167 ma\u0142ych i du\u017cych mi\u0142o\u015bnik\u00f3w Roztocza. Rano mieli\u015bmy pi\u0119kn\u0105 zimow\u0105 pogod\u0119 a p\u00f3\u017aniej pod nogami pi\u0119kne roztocza\u0144skie b\u0142oto. Na mecie piekli\u015bmy kie\u0142baski, bawili\u015bmy si\u0119 na konkursach: rzut podkow\u0105, \u015bpiewali\u015bmy piosenki oraz by\u0142 konkurs &hellip; <a class=\"more-link\" href=\"https:\/\/zamosc.pttk.pl\/wordpress\/?page_id=15863\">Czytaj dalej <span class=\"meta-nav\">&rarr;<\/span><\/a><\/p>\n","protected":false},"author":1,"featured_media":0,"parent":0,"menu_order":0,"comment_status":"closed","ping_status":"closed","template":"","meta":{"footnotes":""},"class_list":["post-15863","page","type-page","status-publish","hentry"],"_links":{"self":[{"href":"https:\/\/zamosc.pttk.pl\/wordpress\/index.php?rest_route=\/wp\/v2\/pages\/15863","targetHints":{"allow":["GET"]}}],"collection":[{"href":"https:\/\/zamosc.pttk.pl\/wordpress\/index.php?rest_route=\/wp\/v2\/pages"}],"about":[{"href":"https:\/\/zamosc.pttk.pl\/wordpress\/index.php?rest_route=\/wp\/v2\/types\/page"}],"author":[{"embeddable":true,"href":"https:\/\/zamosc.pttk.pl\/wordpress\/index.php?rest_route=\/wp\/v2\/users\/1"}],"replies":[{"embeddable":true,"href":"https:\/\/zamosc.pttk.pl\/wordpress\/index.php?rest_route=%2Fwp%2Fv2%2Fcomments&post=15863"}],"version-history":[{"count":3,"href":"https:\/\/zamosc.pttk.pl\/wordpress\/index.php?rest_route=\/wp\/v2\/pages\/15863\/revisions"}],"predecessor-version":[{"id":15912,"href":"https:\/\/zamosc.pttk.pl\/wordpress\/index.php?rest_route=\/wp\/v2\/pages\/15863\/revisions\/15912"}],"wp:attachment":[{"href":"https:\/\/zamosc.pttk.pl\/wordpress\/index.php?rest_route=%2Fwp%2Fv2%2Fmedia&parent=15863"}],"curies":[{"name":"wp","href":"https:\/\/api.w.org\/{rel}","templated":true}]}}