{"id":15724,"date":"2020-02-16T16:41:04","date_gmt":"2020-02-16T15:41:04","guid":{"rendered":"http:\/\/www.zamosc.pttk.pl\/wordpress\/?page_id=15724"},"modified":"2020-03-08T15:34:39","modified_gmt":"2020-03-08T14:34:39","slug":"wedruj-z-nami-cetnar","status":"publish","type":"page","link":"https:\/\/zamosc.pttk.pl\/wordpress\/?page_id=15724","title":{"rendered":"W\u0119druj z nami&#8230; Cetnar"},"content":{"rendered":"<p style=\"text-align: justify;\">Wspomnienia z wycieczki &#8222;W\u0119druj z nami&#8221; Las Cetnar w Piekie\u0142ku Szczebrzeszy\u0144skim na Roztoczu Zachodnim.<br \/>\nNa starcie pojawi\u0142o si\u0119 40 os\u00f3b i jedna psinka.\u00a0 W po\u0142owie drogi by\u0142o ognisko rajdowe. Prowadzili i opowiadali Andrzej o Roztoczu Zachodnim, Edward &#8211; legendy i inne opowie\u015bci, Kazio proponowa\u0142 mr\u00f3wkoterapi\u0119 z Klubu Turystyczno-Krajoznawczego im. Micha\u0142a Pieszki przy Oddziale PTTK w Zamo\u015bciu. Dzi\u0119kujemy za wsp\u00f3ln\u0105 w\u0119dr\u00f3wk\u0119 i do spotkania w marcu.<\/p>\n<p style=\"text-align: justify;\">Jak by\u0142o zobaczcie na zdj\u0119ciach. B\u0142oto by\u0142o umiarkowane i nikt za bardzo si\u0119 nie ub\u0142oci\u0142.. na prawie, bo 3 osoby l\u0105dowa\u0142y na p&#8230; i brzuszku&#8230;<\/p>\n<p>Zdj\u0119cia wykona\u0142 Edward.<\/p>\n<p>[huge_it_slider id=&#8221;227 &#8222;]<\/p>\n","protected":false},"excerpt":{"rendered":"<p>Wspomnienia z wycieczki &#8222;W\u0119druj z nami&#8221; Las Cetnar w Piekie\u0142ku Szczebrzeszy\u0144skim na Roztoczu Zachodnim. Na starcie pojawi\u0142o si\u0119 40 os\u00f3b i jedna psinka.\u00a0 W po\u0142owie drogi by\u0142o ognisko rajdowe. Prowadzili i opowiadali Andrzej o Roztoczu Zachodnim, Edward &#8211; legendy i &hellip; <a class=\"more-link\" href=\"https:\/\/zamosc.pttk.pl\/wordpress\/?page_id=15724\">Czytaj dalej <span class=\"meta-nav\">&rarr;<\/span><\/a><\/p>\n","protected":false},"author":1,"featured_media":0,"parent":0,"menu_order":0,"comment_status":"closed","ping_status":"closed","template":"","meta":{"footnotes":""},"class_list":["post-15724","page","type-page","status-publish","hentry"],"_links":{"self":[{"href":"https:\/\/zamosc.pttk.pl\/wordpress\/index.php?rest_route=\/wp\/v2\/pages\/15724","targetHints":{"allow":["GET"]}}],"collection":[{"href":"https:\/\/zamosc.pttk.pl\/wordpress\/index.php?rest_route=\/wp\/v2\/pages"}],"about":[{"href":"https:\/\/zamosc.pttk.pl\/wordpress\/index.php?rest_route=\/wp\/v2\/types\/page"}],"author":[{"embeddable":true,"href":"https:\/\/zamosc.pttk.pl\/wordpress\/index.php?rest_route=\/wp\/v2\/users\/1"}],"replies":[{"embeddable":true,"href":"https:\/\/zamosc.pttk.pl\/wordpress\/index.php?rest_route=%2Fwp%2Fv2%2Fcomments&post=15724"}],"version-history":[{"count":6,"href":"https:\/\/zamosc.pttk.pl\/wordpress\/index.php?rest_route=\/wp\/v2\/pages\/15724\/revisions"}],"predecessor-version":[{"id":15989,"href":"https:\/\/zamosc.pttk.pl\/wordpress\/index.php?rest_route=\/wp\/v2\/pages\/15724\/revisions\/15989"}],"wp:attachment":[{"href":"https:\/\/zamosc.pttk.pl\/wordpress\/index.php?rest_route=%2Fwp%2Fv2%2Fmedia&parent=15724"}],"curies":[{"name":"wp","href":"https:\/\/api.w.org\/{rel}","templated":true}]}}