{"id":15601,"date":"2020-02-02T09:51:09","date_gmt":"2020-02-02T08:51:09","guid":{"rendered":"http:\/\/www.zamosc.pttk.pl\/wordpress\/?page_id=15601"},"modified":"2020-02-02T11:06:49","modified_gmt":"2020-02-02T10:06:49","slug":"wspomnienia-z-rajdu-historycznego","status":"publish","type":"page","link":"https:\/\/zamosc.pttk.pl\/wordpress\/?page_id=15601","title":{"rendered":"Wspomnienia z Rajdu Historycznego"},"content":{"rendered":"<p>Przy pi\u0119knej prawie wiosennej pogodzie spotkali\u015bmy si\u0119 w sobot\u0119 1 lutego na parkingu przy ko\u015bciele w G\u00f3recku Ko\u015bcielnym. Tu\u017c po 9-tej Edward zagwizda\u0142 historycznym gwizdkiem\u00a0 i zaprosi\u0142 uczestnik\u00f3w. Kol. Andrzej, Kazio i Edward pokr\u00f3tce powiedzieli o programie rajdu.\u00a0 \u00a0Organizatorzy byli mile zaskoczeni frekwencj\u0105. Na starcie doliczyli\u015bmy si\u0119 70 os\u00f3b i 2 psy.<br \/>\nPoszli\u015bmy na miejscowy zabytkowy cmentarz. Przy mogile powsta\u0144c\u00f3w styczniowych Kazio powiedzia\u0142 wiersz Mieczys\u0142aw Romanowskiego poety-powsta\u0144ca &#8211; Po\u017cegnanie. Andrzej powiedzia\u0142 kilka s\u0142\u00f3w o powstaniach narodowych. Edward zaprosi\u0142 do grob\u00f3w partyzant\u00f3w AK poleg\u0142ych w czerwcu 1944 r. pod Osuchami i pokaza\u0142 gr\u00f3b partyzanta z Kompanii Warszawskiej Zbigniewa Zarzewskiego ps. Fernando, kt\u00f3ry poleg\u0142 pod D\u0142ugim K\u0105tem. By\u0142 synem przedwojennego prezydenta \u0141odzi. Zobaczyli\u015bmy nagrobek z postaci\u0105 \u015bw. Micha\u0142a.<\/p>\n<p>Wyruszyli\u015bmy na w\u0119dr\u00f3wk\u0119. Szczeg\u00f3lnie m\u0142odym podoba\u0142a si\u0119 dziupla w pomnikowym d\u0119bie. Przeszli\u015bmy przez Szum i znale\u017ali\u015bmy si\u0119 na terenie gminy Tereszpol. Po nied\u0142ugiej w\u0119dr\u00f3wce znale\u017ali\u015bmy si\u0119 na niewielkiej polanie. Stoi tutaj dawna gaj\u00f3wka ordynacka D\u0105browa. Obecnie ma numer adresowy Tereszpol Zaorenda 363. Jest w administracji Nadle\u015bnictwa Zwierzyniec.<\/p>\n<p>Tym razem nie spotkali\u015bmy jakiego\u015b mieszka\u0144ca, chocia\u017c wida\u0107 by\u0142o, \u017ce kto\u015b tu zamieszkuje, zapewne w lecie. Kol. Krzysio &#8211; le\u015bnik z Su\u015bca opowiedzia\u0142 o le\u015bnych gaj\u00f3wkach w Puszczy Solskiej i ich mieszka\u0144cach. po \u015bliskiej k\u0142adce przeszli\u015bmy ostro\u017cnie prze Szum nast\u0119pnie wdrapuj\u0105c si\u0119 po stromym poboczu doliny Szumu. Edward prowadzi\u0142 na grup\u0119 i nikt go nie wyprzedza\u0142 jako to bywa na rajdach. Oczom turyst\u00f3w pokaza\u0142a ogromna polana zwana te\u017c D\u0105brow\u0105. Jeste\u015bmy na terenie gminy Aleksandr\u00f3w. Tutaj jest le\u015bny amfiteatr i ogromny namiot.<\/p>\n<p>Ponownie przeszli\u015bmy przez Szum, po lewej jest zalew Sig\u0142a. Tutaj droga by\u0142a trudniejszy, bo wysypana &#8222;niesortem&#8221; z kamienio\u0142om\u00f3w j\u00f3zefowskich. Jak jest sucho to kurzy si\u0119 okropnie, jak mokro, jak tym razem by\u0142o &#8211; ma\u017a lepi\u0105ca si\u0119 do but\u00f3w. Pokonali\u015bmy sprawnie odcinek tej drogi. Omin\u0119li od po\u0142udnia Wielkie Bagno i weszli\u015bmy na Kapliczn\u0105 G\u00f3r\u0119. Jest to wysoka wydma otoczona\u00a0 bagnami ostoja \u017curawi.<\/p>\n<p>Wreszcie doszli\u015bmy do rekonstrukcji ziemianki &#8222;Wira&#8221;, gdzie ukrywali si\u0119 partyzanci AK z J\u00f3zefowa. Weszli\u015bmy do \u015brodka i obejrzeli\u015bmy wyposa\u017cenie a p\u00f3\u017aniej zobaczyli\u015bmy\u00a0 plansze.<\/p>\n<p>Cz\u0119\u015b\u0107 os\u00f3b, tych ciekawych posz\u0142o jeszcze do szpitala partyzanckiego 665. Rozpalaniem ogniska zaj\u0119li si\u0119 emerytowani wojskowi, kt\u00f3rzy z trudem wykonali prac\u0119 i ognisko zap\u0142on\u0119\u0142o mimo mokrych ga\u0142\u0119zi. Po upieczeniu kie\u0142basek i zjedzeniu zapas\u00f3w z plecak\u00f3w wyruszyli\u015bmy w drog\u0119 powrotn\u0105 ogl\u0105daj\u0105c przepi\u0119kne kobierce chrobotka reniferowego.<\/p>\n<p>Po drodze nieco innej ni\u017c w\u0119drowali\u015bmy poprzednio, mijali\u015bmy umieszczone na drzewach kapliczki. Podoba\u0142 nam si\u0119 r\u00f3wnie\u017c okaza\u0142y ja\u0142owiec. Jeszcze raz spojrzeli\u015bmy na \u017ar\u00f3de\u0142ko&#8221; Bo\u017ca \u0141ezka&#8221;. Na polanie przed kapliczk\u0105 poczekali\u015bmy na wszystkich. Na po\u017cegnanie zrobili\u015bmy pami\u0105tkowe zdj\u0119cie. Nast\u0119pnie podzielili\u015bmy na 3 grupy, jedni poszli do swoich samochod\u00f3w, spora grupka do Karczmy &#8222;Nad Szumem&#8221; a Rowerowi W\u0142\u00f3czykije tym razem spieszeni poszli do rezerwatu &#8222;Szum&#8221;<\/p>\n<p>Dzi\u0119kujemy\u00a0 uczestnikom za wspania\u0142e humory i mi\u0142\u0105 atmosfer\u0119 i zamojskim przewodnikom PTTK a tak\u017ce cz\u0142onkom Grupy Turystycznej Roztocze i Rowerowym W\u0142\u00f3czykijom.<\/p>\n<p>Na rajd przyjechali mi\u0142o\u015bnicy Roztocza z powiat\u00f3w:bi\u0142gorajskiego, zamojskiego, Zamo\u015bcia, powiatu tomaszowskiego.<\/p>\n<p>Foto Edward<\/p>\n<p>Cz\u0119\u015b\u0107 pierwsza<\/p>\n<p>[huge_it_slider id=&#8221;225 &#8222;]<\/p>\n<p>Cz\u0119\u015b\u0107 druga<\/p>\n<p>[huge_it_slider id=&#8221;226 &#8222;]<\/p>\n","protected":false},"excerpt":{"rendered":"<p>Przy pi\u0119knej prawie wiosennej pogodzie spotkali\u015bmy si\u0119 w sobot\u0119 1 lutego na parkingu przy ko\u015bciele w G\u00f3recku Ko\u015bcielnym. Tu\u017c po 9-tej Edward zagwizda\u0142 historycznym gwizdkiem\u00a0 i zaprosi\u0142 uczestnik\u00f3w. Kol. Andrzej, Kazio i Edward pokr\u00f3tce powiedzieli o programie rajdu.\u00a0 \u00a0Organizatorzy byli &hellip; <a class=\"more-link\" href=\"https:\/\/zamosc.pttk.pl\/wordpress\/?page_id=15601\">Czytaj dalej <span class=\"meta-nav\">&rarr;<\/span><\/a><\/p>\n","protected":false},"author":1,"featured_media":0,"parent":0,"menu_order":0,"comment_status":"closed","ping_status":"closed","template":"","meta":{"footnotes":""},"class_list":["post-15601","page","type-page","status-publish","hentry"],"_links":{"self":[{"href":"https:\/\/zamosc.pttk.pl\/wordpress\/index.php?rest_route=\/wp\/v2\/pages\/15601","targetHints":{"allow":["GET"]}}],"collection":[{"href":"https:\/\/zamosc.pttk.pl\/wordpress\/index.php?rest_route=\/wp\/v2\/pages"}],"about":[{"href":"https:\/\/zamosc.pttk.pl\/wordpress\/index.php?rest_route=\/wp\/v2\/types\/page"}],"author":[{"embeddable":true,"href":"https:\/\/zamosc.pttk.pl\/wordpress\/index.php?rest_route=\/wp\/v2\/users\/1"}],"replies":[{"embeddable":true,"href":"https:\/\/zamosc.pttk.pl\/wordpress\/index.php?rest_route=%2Fwp%2Fv2%2Fcomments&post=15601"}],"version-history":[{"count":6,"href":"https:\/\/zamosc.pttk.pl\/wordpress\/index.php?rest_route=\/wp\/v2\/pages\/15601\/revisions"}],"predecessor-version":[{"id":15691,"href":"https:\/\/zamosc.pttk.pl\/wordpress\/index.php?rest_route=\/wp\/v2\/pages\/15601\/revisions\/15691"}],"wp:attachment":[{"href":"https:\/\/zamosc.pttk.pl\/wordpress\/index.php?rest_route=%2Fwp%2Fv2%2Fmedia&parent=15601"}],"curies":[{"name":"wp","href":"https:\/\/api.w.org\/{rel}","templated":true}]}}