{"id":15522,"date":"2020-01-04T15:18:00","date_gmt":"2020-01-04T14:18:00","guid":{"rendered":"http:\/\/www.zamosc.pttk.pl\/wordpress\/?page_id=15522"},"modified":"2020-02-14T17:13:21","modified_gmt":"2020-02-14T16:13:21","slug":"rajdy-w-2020-roku","status":"publish","type":"page","link":"https:\/\/zamosc.pttk.pl\/wordpress\/?page_id=15522","title":{"rendered":"Rajdy w 2020 roku"},"content":{"rendered":"<p><a href=\"http:\/\/www.zamosc.pttk.pl\/wordpress\/wp-content\/uploads\/2020\/01\/kalendarz-1.png\"><img loading=\"lazy\" decoding=\"async\" class=\"alignleft size-medium wp-image-15514\" src=\"http:\/\/www.zamosc.pttk.pl\/wordpress\/wp-content\/uploads\/2020\/01\/kalendarz-1-215x300.png\" alt=\"\" width=\"215\" height=\"300\" srcset=\"https:\/\/zamosc.pttk.pl\/wordpress\/wp-content\/uploads\/2020\/01\/kalendarz-1-215x300.png 215w, https:\/\/zamosc.pttk.pl\/wordpress\/wp-content\/uploads\/2020\/01\/kalendarz-1-143x200.png 143w, https:\/\/zamosc.pttk.pl\/wordpress\/wp-content\/uploads\/2020\/01\/kalendarz-1-768x1074.png 768w, https:\/\/zamosc.pttk.pl\/wordpress\/wp-content\/uploads\/2020\/01\/kalendarz-1-732x1024.png 732w\" sizes=\"auto, (max-width: 215px) 100vw, 215px\" \/><\/a><a href=\"http:\/\/www.zamosc.pttk.pl\/wordpress\/wp-content\/uploads\/2020\/01\/kalendarz-1.pdf\">Kalendarz Rajd\u00f3w w 2020 roku (pdf)\u00a0<\/a><\/p>\n<p>Uprzejmie informujemy, \u017ce w zwi\u0105zku ze znacznym wzrostem koszt\u00f3w przejazd\u00f3w autokarami w 2020 r. koszt uczestnictwa b\u0119dzie w wysoko\u015bci 35 z\u0142.<\/p>\n<p>&#8230;&#8230;&#8230;&#8230;&#8230;&#8230;&#8230;&#8230;&#8230;&#8230;&#8230;&#8230;&#8230;&#8230;&#8230;..<\/p>\n<p>Planowane imprezy krajoznawcze w 2020 r.<\/p>\n<p>Rok 2020 zosta\u0142 og\u0142oszony przez Sejm RP Rokiem hetmana W.K. Stanis\u0142awa \u017b\u00f3\u0142kiewskiego. Stanis\u0142aw \u017b\u00f3\u0142kiewski zgin\u0105\u0142 po bitwie pod Cecor\u0105 w 1620 roku.<br \/>\nW zwi\u0105zku z powy\u017cszym 14 Rajd Rowerowy Lubycza Kr\u00f3lewska &#8211; Rawa Ruska zostanie rozszerzony i pojedziemy tym razem do \u017b\u00f3\u0142kwi. Tam zwiedzimy zabytki miasta wzorowanego na Zamo\u015bciu: kolegiat\u0119 &#8211; tam spoczywa Hetman (niestety bez g\u0142owy) i wielu innych znakomitych cz\u0142onk\u00f3w rodu; cerkwie i zamek wraz ze zwierzy\u0144cem.<br \/>\nNast\u0119pnego dnia b\u0119dziemy podziwiali uroki dzikich Las\u00f3w Monastryskich.<br \/>\nG\u0142\u00f3wnym organizatorem jest miasto Lubycza Kr\u00f3lewska.<br \/>\nObs\u0142ug\u0119 krajoznawcz\u0105 zapewnia PTTK Oddzia\u0142 w Zamo\u015bciu.<br \/>\nZapraszamy mi\u0142o\u015bnik\u00f3w Roztocza i jazdy na rowerach w dniach 16 i 17 maja 2020 r.<br \/>\nWkr\u00f3tce na stronie Lubyczy Kr\u00f3lewskiej b\u0119dzie opublikowany regulamin. Zg\u0142oszenia b\u0119dzie przyjmowa\u0142 Organizator.<\/p>\n<p>Zapraszamy, zapraszamy&#8230;.<\/p>\n<p>&#8212;&#8212;&#8212;&#8212;&#8212;&#8212;&#8212;&#8212;&#8212;&#8212;&#8212;&#8212;&#8212;<\/p>\n<p>28 i 29 sierpnia Sesja krajoznawcza z okazji 90 rocznicy za\u0142o\u017cenia Oddzia\u0142u PTK-PTTK w Zamo\u015bciu<\/p>\n","protected":false},"excerpt":{"rendered":"<p>Kalendarz Rajd\u00f3w w 2020 roku (pdf)\u00a0 Uprzejmie informujemy, \u017ce w zwi\u0105zku ze znacznym wzrostem koszt\u00f3w przejazd\u00f3w autokarami w 2020 r. koszt uczestnictwa b\u0119dzie w wysoko\u015bci 35 z\u0142. &#8230;&#8230;&#8230;&#8230;&#8230;&#8230;&#8230;&#8230;&#8230;&#8230;&#8230;&#8230;&#8230;&#8230;&#8230;.. Planowane imprezy krajoznawcze w 2020 r. Rok 2020 zosta\u0142 og\u0142oszony przez Sejm &hellip; <a class=\"more-link\" href=\"https:\/\/zamosc.pttk.pl\/wordpress\/?page_id=15522\">Czytaj dalej <span class=\"meta-nav\">&rarr;<\/span><\/a><\/p>\n","protected":false},"author":1,"featured_media":0,"parent":0,"menu_order":0,"comment_status":"closed","ping_status":"closed","template":"","meta":{"footnotes":""},"class_list":["post-15522","page","type-page","status-publish","hentry"],"_links":{"self":[{"href":"https:\/\/zamosc.pttk.pl\/wordpress\/index.php?rest_route=\/wp\/v2\/pages\/15522","targetHints":{"allow":["GET"]}}],"collection":[{"href":"https:\/\/zamosc.pttk.pl\/wordpress\/index.php?rest_route=\/wp\/v2\/pages"}],"about":[{"href":"https:\/\/zamosc.pttk.pl\/wordpress\/index.php?rest_route=\/wp\/v2\/types\/page"}],"author":[{"embeddable":true,"href":"https:\/\/zamosc.pttk.pl\/wordpress\/index.php?rest_route=\/wp\/v2\/users\/1"}],"replies":[{"embeddable":true,"href":"https:\/\/zamosc.pttk.pl\/wordpress\/index.php?rest_route=%2Fwp%2Fv2%2Fcomments&post=15522"}],"version-history":[{"count":10,"href":"https:\/\/zamosc.pttk.pl\/wordpress\/index.php?rest_route=\/wp\/v2\/pages\/15522\/revisions"}],"predecessor-version":[{"id":15722,"href":"https:\/\/zamosc.pttk.pl\/wordpress\/index.php?rest_route=\/wp\/v2\/pages\/15522\/revisions\/15722"}],"wp:attachment":[{"href":"https:\/\/zamosc.pttk.pl\/wordpress\/index.php?rest_route=%2Fwp%2Fv2%2Fmedia&parent=15522"}],"curies":[{"name":"wp","href":"https:\/\/api.w.org\/{rel}","templated":true}]}}