{"id":15502,"date":"2019-12-21T20:34:28","date_gmt":"2019-12-21T19:34:28","guid":{"rendered":"http:\/\/www.zamosc.pttk.pl\/wordpress\/?page_id=15502"},"modified":"2019-12-21T20:45:46","modified_gmt":"2019-12-21T19:45:46","slug":"rajd-historyczny","status":"publish","type":"page","link":"https:\/\/zamosc.pttk.pl\/wordpress\/?page_id=15502","title":{"rendered":"Rajd Historyczny"},"content":{"rendered":"<p>Wspomnienia z Rajdu Historycznego w dniu 21 grudnia 2019 r. Bondyrz &#8211; S\u0142oneczna Dolina pod Guciowem &#8211; meandry Wieprza z widokiem na Stokow\u0105 G\u00f3r\u0119. Organizator Klub Turystyczno-Krajoznawczy im. Micha\u0142a Pieszki przy O\/PTTK w Zamo\u015bciu. Ilo\u015b\u0107 uczestnik\u00f3w 15 os\u00f3b przewodnicy zamojscy i sympatycy.<\/p>\n<p>[huge_it_slider id=&#8221;224 &#8222;]<\/p>\n","protected":false},"excerpt":{"rendered":"<p>Wspomnienia z Rajdu Historycznego w dniu 21 grudnia 2019 r. Bondyrz &#8211; S\u0142oneczna Dolina pod Guciowem &#8211; meandry Wieprza z widokiem na Stokow\u0105 G\u00f3r\u0119. Organizator Klub Turystyczno-Krajoznawczy im. Micha\u0142a Pieszki przy O\/PTTK w Zamo\u015bciu. Ilo\u015b\u0107 uczestnik\u00f3w 15 os\u00f3b przewodnicy zamojscy &hellip; <a class=\"more-link\" href=\"https:\/\/zamosc.pttk.pl\/wordpress\/?page_id=15502\">Czytaj dalej <span class=\"meta-nav\">&rarr;<\/span><\/a><\/p>\n","protected":false},"author":1,"featured_media":0,"parent":0,"menu_order":0,"comment_status":"closed","ping_status":"closed","template":"","meta":{"footnotes":""},"class_list":["post-15502","page","type-page","status-publish","hentry"],"_links":{"self":[{"href":"https:\/\/zamosc.pttk.pl\/wordpress\/index.php?rest_route=\/wp\/v2\/pages\/15502","targetHints":{"allow":["GET"]}}],"collection":[{"href":"https:\/\/zamosc.pttk.pl\/wordpress\/index.php?rest_route=\/wp\/v2\/pages"}],"about":[{"href":"https:\/\/zamosc.pttk.pl\/wordpress\/index.php?rest_route=\/wp\/v2\/types\/page"}],"author":[{"embeddable":true,"href":"https:\/\/zamosc.pttk.pl\/wordpress\/index.php?rest_route=\/wp\/v2\/users\/1"}],"replies":[{"embeddable":true,"href":"https:\/\/zamosc.pttk.pl\/wordpress\/index.php?rest_route=%2Fwp%2Fv2%2Fcomments&post=15502"}],"version-history":[{"count":3,"href":"https:\/\/zamosc.pttk.pl\/wordpress\/index.php?rest_route=\/wp\/v2\/pages\/15502\/revisions"}],"predecessor-version":[{"id":15508,"href":"https:\/\/zamosc.pttk.pl\/wordpress\/index.php?rest_route=\/wp\/v2\/pages\/15502\/revisions\/15508"}],"wp:attachment":[{"href":"https:\/\/zamosc.pttk.pl\/wordpress\/index.php?rest_route=%2Fwp%2Fv2%2Fmedia&parent=15502"}],"curies":[{"name":"wp","href":"https:\/\/api.w.org\/{rel}","templated":true}]}}