{"id":15356,"date":"2019-12-08T16:42:50","date_gmt":"2019-12-08T15:42:50","guid":{"rendered":"http:\/\/www.zamosc.pttk.pl\/wordpress\/?page_id=15356"},"modified":"2019-12-08T17:15:48","modified_gmt":"2019-12-08T16:15:48","slug":"21-rajd-mikolajkowy","status":"publish","type":"page","link":"https:\/\/zamosc.pttk.pl\/wordpress\/?page_id=15356","title":{"rendered":"21 Rajd &#8222;Miko\u0142ajkowy&#8221;"},"content":{"rendered":"<p>W sobot\u0119 7 grudnia 2019 r. mali, wi\u0119ksi i doro\u015bli mi\u0142o\u015bnicy Roztocza w\u0119drowali po Roztoczu \u015arodkowym na 21 Rajdzie Miko\u0142ajkowym. Szli\u015bmy lasami, wi\u0119c wiatr nam nie dokucza\u0142.<br \/>\nNa dw\u00f3ch trasach z Bondyrza i Senderek -Potoku w\u0119drowa\u0142o 170 turyst\u00f3w z Zamo\u015bcia m.in. SP Nr.3 i SP 8, Nielisza, Z\u0142ojca i Michalowa. Nie zabrak\u0142o turyst\u00f3w indywidualnych: mamy, tatusiowie i babcie ze swoimi maluchami.<\/p>\n<p>Na I trasie opiekowali si\u0119 rajdowiczami Pawe\u0142 i Marian, na 2 Edward Andrzej i Joasia. Wszyscy szcz\u0119\u015bliwie doszli, chocia\u017c w niekt\u00f3rych miejscach by\u0142o \u015blisko &#8211; taka jesienna zima nam towarzyszy\u0142a.<\/p>\n<p>Na mecie powita\u0142 w\u0119drowc\u00f3w prawdziwy \u015bw. Miko\u0142aj ze smako\u0142ykami oraz Andrzej kierownik Rajdu. Na mecie by\u0142y konkursy: krajoznawczy, rzut podkow\u0105, skakanka i piosenka lub wierszyk.<\/p>\n<p>Jak by\u0142o zobaczcie na zdj\u0119ciach.<br \/>\nW imieniu uczestnik\u00f3w i Kadry Oddzia\u0142u PTTK w Zamo\u015bciu serdecznie dzi\u0119kujemy Druhom z OSP w Starej Hucie za udost\u0119pnienie \u015bwietlicy i przygotowanie ogniska rajdowego<\/p>\n<p>&nbsp;<\/p>\n<p>[huge_it_slider id=&#8221;221 &#8222;]<\/p>\n<p>&nbsp;<\/p>\n<p>[huge_it_slider id=&#8221;222 &#8222;]<\/p>\n","protected":false},"excerpt":{"rendered":"<p>W sobot\u0119 7 grudnia 2019 r. mali, wi\u0119ksi i doro\u015bli mi\u0142o\u015bnicy Roztocza w\u0119drowali po Roztoczu \u015arodkowym na 21 Rajdzie Miko\u0142ajkowym. Szli\u015bmy lasami, wi\u0119c wiatr nam nie dokucza\u0142. Na dw\u00f3ch trasach z Bondyrza i Senderek -Potoku w\u0119drowa\u0142o 170 turyst\u00f3w z Zamo\u015bcia &hellip; <a class=\"more-link\" href=\"https:\/\/zamosc.pttk.pl\/wordpress\/?page_id=15356\">Czytaj dalej <span class=\"meta-nav\">&rarr;<\/span><\/a><\/p>\n","protected":false},"author":1,"featured_media":0,"parent":0,"menu_order":0,"comment_status":"closed","ping_status":"closed","template":"","meta":{"footnotes":""},"class_list":["post-15356","page","type-page","status-publish","hentry"],"_links":{"self":[{"href":"https:\/\/zamosc.pttk.pl\/wordpress\/index.php?rest_route=\/wp\/v2\/pages\/15356","targetHints":{"allow":["GET"]}}],"collection":[{"href":"https:\/\/zamosc.pttk.pl\/wordpress\/index.php?rest_route=\/wp\/v2\/pages"}],"about":[{"href":"https:\/\/zamosc.pttk.pl\/wordpress\/index.php?rest_route=\/wp\/v2\/types\/page"}],"author":[{"embeddable":true,"href":"https:\/\/zamosc.pttk.pl\/wordpress\/index.php?rest_route=\/wp\/v2\/users\/1"}],"replies":[{"embeddable":true,"href":"https:\/\/zamosc.pttk.pl\/wordpress\/index.php?rest_route=%2Fwp%2Fv2%2Fcomments&post=15356"}],"version-history":[{"count":5,"href":"https:\/\/zamosc.pttk.pl\/wordpress\/index.php?rest_route=\/wp\/v2\/pages\/15356\/revisions"}],"predecessor-version":[{"id":15444,"href":"https:\/\/zamosc.pttk.pl\/wordpress\/index.php?rest_route=\/wp\/v2\/pages\/15356\/revisions\/15444"}],"wp:attachment":[{"href":"https:\/\/zamosc.pttk.pl\/wordpress\/index.php?rest_route=%2Fwp%2Fv2%2Fmedia&parent=15356"}],"curies":[{"name":"wp","href":"https:\/\/api.w.org\/{rel}","templated":true}]}}