{"id":15061,"date":"2019-10-06T10:48:26","date_gmt":"2019-10-06T08:48:26","guid":{"rendered":"http:\/\/www.zamosc.pttk.pl\/wordpress\/?page_id=15061"},"modified":"2019-10-06T15:33:43","modified_gmt":"2019-10-06T13:33:43","slug":"50-rajd-rydz-na-patelni","status":"publish","type":"page","link":"https:\/\/zamosc.pttk.pl\/wordpress\/?page_id=15061","title":{"rendered":"50 Rajd &#8222;Rydz na Patelni&#8221;"},"content":{"rendered":"<p>Wspomnienia<\/p>\n<p>Mimo niezbyt zach\u0119caj\u0105cej prognozy 50 Rajd si\u0119 odby\u0142.\u00a0 W czasie w\u0119dr\u00f3wki na trasach z Nowin i Majdanu Sopockiego \u015bwieci\u0142o s\u0142oneczko. Temperatura jak w sam raz na jesienn\u0105 w\u0119dr\u00f3wk\u0119 wynosi\u0142a ok. 10 o C.<\/p>\n<p>Przewodnicy Pawe\u0142 i Edward na pocz\u0105tku w\u0119dr\u00f3wek opowiedzieli o miejscowo\u015bciach sk\u0105d wyrusza\u0142y trasy.<\/p>\n<p>Trasa I pod kierownictwem Paw\u0142a &#8211; przewodnika PTTK i Mariana \u00a0PTP wyruszy\u0142a z Nowin . Po chwili weszli w do\u015b\u0107 rzadki ok. 40-letni las, kt\u00f3ry porasta\u0142 wydmy piaskowe. Mieszka\u0144cy nazywaj\u0105 ten las Kalina a strumie\u0144 wyp\u0142ywaj\u0105cy z bagien zwany jest Kalink\u0105 (jest prawym dop\u0142ywem Sopotu).<\/p>\n<p>Najwa\u017cniejszym jednak celem by\u0142o szukanie jesiennych grzyb\u00f3w. Po ostatnich deszczach zbieracze byli szcz\u0119\u015bliwi, bo ros\u0142y podgrzybki, prawdziwki i oczywi\u015bcie rydze. By\u0142y r\u00f3wnie\u017c ca\u0142e kolonie czerwonych muchomor\u00f3w, kt\u00f3re by\u0142y fotografowane przez uczestnik\u00f3w.<\/p>\n<p>Trasa II wyruszy\u0142a pod kierownictwem Edwarda z parkingu przy zalewie w Majdanie sopockim, a na ko\u0144cu maruder\u00f3w zach\u0119ca\u0142a do w\u0119dr\u00f3wki Joasia.\u00a0 Przy cmentarzu Edward opowiedzia\u0142 o rzece, kt\u00f3ra ma swoje \u017ar\u00f3d\u0142a w pobli\u017cu cmentarza. Mieszka\u0144cy nazywaj\u0105 j\u0105 Trupie Wody.<\/p>\n<p>Pocz\u0105tkowo szli\u015bmy przez oko\u0142o 10-letni zagajnik i tam niewiele by\u0142o grzyb\u00f3w.\u00a0 Na trasie by\u0142y 4 odpoczynki to wtedy m\u0142odzi i starsi w\u0119drowcy szukali grzyb\u00f3w. Zbiory by\u0142y niezbyt obfite, ale nie zabrak\u0142o borowik\u00f3w i rydz\u00f3w.<\/p>\n<p>Na trasie dzielnie w\u0119drowa\u0142 i szuka\u0142 grzyb\u00f3w najm\u0142odszy, bo 5-letni Jasio. Nie chcia\u0142 siedzie\u0107 w noside\u0142ku u dziadzia, tylko szed\u0142 dzielnie na piechot\u0119.<\/p>\n<p>Na mecie oko\u0142o 12-tej p\u0142on\u0119\u0142o ju\u017c ognisko i powita\u0142 nas Andrzej PTP i Andrzej przewodnik PTTK.<\/p>\n<p>Tutaj chcemy serdecznie podzi\u0119kowa\u0107 Pani Annie Kula ze Stowarzyszenia \u201eZak\u0105tek Roztocze\u201d za przygotowanie ogniska rajdowego i udost\u0119pnienie polany dla rajdowicz\u00f3w.<\/p>\n<p>Wielu by\u0142o ch\u0119tnych do pieczenia kie\u0142basek. Po kr\u00f3tkim odpoczynku rozpocz\u0119\u0142y si\u0119 tradycyjne konkursy\u00a0 rajdowe: skoki na skakance, rzut szyszk\u0105 do rydzowej patelni, rzut podkow\u0105. Odbywa\u0142y si\u0119 r\u00f3wnie\u017c konkursy: krajoznawczy oraz piosenki. Zbli\u017ca\u0142 si\u0119 czas na najwa\u017cniejszy konkurs na kr\u00f3la i kr\u00f3low\u0105 grzybobrania.<\/p>\n<p>Wtedy niebo si\u0119 zachmurzy\u0142o, od po\u0142udnia przysz\u0142a ciemna chmura i zacz\u0105\u0142 pada\u0107 niezbyt przyjemny kapu\u015bniaczek. Konkurs musia\u0142 odby\u0107 si\u0119 pod niezbyt obszern\u0105 wiat\u0105. Oczywi\u015bcie kr\u00f3l i kr\u00f3lowa grzybobrania zostali ozdobieni koronami wykonanymi przez P. Alin\u0119 ze Szczebrzeszyna. Kol. Andrzej m\u0142odym turystom wr\u0119czy\u0142 odznaki turystyki pieszej, kt\u00f3re zdobyli w czasie w\u0119dr\u00f3wek na rajdach po Roztoczu. Rozdano ten upominki za uczestnictwo w konkursach.<\/p>\n<p>Niestety deszcz nie ustawa\u0142 a nawet nasila\u0142 si\u0119, wiec nieco wcze\u015bniej wyjechali\u015bmy z mety rajdu. Do organizator\u00f3w nikt nie skar\u017cy\u0142 si\u0119 na niedogodno\u015bci i z u\u015bmiechem powr\u00f3cili\u015bmy do mam i tatusi\u00f3w.<\/p>\n<p>&nbsp;<\/p>\n<p>Uczestnicy rajdu ze szk\u00f3\u0142:<\/p>\n<p>Szko\u0142a Podstawowa Nr 3 w Zamo\u015bciu<\/p>\n<p>Szko\u0142a Podstawowa Nr 6 w Zamo\u015bciu<\/p>\n<p>Szko\u0142a Podstawowa nr 9 w Zamo\u015bciu<\/p>\n<p>Szko\u0142a Podstawowa w Nieliszu<\/p>\n<p>Szko\u0142a Podstawowa Nr 1 w Szczebrzeszynie<\/p>\n<p>Liczne grono uczestnik\u00f3w indywidualnych, m\u0142odzie\u017c z innych szk\u00f3\u0142 wraz z mamusiami i tatusiami.<\/p>\n<p>Razem by\u0142o nas 230 os\u00f3b. Na Rajd pojechali\u015bmy 5 autokarami z firmy p. Krzysztofa Borka.<\/p>\n<p>Najm\u0142odszy uczestnik mia\u0142 5 lat a najstarszy 75 lat.<\/p>\n<p>Do zobaczenia wkr\u00f3tce na Rajdzie \u201ePieczony Ziemniak\u201d w dniu 26 pa\u017adziernika z met\u0105 w Majdanie Ma\u0142ym ko\u0142o Krasnobrodu&#8230;<\/p>\n<p>&nbsp;<\/p>\n<p>Cz\u0119\u015b\u0107 pierwsza<\/p>\n<p>[huge_it_slider id=&#8221;216 &#8222;]<\/p>\n<p>&nbsp;<\/p>\n<p>Cz\u0119\u015b\u0107 druga<\/p>\n<p>[huge_it_slider id=&#8221;217 &#8222;]<\/p>\n","protected":false},"excerpt":{"rendered":"<p>Wspomnienia Mimo niezbyt zach\u0119caj\u0105cej prognozy 50 Rajd si\u0119 odby\u0142.\u00a0 W czasie w\u0119dr\u00f3wki na trasach z Nowin i Majdanu Sopockiego \u015bwieci\u0142o s\u0142oneczko. Temperatura jak w sam raz na jesienn\u0105 w\u0119dr\u00f3wk\u0119 wynosi\u0142a ok. 10 o C. Przewodnicy Pawe\u0142 i Edward na pocz\u0105tku &hellip; <a class=\"more-link\" href=\"https:\/\/zamosc.pttk.pl\/wordpress\/?page_id=15061\">Czytaj dalej <span class=\"meta-nav\">&rarr;<\/span><\/a><\/p>\n","protected":false},"author":1,"featured_media":0,"parent":0,"menu_order":0,"comment_status":"closed","ping_status":"closed","template":"","meta":{"footnotes":""},"class_list":["post-15061","page","type-page","status-publish","hentry"],"_links":{"self":[{"href":"https:\/\/zamosc.pttk.pl\/wordpress\/index.php?rest_route=\/wp\/v2\/pages\/15061","targetHints":{"allow":["GET"]}}],"collection":[{"href":"https:\/\/zamosc.pttk.pl\/wordpress\/index.php?rest_route=\/wp\/v2\/pages"}],"about":[{"href":"https:\/\/zamosc.pttk.pl\/wordpress\/index.php?rest_route=\/wp\/v2\/types\/page"}],"author":[{"embeddable":true,"href":"https:\/\/zamosc.pttk.pl\/wordpress\/index.php?rest_route=\/wp\/v2\/users\/1"}],"replies":[{"embeddable":true,"href":"https:\/\/zamosc.pttk.pl\/wordpress\/index.php?rest_route=%2Fwp%2Fv2%2Fcomments&post=15061"}],"version-history":[{"count":4,"href":"https:\/\/zamosc.pttk.pl\/wordpress\/index.php?rest_route=\/wp\/v2\/pages\/15061\/revisions"}],"predecessor-version":[{"id":15133,"href":"https:\/\/zamosc.pttk.pl\/wordpress\/index.php?rest_route=\/wp\/v2\/pages\/15061\/revisions\/15133"}],"wp:attachment":[{"href":"https:\/\/zamosc.pttk.pl\/wordpress\/index.php?rest_route=%2Fwp%2Fv2%2Fmedia&parent=15061"}],"curies":[{"name":"wp","href":"https:\/\/api.w.org\/{rel}","templated":true}]}}