{"id":14730,"date":"2019-06-15T19:45:22","date_gmt":"2019-06-15T17:45:22","guid":{"rendered":"http:\/\/www.zamosc.pttk.pl\/wordpress\/?page_id=14730"},"modified":"2019-06-15T21:13:21","modified_gmt":"2019-06-15T19:13:21","slug":"wspomnienia-z-62-rajdu-nocnego-im-wl-podobinskiej","status":"publish","type":"page","link":"https:\/\/zamosc.pttk.pl\/wordpress\/?page_id=14730","title":{"rendered":"62 Rajd Nocny im. W\u0142. Podobi\u0144skiej"},"content":{"rendered":"<p>W\u0119drowali\u015bmy pi\u0119kn\u0105 ksi\u0119\u017cycow\u0105 noc\u0105 podczas 62 Rajdu Nocnego im W\u0142adys\u0142awy Podobi\u0144skiej na trasie Czartoria &#8211; Da\u0144czypol. Serdeczne podzi\u0119kowania w imieniu uczes<span class=\"text_exposed_show\">tnik\u00f3w i organizator\u00f3w sk\u0142adamy so\u0142tysowi Da\u0144czypola Panu Zbyszkowi Czerwonce za okazan\u0105 serdeczno\u015b\u0107 i mile przyj\u0119cie. Jak by\u0142o zobaczcie na zdj\u0119ciach.Organizator Rajdu Oddzia\u0142 PTTK w Zamo\u015bciu<\/span><\/p>\n<p>&nbsp;<\/p>\n<p>[huge_it_slider id=&#8221;207 &#8222;]<\/p>\n<p>&nbsp;<\/p>\n<p>[huge_it_slider id=&#8221;208 &#8222;]<\/p>\n","protected":false},"excerpt":{"rendered":"<p>W\u0119drowali\u015bmy pi\u0119kn\u0105 ksi\u0119\u017cycow\u0105 noc\u0105 podczas 62 Rajdu Nocnego im W\u0142adys\u0142awy Podobi\u0144skiej na trasie Czartoria &#8211; Da\u0144czypol. Serdeczne podzi\u0119kowania w imieniu uczestnik\u00f3w i organizator\u00f3w sk\u0142adamy so\u0142tysowi Da\u0144czypola Panu Zbyszkowi Czerwonce za okazan\u0105 serdeczno\u015b\u0107 i mile przyj\u0119cie. Jak by\u0142o zobaczcie na zdj\u0119ciach.Organizator &hellip; <a class=\"more-link\" href=\"https:\/\/zamosc.pttk.pl\/wordpress\/?page_id=14730\">Czytaj dalej <span class=\"meta-nav\">&rarr;<\/span><\/a><\/p>\n","protected":false},"author":1,"featured_media":0,"parent":0,"menu_order":0,"comment_status":"closed","ping_status":"closed","template":"","meta":{"footnotes":""},"class_list":["post-14730","page","type-page","status-publish","hentry"],"_links":{"self":[{"href":"https:\/\/zamosc.pttk.pl\/wordpress\/index.php?rest_route=\/wp\/v2\/pages\/14730","targetHints":{"allow":["GET"]}}],"collection":[{"href":"https:\/\/zamosc.pttk.pl\/wordpress\/index.php?rest_route=\/wp\/v2\/pages"}],"about":[{"href":"https:\/\/zamosc.pttk.pl\/wordpress\/index.php?rest_route=\/wp\/v2\/types\/page"}],"author":[{"embeddable":true,"href":"https:\/\/zamosc.pttk.pl\/wordpress\/index.php?rest_route=\/wp\/v2\/users\/1"}],"replies":[{"embeddable":true,"href":"https:\/\/zamosc.pttk.pl\/wordpress\/index.php?rest_route=%2Fwp%2Fv2%2Fcomments&post=14730"}],"version-history":[{"count":5,"href":"https:\/\/zamosc.pttk.pl\/wordpress\/index.php?rest_route=\/wp\/v2\/pages\/14730\/revisions"}],"predecessor-version":[{"id":14778,"href":"https:\/\/zamosc.pttk.pl\/wordpress\/index.php?rest_route=\/wp\/v2\/pages\/14730\/revisions\/14778"}],"wp:attachment":[{"href":"https:\/\/zamosc.pttk.pl\/wordpress\/index.php?rest_route=%2Fwp%2Fv2%2Fmedia&parent=14730"}],"curies":[{"name":"wp","href":"https:\/\/api.w.org\/{rel}","templated":true}]}}