{"id":14690,"date":"2019-06-02T19:13:56","date_gmt":"2019-06-02T17:13:56","guid":{"rendered":"http:\/\/www.zamosc.pttk.pl\/wordpress\/?page_id=14690"},"modified":"2019-06-02T19:23:06","modified_gmt":"2019-06-02T17:23:06","slug":"42-rajd-czerwony-kapturek-2019-r","status":"publish","type":"page","link":"https:\/\/zamosc.pttk.pl\/wordpress\/?page_id=14690","title":{"rendered":"42 Rajd &#8222;Czerwony Kapturek&#8221; 2019 r."},"content":{"rendered":"<p>Wspomnienia rajdowe &#8211; ilo\u015b\u0107 uczestnik\u00f3w 176 &#8211; wi\u0119cej wkr\u00f3tce napiszemy<\/p>\n<p>[huge_it_slider id=&#8221;206 &#8222;]<\/p>\n","protected":false},"excerpt":{"rendered":"<p>Wspomnienia rajdowe &#8211; ilo\u015b\u0107 uczestnik\u00f3w 176 &#8211; wi\u0119cej wkr\u00f3tce napiszemy [huge_it_slider id=&#8221;206 &#8222;]<\/p>\n","protected":false},"author":1,"featured_media":0,"parent":0,"menu_order":0,"comment_status":"closed","ping_status":"closed","template":"","meta":{"footnotes":""},"class_list":["post-14690","page","type-page","status-publish","hentry"],"_links":{"self":[{"href":"https:\/\/zamosc.pttk.pl\/wordpress\/index.php?rest_route=\/wp\/v2\/pages\/14690","targetHints":{"allow":["GET"]}}],"collection":[{"href":"https:\/\/zamosc.pttk.pl\/wordpress\/index.php?rest_route=\/wp\/v2\/pages"}],"about":[{"href":"https:\/\/zamosc.pttk.pl\/wordpress\/index.php?rest_route=\/wp\/v2\/types\/page"}],"author":[{"embeddable":true,"href":"https:\/\/zamosc.pttk.pl\/wordpress\/index.php?rest_route=\/wp\/v2\/users\/1"}],"replies":[{"embeddable":true,"href":"https:\/\/zamosc.pttk.pl\/wordpress\/index.php?rest_route=%2Fwp%2Fv2%2Fcomments&post=14690"}],"version-history":[{"count":3,"href":"https:\/\/zamosc.pttk.pl\/wordpress\/index.php?rest_route=\/wp\/v2\/pages\/14690\/revisions"}],"predecessor-version":[{"id":14722,"href":"https:\/\/zamosc.pttk.pl\/wordpress\/index.php?rest_route=\/wp\/v2\/pages\/14690\/revisions\/14722"}],"wp:attachment":[{"href":"https:\/\/zamosc.pttk.pl\/wordpress\/index.php?rest_route=%2Fwp%2Fv2%2Fmedia&parent=14690"}],"curies":[{"name":"wp","href":"https:\/\/api.w.org\/{rel}","templated":true}]}}