{"id":14613,"date":"2019-04-28T19:09:52","date_gmt":"2019-04-28T17:09:52","guid":{"rendered":"http:\/\/www.zamosc.pttk.pl\/wordpress\/?page_id=14613"},"modified":"2019-04-29T07:51:41","modified_gmt":"2019-04-29T05:51:41","slug":"45-rajd-spotkanie-z-wiosna","status":"publish","type":"page","link":"https:\/\/zamosc.pttk.pl\/wordpress\/?page_id=14613","title":{"rendered":"45 Rajd &#8222;Spotkanie z Wiosn\u0105&#8221;"},"content":{"rendered":"<p>Wspomnienia rajdowe<\/p>\n<p>W pi\u0119kny wiosenny dzie\u0144 o poranku 27\u00a0 kwietnia 2019 r. spotkali\u015bmy si\u0119 na starcie 45 Rajdu \u201eSpotkanie z Wiosn\u0105\u201d na zachodnim skraju Szczebrzeszyna tzn. Szper\u00f3wki G\u00f3rnej. By\u0142a nas spora gromadka 116 os\u00f3b. Uczestnik\u00f3w powitali kierownicy tras Adam Jarosz i Pawe\u0142 Koman. Opowiedzieli te\u017c o historii tego miejsca i pomniku. Tutaj w lipcu 1944 r. zgin\u0119li m\u0142odzi partyzanci, kt\u00f3rzy podj\u0119li nier\u00f3wn\u0105 walk\u0119 z wojskami niemieckimi wycofuj\u0105cymi na zach\u00f3d.Na pro\u015bb\u0119 uczestnik\u00f3w poszli\u015bmy jedn\u0105 tras\u0105 przez \u015awiniarki i Po\u017carki, s\u0105 to przysi\u00f3\u0142ki wioski Zaburze. Grup\u0105 opiekowali si\u0119 przodownicy turystyki pieszej Adam i Marian oraz przewodnicy PTTK Pawe\u0142 i Krzysztof.W czasie w\u0119dr\u00f3wki podziwiali\u015bmy przepi\u0119kne krajobrazy ozdobione wiosenn\u0105 zieleni\u0105 na terenie 3 gmin: Szczebrzeszyn, Radecznica i Su\u0142\u00f3w. Na s\u0142oneczku na drodze ogrzewa\u0142 si\u0119 ogromny zaskroniec, kt\u00f3ry zaraz przezornie skry\u0142 si\u0119 w norze.Na mecie przywitali nas Gospodarze oraz kierownictwo Rajdu, dw\u00f3ch Andrzej\u00f3w, Edward.<\/p>\n<p>Jak by\u0142o na mecie opisa\u0142 pan Andrzej Popielec &#8211; prezes Stowarzyszenia Grodzisko w S\u0105siadce.<\/p>\n<p><em>W sobot\u0119 27 O4 2019 r powitali\u015bmy ponad 100 osobow\u0105 grup\u0119 uczestnik\u00f3w rajdu pieszego, kt\u00f3ry nosi\u0142 nazw\u0119, \u201eSpotkanie z Wiosn\u0105&#8221; Met\u0105 rajdu by\u0142o grodzisko \u201eSutiejsk&#8221; w S\u0105siadce. Organizator PTTK w Zamo\u015bciu. Nasze Stowarzyszenie jako wsp\u00f3\u0142organizator, na t\u0105 okoliczno\u015b\u0107 przygotowa\u0142o ognisko i pocz\u0119stunek, w postaci ciast, kanapek, napoj\u00f3w i innych specja\u0142\u00f3w. By\u0142o te\u017c pieczenie kie\u0142basek na ognisku w altance. Uczestnicy to dzieci z zamojskich szk\u00f3\u0142 podstawowych i powiatu zamojskiego. U st\u00f3p grodu roz\u0142o\u017cy\u0142a sw\u00f3j namiot, dru\u017cyna woj\u00f3w grodu \u201eSutiejsk&#8221; Wojowie prezentowali ubiory, wyposa\u017cenie oraz opowiadali o dawnych zwyczajach. By\u0142 te\u017c pokaz walki na miecze w ich wykonaniu. Dzieci i doro\u015bli pr\u00f3bowali, swoich si\u0142 w strzelaniu z \u0142uku do celu, a nagrod\u0105 za trafienie by\u0142 lizak. Uczestnik\u00f3w rajdu powita\u0142 W\u00f3jt Gminy Su\u0142\u00f3w, pan Leon Bulak. Pani Marta Razik opowiada\u0142a o historii grodu. Pogoda dopisa\u0142a. Wszyscy si\u0119 wspaniale bawili. Na r\u0119ce pa\u0144 z Rady So\u0142eckiej i kole\u017canek ze stowarzyszenia oraz osobom niewymienionym sk\u0142adam serdeczne podzi\u0119kowania za pomoc.<\/em><br \/>\n<em>Prezes Andrzej Popielec<\/em><\/p>\n<p>M\u0142odym turystom ze Szko\u0142y Podstawowej Nr 3 w Zamo\u015bciu kol. Kierownik Rajdu Andrzej Dziaduszek wr\u0119czy\u0142 odznaki \u201eSiedmiomilowe Buty\u201d i \u201ePopularn\u0105 Odznak\u0119 Turystki Pieszej\u201d.<\/p>\n<p>Organizatorzy oraz uczestnicy Rajdu serdecznie dzi\u0119kuj\u0105 za go\u015bcinne przyj\u0119cie i smako\u0142yki.<\/p>\n<p><span style=\"font-size: 16px;\">Dzi\u0119ki Paniom i Panom z S\u0105siadki a szczeg\u00f3lnie Panu Prezesowi Andrzejowi Popielcowi byli\u015bmy przyj\u0119ci serdecznie i po kr\u00f3lewsku. Placuszki z jab\u0142kami i ciasteczka by\u0142y smakowite<\/span>.<\/p>\n<p>Podzi\u0119kowanie za przygotowanie i obs\u0142ug\u0119 Rajdu dla Andrzeja Dziaduszka &#8211; kierownika Rajdu oraz Andrzeja, Adama, Paw\u0142a, Mariana, Krzysztofa.<\/p>\n<p>Koszty transportu cz\u0119\u015bciowo sfinansowa\u0142o Miasto Zamo\u015b\u0107.<\/p>\n<p>Do spotkania na roztocza\u0144skich szlakach.<\/p>\n<p>[huge_it_slider id=&#8221;204 &#8222;]<\/p>\n<p>&nbsp;<\/p>\n<p>[huge_it_slider id=&#8221;205 &#8222;]<\/p>\n<p>zdj. ES<\/p>\n","protected":false},"excerpt":{"rendered":"<p>Wspomnienia rajdowe W pi\u0119kny wiosenny dzie\u0144 o poranku 27\u00a0 kwietnia 2019 r. spotkali\u015bmy si\u0119 na starcie 45 Rajdu \u201eSpotkanie z Wiosn\u0105\u201d na zachodnim skraju Szczebrzeszyna tzn. Szper\u00f3wki G\u00f3rnej. By\u0142a nas spora gromadka 116 os\u00f3b. Uczestnik\u00f3w powitali kierownicy tras Adam Jarosz &hellip; <a class=\"more-link\" href=\"https:\/\/zamosc.pttk.pl\/wordpress\/?page_id=14613\">Czytaj dalej <span class=\"meta-nav\">&rarr;<\/span><\/a><\/p>\n","protected":false},"author":1,"featured_media":0,"parent":0,"menu_order":0,"comment_status":"closed","ping_status":"closed","template":"","meta":{"footnotes":""},"class_list":["post-14613","page","type-page","status-publish","hentry"],"_links":{"self":[{"href":"https:\/\/zamosc.pttk.pl\/wordpress\/index.php?rest_route=\/wp\/v2\/pages\/14613","targetHints":{"allow":["GET"]}}],"collection":[{"href":"https:\/\/zamosc.pttk.pl\/wordpress\/index.php?rest_route=\/wp\/v2\/pages"}],"about":[{"href":"https:\/\/zamosc.pttk.pl\/wordpress\/index.php?rest_route=\/wp\/v2\/types\/page"}],"author":[{"embeddable":true,"href":"https:\/\/zamosc.pttk.pl\/wordpress\/index.php?rest_route=\/wp\/v2\/users\/1"}],"replies":[{"embeddable":true,"href":"https:\/\/zamosc.pttk.pl\/wordpress\/index.php?rest_route=%2Fwp%2Fv2%2Fcomments&post=14613"}],"version-history":[{"count":7,"href":"https:\/\/zamosc.pttk.pl\/wordpress\/index.php?rest_route=\/wp\/v2\/pages\/14613\/revisions"}],"predecessor-version":[{"id":14663,"href":"https:\/\/zamosc.pttk.pl\/wordpress\/index.php?rest_route=\/wp\/v2\/pages\/14613\/revisions\/14663"}],"wp:attachment":[{"href":"https:\/\/zamosc.pttk.pl\/wordpress\/index.php?rest_route=%2Fwp%2Fv2%2Fmedia&parent=14613"}],"curies":[{"name":"wp","href":"https:\/\/api.w.org\/{rel}","templated":true}]}}