{"id":14497,"date":"2019-03-31T18:46:53","date_gmt":"2019-03-31T16:46:53","guid":{"rendered":"http:\/\/www.zamosc.pttk.pl\/wordpress\/?page_id=14497"},"modified":"2019-03-31T19:34:29","modified_gmt":"2019-03-31T17:34:29","slug":"wycieczka-po-roztoczu-wschodnim-wspomnienia","status":"publish","type":"page","link":"https:\/\/zamosc.pttk.pl\/wordpress\/?page_id=14497","title":{"rendered":"Wycieczka po Roztoczu Wschodnim wspomnienia"},"content":{"rendered":"<p>Zgodnie z wieloletni\u0105 tradycj\u0105 Klub Turystyczno-Krajoznawczy im. Micha\u0142a Pieszki O\/PTTK w Zamo\u015bciu zaprasza na pocz\u0105tku wiosny na wycieczk\u0119 krajoznawcz\u0105 po Roztoczu Wschodnim.<\/p>\n<p>Termin:\u00a0<strong>30 marca 2019 r. (sobota) o godz. 8-ej,<\/strong>\u00a0odjazd autokaru z parkingu przy Lunecie w Zamo\u015bciu.<\/p>\n<p><strong>Wycieczka autokarowo-piesza<\/strong><\/p>\n<p>W programie m.in. Narol, Lipsko, J\u0119drzej\u00f3wka, Werchrata \u2013 przej\u015bcie piesze na Monastyr ok, 1,5 godz.<\/p>\n<p>Cerkwisko w Dziewi\u0119cierzu, \u015awi\u0105tynia S\u0142o\u0144ca, spacer po parku w Hory\u0144cu-Zdroju, Kaplica Le\u015bna<br \/>\nw Nowinach, Brusno Nowe, Brusno Stare cmentarz, Hrebcianka, Cieszan\u00f3w.<\/p>\n<p>Podsumowanie wycieczki w Zagrodzie Roztocze w Obszy, koszty konsumpcji wg uznania, na w\u0142asny koszt.<br \/>\nDo Zamo\u015bcia wr\u00f3cili\u015bmy tu\u017c po zachodzie s\u0142o\u0144ca\u2026<\/p>\n<p>Uczestnicy 38 os\u00f3b przewodnicy PTTK i sympatycy.<\/p>\n<p>[huge_it_slider id=&#8221;201 &#8222;]<\/p>\n<p>&nbsp;<\/p>\n<p>[huge_it_slider id=&#8221;202 &#8222;]<\/p>\n<p>foto: es<\/p>\n","protected":false},"excerpt":{"rendered":"<p>Zgodnie z wieloletni\u0105 tradycj\u0105 Klub Turystyczno-Krajoznawczy im. Micha\u0142a Pieszki O\/PTTK w Zamo\u015bciu zaprasza na pocz\u0105tku wiosny na wycieczk\u0119 krajoznawcz\u0105 po Roztoczu Wschodnim. Termin:\u00a030 marca 2019 r. (sobota) o godz. 8-ej,\u00a0odjazd autokaru z parkingu przy Lunecie w Zamo\u015bciu. Wycieczka autokarowo-piesza W &hellip; <a class=\"more-link\" href=\"https:\/\/zamosc.pttk.pl\/wordpress\/?page_id=14497\">Czytaj dalej <span class=\"meta-nav\">&rarr;<\/span><\/a><\/p>\n","protected":false},"author":1,"featured_media":0,"parent":0,"menu_order":0,"comment_status":"closed","ping_status":"closed","template":"","meta":{"footnotes":""},"class_list":["post-14497","page","type-page","status-publish","hentry"],"_links":{"self":[{"href":"https:\/\/zamosc.pttk.pl\/wordpress\/index.php?rest_route=\/wp\/v2\/pages\/14497","targetHints":{"allow":["GET"]}}],"collection":[{"href":"https:\/\/zamosc.pttk.pl\/wordpress\/index.php?rest_route=\/wp\/v2\/pages"}],"about":[{"href":"https:\/\/zamosc.pttk.pl\/wordpress\/index.php?rest_route=\/wp\/v2\/types\/page"}],"author":[{"embeddable":true,"href":"https:\/\/zamosc.pttk.pl\/wordpress\/index.php?rest_route=\/wp\/v2\/users\/1"}],"replies":[{"embeddable":true,"href":"https:\/\/zamosc.pttk.pl\/wordpress\/index.php?rest_route=%2Fwp%2Fv2%2Fcomments&post=14497"}],"version-history":[{"count":6,"href":"https:\/\/zamosc.pttk.pl\/wordpress\/index.php?rest_route=\/wp\/v2\/pages\/14497\/revisions"}],"predecessor-version":[{"id":14588,"href":"https:\/\/zamosc.pttk.pl\/wordpress\/index.php?rest_route=\/wp\/v2\/pages\/14497\/revisions\/14588"}],"wp:attachment":[{"href":"https:\/\/zamosc.pttk.pl\/wordpress\/index.php?rest_route=%2Fwp%2Fv2%2Fmedia&parent=14497"}],"curies":[{"name":"wp","href":"https:\/\/api.w.org\/{rel}","templated":true}]}}