{"id":14418,"date":"2019-03-10T08:53:03","date_gmt":"2019-03-10T07:53:03","guid":{"rendered":"http:\/\/www.zamosc.pttk.pl\/wordpress\/?page_id=14418"},"modified":"2019-03-10T09:35:00","modified_gmt":"2019-03-10T08:35:00","slug":"45-rajd-zimowy-wzgorzami-roztocza","status":"publish","type":"page","link":"https:\/\/zamosc.pttk.pl\/wordpress\/?page_id=14418","title":{"rendered":"45 Rajd Zimowy &#8222;Wzg\u00f3rzami Roztocza&#8221;"},"content":{"rendered":"<p>45\u00a0 Rajd Zimowy \u201dWzg\u00f3rzami Roztocza\u201d odby\u0142 si\u0119 na przedwio\u015bniu 9 marca 2019 r.<br \/>\nNa rajdzie w\u0119drowa\u0142o 150 turyst\u00f3w m\u0142odszych i starszych i poszukiwa\u0142o zimy na Roztoczu \u015arodkowym.<br \/>\nZnale\u017ali\u015bmy tylko kawa\u0142ek lodu. Wok\u00f3\u0142 pachnia\u0142o ju\u017c wiosn\u0105. Pogoda by\u0142a wspania\u0142a, trasa r\u00f3wnie\u017c, wi\u0119c humory dopisa\u0142y. D\u0142ugo\u015b\u0107 trasy oko\u0142o 8 km, temperatura \u00a012 stopni C. W\u00f3lka Husi\u0144ska &#8211; Kol. Husiny (\u017ar\u00f3d\u0142a Sopotu) &#8211; Czarny Las &#8211; Wzg\u00f3rze Kamie\u0144 (spotkanie z czarownicami) &#8211; Stanis\u0142aw\u00f3w.<br \/>\nDru\u017cyny z: SP Nr w w Zamo\u015bciu, SP w Mi\u0105czynie, SP w Szczebrzeszynie, SP W Nieliszu, SP Nr w Zamo\u015bciu\u00a0 oraz 23 turyst\u00f3w indywidualnych.<br \/>\nNa mecie powita\u0142 nas Andrzej. Po kr\u00f3tkim odpoczynku odby\u0142y si\u0119 konkursy: krajoznawczy, piosenki oraz sprawno\u015bciowe rzut podkow\u0105 do celu i skakanka.<br \/>\nKiedy wracali\u015bmy niebo na zachodzie zasnu\u0142o si\u0119 ciemnymi chmurami i w Zamo\u015bciu ju\u017c zacz\u0119\u0142o pada\u0107..Rajd obs\u0142ugiwali nasi zamojscy przewodnicy PTTK i przodownicy turystyki pieszej: 2 Andrzej\u00f3w, Marian, Edward, Andrzej, Pawe\u0142, Monika, Krzysztof, Adam, Tadeusz.<br \/>\nSerdecznie dzi\u0119kujemy Stra\u017cakom ze Stanis\u0142awowa za go\u015bcinne przyj\u0119cie.<\/p>\n<p>Zapraszamy na Rajd \u201eSpotkanie\u00a0 z Wiosn\u0105\u201d w S\u0105siadce na Roztoczu Zachodnim.<\/p>\n<p>&nbsp;<\/p>\n<p>Cz\u0119\u015b\u0107 pierwsza<\/p>\n<p>[huge_it_slider id=&#8221;199 &#8222;]<\/p>\n<p>&nbsp;<\/p>\n<p>&nbsp;<\/p>\n<p>Cz\u0119\u015b\u0107 druga<\/p>\n<p>[huge_it_slider id=&#8221;200 &#8222;]<\/p>\n","protected":false},"excerpt":{"rendered":"<p>45\u00a0 Rajd Zimowy \u201dWzg\u00f3rzami Roztocza\u201d odby\u0142 si\u0119 na przedwio\u015bniu 9 marca 2019 r. Na rajdzie w\u0119drowa\u0142o 150 turyst\u00f3w m\u0142odszych i starszych i poszukiwa\u0142o zimy na Roztoczu \u015arodkowym. Znale\u017ali\u015bmy tylko kawa\u0142ek lodu. Wok\u00f3\u0142 pachnia\u0142o ju\u017c wiosn\u0105. Pogoda by\u0142a wspania\u0142a, trasa r\u00f3wnie\u017c, &hellip; <a class=\"more-link\" href=\"https:\/\/zamosc.pttk.pl\/wordpress\/?page_id=14418\">Czytaj dalej <span class=\"meta-nav\">&rarr;<\/span><\/a><\/p>\n","protected":false},"author":1,"featured_media":0,"parent":0,"menu_order":0,"comment_status":"closed","ping_status":"closed","template":"","meta":{"footnotes":""},"class_list":["post-14418","page","type-page","status-publish","hentry"],"_links":{"self":[{"href":"https:\/\/zamosc.pttk.pl\/wordpress\/index.php?rest_route=\/wp\/v2\/pages\/14418","targetHints":{"allow":["GET"]}}],"collection":[{"href":"https:\/\/zamosc.pttk.pl\/wordpress\/index.php?rest_route=\/wp\/v2\/pages"}],"about":[{"href":"https:\/\/zamosc.pttk.pl\/wordpress\/index.php?rest_route=\/wp\/v2\/types\/page"}],"author":[{"embeddable":true,"href":"https:\/\/zamosc.pttk.pl\/wordpress\/index.php?rest_route=\/wp\/v2\/users\/1"}],"replies":[{"embeddable":true,"href":"https:\/\/zamosc.pttk.pl\/wordpress\/index.php?rest_route=%2Fwp%2Fv2%2Fcomments&post=14418"}],"version-history":[{"count":6,"href":"https:\/\/zamosc.pttk.pl\/wordpress\/index.php?rest_route=\/wp\/v2\/pages\/14418\/revisions"}],"predecessor-version":[{"id":14483,"href":"https:\/\/zamosc.pttk.pl\/wordpress\/index.php?rest_route=\/wp\/v2\/pages\/14418\/revisions\/14483"}],"wp:attachment":[{"href":"https:\/\/zamosc.pttk.pl\/wordpress\/index.php?rest_route=%2Fwp%2Fv2%2Fmedia&parent=14418"}],"curies":[{"name":"wp","href":"https:\/\/api.w.org\/{rel}","templated":true}]}}