{"id":14277,"date":"2019-01-15T20:10:07","date_gmt":"2019-01-15T19:10:07","guid":{"rendered":"http:\/\/www.zamosc.pttk.pl\/wordpress\/?page_id=14277"},"modified":"2019-02-06T19:07:05","modified_gmt":"2019-02-06T18:07:05","slug":"zielone-szkoly-2","status":"publish","type":"page","link":"https:\/\/zamosc.pttk.pl\/wordpress\/?page_id=14277","title":{"rendered":"Zielone szko\u0142y"},"content":{"rendered":"<header class=\"entry-header\">\n<pre><\/pre>\n<\/header>\n<div class=\"entry-content cf\">\n<div class=\"entry-content cf\">\n<p><a href=\"http:\/\/www.zamosc.pttk.pl\/wordpress\/wp-content\/uploads\/2018\/12\/3.zielona-szko%C5%82a-na-roztoczu-5-dni.pdf\">Zielona szko\u0142a na Roztoczu (5 dni) p<\/a>df<\/p>\n<p>&nbsp;<\/p>\n<p><a href=\"http:\/\/www.zamosc.pttk.pl\/wordpress\/wp-content\/uploads\/2018\/12\/4.zielona-szko%C5%82a-na-litwie.pdf\">Zielona szko\u0142a na Litwie (5 dni) pdf<\/a><\/p>\n<p>&nbsp;<\/p>\n<p><a href=\"http:\/\/www.zamosc.pttk.pl\/wordpress\/wp-content\/uploads\/2018\/12\/5.zielona-szko%C5%82a-w-kotlinie-klodzkiej.praga_.pdf\">Zielona szko\u0142a w Kotlinie Klodzkiej z wycieczk\u0105 do Pragi (5 dni) pdf<\/a><\/p>\n<p>&nbsp;<\/p>\n<p><a href=\"http:\/\/www.zamosc.pttk.pl\/wordpress\/wp-content\/uploads\/2019\/01\/7.zielona-szko%C5%82a-szlakiem-piastowskim.pdf\">Zielona szko\u0142a Szlakiem Piastowskim\u00a0 (5 dni) pdf\u00a0<\/a><\/p>\n<\/div>\n<\/div>\n<hr \/>\n<p>[huge_it_slider id=&#8221;196 &#8222;]<\/p>\n","protected":false},"excerpt":{"rendered":"<p>Zielona szko\u0142a na Roztoczu (5 dni) pdf &nbsp; Zielona szko\u0142a na Litwie (5 dni) pdf &nbsp; Zielona szko\u0142a w Kotlinie Klodzkiej z wycieczk\u0105 do Pragi (5 dni) pdf &nbsp; Zielona szko\u0142a Szlakiem Piastowskim\u00a0 (5 dni) pdf\u00a0 [huge_it_slider id=&#8221;196 &#8222;] &hellip; <a class=\"more-link\" href=\"https:\/\/zamosc.pttk.pl\/wordpress\/?page_id=14277\">Czytaj dalej <span class=\"meta-nav\">&rarr;<\/span><\/a><\/p>\n","protected":false},"author":1,"featured_media":0,"parent":0,"menu_order":0,"comment_status":"closed","ping_status":"closed","template":"","meta":{"footnotes":""},"class_list":["post-14277","page","type-page","status-publish","hentry"],"_links":{"self":[{"href":"https:\/\/zamosc.pttk.pl\/wordpress\/index.php?rest_route=\/wp\/v2\/pages\/14277","targetHints":{"allow":["GET"]}}],"collection":[{"href":"https:\/\/zamosc.pttk.pl\/wordpress\/index.php?rest_route=\/wp\/v2\/pages"}],"about":[{"href":"https:\/\/zamosc.pttk.pl\/wordpress\/index.php?rest_route=\/wp\/v2\/types\/page"}],"author":[{"embeddable":true,"href":"https:\/\/zamosc.pttk.pl\/wordpress\/index.php?rest_route=\/wp\/v2\/users\/1"}],"replies":[{"embeddable":true,"href":"https:\/\/zamosc.pttk.pl\/wordpress\/index.php?rest_route=%2Fwp%2Fv2%2Fcomments&post=14277"}],"version-history":[{"count":7,"href":"https:\/\/zamosc.pttk.pl\/wordpress\/index.php?rest_route=\/wp\/v2\/pages\/14277\/revisions"}],"predecessor-version":[{"id":14332,"href":"https:\/\/zamosc.pttk.pl\/wordpress\/index.php?rest_route=\/wp\/v2\/pages\/14277\/revisions\/14332"}],"wp:attachment":[{"href":"https:\/\/zamosc.pttk.pl\/wordpress\/index.php?rest_route=%2Fwp%2Fv2%2Fmedia&parent=14277"}],"curies":[{"name":"wp","href":"https:\/\/api.w.org\/{rel}","templated":true}]}}