{"id":14274,"date":"2019-01-15T20:08:42","date_gmt":"2019-01-15T19:08:42","guid":{"rendered":"http:\/\/www.zamosc.pttk.pl\/wordpress\/?page_id=14274"},"modified":"2025-11-21T18:08:59","modified_gmt":"2025-11-21T17:08:59","slug":"lwow-i-okolice","status":"publish","type":"page","link":"https:\/\/zamosc.pttk.pl\/wordpress\/?page_id=14274","title":{"rendered":"Lw\u00f3w i okolice"},"content":{"rendered":"<h1><strong><span style=\"color: #993300;\"><span style=\"font-size: 16px;\">Obecnie oferta czasowo jest niedost\u0119pna!<\/span><\/span><\/strong><\/h1>\n<p><strong><span style=\"font-size: 16px; color: #993300;\">Poni\u017csze propozycje przeznaczone s\u0105 dla grup zorganizowanych<\/span><\/strong><\/p>\n<p><a href=\"http:\/\/www.zamosc.pttk.pl\/wordpress\/wp-content\/uploads\/2019\/01\/1.-wycieczka-lw\u00f3w-1d.pdf\"><span style=\"font-size: 16px;\">Wycieczka dla grup zorganizowanych do Lwowa 1 dzie\u0144 * do pobrania (pdf) &gt;&gt;&gt;<\/span><\/a><\/p>\n<p><em>Wycieczki dla turyst\u00f3w indywidualnych b\u0119d\u0105 b\u0119d\u0105 organizowane po zg\u0142oszeniu co najmniej 20 os\u00f3b.<\/em><\/p>\n<p>*******************************************************************************<\/p>\n<p><span style=\"font-size: 16px;\"><a href=\"http:\/\/www.zamosc.pttk.pl\/wordpress\/wp-content\/uploads\/2019\/01\/2.-wycieczka-lw\u00f3w-zolkiew-2d.pdf\">Wycieczka do Lwowa i \u017b\u00f3\u0142kwi 2 dni * do pobrania (pdf) &gt;&gt;&gt;<\/a><\/span><\/p>\n<p>******************************************************************<\/p>\n<p><span style=\"font-size: 16px;\"><a href=\"http:\/\/www.zamosc.pttk.pl\/wordpress\/wp-content\/uploads\/2019\/01\/3.-wyc.-Zam.-Rozt.-Lwow.pdf\">Wycieczka do Zamo\u015bcia, na Roztocze i do Lwowa * do pobrania (pdf) &gt;&gt;&gt;<\/a><\/span><\/p>\n<p><a href=\"http:\/\/www.zamosc.pttk.pl\/wordpress\/wp-content\/uploads\/2019\/01\/4.-wycieczka-lw\u00f3wok.-4-d.pdf\"><span style=\"font-size: 16px;\">Wycieczka do Lwowa i na Kresy * do pobrania (pdf) &gt;&gt;&gt;<\/span><\/a><\/p>\n<hr \/>\n<p>Wspomnienia z wycieczki do Lwowa&#8230;<\/p>\n<p>[huge_it_slider id=&#8221;195 &#8222;]<\/p>\n<hr \/>\n","protected":false},"excerpt":{"rendered":"<p>Obecnie oferta czasowo jest niedost\u0119pna! Poni\u017csze propozycje przeznaczone s\u0105 dla grup zorganizowanych Wycieczka dla grup zorganizowanych do Lwowa 1 dzie\u0144 * do pobrania (pdf) &gt;&gt;&gt; Wycieczki dla turyst\u00f3w indywidualnych b\u0119d\u0105 b\u0119d\u0105 organizowane po zg\u0142oszeniu co najmniej 20 os\u00f3b. ******************************************************************************* Wycieczka &hellip; <a class=\"more-link\" href=\"https:\/\/zamosc.pttk.pl\/wordpress\/?page_id=14274\">Czytaj dalej <span class=\"meta-nav\">&rarr;<\/span><\/a><\/p>\n","protected":false},"author":1,"featured_media":0,"parent":0,"menu_order":0,"comment_status":"closed","ping_status":"closed","template":"","meta":{"footnotes":""},"class_list":["post-14274","page","type-page","status-publish","hentry"],"_links":{"self":[{"href":"https:\/\/zamosc.pttk.pl\/wordpress\/index.php?rest_route=\/wp\/v2\/pages\/14274","targetHints":{"allow":["GET"]}}],"collection":[{"href":"https:\/\/zamosc.pttk.pl\/wordpress\/index.php?rest_route=\/wp\/v2\/pages"}],"about":[{"href":"https:\/\/zamosc.pttk.pl\/wordpress\/index.php?rest_route=\/wp\/v2\/types\/page"}],"author":[{"embeddable":true,"href":"https:\/\/zamosc.pttk.pl\/wordpress\/index.php?rest_route=\/wp\/v2\/users\/1"}],"replies":[{"embeddable":true,"href":"https:\/\/zamosc.pttk.pl\/wordpress\/index.php?rest_route=%2Fwp%2Fv2%2Fcomments&post=14274"}],"version-history":[{"count":11,"href":"https:\/\/zamosc.pttk.pl\/wordpress\/index.php?rest_route=\/wp\/v2\/pages\/14274\/revisions"}],"predecessor-version":[{"id":20430,"href":"https:\/\/zamosc.pttk.pl\/wordpress\/index.php?rest_route=\/wp\/v2\/pages\/14274\/revisions\/20430"}],"wp:attachment":[{"href":"https:\/\/zamosc.pttk.pl\/wordpress\/index.php?rest_route=%2Fwp%2Fv2%2Fmedia&parent=14274"}],"curies":[{"name":"wp","href":"https:\/\/api.w.org\/{rel}","templated":true}]}}