{"id":13966,"date":"2018-12-09T18:52:31","date_gmt":"2018-12-09T17:52:31","guid":{"rendered":"http:\/\/www.zamosc.pttk.pl\/wordpress\/?page_id=13966"},"modified":"2018-12-09T21:07:16","modified_gmt":"2018-12-09T20:07:16","slug":"wspomnienia-z-20-rajdu-mikolajkowego","status":"publish","type":"page","link":"https:\/\/zamosc.pttk.pl\/wordpress\/?page_id=13966","title":{"rendered":"20 Rajd &#8222;Miko\u0142ajkowy&#8221; wspomnienia"},"content":{"rendered":"<p><span style=\"color: #0000ff;\"><strong>&#8230;i cho\u0107 pada\u0142o, cho\u0107 by\u0142o \u015blisko\u201d<\/strong><\/span> to w Rajdzie uczestniczy\u0142o 222 m\u0142odszych i starszych turyst\u00f3w &#8211; od 6 lat do 73.<\/p>\n<p>Trasa 1 pod opiek\u0105 Paw\u0142a Komana i Agnieszki Linek przewodnik\u00f3w PTTK w\u0119drowa\u0142a z Bondyrza a jak kto woli z Guciowa. Start by\u0142 na granicy gmin Adam\u00f3w i Zwierzyniec. G\u0142\u0119bok\u0105 g\u0142\u0119bocznic\u0105 tury\u015bci wspinali si\u0119 w okolice wzg\u00f3rza Dach (najwy\u017cszego wzg. RPN). Po drodze mieli widoki na roztocza\u0144skie jary. Dalej w\u0119drowali w dolin\u0119 do miejscowo\u015bci Lasowce. Jest to przysi\u00f3\u0142ek wioski Stara Huta. Kiedy\u015b by\u0142y to 2 wioski: Lasowe Pa\u0144skie tzn. ordynackie i Lasowe Szlacheckie nale\u017c\u0105ce w\u0142a\u015bcicieli d\u00f3br krasnobrodzkich. Tutaj niegdy\u015b by\u0142y tutaj \u017ar\u00f3d\u0142a strumienia \u015awierszcz. Na skraju wioski znajduje si\u0119 pomnik ku czci partyzant\u00f3w z Oddzia\u0142u \u201ePodlaskiego\u201d i mieszka\u0144c\u00f3w poleg\u0142ych w dniu 4 lutego 1943 r. Dalej na drodze le\u015bnej by\u0142a \u015blizgawica i ogromne ka\u0142u\u017ce. M\u0142odym turystom bardzo si\u0119 podoba\u0142o, starszym by\u0142o niezbyt do \u015bmiechu, ale poboczem szcz\u0119\u015bliwie wszyscy doszli do mety w Starej Hucie.<\/p>\n<p>Trasa 2 pod opiek\u0105 Edwarda S\u0142oniewskiego, Mariana Bury\u0142o PTP i przewodnika PTTK Moniki Izarowskiej rozpocz\u0119\u0142a w\u0119dr\u00f3wk\u0119 ze skraju Potoku-Senderki. Wszyscy uczestnicy otrzymali pami\u0105tkowe znaczki rajdowe podobnie jak uczestnicy w\u0119druj\u0105cy na trasie 1. Od pocz\u0105tku by\u0142a nie lada zabawa, bo by\u0142a na drodze \u015blizgawka &#8211; takiej w Zamo\u015bciu jeszcze nie by\u0142o&#8230;<\/p>\n<p>M\u0142odzi mieli zabaw\u0119, bo mo\u017cna by\u0142o si\u0119 \u015blizga\u0107, upa\u015b\u0107 i sprawdzi\u0107 g\u0142\u0119boko\u015b\u0107 roztapiaj\u0105cych si\u0119 ka\u0142u\u017cy.<\/p>\n<p>Chwil\u0119 odpocz\u0119li\u015bmy w Senderkach przy wiejskiej kamiennej figurze z 1910 r. otoczonej wiekowymi jesionami.<\/p>\n<p>Nie lada trzeba by\u0142o uwagi i umiej\u0119tno\u015bci, aby wdrapa\u0107 si\u0119 na wzg\u00f3rze obok domu pana so\u0142tysa. Po drodze obudzili\u015bmy wszystkie pieski, kt\u00f3re wita\u0142y nas weso\u0142ym szczekaniem. Przy w\u0119\u017ale szlak\u00f3w turystycznych (centralnego, im. Al. Wachniewskiej i \u015bcie\u017cek spacerowych odpoczywali\u015bmy, s\u0142uchali\u015bmy opowie\u015bci o g\u00f3rnikach kopi\u0105cych jamy i szukaj\u0105cych kamienia na ko\u0142a m\u0142y\u0144skie i \u017carnowe.<\/p>\n<p>Poszli\u015bmy \u015bcie\u017ck\u0105 czerwon\u0105, towarzyszy\u0142y nam g\u0142\u0119bokie jamy a nawet wej\u015bcia pod ziemi\u0119. Teraz tam zimuj\u0105 nietoperze. Odpocz\u0119li\u015bmy pod le\u015bnym dachem i poszli\u015bmy do roztocza\u0144skiego czakramu. Kol. Edward proponowa\u0142 nawet poca\u0142owanie tajemniczego kamienia, kt\u00f3ry przynosi szcz\u0119\u015bcie w mi\u0142o\u015bci, ale panie nie chcia\u0142y, bo o tej porze by\u0142 mokry i zimny.<\/p>\n<p>Doszli\u015bmy do samotnej osady Kistk\u00f3w. Mieszka tu jeden pan z psem. Nie ma tutaj, pr\u0105du i wody z wodoci\u0105gu oraz utwardzonej drogi. W\u0119drowali\u015bmy na kolejne wzniesienie i w dolinie doszli\u015bmy do znowu \u015bliskiej drogi, powoli i ostro\u017cnie doszli\u015bmy na skraj Starej Huty gm. Krasnobr\u00f3d. Przez radiotelefon zameldowali\u015bmy si\u0119 do mety oraz dowiedzieli\u015bmy si\u0119, \u017ce trasa 1 wysz\u0142a ju\u017c z Lasowiec.<\/p>\n<p>Na mecie powitali nas: kierownik Rajdu kol Kazimierz Dziok, \u015bw. Miko\u0142aj oraz komendant OSP w Starej Hucie pan Rafa\u0142 Z\u0142otoczy\u0144ski. Pan Rafa\u0142 towarzyszy\u0142 nam przez ca\u0142y czas naszego pobytu w Starej Hucie.<\/p>\n<p>Na mecie obs\u0142ugiwali uczestnik\u00f3w: dw\u00f3ch Andrzej\u00f3w i Ryszard.<\/p>\n<p>Po odpoczynku, upieczeniu kie\u0142basek oraz napiciu si\u0119 malinowego napoju rozpocz\u0119\u0142y si\u0119 konkursy.<\/p>\n<p>Krajoznawczy tym razem \u0142atwy prowadzili Edward i Pawe\u0142. Najm\u0142odsza uczestniczka otrzyma\u0142a nagrod\u0119 &#8211; pluszowego misia. Pozostali otrzymali nagrody pocieszenia.<\/p>\n<p>Konkurs piosenki prowadzi\u0142y Alina i Agnieszka. Tym razem \u015bpiewano pi\u0119knie piosenki i kol\u0119dy.\u00a0 Wszyscy otrzymali nagrody.<\/p>\n<p>Nast\u0119pny konkurs &#8211; sprawno\u015bciowy prowadzili Monika i Ryszard. Konkurs polega\u0142 na skokach ze skakank\u0105 &#8211; parami. Wszyscy uczestnicy otrzymywali smakowite lizaki. Najm\u0142odsz\u0105 uczestniczk\u0105 by\u0142a Olga.<\/p>\n<p>Skoki lepiej udawa\u0142y si\u0119 dziewcz\u0119tom ni\u017c ch\u0142opcom. Najpi\u0119kniej skaka\u0142a pani Danusia opiekunka m\u0142odzie\u017cy ze Szko\u0142y Nr 3 w Zamo\u015bciu. Otrzyma\u0142a za to gromkie brawa.<\/p>\n<p>P\u00f3\u017aniej \u015bw. Miko\u0142aj rozda\u0142 s\u0142odkie upominki &#8211; odbieraj\u0105cy musieli powiedzie\u0107 wierszyk.<\/p>\n<p>Kazio &#8211; kierownik rajdu podzi\u0119kowa\u0142 za udzia\u0142 w rajdzie, z\u0142o\u017cy\u0142 \u017cyczenia \u015bwi\u0105teczne i zaprosi\u0142 na rajdy w 2019 r.<\/p>\n<p>Deszcz tzn. jesienny kapu\u015bniaczek przesta\u0142 pada\u0107, wi\u0119c wsiedli\u015bmy do autokar\u00f3w i pojechali\u015bmy do swoich dom\u00f3w. Na parkingu przy Lunecie w Zamo\u015bciu ju\u017c oczekiwali rodzice.<\/p>\n<p>Podzi\u0119kowania dla Kadry, opiekuna renifera miko\u0142ajowego Krzysztofa oraz Pana Rafa\u0142a Z\u0142otoczy\u0144skiego &#8211; Komendanta OSP oraz so\u0142tysa Starej Huty pana Andrzeja Gancarza za pomoc w organizacji Rajdu, kierowcom z firm pana Krzysztofa Borka i Waldemara Jezierskiego.<\/p>\n<p>Szczeg\u00f3lne podzi\u0119kowania Organizatorzy przekazuj\u0105 Paniom i Panom opiekunom m\u0142odzie\u017cy oraz rodzicom, kt\u00f3rzy r\u00f3wnie\u017c w\u0119drowali na 20 Rajdzie \u201eMiko\u0142ajkowym\u201d.<\/p>\n<p>Uczestnicy Rajdu:<\/p>\n<p>Szko\u0142a Podstawowa w Nieliszu<\/p>\n<p>Szko\u0142a Podstawowa w Bodaczowie<\/p>\n<p>Szko\u0142a Podstawowa Nr 1 w Szczebrzeszynie<\/p>\n<p>Specjalny O\u015brodek Szkolno-Wychowawczy w Zamo\u015bciu<\/p>\n<p>Szko\u0142a Podstawowa Nr 3 w Zamo\u015bciu<\/p>\n<p>Szko\u0142a Podstawowa Nr 8 w Zamo\u015bciu<\/p>\n<p>Szko\u0142a Podstawowa Nr 9 w Zamo\u015bciu<\/p>\n<p>Tury\u015bci indywidualni &#8211; w tym mamusie z pociechami<\/p>\n<p>es<\/p>\n<p>[huge_it_slider id=&#8221;185 &#8222;]<\/p>\n<p>&nbsp;<\/p>\n<p>[huge_it_slider id=&#8221;186 &#8222;]<\/p>\n<p>&nbsp;<\/p>\n<p>[huge_it_slider id=&#8221;187 &#8222;]<\/p>\n<p>&nbsp;<\/p>\n<p>[huge_it_slider id=&#8221;188 &#8222;]<\/p>\n","protected":false},"excerpt":{"rendered":"<p>&#8230;i cho\u0107 pada\u0142o, cho\u0107 by\u0142o \u015blisko\u201d to w Rajdzie uczestniczy\u0142o 222 m\u0142odszych i starszych turyst\u00f3w &#8211; od 6 lat do 73. Trasa 1 pod opiek\u0105 Paw\u0142a Komana i Agnieszki Linek przewodnik\u00f3w PTTK w\u0119drowa\u0142a z Bondyrza a jak kto woli z &hellip; <a class=\"more-link\" href=\"https:\/\/zamosc.pttk.pl\/wordpress\/?page_id=13966\">Czytaj dalej <span class=\"meta-nav\">&rarr;<\/span><\/a><\/p>\n","protected":false},"author":1,"featured_media":0,"parent":0,"menu_order":0,"comment_status":"closed","ping_status":"closed","template":"","meta":{"footnotes":""},"class_list":["post-13966","page","type-page","status-publish","hentry"],"_links":{"self":[{"href":"https:\/\/zamosc.pttk.pl\/wordpress\/index.php?rest_route=\/wp\/v2\/pages\/13966","targetHints":{"allow":["GET"]}}],"collection":[{"href":"https:\/\/zamosc.pttk.pl\/wordpress\/index.php?rest_route=\/wp\/v2\/pages"}],"about":[{"href":"https:\/\/zamosc.pttk.pl\/wordpress\/index.php?rest_route=\/wp\/v2\/types\/page"}],"author":[{"embeddable":true,"href":"https:\/\/zamosc.pttk.pl\/wordpress\/index.php?rest_route=\/wp\/v2\/users\/1"}],"replies":[{"embeddable":true,"href":"https:\/\/zamosc.pttk.pl\/wordpress\/index.php?rest_route=%2Fwp%2Fv2%2Fcomments&post=13966"}],"version-history":[{"count":12,"href":"https:\/\/zamosc.pttk.pl\/wordpress\/index.php?rest_route=\/wp\/v2\/pages\/13966\/revisions"}],"predecessor-version":[{"id":14111,"href":"https:\/\/zamosc.pttk.pl\/wordpress\/index.php?rest_route=\/wp\/v2\/pages\/13966\/revisions\/14111"}],"wp:attachment":[{"href":"https:\/\/zamosc.pttk.pl\/wordpress\/index.php?rest_route=%2Fwp%2Fv2%2Fmedia&parent=13966"}],"curies":[{"name":"wp","href":"https:\/\/api.w.org\/{rel}","templated":true}]}}