{"id":13914,"date":"2018-11-18T08:42:39","date_gmt":"2018-11-18T07:42:39","guid":{"rendered":"http:\/\/www.zamosc.pttk.pl\/wordpress\/?page_id=13914"},"modified":"2018-12-16T10:37:19","modified_gmt":"2018-12-16T09:37:19","slug":"wycieczki-rocznicowe-2018","status":"publish","type":"page","link":"https:\/\/zamosc.pttk.pl\/wordpress\/?page_id=13914","title":{"rendered":"Wycieczki rocznicowe 2018"},"content":{"rendered":"<div class=\"r_1hnj71_88l g_1hnj71x420 clearfix\">\n<div class=\"clearfix n_1hnj71_a28\">\n<div class=\"clearfix _42ef\">\n<div class=\"b_1hnj71_a27\">\n<div class=\"_6a _5u5j\">\n<div class=\"_6a _5u5j _6b\">\n<p>Jesienny Rajd Rocznicowy 17 listopada 2018 r.<\/p>\n<p>Spotykamy si\u0119 na p\u00f3\u0142nocnym skraju wioski Wyw\u0142oczka (parking przystani kajakowej), gm. Zwierzyniec, wsp\u00f3\u0142rz\u0119dne GPS N 50<sup>0<\/sup>\u00a037\u201937.52\u201d,\u00a0 E 22<sup>0<\/sup>\u00a056\u201945,79\u201d.<\/p>\n<p>Dojazd i powr\u00f3t w\u0142asnym transportem. Nie ma \u017cadnego wpisowego. Praca przewodnik\u00f3w \u2013 spo\u0142ecznie.<br \/>\nPrzej\u015bcie piesze szlakiem czarnym (\u0142\u0105cznikowym) na wzg. D\u0105browa (jedno ze wzg\u00f3rz Korony Roztocza) i do Lisich Jam (miejsce obozu partyzanckiego AK). Na trasie wspania\u0142e widoki wzg\u00f3rz Roztocza Zachodniego i \u015arodkowego oraz malownicze w\u0105wozy Piekie\u0142ka Szczebrzeszy\u0144skiego. Opowiemy o wydarzeniach historycznych zwi\u0105zanych z regionem.<\/p>\n<p>Przej\u015bcie w godz. 9.30 \u2013 13.30, d\u0142ugo\u015b\u0107 trasy ok. 9,5 km, r\u00f3\u017cnica wysoko\u015bci 124 m w g\u00f3r\u0119.<br \/>\nPowr\u00f3t w\u0105wozami do parkingu. Prowadz\u0105 zamojscy przewodnicy PTTK i przodownicy turystyki pieszej.<\/p>\n<p>Cz\u0142onkowie PTTK z op\u0142acon\u0105 sk\u0142adk\u0105 cz\u0142onkowsk\u0105 za 2018 r. posiadaj\u0105 ubezpieczenie, pozostali dokonuj\u0105 ubezpieczenia we w\u0142asnym zakresie. Udzia\u0142 w wycieczce na w\u0142asn\u0105 odpowiedzialno\u015b\u0107. Osoby, kt\u00f3re chc\u0105 od\u0142\u0105czy\u0107 si\u0119 od grupy musza powiadomi\u0107 prowadz\u0105cych.<\/p>\n<p>Prosimy, aby zabra\u0107 odpowiedni ubi\u00f3r \u2013 stosowny do warunk\u00f3w atmosferycznych (szczeg\u00f3lnie obuwie, bo pod nogami b\u0119dzie less).<\/p>\n<p>Serdecznie zapraszamy mi\u0142o\u015bnik\u00f3w Roztocza<\/p>\n<p>Wspomnienia rajdowe<br \/>\nRajd zako\u0144czony. W\u0119drowa\u0142o nas 16 os\u00f3b. Najm\u0142odszy uczestnik Filip ma 3 latka, najstarszy ma 73 lata. Przeszyli\u015bmy 9,5 km. Im bardziej szli\u015bmy w g\u00f3r\u0119, tym bardziej rozmro\u017cone by\u0142o b\u0142otko.<br \/>\nR\u00f3\u017cnica wysoko\u015bci 124 m. Jak w\u0119drowali\u015bmy wida\u0107 na zdj\u0119ciach. Dzi\u0119kujemy wszystkim uczestnikom za udzia\u0142, by\u0142y legendy, opowie\u015bci z dawnych lat i wspania\u0142a atmosfera dzi\u0119ki cudownej p\u00f3\u017anojesiennej pogodzie&#8230;<br \/>\nOrganizator Klub Turystyczno-Krajoznawczy im Micha\u0142a Pieszki<br \/>\nOddzia\u0142 PTTK w Zamo\u015bciu<\/p>\n<p>[huge_it_slider id=&#8221;182 &#8222;]<\/p>\n<p>&nbsp;<\/p>\n<p>&nbsp;<\/p>\n<p>Przy pi\u0119knej nieco wietrznej pogodzie w\u0119drowali\u015bmy w okolicach wioski R\u00f3\u017cy, gm. Susiec. O godz. 9.30 spotkali\u015bmy sie przy pomniku ofiar wojny w\u00a0 przy jeziorku, poszli\u015bmy szlakiem niebieskim centralnym do miejsca, gdzie by\u0142a gaj\u00f3wka, kt\u00f3ra zosta\u0142a spalona podczas powstania zamojskiego 2 lutego 1943. Kiedy\u015b sta\u0142 tam pomnik wykonany przez Adama Grochowicza z Siedlisk. Zapali\u015bmy znicz i chwil\u0105 ciszy uczcili\u015bmy poleg\u0142ych partyzant\u00f3w BCh. P\u00f3\u017aniej w\u0119drowali\u015bmy do drugiej cz\u0119\u015bci R\u00f3\u017cy i poln\u0105 \u015bcie\u017ck\u0105 przez Lisi\u0105\u00a0G\u00f3r\u0119 wr\u00f3cili\u015bmy do miejsca startu. P\u00f3\u017aniej odwiedzili\u015bmy mogi\u0142\u0119 19 letniego u\u0142ana, kt\u00f3ry poleg\u0142 po \u0141uszczaczem we wrze\u015bniu 1939 r. i spoczywa w lesie. Miejsce to zosta\u0142o upami\u0119tnione dzi\u0119ki le\u015bnikom z Nadle\u015bnictwa J\u00f3zef\u00f3w.<\/p>\n<p>W powrotnej drodze zobaczyli\u015bmy pi\u0119kn\u0105 ludow\u0105 figur\u0119 MB Krasnobrodzkiej.<\/p>\n<p>P\u00f3\u017aniej zobaczyli\u015bmy miejsce katastrofy samolotu pasa\u017cerskiego, kt\u00f3ry lecia\u0142 ze Lwowa do Warszawy.<\/p>\n<p>By\u0142a to katastrofa 10-miejscowego samolotu pasa\u017cerskiego, kt\u00f3ra wydarzy\u0142a si\u0119 28 grudnia 1936 roku oko\u0142o godziny 10.45, w pobli\u017cu wsi <a href=\"https:\/\/pl.wikipedia.org\/wiki\/%C5%81uszczacz\">\u0141uszczacz<\/a>\u00a0w\u00a0<a href=\"https:\/\/pl.wikipedia.org\/wiki\/Powiat_tomaszowski_(wojew%C3%B3dztwo_lubelskie)\">powiecie tomaszowskim<\/a>. Samolot nale\u017ca\u0142 do partii czterech egzemplarzy zakupionych przez LOT na pocz\u0105tku 1936 roku.<\/p>\n<p>W Rajdzie wzi\u0119\u0142o udzia\u0142 7 os\u00f3b w tym 6 przewodnik\u00f3w PTTK,\u00a0 przeszli\u015bmy 8,4 km.<\/p>\n<\/div>\n<p>[huge_it_slider id=&#8221;189 &#8222;]<\/p>\n<div class=\"_6a _5u5j _6b\">\n<div id=\"feed_subtitle_100002498960874:-3705609379553158998\" class=\"_5pcp _5lel _2jyu _232_\" data-testid=\"story-subtitle\">\n<div id=\"u_0_3a\" class=\"_6a _43_1 _4f-9 _nws _21p0 _fol\">\n<div id=\"u_0_3e\" class=\"_6a uiPopover\"><\/div>\n<\/div>\n<\/div>\n<\/div>\n<\/div>\n<\/div>\n<\/div>\n<\/div>\n<\/div>\n<div id=\"js_q\" class=\"_5pbx userContent _3576\" data-ad-preview=\"message\" data-ft=\"{&quot;tn&quot;:&quot;K&quot;}\">\n<p>&nbsp;<\/p>\n<\/div>\n","protected":false},"excerpt":{"rendered":"<p>Jesienny Rajd Rocznicowy 17 listopada 2018 r. Spotykamy si\u0119 na p\u00f3\u0142nocnym skraju wioski Wyw\u0142oczka (parking przystani kajakowej), gm. Zwierzyniec, wsp\u00f3\u0142rz\u0119dne GPS N 500\u00a037\u201937.52\u201d,\u00a0 E 220\u00a056\u201945,79\u201d. Dojazd i powr\u00f3t w\u0142asnym transportem. Nie ma \u017cadnego wpisowego. Praca przewodnik\u00f3w \u2013 spo\u0142ecznie. Przej\u015bcie piesze &hellip; <a class=\"more-link\" href=\"https:\/\/zamosc.pttk.pl\/wordpress\/?page_id=13914\">Czytaj dalej <span class=\"meta-nav\">&rarr;<\/span><\/a><\/p>\n","protected":false},"author":1,"featured_media":0,"parent":0,"menu_order":0,"comment_status":"closed","ping_status":"closed","template":"","meta":{"footnotes":""},"class_list":["post-13914","page","type-page","status-publish","hentry"],"_links":{"self":[{"href":"https:\/\/zamosc.pttk.pl\/wordpress\/index.php?rest_route=\/wp\/v2\/pages\/13914","targetHints":{"allow":["GET"]}}],"collection":[{"href":"https:\/\/zamosc.pttk.pl\/wordpress\/index.php?rest_route=\/wp\/v2\/pages"}],"about":[{"href":"https:\/\/zamosc.pttk.pl\/wordpress\/index.php?rest_route=\/wp\/v2\/types\/page"}],"author":[{"embeddable":true,"href":"https:\/\/zamosc.pttk.pl\/wordpress\/index.php?rest_route=\/wp\/v2\/users\/1"}],"replies":[{"embeddable":true,"href":"https:\/\/zamosc.pttk.pl\/wordpress\/index.php?rest_route=%2Fwp%2Fv2%2Fcomments&post=13914"}],"version-history":[{"count":9,"href":"https:\/\/zamosc.pttk.pl\/wordpress\/index.php?rest_route=\/wp\/v2\/pages\/13914\/revisions"}],"predecessor-version":[{"id":14152,"href":"https:\/\/zamosc.pttk.pl\/wordpress\/index.php?rest_route=\/wp\/v2\/pages\/13914\/revisions\/14152"}],"wp:attachment":[{"href":"https:\/\/zamosc.pttk.pl\/wordpress\/index.php?rest_route=%2Fwp%2Fv2%2Fmedia&parent=13914"}],"curies":[{"name":"wp","href":"https:\/\/api.w.org\/{rel}","templated":true}]}}