{"id":13542,"date":"2018-09-23T09:36:16","date_gmt":"2018-09-23T07:36:16","guid":{"rendered":"http:\/\/www.zamosc.pttk.pl\/wordpress\/?page_id=13542"},"modified":"2018-09-23T11:57:35","modified_gmt":"2018-09-23T09:57:35","slug":"wspomninia-z-44-rajdu-milosnikow-roztocza","status":"publish","type":"page","link":"https:\/\/zamosc.pttk.pl\/wordpress\/?page_id=13542","title":{"rendered":"44 Rajd &#8222;Mi\u0142o\u015bnik\u00f3w Roztocza&#8221;"},"content":{"rendered":"<p>Rajdowe wspomnienia<\/p>\n<p>&nbsp;<\/p>\n<p>44 Rajd \u201eMi\u0142o\u015bnik\u00f3w Roztocza\u201d odby\u0142 si\u0119 w ostatnim dniu lata. Niestety aura si\u0119 pospieszy\u0142a i by\u0142o naprawd\u0119 jesiennie. Od rana si\u0105pi\u0142 jesienny \u201ekapu\u015bniczek\u201d i by\u0142o rzesko.<\/p>\n<p>Na starcie w Zwierzy\u0144cu na parkingu przy ul. Bi\u0142gorajskiej podjecha\u0142o 7 autokar\u00f3w z firmy przewozowej p. Krzysztofa Borka. Tematem przewodnim Rajdu by\u0142o 100-lecie odzyskania Niepodleg\u0142o\u015bci.<\/p>\n<p>Tym razem 3 trasy startowa\u0142y z jednego miejsca. Chocia\u017c wszyscy obejrzeli te same obiekty, ale w r\u00f3\u017cnym czasie. Trasy obs\u0142ugiwali przodownicy turystyki pieszej oraz przewodnicy terenowi PTTK.<\/p>\n<p>Na trasie pierwszej prowadzonej przez Edwarda, Paw\u0142a i Mariana w\u0119drowa\u0142o 160 os\u00f3b.<\/p>\n<p>By\u0142y to dru\u017cyny:<\/p>\n<p>Najwi\u0119ksza ze Szko\u0142y Podstawowej Nr 3 w Zamo\u015bciu, Szko\u0142y Podstawowej Nr 8 w Zamo\u015bciu, ze Szko\u0142y w \u017bdanowie Podstawowej oraz 15 turyst\u00f3w indywidualnych.<\/p>\n<p>Na trasie trasie drugiej prowadzonej przez Andrzeja i Adama w\u0119drowa\u0142o 148 os\u00f3b.<\/p>\n<p>By\u0142y to dru\u017cyny:<\/p>\n<p>Szko\u0142y Podstawowej Nr 6 w Zamo\u015bciu, Szko\u0142y Podstawowej w Nieliszu i Szko\u0142y Podstawowej w Nieliszu.<\/p>\n<p>Na trasie trzeciej prowadzonej przez Janusza w\u0119drowa\u0142o 51 os\u00f3b.<\/p>\n<p>By\u0142y to dru\u017cyny:<\/p>\n<p>Szko\u0142y Podstawowej w Szczebrzeszynie, Szko\u0142y Podstawowej w Bodaczowie oraz W\u0142\u00f3czykije z zamojskiego Domu Dziecka.<\/p>\n<p>Trasa w\u0119dr\u00f3wki: cmentarz wojenny groby powsta\u0144c\u00f3w styczniowych, \u017co\u0142nierzy z I wojny \u015bwiatowej oraz \u017co\u0142nierzy polskich z 1939 r,<\/p>\n<p>P\u00f3\u017aniej byli\u015bmy przy mogile powsta\u0144czej z 1863 r. Pow\u0119drowali\u015bmy do zwierzynieckiego parku. Tutaj byli\u015bmy przy obelisku upami\u0119tniaj\u0105cego pobyt J\u00f3zefa Pi\u0142sudskiego w 1901 r., zobaczyli\u015bmy popiersie Stanis\u0142awa Staszica oraz pomnik szara\u0144czy.<\/p>\n<p>Byli\u015bmy przy budynku dawnego Zarz\u0105du Ordynacji Zamojskiej. Jest ta tablica pami\u0105tkowa Jana Miklaszewskiego dzia\u0142acza niepodleg\u0142o\u015bciowego. Przeszli\u015bmy przez historyczny \u201eZwierzy\u0144czyk\u201d.<\/p>\n<p>Na Rudce w\u0119drowali\u015bmy nad zalewem. Jesienna pogoda spowodowa\u0142a, \u017ce nie by\u0142o ju\u017c turyst\u00f3w na kajakach. Doszli\u015bmy do szlak\u00f3w pieszych &#8211; tutaj s\u0105 2 szlaki centralny niebieski i zielony im. Aleksandry Wachniewskiej. Doszli\u015bmy do go\u015bcina ordynackiego prowadz\u0105cego ze Zwierzy\u0144ca do Obroczy.<\/p>\n<p>Tutaj w pobli\u017cu jest dawna osada kolejarska zwana \u201eOdcinkiem\u201d. P\u00f3\u017aniej drog\u0105 le\u015bn\u0105 w pobli\u017cu tor\u00f3w i stacji w\u0119z\u0142owej Zwierzyniec.<\/p>\n<p>Nast\u0119pne skr\u0119cili\u015bmy na wsch\u00f3d i 2 razy przeszli\u015bmy przez 23 po\u0142udnik. \u00a0Przed nami by\u0142a otwarta szeroko brama Stacji Bazowej Zintegrowanego Monitorigu \u015arodowiska Przyrodniczego Roztocze powita\u0142 nas kierownik Rajdu Kazio.<\/p>\n<p>Poszli\u015bmy do miejsca ogniskowego pod daszkiem.<\/p>\n<p><span style=\"color: #008000;\"><strong><span style=\"font-size: 16px;\">Dzi\u0119ki uprzejmo\u015bci Pana Dyrektora Andrzeja Tittenbruna mogli\u015bmy tutaj go\u015bci\u0107.<\/span><\/strong><\/span><\/p>\n<p><span style=\"color: #008000;\"><strong><span style=\"font-size: 16px;\">Serdecznie dzi\u0119kujemy Panu Dyrektorowi za wyra\u017cenie zgody na nasz pobyt na terenie Stacji.<\/span><\/strong><\/span><\/p>\n<p>P\u00f3\u017aniej by\u0142o pieczenie kie\u0142basek, doro\u015bli pocz\u0119stowali si\u0119 kaw\u0105 i herbat\u0105 a m\u0142odzie\u017c wod\u0105 z sokiem.<\/p>\n<p>Kiedy na met\u0119 dosz\u0142y wszystkie grupy odby\u0142y si\u0119 tradycyjne konkursy: krajoznawczy, piosenki oraz oraz skoki ze skakank\u0105. Kolega Andrzej wr\u0119czy\u0142 m\u0142odej turystce zdobyt\u0105 srebrn\u0105 odznak\u0119 \u201eSiedmiomilowe Buty\u201d Cz\u0119\u015b\u0107 os\u00f3b posz\u0142o ogl\u0105da\u0107 zdzicza\u0142e krowy, kt\u00f3re s\u0105 ciekawostk\u0105 w RPN.<\/p>\n<p>Deszczyk nikomu nie przeszkadza\u0142 w zabawie.<\/p>\n<p>Czas wraca\u0107 do domu. Nie bardzo chcia\u0142o si\u0119 st\u0105d odchodzi\u0107. Podjecha\u0142y autokary, m\u0142odzie\u017c wsiad\u0142a opiekunowie policzyli i powr\u00f3cili\u015bmy do Zamo\u015bcia. Teraz dopiero na zachodzie za\u015bwieci\u0142o s\u0142oneczko.<\/p>\n<p>Galeria Edwarda<\/p>\n<p>[huge_it_slider id=&#8221;168 &#8222;]<\/p>\n<p>&nbsp;<\/p>\n<p>[huge_it_slider id=&#8221;169 &#8222;]<\/p>\n<p>&nbsp;<\/p>\n<p>[huge_it_slider id=&#8221;170 &#8222;]<\/p>\n<p>&nbsp;<\/p>\n<p>Galeria Kazimierza<\/p>\n<p>&nbsp;<\/p>\n<p>[huge_it_slider id=&#8221;173 &#8222;]<\/p>\n","protected":false},"excerpt":{"rendered":"<p>Rajdowe wspomnienia &nbsp; 44 Rajd \u201eMi\u0142o\u015bnik\u00f3w Roztocza\u201d odby\u0142 si\u0119 w ostatnim dniu lata. Niestety aura si\u0119 pospieszy\u0142a i by\u0142o naprawd\u0119 jesiennie. Od rana si\u0105pi\u0142 jesienny \u201ekapu\u015bniczek\u201d i by\u0142o rzesko. Na starcie w Zwierzy\u0144cu na parkingu przy ul. Bi\u0142gorajskiej podjecha\u0142o 7 &hellip; <a class=\"more-link\" href=\"https:\/\/zamosc.pttk.pl\/wordpress\/?page_id=13542\">Czytaj dalej <span class=\"meta-nav\">&rarr;<\/span><\/a><\/p>\n","protected":false},"author":1,"featured_media":0,"parent":0,"menu_order":0,"comment_status":"closed","ping_status":"closed","template":"","meta":{"footnotes":""},"class_list":["post-13542","page","type-page","status-publish","hentry"],"_links":{"self":[{"href":"https:\/\/zamosc.pttk.pl\/wordpress\/index.php?rest_route=\/wp\/v2\/pages\/13542","targetHints":{"allow":["GET"]}}],"collection":[{"href":"https:\/\/zamosc.pttk.pl\/wordpress\/index.php?rest_route=\/wp\/v2\/pages"}],"about":[{"href":"https:\/\/zamosc.pttk.pl\/wordpress\/index.php?rest_route=\/wp\/v2\/types\/page"}],"author":[{"embeddable":true,"href":"https:\/\/zamosc.pttk.pl\/wordpress\/index.php?rest_route=\/wp\/v2\/users\/1"}],"replies":[{"embeddable":true,"href":"https:\/\/zamosc.pttk.pl\/wordpress\/index.php?rest_route=%2Fwp%2Fv2%2Fcomments&post=13542"}],"version-history":[{"count":14,"href":"https:\/\/zamosc.pttk.pl\/wordpress\/index.php?rest_route=\/wp\/v2\/pages\/13542\/revisions"}],"predecessor-version":[{"id":13684,"href":"https:\/\/zamosc.pttk.pl\/wordpress\/index.php?rest_route=\/wp\/v2\/pages\/13542\/revisions\/13684"}],"wp:attachment":[{"href":"https:\/\/zamosc.pttk.pl\/wordpress\/index.php?rest_route=%2Fwp%2Fv2%2Fmedia&parent=13542"}],"curies":[{"name":"wp","href":"https:\/\/api.w.org\/{rel}","templated":true}]}}