{"id":1298,"date":"2014-04-27T17:37:56","date_gmt":"2014-04-27T15:37:56","guid":{"rendered":"http:\/\/www.zamosc.pttk.pl\/wordpress\/?page_id=1298"},"modified":"2014-04-28T17:59:34","modified_gmt":"2014-04-28T15:59:34","slug":"wspomnienia-z-40-rajdu-spotkanie-z-wiosna","status":"publish","type":"page","link":"https:\/\/zamosc.pttk.pl\/wordpress\/?page_id=1298","title":{"rendered":"Wspomnienia z 40 Rajdu &#8222;Spotkanie z Wiosn\u0105&#8221;"},"content":{"rendered":"<p>Wspomnienia wkr\u00f3tce<\/p>\n<p><a href=\"http:\/\/www.zamosc.pttk.pl\/wordpress\/?page_id=1304\">Zapraszamy do galerii wspomnie\u0144 Edwarda &gt;&gt;&gt;<\/a><\/p>\n<p><a href=\"http:\/\/www.zamosc.pttk.pl\/wordpress\/?page_id=1477\">Zapraszamy do galerii wspomnie\u0144 Kazia &gt;&gt;&gt;<\/a><\/p>\n<p><a href=\"http:\/\/www.zamosc.pttk.pl\/wordpress\/?page_id=1430\">Zapraszamy do galerii wspomnie\u0144 Janusza &gt;&gt;&gt;<\/a><\/p>\n<p><a href=\"http:\/\/www.zamosc.pttk.pl\/wordpress\/?page_id=1495\">Zapraszamy do galerii wspomnie\u0144 Joli i Mirka &gt;&gt;&gt;<\/a><\/p>\n<p><a href=\"https:\/\/www.facebook.com\/pages\/Zamo%C5%9B%C4%87-PTTK\/328234243870049\">Filmiki na FB &gt;&gt;&gt;<\/a><\/p>\n","protected":false},"excerpt":{"rendered":"<p>Wspomnienia wkr\u00f3tce Zapraszamy do galerii wspomnie\u0144 Edwarda &gt;&gt;&gt; Zapraszamy do galerii wspomnie\u0144 Kazia &gt;&gt;&gt; Zapraszamy do galerii wspomnie\u0144 Janusza &gt;&gt;&gt; Zapraszamy do galerii wspomnie\u0144 Joli i Mirka &gt;&gt;&gt; Filmiki na FB &gt;&gt;&gt; &hellip; <a class=\"more-link\" href=\"https:\/\/zamosc.pttk.pl\/wordpress\/?page_id=1298\">Czytaj dalej <span class=\"meta-nav\">&rarr;<\/span><\/a><\/p>\n","protected":false},"author":1,"featured_media":0,"parent":0,"menu_order":0,"comment_status":"closed","ping_status":"closed","template":"","meta":{"footnotes":""},"class_list":["post-1298","page","type-page","status-publish","hentry"],"_links":{"self":[{"href":"https:\/\/zamosc.pttk.pl\/wordpress\/index.php?rest_route=\/wp\/v2\/pages\/1298","targetHints":{"allow":["GET"]}}],"collection":[{"href":"https:\/\/zamosc.pttk.pl\/wordpress\/index.php?rest_route=\/wp\/v2\/pages"}],"about":[{"href":"https:\/\/zamosc.pttk.pl\/wordpress\/index.php?rest_route=\/wp\/v2\/types\/page"}],"author":[{"embeddable":true,"href":"https:\/\/zamosc.pttk.pl\/wordpress\/index.php?rest_route=\/wp\/v2\/users\/1"}],"replies":[{"embeddable":true,"href":"https:\/\/zamosc.pttk.pl\/wordpress\/index.php?rest_route=%2Fwp%2Fv2%2Fcomments&post=1298"}],"version-history":[{"count":9,"href":"https:\/\/zamosc.pttk.pl\/wordpress\/index.php?rest_route=\/wp\/v2\/pages\/1298\/revisions"}],"predecessor-version":[{"id":1546,"href":"https:\/\/zamosc.pttk.pl\/wordpress\/index.php?rest_route=\/wp\/v2\/pages\/1298\/revisions\/1546"}],"wp:attachment":[{"href":"https:\/\/zamosc.pttk.pl\/wordpress\/index.php?rest_route=%2Fwp%2Fv2%2Fmedia&parent=1298"}],"curies":[{"name":"wp","href":"https:\/\/api.w.org\/{rel}","templated":true}]}}