{"id":12366,"date":"2018-03-04T08:31:05","date_gmt":"2018-03-04T07:31:05","guid":{"rendered":"http:\/\/www.zamosc.pttk.pl\/wordpress\/?page_id=12366"},"modified":"2018-03-04T18:07:14","modified_gmt":"2018-03-04T17:07:14","slug":"44-rajd-zimowy-wzgorzami-roztocza","status":"publish","type":"page","link":"https:\/\/zamosc.pttk.pl\/wordpress\/?page_id=12366","title":{"rendered":"44 Rajd Zimowy &#8222;Wzg\u00f3rzami Roztocza&#8221;"},"content":{"rendered":"<p>Organizatorzy i uczestnicy serdecznie dzi\u0119kuj\u0105 Panu Adamowi Momotowi &#8211; Centrum Turystyki &#8222;Roztocze&#8221; w J\u00f3zefowie za pomoc w organizacji mety Rajdu Zimowego<\/p>\n<p>Wspomnienia Edwarda<\/p>\n<p>[huge_it_slider id=&#8221;132 &#8222;]<\/p>\n<p>&nbsp;<\/p>\n<p>&nbsp;<\/p>\n<p>[huge_it_slider id=&#8221;133 &#8222;]<\/p>\n<p>&nbsp;<\/p>\n<p>&nbsp;<\/p>\n<p>[huge_it_slider id=&#8221;134 &#8222;]<\/p>\n<p>&nbsp;<\/p>\n<p>&nbsp;<\/p>\n<p>[huge_it_slider id=&#8221;135 &#8222;]<\/p>\n<p>&nbsp;<\/p>\n<p>Wspomnienia Kazimierza<\/p>\n<p>&nbsp;<\/p>\n<p>[huge_it_slider id=&#8221;136 &#8222;]<\/p>\n<p>&nbsp;<\/p>\n<p>Wspomnienia Adama<\/p>\n<p>&nbsp;<\/p>\n<p>[huge_it_slider id=&#8221;138 &#8222;]<\/p>\n","protected":false},"excerpt":{"rendered":"<p>Organizatorzy i uczestnicy serdecznie dzi\u0119kuj\u0105 Panu Adamowi Momotowi &#8211; Centrum Turystyki &#8222;Roztocze&#8221; w J\u00f3zefowie za pomoc w organizacji mety Rajdu Zimowego Wspomnienia Edwarda [huge_it_slider id=&#8221;132 &#8222;] &nbsp; &nbsp; [huge_it_slider id=&#8221;133 &#8222;] &nbsp; &nbsp; [huge_it_slider id=&#8221;134 &#8222;] &nbsp; &nbsp; [huge_it_slider id=&#8221;135 &hellip; <a class=\"more-link\" href=\"https:\/\/zamosc.pttk.pl\/wordpress\/?page_id=12366\">Czytaj dalej <span class=\"meta-nav\">&rarr;<\/span><\/a><\/p>\n","protected":false},"author":1,"featured_media":0,"parent":0,"menu_order":0,"comment_status":"closed","ping_status":"closed","template":"","meta":{"footnotes":""},"class_list":["post-12366","page","type-page","status-publish","hentry"],"_links":{"self":[{"href":"https:\/\/zamosc.pttk.pl\/wordpress\/index.php?rest_route=\/wp\/v2\/pages\/12366","targetHints":{"allow":["GET"]}}],"collection":[{"href":"https:\/\/zamosc.pttk.pl\/wordpress\/index.php?rest_route=\/wp\/v2\/pages"}],"about":[{"href":"https:\/\/zamosc.pttk.pl\/wordpress\/index.php?rest_route=\/wp\/v2\/types\/page"}],"author":[{"embeddable":true,"href":"https:\/\/zamosc.pttk.pl\/wordpress\/index.php?rest_route=\/wp\/v2\/users\/1"}],"replies":[{"embeddable":true,"href":"https:\/\/zamosc.pttk.pl\/wordpress\/index.php?rest_route=%2Fwp%2Fv2%2Fcomments&post=12366"}],"version-history":[{"count":11,"href":"https:\/\/zamosc.pttk.pl\/wordpress\/index.php?rest_route=\/wp\/v2\/pages\/12366\/revisions"}],"predecessor-version":[{"id":12620,"href":"https:\/\/zamosc.pttk.pl\/wordpress\/index.php?rest_route=\/wp\/v2\/pages\/12366\/revisions\/12620"}],"wp:attachment":[{"href":"https:\/\/zamosc.pttk.pl\/wordpress\/index.php?rest_route=%2Fwp%2Fv2%2Fmedia&parent=12366"}],"curies":[{"name":"wp","href":"https:\/\/api.w.org\/{rel}","templated":true}]}}