{"id":11737,"date":"2017-11-19T17:10:30","date_gmt":"2017-11-19T16:10:30","guid":{"rendered":"http:\/\/www.zamosc.pttk.pl\/wordpress\/?page_id=11737"},"modified":"2017-11-19T17:22:27","modified_gmt":"2017-11-19T16:22:27","slug":"stylowka-podsumowanie-sezonu-2017","status":"publish","type":"page","link":"https:\/\/zamosc.pttk.pl\/wordpress\/?page_id=11737","title":{"rendered":"Styl\u00f3wka &#8211; podsumowanie sezonu 2017"},"content":{"rendered":"<p>Serdecznie dzi\u0119kujemy za wspania\u0142\u0105 szampa\u0144sk\u0105 zabaw\u0119&#8230;.<\/p>\n<p>[huge_it_slider id=&#8221;110&#8243;]<\/p>\n","protected":false},"excerpt":{"rendered":"<p>Serdecznie dzi\u0119kujemy za wspania\u0142\u0105 szampa\u0144sk\u0105 zabaw\u0119&#8230;. [huge_it_slider id=&#8221;110&#8243;]<\/p>\n","protected":false},"author":1,"featured_media":0,"parent":0,"menu_order":0,"comment_status":"closed","ping_status":"closed","template":"","meta":{"footnotes":""},"class_list":["post-11737","page","type-page","status-publish","hentry"],"_links":{"self":[{"href":"https:\/\/zamosc.pttk.pl\/wordpress\/index.php?rest_route=\/wp\/v2\/pages\/11737","targetHints":{"allow":["GET"]}}],"collection":[{"href":"https:\/\/zamosc.pttk.pl\/wordpress\/index.php?rest_route=\/wp\/v2\/pages"}],"about":[{"href":"https:\/\/zamosc.pttk.pl\/wordpress\/index.php?rest_route=\/wp\/v2\/types\/page"}],"author":[{"embeddable":true,"href":"https:\/\/zamosc.pttk.pl\/wordpress\/index.php?rest_route=\/wp\/v2\/users\/1"}],"replies":[{"embeddable":true,"href":"https:\/\/zamosc.pttk.pl\/wordpress\/index.php?rest_route=%2Fwp%2Fv2%2Fcomments&post=11737"}],"version-history":[{"count":3,"href":"https:\/\/zamosc.pttk.pl\/wordpress\/index.php?rest_route=\/wp\/v2\/pages\/11737\/revisions"}],"predecessor-version":[{"id":11757,"href":"https:\/\/zamosc.pttk.pl\/wordpress\/index.php?rest_route=\/wp\/v2\/pages\/11737\/revisions\/11757"}],"wp:attachment":[{"href":"https:\/\/zamosc.pttk.pl\/wordpress\/index.php?rest_route=%2Fwp%2Fv2%2Fmedia&parent=11737"}],"curies":[{"name":"wp","href":"https:\/\/api.w.org\/{rel}","templated":true}]}}